{"id":456,"date":"2023-07-25T17:27:46","date_gmt":"2023-07-25T15:27:46","guid":{"rendered":"https:\/\/semmelweis.hu\/kmmcs\/?page_id=456"},"modified":"2025-06-20T10:37:36","modified_gmt":"2025-06-20T08:37:36","slug":"agnes-rozsa-kertesz","status":"publish","type":"page","link":"https:\/\/semmelweis.hu\/kmmcs\/en\/our-colleagues\/agnes-rozsa-kertesz\/","title":{"rendered":"\u00c1gnes R\u00f3zsa Kert\u00e9sz"},"content":{"rendered":"<h4><img loading=\"lazy\" decoding=\"async\" class=\"alignright wp-image-84\" src=\"https:\/\/semmelweis.hu\/kmmcs\/files\/2023\/06\/Foto_KAR-400x400.jpg\" alt=\"\" width=\"235\" height=\"235\" srcset=\"https:\/\/semmelweis.hu\/kmmcs\/files\/2023\/06\/Foto_KAR-400x400.jpg 400w, https:\/\/semmelweis.hu\/kmmcs\/files\/2023\/06\/Foto_KAR-1024x1024.jpg 1024w, https:\/\/semmelweis.hu\/kmmcs\/files\/2023\/06\/Foto_KAR-150x150.jpg 150w, https:\/\/semmelweis.hu\/kmmcs\/files\/2023\/06\/Foto_KAR-768x768.jpg 768w, https:\/\/semmelweis.hu\/kmmcs\/files\/2023\/06\/Foto_KAR-1536x1536.jpg 1536w, https:\/\/semmelweis.hu\/kmmcs\/files\/2023\/06\/Foto_KAR-753x753.jpg 753w, https:\/\/semmelweis.hu\/kmmcs\/files\/2023\/06\/Foto_KAR.jpg 1538w\" sizes=\"auto, (max-width: 235px) 100vw, 235px\" \/><strong>I MAY HELP WITH:<\/strong><\/h4>\n<ul>\n<li>Mailing, receiving and initiating phone calls, administration<\/li>\n<li>Making appointments for:\n<ul>\n<li>individual consultation<\/li>\n<li>coaching<\/li>\n<li>mediation<\/li>\n<\/ul>\n<\/li>\n<li>Liaising with the Doctoral Secretariat, the Doctoral School&#8217;s Economic Office, and other university organizational units<\/li>\n<li>Event organization<\/li>\n<\/ul>\n<p><strong>E-mail:<\/strong> <a href=\"mailto:kertesz.agnes@semmelweis.hu\">kertesz.agnes@semmelweis.hu<\/a><\/p>\n","protected":false},"excerpt":{"rendered":"<p>I MAY HELP WITH:<\/p>\n<p>Mailing, receiving and initiating phone calls, administration<br \/>\nMaking appointments for:<\/p>\n<p>individual consultation<br \/>\ncoaching<br \/>\nmediation<\/p>\n<p>Liaising with the Doctoral Secretariat, the Doctoral School&#8217;s Economic Office, and other university organizational units<br \/>\nEvent organization<\/p>\n<p>E-mail: <a href=\"mailto:kertesz.agnes@semmelweis.hu\">kertesz.agnes@semmelweis.hu<\/a><\/p>\n","protected":false},"author":102197,"featured_media":127,"parent":439,"menu_order":4,"comment_status":"closed","ping_status":"closed","template":"template-szervezet.php","meta":{"_acf_changed":false,"footnotes":""},"categories":[36],"tags":[],"class_list":["post-456","page","type-page","status-publish","has-post-thumbnail","hentry","category-ourcolleagues"],"acf":[],"_links":{"self":[{"href":"https:\/\/semmelweis.hu\/kmmcs\/wp-json\/wp\/v2\/pages\/456","targetHints":{"allow":["GET"]}}],"collection":[{"href":"https:\/\/semmelweis.hu\/kmmcs\/wp-json\/wp\/v2\/pages"}],"about":[{"href":"https:\/\/semmelweis.hu\/kmmcs\/wp-json\/wp\/v2\/types\/page"}],"author":[{"embeddable":true,"href":"https:\/\/semmelweis.hu\/kmmcs\/wp-json\/wp\/v2\/users\/102197"}],"replies":[{"embeddable":true,"href":"https:\/\/semmelweis.hu\/kmmcs\/wp-json\/wp\/v2\/comments?post=456"}],"version-history":[{"count":10,"href":"https:\/\/semmelweis.hu\/kmmcs\/wp-json\/wp\/v2\/pages\/456\/revisions"}],"predecessor-version":[{"id":815,"href":"https:\/\/semmelweis.hu\/kmmcs\/wp-json\/wp\/v2\/pages\/456\/revisions\/815"}],"up":[{"embeddable":true,"href":"https:\/\/semmelweis.hu\/kmmcs\/wp-json\/wp\/v2\/pages\/439"}],"wp:featuredmedia":[{"embeddable":true,"href":"https:\/\/semmelweis.hu\/kmmcs\/wp-json\/wp\/v2\/media\/127"}],"wp:attachment":[{"href":"https:\/\/semmelweis.hu\/kmmcs\/wp-json\/wp\/v2\/media?parent=456"}],"wp:term":[{"taxonomy":"category","embeddable":true,"href":"https:\/\/semmelweis.hu\/kmmcs\/wp-json\/wp\/v2\/categories?post=456"},{"taxonomy":"post_tag","embeddable":true,"href":"https:\/\/semmelweis.hu\/kmmcs\/wp-json\/wp\/v2\/tags?post=456"}],"curies":[{"name":"wp","href":"https:\/\/api.w.org\/{rel}","templated":true}]}}