{"id":441,"date":"2023-07-28T16:57:28","date_gmt":"2023-07-28T14:57:28","guid":{"rendered":"https:\/\/semmelweis.hu\/kmmcs\/?page_id=441"},"modified":"2025-05-28T10:02:58","modified_gmt":"2025-05-28T08:02:58","slug":"prof-dr-szabolcs-varbiro","status":"publish","type":"page","link":"https:\/\/semmelweis.hu\/kmmcs\/en\/our-colleagues\/prof-dr-szabolcs-varbiro\/","title":{"rendered":"Prof. Dr. Szabolcs V\u00e1rb\u00edr\u00f3"},"content":{"rendered":"<h4><img loading=\"lazy\" decoding=\"async\" class=\"alignright wp-image-67\" src=\"https:\/\/semmelweis.hu\/kmmcs\/files\/2023\/06\/Varbiro_Szabolcs-400x400.jpg\" alt=\"\" width=\"320\" height=\"320\" srcset=\"https:\/\/semmelweis.hu\/kmmcs\/files\/2023\/06\/Varbiro_Szabolcs-400x400.jpg 400w, https:\/\/semmelweis.hu\/kmmcs\/files\/2023\/06\/Varbiro_Szabolcs-1024x1024.jpg 1024w, https:\/\/semmelweis.hu\/kmmcs\/files\/2023\/06\/Varbiro_Szabolcs-150x150.jpg 150w, https:\/\/semmelweis.hu\/kmmcs\/files\/2023\/06\/Varbiro_Szabolcs-768x768.jpg 768w, https:\/\/semmelweis.hu\/kmmcs\/files\/2023\/06\/Varbiro_Szabolcs-753x753.jpg 753w, https:\/\/semmelweis.hu\/kmmcs\/files\/2023\/06\/Varbiro_Szabolcs.jpg 1416w\" sizes=\"auto, (max-width: 320px) 100vw, 320px\" \/><strong>I MAY HELP WITH:<\/strong><\/h4>\n<ul>\n<li>consultation, problem identification, guidelines, development of an action plan in the event of a stalled PhD dissertation process<\/li>\n<li>Project management of scientific article\/PhD process<\/li>\n<li>Proofreading of a scientific article\/PhD dissertation<\/li>\n<li>Preparation of a research plan<\/li>\n<li>Preparing an article draft<\/li>\n<li>Consulting for the compilation of a PhD thesis<\/li>\n<li>Mentoring novice supervisors<\/li>\n<\/ul>\n<p><strong>E-mail:<\/strong>\u00a0<a href=\"mailto:titkarsag.kmmcs@semmelweis.hu\">titkarsag.kmmcs@semmelweis.hu<\/a><\/p>\n","protected":false},"excerpt":{"rendered":"<p>I MAY HELP WITH: consultation, problem identification, guidelines, development of an action plan in the event of a stalled PhD dissertation process Project management of scientific article\/PhD process Proofreading of a scientific article\/PhD dissertation Preparation of a research plan Preparing an article draft Consulting for the compilation of a PhD thesis Mentoring novice supervisors E-mail:\u00a0 <a href=\"mailto:titkarsag.kmmcs@semmelweis.hu\">titkarsag.kmmcs@semmelweis.hu<\/a> &hellip;<\/p>\n","protected":false},"author":102197,"featured_media":125,"parent":439,"menu_order":1,"comment_status":"closed","ping_status":"closed","template":"template-szervezet.php","meta":{"_acf_changed":false,"footnotes":""},"categories":[36],"tags":[],"class_list":["post-441","page","type-page","status-publish","has-post-thumbnail","hentry","category-ourcolleagues"],"acf":[],"_links":{"self":[{"href":"https:\/\/semmelweis.hu\/kmmcs\/wp-json\/wp\/v2\/pages\/441","targetHints":{"allow":["GET"]}}],"collection":[{"href":"https:\/\/semmelweis.hu\/kmmcs\/wp-json\/wp\/v2\/pages"}],"about":[{"href":"https:\/\/semmelweis.hu\/kmmcs\/wp-json\/wp\/v2\/types\/page"}],"author":[{"embeddable":true,"href":"https:\/\/semmelweis.hu\/kmmcs\/wp-json\/wp\/v2\/users\/102197"}],"replies":[{"embeddable":true,"href":"https:\/\/semmelweis.hu\/kmmcs\/wp-json\/wp\/v2\/comments?post=441"}],"version-history":[{"count":7,"href":"https:\/\/semmelweis.hu\/kmmcs\/wp-json\/wp\/v2\/pages\/441\/revisions"}],"predecessor-version":[{"id":790,"href":"https:\/\/semmelweis.hu\/kmmcs\/wp-json\/wp\/v2\/pages\/441\/revisions\/790"}],"up":[{"embeddable":true,"href":"https:\/\/semmelweis.hu\/kmmcs\/wp-json\/wp\/v2\/pages\/439"}],"wp:featuredmedia":[{"embeddable":true,"href":"https:\/\/semmelweis.hu\/kmmcs\/wp-json\/wp\/v2\/media\/125"}],"wp:attachment":[{"href":"https:\/\/semmelweis.hu\/kmmcs\/wp-json\/wp\/v2\/media?parent=441"}],"wp:term":[{"taxonomy":"category","embeddable":true,"href":"https:\/\/semmelweis.hu\/kmmcs\/wp-json\/wp\/v2\/categories?post=441"},{"taxonomy":"post_tag","embeddable":true,"href":"https:\/\/semmelweis.hu\/kmmcs\/wp-json\/wp\/v2\/tags?post=441"}],"curies":[{"name":"wp","href":"https:\/\/api.w.org\/{rel}","templated":true}]}}