{"id":422,"date":"2024-07-10T11:46:21","date_gmt":"2024-07-10T09:46:21","guid":{"rendered":"https:\/\/semmelweis.hu\/kmmcs\/?page_id=422"},"modified":"2025-07-07T09:41:36","modified_gmt":"2025-07-07T07:41:36","slug":"coaching","status":"publish","type":"page","link":"https:\/\/semmelweis.hu\/kmmcs\/en\/our-services\/coaching\/","title":{"rendered":"Coaching"},"content":{"rendered":"<p><img loading=\"lazy\" decoding=\"async\" class=\"alignright wp-image-389\" src=\"https:\/\/semmelweis.hu\/kmmcs\/files\/2023\/07\/evelyn-semenyuk-VY_9seCWWlQ-unsplash-300x400.jpg\" alt=\"\" width=\"200\" height=\"267\" srcset=\"https:\/\/semmelweis.hu\/kmmcs\/files\/2023\/07\/evelyn-semenyuk-VY_9seCWWlQ-unsplash-300x400.jpg 300w, https:\/\/semmelweis.hu\/kmmcs\/files\/2023\/07\/evelyn-semenyuk-VY_9seCWWlQ-unsplash-768x1024.jpg 768w, https:\/\/semmelweis.hu\/kmmcs\/files\/2023\/07\/evelyn-semenyuk-VY_9seCWWlQ-unsplash-1152x1536.jpg 1152w, https:\/\/semmelweis.hu\/kmmcs\/files\/2023\/07\/evelyn-semenyuk-VY_9seCWWlQ-unsplash-1536x2048.jpg 1536w, https:\/\/semmelweis.hu\/kmmcs\/files\/2023\/07\/evelyn-semenyuk-VY_9seCWWlQ-unsplash-753x1004.jpg 753w, https:\/\/semmelweis.hu\/kmmcs\/files\/2023\/07\/evelyn-semenyuk-VY_9seCWWlQ-unsplash.jpg 1920w\" sizes=\"auto, (max-width: 200px) 100vw, 200px\" \/>Students and supervisors of the Doctoral School have the opportunity to use <strong>coaching services <\/strong>up to the available capacity. <strong>Coaching is free of charge for students of the Doctoral School of Semmelweis University.\u00a0<\/strong>The possibility of coaching is also open to supervisors, university staff and students and supervisors of other doctoral schools under personally agreed conditions.<\/p>\n<p><strong>Information, appointment booking<\/strong>:<br \/>\n\u00c1gnes Kert\u00e9sz, Head of KMMCS Secretariat<br \/>\ntel: +36-30-016-4358 (during office hours)<br \/>\nemail: <a href=\"mailto:kertesz.agnes@semmelweis.hu\">kertesz.agnes@semmelweis.hu<\/a><\/p>\n<p><strong>WHAT IS COACHING?<br \/>\n<\/strong>A special series of conversations between you and a coach that aims to help you realize your dreams, unleash your potential, get you out of your blockages. Coaching promotes your personal and professional development, learning, increases your self-knowledge and effectiveness and can catalyze beneficial changes in your life. Coaching helps you cope with difficulties and achieve your goals. To connect more deeply with yourself, to find and walk your own path and become who you really are.<\/p>\n<p><strong><img loading=\"lazy\" decoding=\"async\" class=\"alignright wp-image-146\" src=\"https:\/\/semmelweis.hu\/kmmcs\/files\/2023\/06\/Bozo_Tamas-340x400.jpg\" alt=\"\" width=\"200\" height=\"236\" srcset=\"https:\/\/semmelweis.hu\/kmmcs\/files\/2023\/06\/Bozo_Tamas-340x400.jpg 340w, https:\/\/semmelweis.hu\/kmmcs\/files\/2023\/06\/Bozo_Tamas-869x1024.jpg 869w, https:\/\/semmelweis.hu\/kmmcs\/files\/2023\/06\/Bozo_Tamas-768x905.jpg 768w, https:\/\/semmelweis.hu\/kmmcs\/files\/2023\/06\/Bozo_Tamas-753x887.jpg 753w, https:\/\/semmelweis.hu\/kmmcs\/files\/2023\/06\/Bozo_Tamas.jpg 1124w\" sizes=\"auto, (max-width: 200px) 100vw, 200px\" \/>WHO WILL I MEET THERE?<br \/>\n<\/strong>With coach Dr. Tam\u00e1s Bozo. Tam\u00e1s obtained his PhD degree at our Doctoral School and is currently an assistant professor at the Department of Biophysics and Radiation Biology. In addition, he has been coaching since 2020 and has been providing coaching services in the Workgroup for Science Management of the Doctoral School since March 2022.<\/p>\n<p><strong>HOW DOES THIS HAPPEN?<br \/>\n<\/strong>You talk to a coach one-on-one, 60 minutes at a time. You bring the topic, the coach listens, asks questions, creates a safe space for you and encourages you to go beyond what you already know and feel and find new insights and new opportunities. You must put yourself there for that. Coaching is a self-work process that requires mutual openness, in which you work together with the coach to achieve your goals.\u00a0 The coach and you are equal partners. The coach keeps everything you say confidential and supports you with his full presence to help you make good decisions about your life and take responsibility for it \u2013as the best expert in it is yourself.<\/p>\n<p><strong>WHEN AND WHERE CAN I PARTICIPATE?<br \/>\n<\/strong>The coaching sessions take place at pre-arranged times in the KMMCS office (Selye J\u00e1nos Dormitory, 1085 Budapest, \u00dcll\u0151i \u00fat 22., 1st floor). Online coaching is also possible. In this case, you will need a stable internet connection, suitable IT equipment and an uninterrupted environment.<\/p>\n<p><strong>WHAT NOT TO EXPECT?<br \/>\n<\/strong>Coaching is not friendly chatter and is not professional, communication, mental health, or psychological counselling. Nor is it a psychotherapeutic conversation. The coach is not competent to explore and treat mental illness or psychological trauma. Coaching deals little with an in-depth analysis of past and past problems. It focuses primarily on the desired future, the desired mode of operation that brings solutions and results. A coach doesn&#8217;t solve your problems for you or take responsibility for decisions and actions from you. But it helps you find your own and best fit solutions and commit to them.<\/p>\n<p><strong>I&#8217;m interested!<\/strong><\/p>\n<p>Information, appointment booking:<br \/>\n\u00c1gnes Kert\u00e9sz, Head of KMMCS Secretariat<br \/>\ntel: +36-30-016-4358 (during office hours)<br \/>\nemail: <a href=\"mailto:kertesz.agnes@semmelweis.hu\">kertesz.agnes@semmelweis.hu<\/a><\/p>\n","protected":false},"excerpt":{"rendered":"<p>Students and supervisors of the Doctoral School have the opportunity to use coaching services up to the available capacity. Coaching is free of charge for students of the Doctoral School of Semmelweis University.\u00a0The possibility of coaching is also open to supervisors, university staff and students and supervisors of other doctoral schools under personally agreed conditions. &hellip;<\/p>\n","protected":false},"author":102197,"featured_media":346,"parent":420,"menu_order":3,"comment_status":"closed","ping_status":"closed","template":"template-fullwidth.php","meta":{"_acf_changed":false,"footnotes":""},"categories":[30],"tags":[],"class_list":["post-422","page","type-page","status-publish","has-post-thumbnail","hentry","category-ourservices"],"acf":[],"_links":{"self":[{"href":"https:\/\/semmelweis.hu\/kmmcs\/wp-json\/wp\/v2\/pages\/422","targetHints":{"allow":["GET"]}}],"collection":[{"href":"https:\/\/semmelweis.hu\/kmmcs\/wp-json\/wp\/v2\/pages"}],"about":[{"href":"https:\/\/semmelweis.hu\/kmmcs\/wp-json\/wp\/v2\/types\/page"}],"author":[{"embeddable":true,"href":"https:\/\/semmelweis.hu\/kmmcs\/wp-json\/wp\/v2\/users\/102197"}],"replies":[{"embeddable":true,"href":"https:\/\/semmelweis.hu\/kmmcs\/wp-json\/wp\/v2\/comments?post=422"}],"version-history":[{"count":3,"href":"https:\/\/semmelweis.hu\/kmmcs\/wp-json\/wp\/v2\/pages\/422\/revisions"}],"predecessor-version":[{"id":856,"href":"https:\/\/semmelweis.hu\/kmmcs\/wp-json\/wp\/v2\/pages\/422\/revisions\/856"}],"up":[{"embeddable":true,"href":"https:\/\/semmelweis.hu\/kmmcs\/wp-json\/wp\/v2\/pages\/420"}],"wp:featuredmedia":[{"embeddable":true,"href":"https:\/\/semmelweis.hu\/kmmcs\/wp-json\/wp\/v2\/media\/346"}],"wp:attachment":[{"href":"https:\/\/semmelweis.hu\/kmmcs\/wp-json\/wp\/v2\/media?parent=422"}],"wp:term":[{"taxonomy":"category","embeddable":true,"href":"https:\/\/semmelweis.hu\/kmmcs\/wp-json\/wp\/v2\/categories?post=422"},{"taxonomy":"post_tag","embeddable":true,"href":"https:\/\/semmelweis.hu\/kmmcs\/wp-json\/wp\/v2\/tags?post=422"}],"curies":[{"name":"wp","href":"https:\/\/api.w.org\/{rel}","templated":true}]}}