{"id":277,"date":"2023-04-06T10:27:13","date_gmt":"2023-04-06T08:27:13","guid":{"rendered":"https:\/\/semmelweis.hu\/kmmcs\/?page_id=277"},"modified":"2025-05-28T10:04:19","modified_gmt":"2025-05-28T08:04:19","slug":"sebok-barbara-2","status":"publish","type":"page","link":"https:\/\/semmelweis.hu\/kmmcs\/munkatarsaink\/sebok-barbara-2\/","title":{"rendered":"Seb\u0151k Barbara"},"content":{"rendered":"<h4><img loading=\"lazy\" decoding=\"async\" class=\"wp-image-157 alignright\" src=\"https:\/\/semmelweis.hu\/kmmcs\/files\/2023\/06\/Sebok-Barbara-312x400.jpg\" alt=\"\" width=\"200\" height=\"257\" srcset=\"https:\/\/semmelweis.hu\/kmmcs\/files\/2023\/06\/Sebok-Barbara-312x400.jpg 312w, https:\/\/semmelweis.hu\/kmmcs\/files\/2023\/06\/Sebok-Barbara.jpg 331w\" sizes=\"auto, (max-width: 200px) 100vw, 200px\" \/><strong>AMIBEN SEG\u00cdTHETEK:<\/strong><\/h4>\n<ul>\n<li>statisztikai tan\u00e1csad\u00e1s<\/li>\n<li>statisztikai feladatok elv\u00e9gz\u00e9se<\/li>\n<li>kutat\u00e1si adatb\u00e1zis l\u00e9trehoz\u00e1sa \u00e9s szerkeszt\u00e9se<\/li>\n<li>Endnote<\/li>\n<li>el\u0151ad\u00e1s-szerkeszt\u00e9s<\/li>\n<\/ul>\n<p><strong>E-mail:<\/strong>\u00a0<a href=\"mailto:titkarsag.kmmcs@semmelweis.hu\">titkarsag.kmmcs@semmelweis.hu<\/a><\/p>\n","protected":false},"excerpt":{"rendered":"<p>AMIBEN SEG\u00cdTHETEK:<\/p>\n<p>statisztikai tan\u00e1csad\u00e1s<br \/>\nstatisztikai feladatok elv\u00e9gz\u00e9se<br \/>\nkutat\u00e1si adatb\u00e1zis l\u00e9trehoz\u00e1sa \u00e9s szerkeszt\u00e9se<br \/>\nEndnote<br \/>\nel\u0151ad\u00e1s-szerkeszt\u00e9s<\/p>\n<p>E-mail:\u00a0<a href=\"mailto:titkarsag.kmmcs@semmelweis.hu\">titkarsag.kmmcs@semmelweis.hu<\/a><\/p>\n","protected":false},"author":102197,"featured_media":321,"parent":152,"menu_order":6,"comment_status":"closed","ping_status":"closed","template":"template-szervezet.php","meta":{"_acf_changed":false,"footnotes":""},"categories":[3],"tags":[],"class_list":["post-277","page","type-page","status-publish","has-post-thumbnail","hentry","category-munkatarsaink"],"acf":[],"_links":{"self":[{"href":"https:\/\/semmelweis.hu\/kmmcs\/wp-json\/wp\/v2\/pages\/277","targetHints":{"allow":["GET"]}}],"collection":[{"href":"https:\/\/semmelweis.hu\/kmmcs\/wp-json\/wp\/v2\/pages"}],"about":[{"href":"https:\/\/semmelweis.hu\/kmmcs\/wp-json\/wp\/v2\/types\/page"}],"author":[{"embeddable":true,"href":"https:\/\/semmelweis.hu\/kmmcs\/wp-json\/wp\/v2\/users\/102197"}],"replies":[{"embeddable":true,"href":"https:\/\/semmelweis.hu\/kmmcs\/wp-json\/wp\/v2\/comments?post=277"}],"version-history":[{"count":6,"href":"https:\/\/semmelweis.hu\/kmmcs\/wp-json\/wp\/v2\/pages\/277\/revisions"}],"predecessor-version":[{"id":795,"href":"https:\/\/semmelweis.hu\/kmmcs\/wp-json\/wp\/v2\/pages\/277\/revisions\/795"}],"up":[{"embeddable":true,"href":"https:\/\/semmelweis.hu\/kmmcs\/wp-json\/wp\/v2\/pages\/152"}],"wp:featuredmedia":[{"embeddable":true,"href":"https:\/\/semmelweis.hu\/kmmcs\/wp-json\/wp\/v2\/media\/321"}],"wp:attachment":[{"href":"https:\/\/semmelweis.hu\/kmmcs\/wp-json\/wp\/v2\/media?parent=277"}],"wp:term":[{"taxonomy":"category","embeddable":true,"href":"https:\/\/semmelweis.hu\/kmmcs\/wp-json\/wp\/v2\/categories?post=277"},{"taxonomy":"post_tag","embeddable":true,"href":"https:\/\/semmelweis.hu\/kmmcs\/wp-json\/wp\/v2\/tags?post=277"}],"curies":[{"name":"wp","href":"https:\/\/api.w.org\/{rel}","templated":true}]}}