{"id":275,"date":"2023-05-19T10:18:53","date_gmt":"2023-05-19T08:18:53","guid":{"rendered":"https:\/\/semmelweis.hu\/kmmcs\/?page_id=275"},"modified":"2025-05-28T10:04:04","modified_gmt":"2025-05-28T08:04:04","slug":"baracsi-monika","status":"publish","type":"page","link":"https:\/\/semmelweis.hu\/kmmcs\/munkatarsaink\/baracsi-monika\/","title":{"rendered":"Baracsi M\u00f3nika"},"content":{"rendered":"<h4><img loading=\"lazy\" decoding=\"async\" class=\"alignright wp-image-279\" src=\"https:\/\/semmelweis.hu\/kmmcs\/files\/2023\/06\/Baracsi-Monika-396x400.jpg\" alt=\"\" width=\"200\" height=\"202\" srcset=\"https:\/\/semmelweis.hu\/kmmcs\/files\/2023\/06\/Baracsi-Monika-396x400.jpg 396w, https:\/\/semmelweis.hu\/kmmcs\/files\/2023\/06\/Baracsi-Monika-1013x1024.jpg 1013w, https:\/\/semmelweis.hu\/kmmcs\/files\/2023\/06\/Baracsi-Monika-768x776.jpg 768w, https:\/\/semmelweis.hu\/kmmcs\/files\/2023\/06\/Baracsi-Monika-1520x1536.jpg 1520w, https:\/\/semmelweis.hu\/kmmcs\/files\/2023\/06\/Baracsi-Monika-753x761.jpg 753w, https:\/\/semmelweis.hu\/kmmcs\/files\/2023\/06\/Baracsi-Monika.jpg 1755w\" sizes=\"auto, (max-width: 200px) 100vw, 200px\" \/><strong>AMIBEN SEG\u00cdTHETEK:<\/strong><\/h4>\n<ul>\n<li>gazdas\u00e1gi \u00fcgyek int\u00e9z\u00e9se\n<ul>\n<li>beszerz\u00e9sek<\/li>\n<li>szerz\u0151d\u00e9sek<\/li>\n<li>be\/kifizet\u00e9sek<\/li>\n<\/ul>\n<\/li>\n<\/ul>\n<p><strong>E-mail:<\/strong> <a href=\"mailto:baracsi.monika@semmelweis.hu\">baracsi.monika@semmelweis.hu<\/a><\/p>\n","protected":false},"excerpt":{"rendered":"<p>AMIBEN SEG\u00cdTHETEK:<\/p>\n<p>gazdas\u00e1gi \u00fcgyek int\u00e9z\u00e9se<\/p>\n<p>beszerz\u00e9sek<br \/>\nszerz\u0151d\u00e9sek<br \/>\nbe\/kifizet\u00e9sek<\/p>\n<p>E-mail: <a href=\"mailto:baracsi.monika@semmelweis.hu\">baracsi.monika@semmelweis.hu<\/a><\/p>\n","protected":false},"author":102197,"featured_media":318,"parent":152,"menu_order":5,"comment_status":"closed","ping_status":"closed","template":"template-szervezet.php","meta":{"_acf_changed":false,"footnotes":""},"categories":[3],"tags":[],"class_list":["post-275","page","type-page","status-publish","has-post-thumbnail","hentry","category-munkatarsaink"],"acf":[],"_links":{"self":[{"href":"https:\/\/semmelweis.hu\/kmmcs\/wp-json\/wp\/v2\/pages\/275","targetHints":{"allow":["GET"]}}],"collection":[{"href":"https:\/\/semmelweis.hu\/kmmcs\/wp-json\/wp\/v2\/pages"}],"about":[{"href":"https:\/\/semmelweis.hu\/kmmcs\/wp-json\/wp\/v2\/types\/page"}],"author":[{"embeddable":true,"href":"https:\/\/semmelweis.hu\/kmmcs\/wp-json\/wp\/v2\/users\/102197"}],"replies":[{"embeddable":true,"href":"https:\/\/semmelweis.hu\/kmmcs\/wp-json\/wp\/v2\/comments?post=275"}],"version-history":[{"count":8,"href":"https:\/\/semmelweis.hu\/kmmcs\/wp-json\/wp\/v2\/pages\/275\/revisions"}],"predecessor-version":[{"id":794,"href":"https:\/\/semmelweis.hu\/kmmcs\/wp-json\/wp\/v2\/pages\/275\/revisions\/794"}],"up":[{"embeddable":true,"href":"https:\/\/semmelweis.hu\/kmmcs\/wp-json\/wp\/v2\/pages\/152"}],"wp:featuredmedia":[{"embeddable":true,"href":"https:\/\/semmelweis.hu\/kmmcs\/wp-json\/wp\/v2\/media\/318"}],"wp:attachment":[{"href":"https:\/\/semmelweis.hu\/kmmcs\/wp-json\/wp\/v2\/media?parent=275"}],"wp:term":[{"taxonomy":"category","embeddable":true,"href":"https:\/\/semmelweis.hu\/kmmcs\/wp-json\/wp\/v2\/categories?post=275"},{"taxonomy":"post_tag","embeddable":true,"href":"https:\/\/semmelweis.hu\/kmmcs\/wp-json\/wp\/v2\/tags?post=275"}],"curies":[{"name":"wp","href":"https:\/\/api.w.org\/{rel}","templated":true}]}}