{"id":267,"date":"2023-06-19T09:53:30","date_gmt":"2023-06-19T07:53:30","guid":{"rendered":"https:\/\/semmelweis.hu\/kmmcs\/?page_id=267"},"modified":"2024-12-05T08:27:30","modified_gmt":"2024-12-05T07:27:30","slug":"prof-dr-varbiro-szabolcs-merit-dij-2023","status":"publish","type":"page","link":"https:\/\/semmelweis.hu\/kmmcs\/sikereink\/prof-dr-varbiro-szabolcs-merit-dij-2023\/","title":{"rendered":"Prof. Dr. V\u00e1rb\u00edr\u00f3 Szabolcs: Merit D\u00edj, 2023"},"content":{"rendered":"<p>Munkacsoportunk vezet\u0151je, Prof. Dr. V\u00e1rb\u00edr\u00f3 Szabolcs a Tudom\u00e1nyos Bizotts\u00e1g javaslata alapj\u00e1n 2023-ban elnyerte a Kari Kiv\u00e1l\u00f3s\u00e1gi Merit D\u00edjat.<\/p>\n<p><img loading=\"lazy\" decoding=\"async\" class=\"wp-image-268 size-full aligncenter\" src=\"https:\/\/semmelweis.hu\/kmmcs\/files\/2023\/06\/VSZ-Merit.jpg\" alt=\"\" width=\"794\" height=\"1122\" srcset=\"https:\/\/semmelweis.hu\/kmmcs\/files\/2023\/06\/VSZ-Merit.jpg 794w, https:\/\/semmelweis.hu\/kmmcs\/files\/2023\/06\/VSZ-Merit-283x400.jpg 283w, https:\/\/semmelweis.hu\/kmmcs\/files\/2023\/06\/VSZ-Merit-725x1024.jpg 725w, https:\/\/semmelweis.hu\/kmmcs\/files\/2023\/06\/VSZ-Merit-768x1085.jpg 768w, https:\/\/semmelweis.hu\/kmmcs\/files\/2023\/06\/VSZ-Merit-753x1064.jpg 753w\" sizes=\"auto, (max-width: 794px) 100vw, 794px\" \/><\/p>\n","protected":false},"excerpt":{"rendered":"<p>Munkacsoportunk vezet\u0151je, Prof. Dr. V\u00e1rb\u00edr\u00f3 Szabolcs a Tudom\u00e1nyos Bizotts\u00e1g javaslata alapj\u00e1n 2023-ban elnyerte a Kari Kiv\u00e1l\u00f3s\u00e1gi Merit D\u00edjat.<\/p>\n","protected":false},"author":102197,"featured_media":0,"parent":199,"menu_order":3,"comment_status":"closed","ping_status":"closed","template":"template-fullwidth.php","meta":{"_acf_changed":false,"footnotes":""},"categories":[1],"tags":[],"class_list":["post-267","page","type-page","status-publish","hentry","category-hirek"],"acf":[],"_links":{"self":[{"href":"https:\/\/semmelweis.hu\/kmmcs\/wp-json\/wp\/v2\/pages\/267","targetHints":{"allow":["GET"]}}],"collection":[{"href":"https:\/\/semmelweis.hu\/kmmcs\/wp-json\/wp\/v2\/pages"}],"about":[{"href":"https:\/\/semmelweis.hu\/kmmcs\/wp-json\/wp\/v2\/types\/page"}],"author":[{"embeddable":true,"href":"https:\/\/semmelweis.hu\/kmmcs\/wp-json\/wp\/v2\/users\/102197"}],"replies":[{"embeddable":true,"href":"https:\/\/semmelweis.hu\/kmmcs\/wp-json\/wp\/v2\/comments?post=267"}],"version-history":[{"count":3,"href":"https:\/\/semmelweis.hu\/kmmcs\/wp-json\/wp\/v2\/pages\/267\/revisions"}],"predecessor-version":[{"id":655,"href":"https:\/\/semmelweis.hu\/kmmcs\/wp-json\/wp\/v2\/pages\/267\/revisions\/655"}],"up":[{"embeddable":true,"href":"https:\/\/semmelweis.hu\/kmmcs\/wp-json\/wp\/v2\/pages\/199"}],"wp:attachment":[{"href":"https:\/\/semmelweis.hu\/kmmcs\/wp-json\/wp\/v2\/media?parent=267"}],"wp:term":[{"taxonomy":"category","embeddable":true,"href":"https:\/\/semmelweis.hu\/kmmcs\/wp-json\/wp\/v2\/categories?post=267"},{"taxonomy":"post_tag","embeddable":true,"href":"https:\/\/semmelweis.hu\/kmmcs\/wp-json\/wp\/v2\/tags?post=267"}],"curies":[{"name":"wp","href":"https:\/\/api.w.org\/{rel}","templated":true}]}}