{"id":201,"date":"2024-01-13T03:20:17","date_gmt":"2024-01-13T02:20:17","guid":{"rendered":"https:\/\/semmelweis.hu\/kmmcs\/?page_id=201"},"modified":"2024-12-05T08:26:37","modified_gmt":"2024-12-05T07:26:37","slug":"temavezeto-kepzes","status":"publish","type":"page","link":"https:\/\/semmelweis.hu\/kmmcs\/sikereink\/temavezeto-kepzes\/","title":{"rendered":"Kor\u00e1bbi kurzus besz\u00e1mol\u00f3k &#8211; T\u00e9mavezet\u0151k\u00e9pz\u00e9s 2022 &#8211; 2023"},"content":{"rendered":"<p>A Doktori Iskola Kutat\u00e1smenedzsment Munkacsoportja<strong> 2022. augusztus 31. \u00e9s szeptember 02. k\u00f6z\u00f6tt megtartotta az els\u0151, 2023. augusztus 23. \u00e9s 25. k\u00f6z\u00f6tt pedig a m\u00e1sodik alapszint\u0171 t\u00e9mavezet\u0151k\u00e9pz\u00e9s\u00e9t <\/strong>az Eg\u00e9szs\u00e9g\u00fcgyi Menedzserk\u00e9pz\u0151 K\u00f6zpontban, olyan PhD-fokozatot szerzettek sz\u00e1m\u00e1ra, akik maguk is szeretn\u00e9nek t\u00e9mavezet\u0151v\u00e9 v\u00e1lni.<\/p>\n<p>A tov\u00e1bbk\u00e9pz\u00e9s t\u00e9m\u00e1i voltak:<\/p>\n<ul>\n<li>Biostatisztika<\/li>\n<li>T\u00e9mavezet\u0151i akkredit\u00e1ci\u00f3 menete<\/li>\n<li>Megold\u00e1sk\u00f6zpont\u00fa (t\u00e9ma)vezet\u00e9s \u00e9s coaching<\/li>\n<li>Foly\u00f3iratok t\u00edpusai, adatb\u00e1ziskeres\u00e9s<\/li>\n<li>Pl\u00e1giumkeres\u00e9s<\/li>\n<li>P\u00e1ly\u00e1zat\u00edr\u00e1si technik\u00e1k<\/li>\n<li>Az asszert\u00edv kapcsolat besz\u00e9d- \u00e9s testbesz\u00e9d eszk\u00f6zei, m\u00e9rhet\u0151s\u00e9ge<\/li>\n<li>Tudom\u00e1nyos sz\u00f6vegszerkeszt\u00e9s, t\u00edpushib\u00e1k, sz\u00f3fordulatok<\/li>\n<li>Szabadalom, ipari hasznos\u00edt\u00e1s<\/li>\n<li>Time Management a kutat\u00e1sban<\/li>\n<\/ul>\n<p>A h\u00e1romnapos kurzust k\u00f6zel 50 f\u0151 teljes\u00edtette sikerrel a 2 \u00e9v sor\u00e1n.<\/p>\n<p><img loading=\"lazy\" decoding=\"async\" class=\"wp-image-203 size-large aligncenter\" src=\"https:\/\/semmelweis.hu\/kmmcs\/files\/2023\/06\/20220901_1625502-1024x590.jpg\" alt=\"\" width=\"753\" height=\"434\" srcset=\"https:\/\/semmelweis.hu\/kmmcs\/files\/2023\/06\/20220901_1625502-1024x590.jpg 1024w, https:\/\/semmelweis.hu\/kmmcs\/files\/2023\/06\/20220901_1625502-400x230.jpg 400w, https:\/\/semmelweis.hu\/kmmcs\/files\/2023\/06\/20220901_1625502-768x442.jpg 768w, https:\/\/semmelweis.hu\/kmmcs\/files\/2023\/06\/20220901_1625502-1536x885.jpg 1536w, https:\/\/semmelweis.hu\/kmmcs\/files\/2023\/06\/20220901_1625502-2048x1180.jpg 2048w, https:\/\/semmelweis.hu\/kmmcs\/files\/2023\/06\/20220901_1625502-753x434.jpg 753w\" sizes=\"auto, (max-width: 753px) 100vw, 753px\" \/>.<\/p>\n","protected":false},"excerpt":{"rendered":"<p>A Doktori Iskola Kutat\u00e1smenedzsment Munkacsoportja 2022. augusztus 31. \u00e9s szeptember 02. k\u00f6z\u00f6tt megtartotta az els\u0151, 2023. augusztus 23. \u00e9s 25. k\u00f6z\u00f6tt pedig a m\u00e1sodik alapszint\u0171 t\u00e9mavezet\u0151k\u00e9pz\u00e9s\u00e9t az Eg\u00e9szs\u00e9g\u00fcgyi Menedzserk\u00e9pz\u0151 K\u00f6zpontban, olyan PhD-fokozatot szerzettek sz\u00e1m\u00e1ra, akik maguk is szeretn\u00e9nek t\u00e9mavezet\u0151v\u00e9 v\u00e1lni. A tov\u00e1bbk\u00e9pz\u00e9s t\u00e9m\u00e1i voltak: Biostatisztika T\u00e9mavezet\u0151i akkredit\u00e1ci\u00f3 menete Megold\u00e1sk\u00f6zpont\u00fa (t\u00e9ma)vezet\u00e9s \u00e9s coaching Foly\u00f3iratok t\u00edpusai, adatb\u00e1ziskeres\u00e9s &hellip;<\/p>\n","protected":false},"author":102197,"featured_media":0,"parent":199,"menu_order":1,"comment_status":"closed","ping_status":"closed","template":"template-fullwidth.php","meta":{"_acf_changed":false,"footnotes":""},"categories":[1],"tags":[],"class_list":["post-201","page","type-page","status-publish","hentry","category-hirek"],"acf":[],"_links":{"self":[{"href":"https:\/\/semmelweis.hu\/kmmcs\/wp-json\/wp\/v2\/pages\/201","targetHints":{"allow":["GET"]}}],"collection":[{"href":"https:\/\/semmelweis.hu\/kmmcs\/wp-json\/wp\/v2\/pages"}],"about":[{"href":"https:\/\/semmelweis.hu\/kmmcs\/wp-json\/wp\/v2\/types\/page"}],"author":[{"embeddable":true,"href":"https:\/\/semmelweis.hu\/kmmcs\/wp-json\/wp\/v2\/users\/102197"}],"replies":[{"embeddable":true,"href":"https:\/\/semmelweis.hu\/kmmcs\/wp-json\/wp\/v2\/comments?post=201"}],"version-history":[{"count":9,"href":"https:\/\/semmelweis.hu\/kmmcs\/wp-json\/wp\/v2\/pages\/201\/revisions"}],"predecessor-version":[{"id":649,"href":"https:\/\/semmelweis.hu\/kmmcs\/wp-json\/wp\/v2\/pages\/201\/revisions\/649"}],"up":[{"embeddable":true,"href":"https:\/\/semmelweis.hu\/kmmcs\/wp-json\/wp\/v2\/pages\/199"}],"wp:attachment":[{"href":"https:\/\/semmelweis.hu\/kmmcs\/wp-json\/wp\/v2\/media?parent=201"}],"wp:term":[{"taxonomy":"category","embeddable":true,"href":"https:\/\/semmelweis.hu\/kmmcs\/wp-json\/wp\/v2\/categories?post=201"},{"taxonomy":"post_tag","embeddable":true,"href":"https:\/\/semmelweis.hu\/kmmcs\/wp-json\/wp\/v2\/tags?post=201"}],"curies":[{"name":"wp","href":"https:\/\/api.w.org\/{rel}","templated":true}]}}