{"id":199,"date":"2023-06-13T03:18:40","date_gmt":"2023-06-13T01:18:40","guid":{"rendered":"https:\/\/semmelweis.hu\/kmmcs\/?page_id=199"},"modified":"2025-07-17T11:36:11","modified_gmt":"2025-07-17T09:36:11","slug":"sikereink","status":"publish","type":"page","link":"https:\/\/semmelweis.hu\/kmmcs\/sikereink\/","title":{"rendered":"Sikereink"},"content":{"rendered":"<h1 style=\"text-align: center\"><a href=\"https:\/\/semmelweis.hu\/kmmcs\/files\/2023\/06\/IMG20230524130522-scaled.jpg\"><img loading=\"lazy\" decoding=\"async\" class=\"wp-image-272 alignright\" src=\"https:\/\/semmelweis.hu\/kmmcs\/files\/2023\/06\/IMG20230524130522-400x283.jpg\" alt=\"\" width=\"353\" height=\"250\" srcset=\"https:\/\/semmelweis.hu\/kmmcs\/files\/2023\/06\/IMG20230524130522-400x283.jpg 400w, https:\/\/semmelweis.hu\/kmmcs\/files\/2023\/06\/IMG20230524130522-1024x724.jpg 1024w, https:\/\/semmelweis.hu\/kmmcs\/files\/2023\/06\/IMG20230524130522-768x543.jpg 768w, https:\/\/semmelweis.hu\/kmmcs\/files\/2023\/06\/IMG20230524130522-1536x1086.jpg 1536w, https:\/\/semmelweis.hu\/kmmcs\/files\/2023\/06\/IMG20230524130522-2048x1447.jpg 2048w, https:\/\/semmelweis.hu\/kmmcs\/files\/2023\/06\/IMG20230524130522-753x532.jpg 753w\" sizes=\"auto, (max-width: 353px) 100vw, 353px\" \/><\/a>Akiknek eddig seg\u00edtett\u00fcnk:<\/h1>\n<ul style=\"list-style-type: disc\">\n<li>\n<h5>PhD-fokozatot szerzett hallgat\u00f3ink sz\u00e1ma: 34 f\u0151<\/h5>\n<\/li>\n<li>\n<h5>T\u0151l\u00fcnk mostan\u00e1ig seg\u00edts\u00e9get kapott hallgat\u00f3k sz\u00e1ma:<\/h5>\n<ul>\n<li>\n<h5>Egy\u00e9ni konzult\u00e1ci\u00f3k: 116 f\u0151 (&gt;120 alkalom)<\/h5>\n<\/li>\n<li>\n<h5>Coaching: 58 f\u0151 (&gt;160 alkalom)<\/h5>\n<\/li>\n<\/ul>\n<h5><span style=\"color: #1e2326;font-family: 'PT serif', serif;font-size: 1rem;font-weight: 400\">\u00a0<\/span><\/h5>\n<\/li>\n<\/ul>\n<style>\n           #page-grid .card-body > .line-clamp-box.excerpt{\n        width: inherit;\n        max-width: inherit;\n        display:flex;\n        min-height: 2.4em;\n        flex-direction: column;\n        justify-content: space-around;\n        background-color: #D6E4EA;\n        min-height: 3.4rem;\n        font-family: \"Montserrat\", sans-serif;\n    }\n\n    #page-grid a:hover .card-body > .line-clamp-box.excerpt {\n        background-color: #fff;\n        color: #313B40;\n    }\n\n    #page-grid .card-body .line-clamp-box.excerpt section{\n        max-width: inherit;\n        display: -webkit-box;\n        -webkit-line-clamp: 2;\n        -webkit-box-orient: vertical;\n        overflow: hidden;\n        text-overflow: ellipsis;\n        hyphens: auto;\n        margin: auto;\n        \n    }\n    .line-clamp-box.excerpt section, .line-clamp-box.excerpt section p{\n        font-size:0.8em;\n    }\n    \n<\/style>\n    <section id=\"page-grid\">\n        \n        <div class=\"row row-cols-1 row-cols-md-2 row-cols-lg-2 no-gutters mx-0 \">    <div class =\"col  mb-2 card-wrapper\">\n        <a class=\"d-flex flex-fill card-link-warapper m-md-1\" href=\"https:\/\/semmelweis.hu\/kmmcs\/sikereink\/temavezeto-kepzes\/\">\n            <div class=\"card border border-secondary se-border flex-fill\">\n                <div class=\"row no-gutters mx-0 d-flex flex-nowrap flex-md-wrap align-items-center\">\n                    <div class =\"  col-5 col-md-12  d-none  d-md-none d-md-none  bg-image  card-image justify-content-center\">\n                        <img class='wp-post-image img-fluid landscape' src='https:\/\/semmelweis.hu\/kmmcs\/wp-content\/themes\/se18\/dist\/images\/svg\/bg-image.svg' \/>\n                    <\/div>\n                    <div class=\"card-body  col flex-column  col-md-12 p-0\">\n                        <div class=\"line-clamp-box p-3\">\n                            <h5 class=\"ml-0 ml-sm-1 mt-2 align-items-center\"  >Kor\u00e1bbi kurzus besz\u00e1mol\u00f3k - T\u00e9mavezet\u0151k\u00e9pz\u00e9s 2022 - 2023<\/h5>\n                        <\/div>\n                        \n                    <\/div>\n                <\/div>\n\n            <\/div>\n        <\/a>\n    <\/div>    <div class =\"col  mb-2 card-wrapper\">\n        <a class=\"d-flex flex-fill card-link-warapper m-md-1\" href=\"https:\/\/semmelweis.hu\/kmmcs\/sikereink\/prof-dr-varbiro-szabolcs-merit-dij-2023\/\">\n            <div class=\"card border border-secondary se-border flex-fill\">\n                <div class=\"row no-gutters mx-0 d-flex flex-nowrap flex-md-wrap align-items-center\">\n                    <div class =\"  col-5 col-md-12  d-none  d-md-none d-md-none  bg-image  card-image justify-content-center\">\n                        <img class='wp-post-image img-fluid landscape' src='https:\/\/semmelweis.hu\/kmmcs\/wp-content\/themes\/se18\/dist\/images\/svg\/bg-image.svg' \/>\n                    <\/div>\n                    <div class=\"card-body  col flex-column  col-md-12 p-0\">\n                        <div class=\"line-clamp-box p-3\">\n                            <h5 class=\"ml-0 ml-sm-1 mt-2 align-items-center\"  >Prof. Dr. V\u00e1rb\u00edr\u00f3 Szabolcs: Merit D\u00edj, 2023<\/h5>\n                        <\/div>\n                        \n                    <\/div>\n                <\/div>\n\n            <\/div>\n        <\/a>\n    <\/div>        <\/div>\n    <\/section>\n","protected":false},"excerpt":{"rendered":"<p><a href=\"https:\/\/semmelweis.hu\/kmmcs\/files\/2023\/06\/IMG20230524130522-scaled.jpg\"><\/a>Akiknek eddig seg\u00edtett\u00fcnk:<\/p>\n<p>PhD-fokozatot szerzett hallgat\u00f3ink sz\u00e1ma: 34 f\u0151<\/p>\n<p>T\u0151l\u00fcnk mostan\u00e1ig seg\u00edts\u00e9get kapott hallgat\u00f3k sz\u00e1ma:<\/p>\n<p>Egy\u00e9ni konzult\u00e1ci\u00f3k: 116 f\u0151 (&gt;120 alkalom)<\/p>\n<p>Coaching: 58 f\u0151 (&gt;160 alkalom)<\/p>\n<p>\u00a0<\/p>\n","protected":false},"author":102197,"featured_media":0,"parent":0,"menu_order":4,"comment_status":"closed","ping_status":"closed","template":"template-fullwidth.php","meta":{"_acf_changed":false,"footnotes":""},"categories":[8],"tags":[],"class_list":["post-199","page","type-page","status-publish","hentry","category-sikereink"],"acf":[],"_links":{"self":[{"href":"https:\/\/semmelweis.hu\/kmmcs\/wp-json\/wp\/v2\/pages\/199","targetHints":{"allow":["GET"]}}],"collection":[{"href":"https:\/\/semmelweis.hu\/kmmcs\/wp-json\/wp\/v2\/pages"}],"about":[{"href":"https:\/\/semmelweis.hu\/kmmcs\/wp-json\/wp\/v2\/types\/page"}],"author":[{"embeddable":true,"href":"https:\/\/semmelweis.hu\/kmmcs\/wp-json\/wp\/v2\/users\/102197"}],"replies":[{"embeddable":true,"href":"https:\/\/semmelweis.hu\/kmmcs\/wp-json\/wp\/v2\/comments?post=199"}],"version-history":[{"count":8,"href":"https:\/\/semmelweis.hu\/kmmcs\/wp-json\/wp\/v2\/pages\/199\/revisions"}],"predecessor-version":[{"id":859,"href":"https:\/\/semmelweis.hu\/kmmcs\/wp-json\/wp\/v2\/pages\/199\/revisions\/859"}],"wp:attachment":[{"href":"https:\/\/semmelweis.hu\/kmmcs\/wp-json\/wp\/v2\/media?parent=199"}],"wp:term":[{"taxonomy":"category","embeddable":true,"href":"https:\/\/semmelweis.hu\/kmmcs\/wp-json\/wp\/v2\/categories?post=199"},{"taxonomy":"post_tag","embeddable":true,"href":"https:\/\/semmelweis.hu\/kmmcs\/wp-json\/wp\/v2\/tags?post=199"}],"curies":[{"name":"wp","href":"https:\/\/api.w.org\/{rel}","templated":true}]}}