{"id":185,"date":"2024-06-13T03:03:21","date_gmt":"2024-06-13T01:03:21","guid":{"rendered":"https:\/\/semmelweis.hu\/kmmcs\/?page_id=185"},"modified":"2025-06-20T11:06:20","modified_gmt":"2025-06-20T09:06:20","slug":"egyeni-konzultacio","status":"publish","type":"page","link":"https:\/\/semmelweis.hu\/kmmcs\/szolgaltatasaink\/egyeni-konzultacio\/","title":{"rendered":"Egy\u00e9ni konzult\u00e1ci\u00f3"},"content":{"rendered":"<p><img loading=\"lazy\" decoding=\"async\" class=\"wp-image-192 alignright\" src=\"https:\/\/semmelweis.hu\/kmmcs\/files\/2023\/06\/Consulting-400x267.jpg\" alt=\"\" width=\"300\" height=\"200\" srcset=\"https:\/\/semmelweis.hu\/kmmcs\/files\/2023\/06\/Consulting-400x267.jpg 400w, https:\/\/semmelweis.hu\/kmmcs\/files\/2023\/06\/Consulting-1024x683.jpg 1024w, https:\/\/semmelweis.hu\/kmmcs\/files\/2023\/06\/Consulting-768x512.jpg 768w, https:\/\/semmelweis.hu\/kmmcs\/files\/2023\/06\/Consulting-1536x1024.jpg 1536w, https:\/\/semmelweis.hu\/kmmcs\/files\/2023\/06\/Consulting-2048x1365.jpg 2048w, https:\/\/semmelweis.hu\/kmmcs\/files\/2023\/06\/Consulting-753x502.jpg 753w, https:\/\/semmelweis.hu\/kmmcs\/files\/2023\/06\/Consulting-203x135.jpg 203w\" sizes=\"auto, (max-width: 300px) 100vw, 300px\" \/>A Kutat\u00e1smenedzsment Munkacsoport c\u00e9lja a doktori k\u00e9pz\u00e9s t\u00e1mogat\u00e1sa: a komplex vizsg\u00e1t, abszolut\u00f3riumot, illetve fokozatszerz\u00e9si publik\u00e1ci\u00f3s k\u00f6vetelm\u00e9nyeket id\u0151re nem teljes\u00edt\u0151 hallgat\u00f3kat seg\u00edtj\u00fck a PhD fokozat megszerz\u00e9s\u00e9ben.<\/p>\n<p><strong>Egy\u00e9nenk\u00e9nt felm\u00e9rj\u00fck az akad\u00e1lyoz\u00f3 k\u00f6r\u00fclm\u00e9nyeket, \u00e9rt\u00e9kelj\u00fck \u00e9s egy\u00e9nre szabott munkatervvel seg\u00edtj\u00fck a hallgat\u00f3k fokozatszerz\u00e9s\u00e9t.<\/strong><\/p>\n<p>Munk\u00e1nkat projektmenedzsmentben\/p\u00e1ly\u00e1zat\u00edr\u00e1sban\/statisztik\u00e1ban\/nyelvi lektor\u00e1l\u00e1sban \u00e9s scientific editingben j\u00e1rtas szak\u00e9rt\u0151k seg\u00edtik.<\/p>\n<p>K\u00e9rj\u00fck, a linken let\u00f6lthet\u0151 <a href=\"https:\/\/semmelweis.hu\/kmmcs\/files\/2023\/06\/Felmeres_Konzultaciora_Jelentkezok_HU.docx\" target=\"_blank\" rel=\"noopener\">K\u00c9RD\u0150\u00cdVET<\/a> kit\u00f6ltve k\u00fcldje vissza nek\u00fcnk a <a href=\"mailto:titkarsag.kmmcs@semmelweis.hu\">titkarsag.kmmcs@semmelweis.hu<\/a> email c\u00edmre, hogy min\u00e9l el\u0151bb megkezdhess\u00fck a k\u00f6z\u00f6s munk\u00e1t! Tudom\u00e1nyos szak\u00e9rt\u0151 munkat\u00e1rsaink fix id\u0151s\u00e1vokban \u00e1llnak a hozz\u00e1nk seg\u00edts\u00e9g\u00e9rt fordul\u00f3k rendelkez\u00e9s\u00e9re.<\/p>\n<p>A v\u00e1laszthat\u00f3 id\u0151pontokr\u00f3l az egy\u00e9ni konzult\u00e1ci\u00f3ra a k\u00e9s\u0151bbiekben k\u00fcld\u00fcnk \u00e9rtes\u00edt\u00e9st.<\/p>\n","protected":false},"excerpt":{"rendered":"<p>A Kutat\u00e1smenedzsment Munkacsoport c\u00e9lja a doktori k\u00e9pz\u00e9s t\u00e1mogat\u00e1sa: a komplex vizsg\u00e1t, abszolut\u00f3riumot, illetve fokozatszerz\u00e9si publik\u00e1ci\u00f3s k\u00f6vetelm\u00e9nyeket id\u0151re nem teljes\u00edt\u0151 hallgat\u00f3kat seg\u00edtj\u00fck a PhD fokozat megszerz\u00e9s\u00e9ben. Egy\u00e9nenk\u00e9nt felm\u00e9rj\u00fck az akad\u00e1lyoz\u00f3 k\u00f6r\u00fclm\u00e9nyeket, \u00e9rt\u00e9kelj\u00fck \u00e9s egy\u00e9nre szabott munkatervvel seg\u00edtj\u00fck a hallgat\u00f3k fokozatszerz\u00e9s\u00e9t. Munk\u00e1nkat projektmenedzsmentben\/p\u00e1ly\u00e1zat\u00edr\u00e1sban\/statisztik\u00e1ban\/nyelvi lektor\u00e1l\u00e1sban \u00e9s scientific editingben j\u00e1rtas szak\u00e9rt\u0151k seg\u00edtik. K\u00e9rj\u00fck, a linken let\u00f6lthet\u0151 <a href=\"https:\/\/semmelweis.hu\/kmmcs\/files\/2023\/06\/Felmeres_Konzultaciora_Jelentkezok_HU.docx\" target=\"_blank\" rel=\"noopener\">K\u00c9RD\u0150\u00cdVET<\/a> kit\u00f6ltve k\u00fcldje vissza &hellip;<\/p>\n","protected":false},"author":102197,"featured_media":192,"parent":161,"menu_order":0,"comment_status":"closed","ping_status":"closed","template":"template-fullwidth.php","meta":{"_acf_changed":false,"footnotes":""},"categories":[6],"tags":[],"class_list":["post-185","page","type-page","status-publish","has-post-thumbnail","hentry","category-szolgaltatasaink"],"acf":[],"_links":{"self":[{"href":"https:\/\/semmelweis.hu\/kmmcs\/wp-json\/wp\/v2\/pages\/185","targetHints":{"allow":["GET"]}}],"collection":[{"href":"https:\/\/semmelweis.hu\/kmmcs\/wp-json\/wp\/v2\/pages"}],"about":[{"href":"https:\/\/semmelweis.hu\/kmmcs\/wp-json\/wp\/v2\/types\/page"}],"author":[{"embeddable":true,"href":"https:\/\/semmelweis.hu\/kmmcs\/wp-json\/wp\/v2\/users\/102197"}],"replies":[{"embeddable":true,"href":"https:\/\/semmelweis.hu\/kmmcs\/wp-json\/wp\/v2\/comments?post=185"}],"version-history":[{"count":10,"href":"https:\/\/semmelweis.hu\/kmmcs\/wp-json\/wp\/v2\/pages\/185\/revisions"}],"predecessor-version":[{"id":328,"href":"https:\/\/semmelweis.hu\/kmmcs\/wp-json\/wp\/v2\/pages\/185\/revisions\/328"}],"up":[{"embeddable":true,"href":"https:\/\/semmelweis.hu\/kmmcs\/wp-json\/wp\/v2\/pages\/161"}],"wp:featuredmedia":[{"embeddable":true,"href":"https:\/\/semmelweis.hu\/kmmcs\/wp-json\/wp\/v2\/media\/192"}],"wp:attachment":[{"href":"https:\/\/semmelweis.hu\/kmmcs\/wp-json\/wp\/v2\/media?parent=185"}],"wp:term":[{"taxonomy":"category","embeddable":true,"href":"https:\/\/semmelweis.hu\/kmmcs\/wp-json\/wp\/v2\/categories?post=185"},{"taxonomy":"post_tag","embeddable":true,"href":"https:\/\/semmelweis.hu\/kmmcs\/wp-json\/wp\/v2\/tags?post=185"}],"curies":[{"name":"wp","href":"https:\/\/api.w.org\/{rel}","templated":true}]}}