{"id":177,"date":"2024-06-13T02:52:24","date_gmt":"2024-06-13T00:52:24","guid":{"rendered":"https:\/\/semmelweis.hu\/kmmcs\/?page_id=177"},"modified":"2025-06-20T11:06:40","modified_gmt":"2025-06-20T09:06:40","slug":"projektmenedzsment","status":"publish","type":"page","link":"https:\/\/semmelweis.hu\/kmmcs\/szolgaltatasaink\/projektmenedzsment\/","title":{"rendered":"Projekt&shy;menedzsment"},"content":{"rendered":"<h3><span style=\"color: #ff0000\"><strong>PROJEKTMENEDZSMENT SZOLG\u00c1LTAT\u00c1SUNK JELENLEG NEM EL\u00c9RHET\u0150!<\/strong><\/span><\/h3>\n<p style=\"text-align: justify\">A Semmelweis Egyetem Kutat\u00e1smenedzsment Munkacsoportja \u00faj szolg\u00e1ltat\u00e1sk\u00e9nt projektmenedzser szakemberek k\u00f6zvet\u00edt\u00e9s\u00e9t vezeti be els\u0151sorban fiatal t\u00e9ma- \u00e9s csoportvezet\u0151k, PhD hallgat\u00f3k r\u00e9sz\u00e9re 2023 szeptember\u00e9t\u0151l.<\/p>\n<p style=\"text-align: justify\"><strong>C\u00e9lunk olyan projektvezet\u0151 szakemberek biztos\u00edt\u00e1sa az egyetem munkat\u00e1rsai sz\u00e1m\u00e1ra, akik elk\u00f6telezettek a kutat\u00e1sok eredm\u00e9nyess\u00e9g\u00e9nek, versenyk\u00e9pess\u00e9g\u00e9nek n\u00f6vel\u00e9s\u00e9ben \u00e9s a PhD hallgat\u00f3k fokozatszerz\u00e9s\u00e9nek t\u00e1mogat\u00e1s\u00e1ban.<\/strong><\/p>\n<p style=\"text-align: justify\"><strong>A szolg\u00e1ltat\u00e1s fakultat\u00edv, egy\u00e9ni jelentkez\u00e9sen alapul, a rendelkez\u00e9sre \u00e1ll\u00f3 szabad kapacit\u00e1s korl\u00e1tozott.<\/strong><\/p>\n<h4><strong>A Kutat\u00e1smenedzsment Munkacsoport k\u00f6zvet\u00edt\u00e9s\u00e9vel el\u00e9rhet\u0151 szolg\u00e1ltat\u00e1sok:<\/strong><\/h4>\n<ul>\n<li>\u00c1ltal\u00e1nos projektmenedzsment konzult\u00e1ci\u00f3 a PhD hallgat\u00f3, a t\u00e9mavezet\u0151 vagy a csoportvezet\u0151 \u00e1ltal hozott probl\u00e9m\u00e1ra, kih\u00edv\u00e1sra reflekt\u00e1lva<\/li>\n<li>Projekt tervez\u00e9s \u00e9s fel\u00fcgyelet<\/li>\n<li>Strat\u00e9giaalkot\u00e1s, \u00e9ves \u00e9s negyed\u00e9ves c\u00e9lok meghat\u00e1roz\u00e1sa<\/li>\n<li>Mindennapos munka eredm\u00e9nyess\u00e9g\u00e9nek biztos\u00edt\u00e1sa, munkaszervez\u00e9s<\/li>\n<li>Agilis transzform\u00e1ci\u00f3<\/li>\n<li>Priorit\u00e1s \u00e9s v\u00e1ltoz\u00e1s menedzsment<\/li>\n<li>P\u00e1ly\u00e1zati konzult\u00e1ci\u00f3<\/li>\n<li>Csapat \u00e9s egy\u00e9ni projektmenedzsment tr\u00e9ning<\/li>\n<\/ul>\n<div class=\"keretes w-100\">\n<p>Id\u0151pontk\u00e9r\u00e9s: Kert\u00e9sz \u00c1gnes (KMMCs titk\u00e1rs\u00e1gvezet\u0151je)<br \/>\nMunkaid\u0151ben: 8:00-15:00<br \/>\nTelefon: +36-30-016-4358<br \/>\nE-mail: <a href=\"mailto:titkarsag.kmmcs@semmelweis.hu\">titkarsag.kmmcs@semmelweis.hu<\/a>\u00a0<\/p>\n<p>A konzult\u00e1ci\u00f3 el\u0151zetes regisztr\u00e1ci\u00f3hoz k\u00f6t\u00f6tt.<\/p>\n<\/div>\n","protected":false},"excerpt":{"rendered":"<p>PROJEKTMENEDZSMENT SZOLG\u00c1LTAT\u00c1SUNK JELENLEG NEM EL\u00c9RHET\u0150! A Semmelweis Egyetem Kutat\u00e1smenedzsment Munkacsoportja \u00faj szolg\u00e1ltat\u00e1sk\u00e9nt projektmenedzser szakemberek k\u00f6zvet\u00edt\u00e9s\u00e9t vezeti be els\u0151sorban fiatal t\u00e9ma- \u00e9s csoportvezet\u0151k, PhD hallgat\u00f3k r\u00e9sz\u00e9re 2023 szeptember\u00e9t\u0151l. C\u00e9lunk olyan projektvezet\u0151 szakemberek biztos\u00edt\u00e1sa az egyetem munkat\u00e1rsai sz\u00e1m\u00e1ra, akik elk\u00f6telezettek a kutat\u00e1sok eredm\u00e9nyess\u00e9g\u00e9nek, versenyk\u00e9pess\u00e9g\u00e9nek n\u00f6vel\u00e9s\u00e9ben \u00e9s a PhD hallgat\u00f3k fokozatszerz\u00e9s\u00e9nek t\u00e1mogat\u00e1s\u00e1ban. A szolg\u00e1ltat\u00e1s fakultat\u00edv, egy\u00e9ni jelentkez\u00e9sen alapul, &hellip;<\/p>\n","protected":false},"author":102197,"featured_media":348,"parent":161,"menu_order":2,"comment_status":"closed","ping_status":"closed","template":"template-fullwidth.php","meta":{"_acf_changed":false,"footnotes":""},"categories":[6],"tags":[],"class_list":["post-177","page","type-page","status-publish","has-post-thumbnail","hentry","category-szolgaltatasaink"],"acf":[],"_links":{"self":[{"href":"https:\/\/semmelweis.hu\/kmmcs\/wp-json\/wp\/v2\/pages\/177","targetHints":{"allow":["GET"]}}],"collection":[{"href":"https:\/\/semmelweis.hu\/kmmcs\/wp-json\/wp\/v2\/pages"}],"about":[{"href":"https:\/\/semmelweis.hu\/kmmcs\/wp-json\/wp\/v2\/types\/page"}],"author":[{"embeddable":true,"href":"https:\/\/semmelweis.hu\/kmmcs\/wp-json\/wp\/v2\/users\/102197"}],"replies":[{"embeddable":true,"href":"https:\/\/semmelweis.hu\/kmmcs\/wp-json\/wp\/v2\/comments?post=177"}],"version-history":[{"count":11,"href":"https:\/\/semmelweis.hu\/kmmcs\/wp-json\/wp\/v2\/pages\/177\/revisions"}],"predecessor-version":[{"id":801,"href":"https:\/\/semmelweis.hu\/kmmcs\/wp-json\/wp\/v2\/pages\/177\/revisions\/801"}],"up":[{"embeddable":true,"href":"https:\/\/semmelweis.hu\/kmmcs\/wp-json\/wp\/v2\/pages\/161"}],"wp:featuredmedia":[{"embeddable":true,"href":"https:\/\/semmelweis.hu\/kmmcs\/wp-json\/wp\/v2\/media\/348"}],"wp:attachment":[{"href":"https:\/\/semmelweis.hu\/kmmcs\/wp-json\/wp\/v2\/media?parent=177"}],"wp:term":[{"taxonomy":"category","embeddable":true,"href":"https:\/\/semmelweis.hu\/kmmcs\/wp-json\/wp\/v2\/categories?post=177"},{"taxonomy":"post_tag","embeddable":true,"href":"https:\/\/semmelweis.hu\/kmmcs\/wp-json\/wp\/v2\/tags?post=177"}],"curies":[{"name":"wp","href":"https:\/\/api.w.org\/{rel}","templated":true}]}}