{"id":161,"date":"2023-06-12T21:01:12","date_gmt":"2023-06-12T19:01:12","guid":{"rendered":"https:\/\/semmelweis.hu\/kmmcs\/?page_id=161"},"modified":"2025-03-20T09:18:42","modified_gmt":"2025-03-20T08:18:42","slug":"szolgaltatasaink","status":"publish","type":"page","link":"https:\/\/semmelweis.hu\/kmmcs\/szolgaltatasaink\/","title":{"rendered":"Szolg\u00e1ltat\u00e1saink"},"content":{"rendered":"<script type=\"text\/javascript\" src=\"https:\/\/semmelweis.hu\/kmmcs\/wp-content\/themes\/se18\/dist\/scripts\/carousel.js\"><\/script>    <section class=\"post-cards shortcode-wrapper\">\r\n        <div id=\"news-container\" class=\" d-none d-sm-flex flex-column  full-width-post-cards-shortcode-card news-container-for-card-code\" style=\"\">\r\n            \r\n            <div class=\"row card-row my-2 pt-3 pb-0 mx-0 w-100 \">\r\n               \r\n                \ufeff\r\n    <div class=\"card-format col col-12 col-md-4 col-lg-4 pl-1 pl-md-0 pr-1 pr-md-2 mb-2\">\r\n        <a class=\"d-block w-100\"  href=\"https:\/\/semmelweis.hu\/kmmcs\/szolgaltatasaink\/egyeni-konzultacio\/\">\r\n      <!--  <a class=\"d-block w-100\" target=\"_blank\" href=\" \"> -->\r\n            <div class=\"card\">\r\n                                    <div class=\"card-image img-fluid \">\r\n                         \r\n                        <img loading=\"lazy\" decoding=\"async\" width=\"753\" height=\"502\" src=\"https:\/\/semmelweis.hu\/kmmcs\/files\/2023\/06\/Consulting-768x512.jpg\" class=\"landscape wp-post-image\" alt=\"\" srcset=\"https:\/\/semmelweis.hu\/kmmcs\/files\/2023\/06\/Consulting-768x512.jpg 768w, https:\/\/semmelweis.hu\/kmmcs\/files\/2023\/06\/Consulting-400x267.jpg 400w, https:\/\/semmelweis.hu\/kmmcs\/files\/2023\/06\/Consulting-1024x683.jpg 1024w, https:\/\/semmelweis.hu\/kmmcs\/files\/2023\/06\/Consulting-1536x1024.jpg 1536w, https:\/\/semmelweis.hu\/kmmcs\/files\/2023\/06\/Consulting-2048x1365.jpg 2048w, https:\/\/semmelweis.hu\/kmmcs\/files\/2023\/06\/Consulting-753x502.jpg 753w, https:\/\/semmelweis.hu\/kmmcs\/files\/2023\/06\/Consulting-203x135.jpg 203w\" sizes=\"auto, (max-width: 753px) 100vw, 753px\" \/>                    <\/div>\r\n                \r\n                <div class=\"card-body\">\r\n                    <div class=\"card-date text-uppercase  d-none  \">\r\n                                                    <h5><span class=\"font-weight-normal\">2024. <\/span>j\u00fanius 13.<\/h5>\r\n                                            <\/div>\r\n                    <div class=\"card-title\">\r\n                        <h3 class=\"mt-2 entry-title\">Egy\u00e9ni konzult\u00e1ci\u00f3<\/h3>\r\n                    <\/div>\r\n                    <style>\r\n                        .card-text-inside{\r\n                                                 display: -webkit-box;\r\n                    -webkit-line-clamp: 4;\r\n                    -webkit-box-orient: vertical;\r\n                     overflow:hidden;\r\n                     text-overflow: ellipsis;\r\n                        }\r\n                        <\/style>\r\n                                    <\/div>\r\n            <\/div>\r\n        <\/a>\r\n    <\/div>\r\n\r\n\r\n\ufeff\r\n    <div class=\"card-format col col-12 col-md-4 col-lg-4 pl-1 pl-md-0 pr-1 pr-md-2 mb-2\">\r\n        <a class=\"d-block w-100\"  href=\"https:\/\/semmelweis.hu\/kmmcs\/szolgaltatasaink\/projektmenedzsment\/\">\r\n      <!--  <a class=\"d-block w-100\" target=\"_blank\" href=\" \"> -->\r\n            <div class=\"card\">\r\n                                    <div class=\"card-image img-fluid \">\r\n                         \r\n                        <img loading=\"lazy\" decoding=\"async\" width=\"753\" height=\"1130\" src=\"https:\/\/semmelweis.hu\/kmmcs\/files\/2023\/06\/pexels-cottonbro-studio-7438102-768x1152.jpg\" class=\"landscape wp-post-image\" alt=\"\" srcset=\"https:\/\/semmelweis.hu\/kmmcs\/files\/2023\/06\/pexels-cottonbro-studio-7438102-768x1152.jpg 768w, https:\/\/semmelweis.hu\/kmmcs\/files\/2023\/06\/pexels-cottonbro-studio-7438102-267x400.jpg 267w, https:\/\/semmelweis.hu\/kmmcs\/files\/2023\/06\/pexels-cottonbro-studio-7438102-683x1024.jpg 683w, https:\/\/semmelweis.hu\/kmmcs\/files\/2023\/06\/pexels-cottonbro-studio-7438102-1024x1536.jpg 1024w, https:\/\/semmelweis.hu\/kmmcs\/files\/2023\/06\/pexels-cottonbro-studio-7438102-753x1130.jpg 753w, https:\/\/semmelweis.hu\/kmmcs\/files\/2023\/06\/pexels-cottonbro-studio-7438102.jpg 1280w\" sizes=\"auto, (max-width: 753px) 100vw, 753px\" \/>                    <\/div>\r\n                \r\n                <div class=\"card-body\">\r\n                    <div class=\"card-date text-uppercase  d-none  \">\r\n                                                    <h5><span class=\"font-weight-normal\">2024. <\/span>j\u00fanius 13.<\/h5>\r\n                                            <\/div>\r\n                    <div class=\"card-title\">\r\n                        <h3 class=\"mt-2 entry-title\">Projekt&shy;menedzsment<\/h3>\r\n                    <\/div>\r\n                    <style>\r\n                        .card-text-inside{\r\n                                                 display: -webkit-box;\r\n                    -webkit-line-clamp: 4;\r\n                    -webkit-box-orient: vertical;\r\n                     overflow:hidden;\r\n                     text-overflow: ellipsis;\r\n                        }\r\n                        <\/style>\r\n                                    <\/div>\r\n            <\/div>\r\n        <\/a>\r\n    <\/div>\r\n\r\n\r\n\ufeff\r\n    <div class=\"card-format col col-12 col-md-4 col-lg-4 pl-1 pl-md-0 pr-1 pr-md-2 mb-2\">\r\n        <a class=\"d-block w-100\"  href=\"https:\/\/semmelweis.hu\/kmmcs\/szolgaltatasaink\/coaching\/\">\r\n      <!--  <a class=\"d-block w-100\" target=\"_blank\" href=\" \"> -->\r\n            <div class=\"card\">\r\n                                    <div class=\"card-image img-fluid \">\r\n                         \r\n                        <img loading=\"lazy\" decoding=\"async\" width=\"753\" height=\"1130\" src=\"https:\/\/semmelweis.hu\/kmmcs\/files\/2023\/06\/pexels-cottonbro-studio-4098374-768x1152.jpg\" class=\"landscape wp-post-image\" alt=\"\" srcset=\"https:\/\/semmelweis.hu\/kmmcs\/files\/2023\/06\/pexels-cottonbro-studio-4098374-768x1152.jpg 768w, https:\/\/semmelweis.hu\/kmmcs\/files\/2023\/06\/pexels-cottonbro-studio-4098374-267x400.jpg 267w, https:\/\/semmelweis.hu\/kmmcs\/files\/2023\/06\/pexels-cottonbro-studio-4098374-683x1024.jpg 683w, https:\/\/semmelweis.hu\/kmmcs\/files\/2023\/06\/pexels-cottonbro-studio-4098374-1024x1536.jpg 1024w, https:\/\/semmelweis.hu\/kmmcs\/files\/2023\/06\/pexels-cottonbro-studio-4098374-753x1130.jpg 753w, https:\/\/semmelweis.hu\/kmmcs\/files\/2023\/06\/pexels-cottonbro-studio-4098374.jpg 1280w\" sizes=\"auto, (max-width: 753px) 100vw, 753px\" \/>                    <\/div>\r\n                \r\n                <div class=\"card-body\">\r\n                    <div class=\"card-date text-uppercase  d-none  \">\r\n                                                    <h5><span class=\"font-weight-normal\">2024. <\/span>j\u00fanius 12.<\/h5>\r\n                                            <\/div>\r\n                    <div class=\"card-title\">\r\n                        <h3 class=\"mt-2 entry-title\">Coaching<\/h3>\r\n                    <\/div>\r\n                    <style>\r\n                        .card-text-inside{\r\n                                                 display: -webkit-box;\r\n                    -webkit-line-clamp: 4;\r\n                    -webkit-box-orient: vertical;\r\n                     overflow:hidden;\r\n                     text-overflow: ellipsis;\r\n                        }\r\n                        <\/style>\r\n                                    <\/div>\r\n            <\/div>\r\n        <\/a>\r\n    <\/div>\r\n\r\n\r\n\ufeff\r\n    <div class=\"card-format col col-12 col-md-4 col-lg-4 pl-1 pl-md-0 pr-1 pr-md-2 mb-2\">\r\n        <a class=\"d-block w-100\"  href=\"https:\/\/semmelweis.hu\/kmmcs\/szolgaltatasaink\/mediacio\/\">\r\n      <!--  <a class=\"d-block w-100\" target=\"_blank\" href=\" \"> -->\r\n            <div class=\"card\">\r\n                                    <div class=\"card-image img-fluid \">\r\n                         \r\n                        <img loading=\"lazy\" decoding=\"async\" width=\"753\" height=\"502\" src=\"https:\/\/semmelweis.hu\/kmmcs\/files\/2025\/06\/Mediacio-768x512.jpg\" class=\"landscape wp-post-image\" alt=\"\" srcset=\"https:\/\/semmelweis.hu\/kmmcs\/files\/2025\/06\/Mediacio-768x512.jpg 768w, https:\/\/semmelweis.hu\/kmmcs\/files\/2025\/06\/Mediacio-400x267.jpg 400w, https:\/\/semmelweis.hu\/kmmcs\/files\/2025\/06\/Mediacio-1024x683.jpg 1024w, https:\/\/semmelweis.hu\/kmmcs\/files\/2025\/06\/Mediacio-1536x1024.jpg 1536w, https:\/\/semmelweis.hu\/kmmcs\/files\/2025\/06\/Mediacio-2048x1365.jpg 2048w, https:\/\/semmelweis.hu\/kmmcs\/files\/2025\/06\/Mediacio-753x502.jpg 753w, https:\/\/semmelweis.hu\/kmmcs\/files\/2025\/06\/Mediacio-203x135.jpg 203w\" sizes=\"auto, (max-width: 753px) 100vw, 753px\" \/>                    <\/div>\r\n                \r\n                <div class=\"card-body\">\r\n                    <div class=\"card-date text-uppercase  d-none  \">\r\n                                                    <h5><span class=\"font-weight-normal\">2024. <\/span>j\u00fanius 10.<\/h5>\r\n                                            <\/div>\r\n                    <div class=\"card-title\">\r\n                        <h3 class=\"mt-2 entry-title\">Medi\u00e1ci\u00f3s tan\u00e1csad\u00e1s<\/h3>\r\n                    <\/div>\r\n                    <style>\r\n                        .card-text-inside{\r\n                                                 display: -webkit-box;\r\n                    -webkit-line-clamp: 4;\r\n                    -webkit-box-orient: vertical;\r\n                     overflow:hidden;\r\n                     text-overflow: ellipsis;\r\n                        }\r\n                        <\/style>\r\n                                    <\/div>\r\n            <\/div>\r\n        <\/a>\r\n    <\/div>\r\n\r\n\r\n                \r\n            <\/div>\r\n        <\/div>\r\n\r\n                        <div class=\"post-slide-hirek row px-0\">\r\n            <style>\r\n                .post-slide-hirek .owl-nav button {\r\n                    margin: 0px !important;\r\n                    height: 100% !important;\r\n                }\r\n\r\n                .card-custom-title {\r\n                    font-size: 17px;\r\n                    line-height: 23px;\r\n                    overflow: hidden;\r\n                    text-overflow: ellipsis;\r\n                    display: -webkit-box;\r\n                    -webkit-line-clamp: 3;\r\n                    -webkit-box-orient: vertical;\r\n                    min-height: 72px;\r\n                }\r\n\r\n                .card-custom-max-h {\r\n                    max-height: 235px !important;\r\n                    object-fit: cover;\r\n                }\r\n\r\n                .post-slide-hirek .owl-item .card-img img {\r\n                    opacity: 1 !important;\r\n                    aspect-ratio: 3\/ 2;\r\n\r\n                }\r\n                .card:has(.card-date:not(.d-none)):not(:has(img)) {\r\n                    margin-top: 20px;\r\n                }\r\n            <\/style>\r\n                            <div class=\"owl-carousel col-12 px-0 mt-2 mb-4 md-md-0 d-sm-none\">\r\n                                            <a class=\"item-1\" href=\"https:\/\/semmelweis.hu\/kmmcs\/szolgaltatasaink\/egyeni-konzultacio\/\">\r\n\r\n                            <div class=\"card-img \">\r\n                                <img loading=\"lazy\" decoding=\"async\" width=\"560\" height=\"373\" src=\"https:\/\/semmelweis.hu\/kmmcs\/files\/2023\/06\/Consulting.jpg\" class=\"d-block card-custom-max-h  img-fluid n-1 wp-post-image\" alt=\"\" srcset=\"https:\/\/semmelweis.hu\/kmmcs\/files\/2023\/06\/Consulting.jpg 2250w, https:\/\/semmelweis.hu\/kmmcs\/files\/2023\/06\/Consulting-400x267.jpg 400w, https:\/\/semmelweis.hu\/kmmcs\/files\/2023\/06\/Consulting-1024x683.jpg 1024w, https:\/\/semmelweis.hu\/kmmcs\/files\/2023\/06\/Consulting-768x512.jpg 768w, https:\/\/semmelweis.hu\/kmmcs\/files\/2023\/06\/Consulting-1536x1024.jpg 1536w, https:\/\/semmelweis.hu\/kmmcs\/files\/2023\/06\/Consulting-2048x1365.jpg 2048w, https:\/\/semmelweis.hu\/kmmcs\/files\/2023\/06\/Consulting-753x502.jpg 753w, https:\/\/semmelweis.hu\/kmmcs\/files\/2023\/06\/Consulting-203x135.jpg 203w\" sizes=\"auto, (max-width: 560px) 100vw, 560px\" \/>                            <\/div>\r\n                            <div class=\"card-title mb-1\">\r\n                                <h3 class=\"mt-0 pt-1 mb-0 px-2 card-custom-title d-flex align-items-center d-md-block\">\r\n                                    <span class=\"entry-title pt-0 pt-md-1\">Egy\u00e9ni konzult\u00e1ci\u00f3                                <\/h3>\r\n                            <\/div>\r\n                            \r\n\r\n                        <\/a>\r\n                                            <a class=\"item-2\" href=\"https:\/\/semmelweis.hu\/kmmcs\/szolgaltatasaink\/projektmenedzsment\/\">\r\n\r\n                            <div class=\"card-img \">\r\n                                <img loading=\"lazy\" decoding=\"async\" width=\"373\" height=\"560\" src=\"https:\/\/semmelweis.hu\/kmmcs\/files\/2023\/06\/pexels-cottonbro-studio-7438102.jpg\" class=\"d-block card-custom-max-h  img-fluid n-2 wp-post-image\" alt=\"\" srcset=\"https:\/\/semmelweis.hu\/kmmcs\/files\/2023\/06\/pexels-cottonbro-studio-7438102.jpg 1280w, https:\/\/semmelweis.hu\/kmmcs\/files\/2023\/06\/pexels-cottonbro-studio-7438102-267x400.jpg 267w, https:\/\/semmelweis.hu\/kmmcs\/files\/2023\/06\/pexels-cottonbro-studio-7438102-683x1024.jpg 683w, https:\/\/semmelweis.hu\/kmmcs\/files\/2023\/06\/pexels-cottonbro-studio-7438102-768x1152.jpg 768w, https:\/\/semmelweis.hu\/kmmcs\/files\/2023\/06\/pexels-cottonbro-studio-7438102-1024x1536.jpg 1024w, https:\/\/semmelweis.hu\/kmmcs\/files\/2023\/06\/pexels-cottonbro-studio-7438102-753x1130.jpg 753w\" sizes=\"auto, (max-width: 373px) 100vw, 373px\" \/>                            <\/div>\r\n                            <div class=\"card-title mb-1\">\r\n                                <h3 class=\"mt-0 pt-1 mb-0 px-2 card-custom-title d-flex align-items-center d-md-block\">\r\n                                    <span class=\"entry-title pt-0 pt-md-1\">Projekt&shy;menedzsment                                <\/h3>\r\n                            <\/div>\r\n                            \r\n\r\n                        <\/a>\r\n                                            <a class=\"item-3\" href=\"https:\/\/semmelweis.hu\/kmmcs\/szolgaltatasaink\/coaching\/\">\r\n\r\n                            <div class=\"card-img \">\r\n                                <img loading=\"lazy\" decoding=\"async\" width=\"373\" height=\"560\" src=\"https:\/\/semmelweis.hu\/kmmcs\/files\/2023\/06\/pexels-cottonbro-studio-4098374.jpg\" class=\"d-block card-custom-max-h  img-fluid n-3 wp-post-image\" alt=\"\" srcset=\"https:\/\/semmelweis.hu\/kmmcs\/files\/2023\/06\/pexels-cottonbro-studio-4098374.jpg 1280w, https:\/\/semmelweis.hu\/kmmcs\/files\/2023\/06\/pexels-cottonbro-studio-4098374-267x400.jpg 267w, https:\/\/semmelweis.hu\/kmmcs\/files\/2023\/06\/pexels-cottonbro-studio-4098374-683x1024.jpg 683w, https:\/\/semmelweis.hu\/kmmcs\/files\/2023\/06\/pexels-cottonbro-studio-4098374-768x1152.jpg 768w, https:\/\/semmelweis.hu\/kmmcs\/files\/2023\/06\/pexels-cottonbro-studio-4098374-1024x1536.jpg 1024w, https:\/\/semmelweis.hu\/kmmcs\/files\/2023\/06\/pexels-cottonbro-studio-4098374-753x1130.jpg 753w\" sizes=\"auto, (max-width: 373px) 100vw, 373px\" \/>                            <\/div>\r\n                            <div class=\"card-title mb-1\">\r\n                                <h3 class=\"mt-0 pt-1 mb-0 px-2 card-custom-title d-flex align-items-center d-md-block\">\r\n                                    <span class=\"entry-title pt-0 pt-md-1\">Coaching                                <\/h3>\r\n                            <\/div>\r\n                            \r\n\r\n                        <\/a>\r\n                                            <a class=\"item-4\" href=\"https:\/\/semmelweis.hu\/kmmcs\/szolgaltatasaink\/mediacio\/\">\r\n\r\n                            <div class=\"card-img \">\r\n                                <img loading=\"lazy\" decoding=\"async\" width=\"560\" height=\"373\" src=\"https:\/\/semmelweis.hu\/kmmcs\/files\/2025\/06\/Mediacio-scaled.jpg\" class=\"d-block card-custom-max-h  img-fluid n-4 wp-post-image\" alt=\"\" srcset=\"https:\/\/semmelweis.hu\/kmmcs\/files\/2025\/06\/Mediacio-scaled.jpg 2560w, https:\/\/semmelweis.hu\/kmmcs\/files\/2025\/06\/Mediacio-400x267.jpg 400w, https:\/\/semmelweis.hu\/kmmcs\/files\/2025\/06\/Mediacio-1024x683.jpg 1024w, https:\/\/semmelweis.hu\/kmmcs\/files\/2025\/06\/Mediacio-768x512.jpg 768w, https:\/\/semmelweis.hu\/kmmcs\/files\/2025\/06\/Mediacio-1536x1024.jpg 1536w, https:\/\/semmelweis.hu\/kmmcs\/files\/2025\/06\/Mediacio-2048x1365.jpg 2048w, https:\/\/semmelweis.hu\/kmmcs\/files\/2025\/06\/Mediacio-753x502.jpg 753w, https:\/\/semmelweis.hu\/kmmcs\/files\/2025\/06\/Mediacio-203x135.jpg 203w\" sizes=\"auto, (max-width: 560px) 100vw, 560px\" \/>                            <\/div>\r\n                            <div class=\"card-title mb-1\">\r\n                                <h3 class=\"mt-0 pt-1 mb-0 px-2 card-custom-title d-flex align-items-center d-md-block\">\r\n                                    <span class=\"entry-title pt-0 pt-md-1\">Medi\u00e1ci\u00f3s tan\u00e1csad\u00e1s                                <\/h3>\r\n                            <\/div>\r\n                            \r\n\r\n                        <\/a>\r\n                                    <\/div>\r\n\r\n                    \r\n        <\/div><!-- owl-carousel -->\r\n    <\/section>\r\n\r\n\n","protected":false},"excerpt":{"rendered":"<p>Az egyetemi \u00e9let sor\u00e1n el\u0151fordul, hogy id\u0151nk\u00e9nt f\u00e9lre\u00e9rt\u00e9sek, kommunik\u00e1ci\u00f3s neh\u00e9zs\u00e9gek vagy \u00f6sszef\u00e9rhetetlennek t\u0171n\u0151 elv\u00e1r\u00e1sok alakulnak ki \u2013 ak\u00e1r hallgat\u00f3k \u00e9s t\u00e9mavezet\u0151k k\u00f6z\u00f6tt is. Ezek kezel\u00e9se sokszor \u00e9rz\u00e9keny, id\u0151ig\u00e9nyes feladat, amelyben j\u00f3l j\u00f6het egy p\u00e1rtatlan, t\u00e1mogat\u00f3 k\u00f6zeg. A medi\u00e1ci\u00f3s tan\u00e1csad\u00e1s egy alternat\u00edv vitarendez\u00e9si m\u00f3dszer, ahol a felek k\u00f6z\u00f6tti megegyez\u00e9st egy harmadik, f\u00fcggetlen \u00e9s semleges szem\u00e9ly (k\u00f6zvet\u00edt\u0151, &hellip;<\/p>\n","protected":false},"author":102197,"featured_media":0,"parent":0,"menu_order":2,"comment_status":"closed","ping_status":"closed","template":"template-fullwidth.php","meta":{"_acf_changed":false,"footnotes":""},"categories":[],"tags":[],"class_list":["post-161","page","type-page","status-publish","hentry"],"acf":[],"_links":{"self":[{"href":"https:\/\/semmelweis.hu\/kmmcs\/wp-json\/wp\/v2\/pages\/161","targetHints":{"allow":["GET"]}}],"collection":[{"href":"https:\/\/semmelweis.hu\/kmmcs\/wp-json\/wp\/v2\/pages"}],"about":[{"href":"https:\/\/semmelweis.hu\/kmmcs\/wp-json\/wp\/v2\/types\/page"}],"author":[{"embeddable":true,"href":"https:\/\/semmelweis.hu\/kmmcs\/wp-json\/wp\/v2\/users\/102197"}],"replies":[{"embeddable":true,"href":"https:\/\/semmelweis.hu\/kmmcs\/wp-json\/wp\/v2\/comments?post=161"}],"version-history":[{"count":10,"href":"https:\/\/semmelweis.hu\/kmmcs\/wp-json\/wp\/v2\/pages\/161\/revisions"}],"predecessor-version":[{"id":668,"href":"https:\/\/semmelweis.hu\/kmmcs\/wp-json\/wp\/v2\/pages\/161\/revisions\/668"}],"wp:attachment":[{"href":"https:\/\/semmelweis.hu\/kmmcs\/wp-json\/wp\/v2\/media?parent=161"}],"wp:term":[{"taxonomy":"category","embeddable":true,"href":"https:\/\/semmelweis.hu\/kmmcs\/wp-json\/wp\/v2\/categories?post=161"},{"taxonomy":"post_tag","embeddable":true,"href":"https:\/\/semmelweis.hu\/kmmcs\/wp-json\/wp\/v2\/tags?post=161"}],"curies":[{"name":"wp","href":"https:\/\/api.w.org\/{rel}","templated":true}]}}