{"id":135,"date":"2024-06-12T17:31:24","date_gmt":"2024-06-12T15:31:24","guid":{"rendered":"https:\/\/semmelweis.hu\/kmmcs\/?page_id=135"},"modified":"2025-06-20T11:07:12","modified_gmt":"2025-06-20T09:07:12","slug":"coaching","status":"publish","type":"page","link":"https:\/\/semmelweis.hu\/kmmcs\/szolgaltatasaink\/coaching\/","title":{"rendered":"Coaching"},"content":{"rendered":"<p><img decoding=\"async\" class=\"size-full wp-image-714 aligncenter\" src=\"https:\/\/semmelweis.hu\/kmmcs\/files\/2025\/03\/PhD_coaching_HUN-scaled.jpg\" alt=\"\" width=\"80%\" height=\"1172\" srcset=\"https:\/\/semmelweis.hu\/kmmcs\/files\/2025\/03\/PhD_coaching_HUN-scaled.jpg 2560w, https:\/\/semmelweis.hu\/kmmcs\/files\/2025\/03\/PhD_coaching_HUN-400x183.jpg 400w, https:\/\/semmelweis.hu\/kmmcs\/files\/2025\/03\/PhD_coaching_HUN-1024x469.jpg 1024w, https:\/\/semmelweis.hu\/kmmcs\/files\/2025\/03\/PhD_coaching_HUN-768x352.jpg 768w, https:\/\/semmelweis.hu\/kmmcs\/files\/2025\/03\/PhD_coaching_HUN-1536x703.jpg 1536w, https:\/\/semmelweis.hu\/kmmcs\/files\/2025\/03\/PhD_coaching_HUN-2048x938.jpg 2048w, https:\/\/semmelweis.hu\/kmmcs\/files\/2025\/03\/PhD_coaching_HUN-753x345.jpg 753w\" sizes=\"(max-width: 2560px) 100vw, 2560px\" \/><\/p>\n<p>&nbsp;<\/p>\n<div class=\"keretes w-100\">\n<p>A Doktori Iskola hallgat\u00f3inak \u00e9s t\u00e9mavezet\u0151inek lehet\u0151s\u00e9ge van <strong>coaching szolg\u00e1ltat\u00e1s<\/strong>t ig\u00e9nybe venni a rendelkez\u00e9sre \u00e1ll\u00f3 kapacit\u00e1s erej\u00e9ig.<\/p>\n<p><strong>A\u00a0<\/strong><strong style=\"font-size: 1rem\">coaching a <\/strong><strong style=\"font-size: 1rem\">Semmelweis Egyetem Doktori Iskol\u00e1j\u00e1nak hallgat\u00f3i sz\u00e1m\u00e1ra ingyenes.<\/strong><\/p>\n<p>A szolg\u00e1ltat\u00e1s \u2013 szem\u00e9lyesen egyeztetett felt\u00e9telek mellett \u2013 a t\u00e9mavezet\u0151k, egyetemi munkat\u00e1rsak, illetve m\u00e1s doktori iskol\u00e1k hallgat\u00f3i \u00e9s t\u00e9mavezet\u0151i el\u0151tt is nyitva \u00e1ll.<\/p>\n<\/div>\n<h4><strong>Mi a coaching?<\/strong><\/h4>\n<p>Egy k\u00fcl\u00f6nleges besz\u00e9lget\u00e9s(sorozat) k\u00f6zted \u00e9s egy coach k\u00f6z\u00f6tt, melynek c\u00e9lja, hogy seg\u00edtsen megval\u00f3s\u00edtani az \u00e1lmaidat, felszabad\u00edtsa a benned rejl\u0151 lehet\u0151s\u00e9geket, kimozd\u00edtson az elakad\u00e1saidb\u00f3l. A coaching el\u0151seg\u00edti a szem\u00e9lyes \u00e9s szakmai fejl\u0151d\u00e9sedet, tanul\u00e1sodat, n\u00f6veli az \u00f6nismeretedet \u00e9s hat\u00e9konys\u00e1godat \u00e9s ez\u00e1ltal hasznos v\u00e1ltoz\u00e1sokat kataliz\u00e1lhat az \u00e9letedben. A coaching t\u00e1mogat\u00e1st ny\u00fajt abban, hogy megbirk\u00f3zz a neh\u00e9zs\u00e9gekkel, helyesen \u00e1ll\u00edtsd fel, \u00e9s el is \u00e9rd a c\u00e9ljaidat. Hogy m\u00e9lyebben kapcsol\u00f3dj \u00f6nmagadhoz, megtal\u00e1ld \u00e9s bej\u00e1rd a saj\u00e1t utadat, \u00e9s azz\u00e1 v\u00e1lj, aki val\u00f3ban te vagy.<\/p>\n<h4><strong><img loading=\"lazy\" decoding=\"async\" class=\"wp-image-146 alignright\" src=\"https:\/\/semmelweis.hu\/kmmcs\/files\/2023\/06\/Bozo_Tamas-150x150.jpg\" alt=\"\" width=\"200\" height=\"236\" srcset=\"https:\/\/semmelweis.hu\/kmmcs\/files\/2023\/06\/Bozo_Tamas-340x400.jpg 340w, https:\/\/semmelweis.hu\/kmmcs\/files\/2023\/06\/Bozo_Tamas-869x1024.jpg 869w, https:\/\/semmelweis.hu\/kmmcs\/files\/2023\/06\/Bozo_Tamas-768x905.jpg 768w, https:\/\/semmelweis.hu\/kmmcs\/files\/2023\/06\/Bozo_Tamas-753x887.jpg 753w, https:\/\/semmelweis.hu\/kmmcs\/files\/2023\/06\/Bozo_Tamas.jpg 1124w\" sizes=\"auto, (max-width: 200px) 100vw, 200px\" \/><\/strong><\/h4>\n<h4><strong>Kivel fogok ott tal\u00e1lkozni?<\/strong><\/h4>\n<p>Dr. Boz\u00f3 Tam\u00e1s coachcsal. Tam\u00e1s Doktori Iskol\u00e1nkban szerezte meg a PhD-fokozat\u00e1t, \u00e9s jelenleg a Biofizikai \u00e9s Sug\u00e1rbiol\u00f3giai Int\u00e9zet adjunktusa. Emellett 2020 \u00f3ta coachol, 2022 m\u00e1rciusa \u00f3ta ny\u00fajt coaching szolg\u00e1ltat\u00e1st a Doktori Iskola Kutat\u00e1smenedzsment Munkacsoportj\u00e1ban.<\/p>\n<h4><strong>Hogyan zajlik ez?<\/strong><\/h4>\n<p>N\u00e9gyszemk\u00f6zt besz\u00e9lgetsz egy coachcsal, alkalmank\u00e9nt 60 percben. A t\u00e9m\u00e1t te hozod, a coach meghallgat, k\u00e9rd\u00e9seket tesz fel, biztons\u00e1gos teret teremt sz\u00e1modra \u00e9s arra b\u00e1tor\u00edt, hogy t\u00fall\u00e9pj azon, amit m\u00e1r \u00fagyis tudsz \u00e9s \u00e9rzel, \u00e9s \u00faj felismer\u00e9sekre, \u00faj lehet\u0151s\u00e9gekre tal\u00e1lj. Ehhez neked is oda kell tenned magad. A coaching egy k\u00f6lcs\u00f6n\u00f6s nyitotts\u00e1got k\u00edv\u00e1n\u00f3 \u00e9nmunka-folyamat, amiben egy\u00fctt dolgoztok a coachcsal a c\u00e9ljaid el\u00e9r\u00e9se \u00e9rdek\u00e9ben. A coach \u00e9s te egyenrang\u00fa partnerek vagytok. A coach bizalmasan kezeli mindazt, amit elmondasz, \u00e9s a teljes jelenl\u00e9t\u00e9vel t\u00e1mogat abban, hogy az az ember hozzon j\u00f3 d\u00f6nt\u00e9seket az \u00e9letedr\u0151l, \u00e9s v\u00e1llaljon \u00e9rte felel\u0151ss\u00e9get, aki annak a legjobb szak\u00e9rt\u0151je: te magad.<\/p>\n<h4><strong>Mikor \u00e9s hol lehet r\u00e9szt venni?<\/strong><\/h4>\n<p>A coaching alkalmakra el\u0151re egyeztetett id\u0151pontokban, a KMMCS irod\u00e1j\u00e1ban (Selye J\u00e1nos Koll\u00e9gium, 1085 Budapest, \u00dcll\u0151i \u00fat 22., 1. emelet) ker\u00fcl sor. Lehet\u0151s\u00e9g van online coachingra is. Ebben az esetben stabil internetkapcsolatra, megfelel\u0151 informatikai eszk\u00f6zre \u00e9s zavartalan k\u00f6rnyezetre lesz sz\u00fcks\u00e9ged.<\/p>\n<h4><strong>Mire NE sz\u00e1m\u00edts?<\/strong><\/h4>\n<p>A coaching nem bar\u00e1ti cseveg\u00e9s \u00e9s nem szakmai, kommunik\u00e1ci\u00f3s vagy pszichol\u00f3giai tan\u00e1csad\u00e1s. Nem is ment\u00e1lhigi\u00e9n\u00e9s, lelkigondoz\u00f3i vagy pszichoter\u00e1pi\u00e1s besz\u00e9lget\u00e9s. A coachnak nem kompetenci\u00e1ja ment\u00e1lis betegs\u00e9gek vagy pszich\u00e9s traum\u00e1k felt\u00e1r\u00e1sa \u00e9s kezel\u00e9se. A coaching kev\u00e9ss\u00e9 foglalkozik a m\u00falt, illetve a m\u00faltb\u00e9li probl\u00e9m\u00e1k elm\u00e9ly\u00fclt anal\u00edzis\u00e9vel. Els\u0151sorban a k\u00edv\u00e1natos j\u00f6v\u0151t, a megold\u00e1st, eredm\u00e9nyeket hoz\u00f3, v\u00e1gyott m\u0171k\u00f6d\u00e9sm\u00f3dot helyezi f\u00f3kuszba. A coach nem oldja meg a probl\u00e9m\u00e1idat helyetted, \u00e9s nem veszi \u00e1t t\u0151led a d\u00f6nt\u00e9sek \u00e9s tettek felel\u0151ss\u00e9g\u00e9t. Viszont seg\u00edt abban, hogy megtal\u00e1ld a saj\u00e1t \u00e9s legjobban testhez \u00e1ll\u00f3 megold\u00e1saidat, \u00e9s elk\u00f6telez\u0151dj mellett\u00fck.<\/p>\n<p><strong><a href=\"https:\/\/semmelweis.hu\/kmmcs\/files\/2025\/03\/Coaching_GYIK_HU.pdf\">COACHING &#8211; GYAKRAN ISM\u00c9TELT K\u00c9RD\u00c9SEK<\/a><\/strong><\/p>\n<div class=\"keretes w-100\">\n<p><strong>\u00c9rdekl\u0151d\u00e9s, id\u0151pontfoglal\u00e1s:<\/strong> <br \/>\nKert\u00e9sz \u00c1gnes, KMMCS titk\u00e1rs\u00e1gvezet\u0151<br \/>\ntel.: +36-30-016-4358 (munkaid\u0151ben)<br \/>\nemail: <a href=\"mailto:kertesz.agnes@semmelweis.hu\">kertesz.agnes@semmelweis.hu<\/a><\/p>\n<\/div>\n","protected":false},"excerpt":{"rendered":"<p>&nbsp; A Doktori Iskola hallgat\u00f3inak \u00e9s t\u00e9mavezet\u0151inek lehet\u0151s\u00e9ge van coaching szolg\u00e1ltat\u00e1st ig\u00e9nybe venni a rendelkez\u00e9sre \u00e1ll\u00f3 kapacit\u00e1s erej\u00e9ig. A\u00a0coaching a Semmelweis Egyetem Doktori Iskol\u00e1j\u00e1nak hallgat\u00f3i sz\u00e1m\u00e1ra ingyenes. A szolg\u00e1ltat\u00e1s \u2013 szem\u00e9lyesen egyeztetett felt\u00e9telek mellett \u2013 a t\u00e9mavezet\u0151k, egyetemi munkat\u00e1rsak, illetve m\u00e1s doktori iskol\u00e1k hallgat\u00f3i \u00e9s t\u00e9mavezet\u0151i el\u0151tt is nyitva \u00e1ll. Mi a coaching? Egy k\u00fcl\u00f6nleges &hellip;<\/p>\n","protected":false},"author":102197,"featured_media":346,"parent":161,"menu_order":3,"comment_status":"closed","ping_status":"closed","template":"template-fullwidth.php","meta":{"_acf_changed":false,"footnotes":""},"categories":[6],"tags":[],"class_list":["post-135","page","type-page","status-publish","has-post-thumbnail","hentry","category-szolgaltatasaink"],"acf":[],"_links":{"self":[{"href":"https:\/\/semmelweis.hu\/kmmcs\/wp-json\/wp\/v2\/pages\/135","targetHints":{"allow":["GET"]}}],"collection":[{"href":"https:\/\/semmelweis.hu\/kmmcs\/wp-json\/wp\/v2\/pages"}],"about":[{"href":"https:\/\/semmelweis.hu\/kmmcs\/wp-json\/wp\/v2\/types\/page"}],"author":[{"embeddable":true,"href":"https:\/\/semmelweis.hu\/kmmcs\/wp-json\/wp\/v2\/users\/102197"}],"replies":[{"embeddable":true,"href":"https:\/\/semmelweis.hu\/kmmcs\/wp-json\/wp\/v2\/comments?post=135"}],"version-history":[{"count":12,"href":"https:\/\/semmelweis.hu\/kmmcs\/wp-json\/wp\/v2\/pages\/135\/revisions"}],"predecessor-version":[{"id":718,"href":"https:\/\/semmelweis.hu\/kmmcs\/wp-json\/wp\/v2\/pages\/135\/revisions\/718"}],"up":[{"embeddable":true,"href":"https:\/\/semmelweis.hu\/kmmcs\/wp-json\/wp\/v2\/pages\/161"}],"wp:featuredmedia":[{"embeddable":true,"href":"https:\/\/semmelweis.hu\/kmmcs\/wp-json\/wp\/v2\/media\/346"}],"wp:attachment":[{"href":"https:\/\/semmelweis.hu\/kmmcs\/wp-json\/wp\/v2\/media?parent=135"}],"wp:term":[{"taxonomy":"category","embeddable":true,"href":"https:\/\/semmelweis.hu\/kmmcs\/wp-json\/wp\/v2\/categories?post=135"},{"taxonomy":"post_tag","embeddable":true,"href":"https:\/\/semmelweis.hu\/kmmcs\/wp-json\/wp\/v2\/tags?post=135"}],"curies":[{"name":"wp","href":"https:\/\/api.w.org\/{rel}","templated":true}]}}