{"id":12,"date":"2023-03-13T16:28:20","date_gmt":"2023-03-13T15:28:20","guid":{"rendered":"https:\/\/semmelweis.hu\/kmmcs\/?page_id=12"},"modified":"2023-06-26T10:31:48","modified_gmt":"2023-06-26T08:31:48","slug":"elerhetoseg","status":"publish","type":"page","link":"https:\/\/semmelweis.hu\/kmmcs\/elerhetoseg\/","title":{"rendered":"El\u00e9rhet\u0151s\u00e9g"},"content":{"rendered":"<h1>Doktori Iskola &#8211; Kutat\u00e1smenedzsment Munkacsoport<\/h1>\n<p><strong>C\u00edm:<\/strong> 1085 Budapest, \u00dcll\u0151i \u00fat 22. (Selye J\u00e1nos Koll\u00e9gium, 1. emelet)<br \/>\n<strong>Postac\u00edm: <\/strong>1085 Budapest, \u00dcll\u0151i \u00fat 26.; 1428 Budapest, Pf. 2.<br \/>\n<strong>E-mail:<\/strong> <a href=\"mailto:titkarsag.kmmcs@semmelweis.hu\">titkarsag.kmmcs@semmelweis.hu<\/a><br \/>\n<strong>Telefon:<\/strong> (+36-1) 459-1500 \/ 54887<\/p>\n<p><strong>Titk\u00e1rs\u00e1gvezet\u0151:<\/strong> Kert\u00e9sz \u00c1gnes<br \/>\n<strong>Telefon:<\/strong> +36-30-016-4358<br \/>\n<strong>E-mail:<\/strong> <a href=\"mailto:kertesz.agnes@semmelweis.hu\">kertesz.agnes@semmelweis.hu<\/a><\/p>\n\n<!-- iframe plugin v.4.9 wordpress.org\/plugins\/iframe\/ -->\n<iframe src=\"https:\/\/www.google.com\/maps\/embed?pb=!1m18!1m12!1m3!1d2696.0987601859706!2d19.0655596!3d47.4879894!2m3!1f0!2f0!3f0!3m2!1i1024!2i768!4f13.1!3m3!1m2!1s0x4741dc5a2724b66f%3A0xd0954d9282b7f0c9!2zQnVkYXBlc3QsIMOcbGzFkWkgw7p0IDIyLCAxMDg1!5e0!3m2!1shu!2shu!4v1687768277577!5m2!1shu!2shu\" width=\"100%\" height=\"450\" style=\"border:0;\" allowfullscreen loading=\"lazy\" referrerpolicy=\"no-referrer-when-downgrade\" scrolling=\"yes\" class=\"iframe-class\" frameborder=\"0\"><\/iframe>\n\n","protected":false},"excerpt":{"rendered":"<p>Doktori Iskola &#8211; Kutat\u00e1smenedzsment Munkacsoport<br \/>\nC\u00edm: 1085 Budapest, \u00dcll\u0151i \u00fat 22. (Selye J\u00e1nos Koll\u00e9gium, 1. emelet)<br \/>\nPostac\u00edm: 1085 Budapest, \u00dcll\u0151i \u00fat 26.; 1428 Budapest, Pf. 2.<br \/>\nE-mail: <a href=\"mailto:titkarsag.kmmcs@semmelweis.hu\">titkarsag.kmmcs@semmelweis.hu<\/a><br \/>\nTelefon: (+36-1) 459-1500 \/ 54887<br \/>\nTitk\u00e1rs\u00e1gvezet\u0151: Kert\u00e9sz \u00c1gnes<br \/>\nTelefon: +36-30-016-4358<br \/>\nE-mail: <a href=\"mailto:kertesz.agnes@semmelweis.hu\">kertesz.agnes@semmelweis.hu<\/a><\/p>\n","protected":false},"author":12,"featured_media":0,"parent":0,"menu_order":8,"comment_status":"closed","ping_status":"closed","template":"","meta":{"_acf_changed":false,"footnotes":""},"categories":[],"tags":[],"class_list":["post-12","page","type-page","status-publish","hentry"],"acf":[],"_links":{"self":[{"href":"https:\/\/semmelweis.hu\/kmmcs\/wp-json\/wp\/v2\/pages\/12","targetHints":{"allow":["GET"]}}],"collection":[{"href":"https:\/\/semmelweis.hu\/kmmcs\/wp-json\/wp\/v2\/pages"}],"about":[{"href":"https:\/\/semmelweis.hu\/kmmcs\/wp-json\/wp\/v2\/types\/page"}],"author":[{"embeddable":true,"href":"https:\/\/semmelweis.hu\/kmmcs\/wp-json\/wp\/v2\/users\/12"}],"replies":[{"embeddable":true,"href":"https:\/\/semmelweis.hu\/kmmcs\/wp-json\/wp\/v2\/comments?post=12"}],"version-history":[{"count":5,"href":"https:\/\/semmelweis.hu\/kmmcs\/wp-json\/wp\/v2\/pages\/12\/revisions"}],"predecessor-version":[{"id":335,"href":"https:\/\/semmelweis.hu\/kmmcs\/wp-json\/wp\/v2\/pages\/12\/revisions\/335"}],"wp:attachment":[{"href":"https:\/\/semmelweis.hu\/kmmcs\/wp-json\/wp\/v2\/media?parent=12"}],"wp:term":[{"taxonomy":"category","embeddable":true,"href":"https:\/\/semmelweis.hu\/kmmcs\/wp-json\/wp\/v2\/categories?post=12"},{"taxonomy":"post_tag","embeddable":true,"href":"https:\/\/semmelweis.hu\/kmmcs\/wp-json\/wp\/v2\/tags?post=12"}],"curies":[{"name":"wp","href":"https:\/\/api.w.org\/{rel}","templated":true}]}}