{"id":101,"date":"2023-08-10T19:02:34","date_gmt":"2023-08-10T17:02:34","guid":{"rendered":"https:\/\/semmelweis.hu\/kmmcs\/?page_id=101"},"modified":"2025-05-28T09:56:54","modified_gmt":"2025-05-28T07:56:54","slug":"dr-keszthelyi-lotti-phd","status":"publish","type":"page","link":"https:\/\/semmelweis.hu\/kmmcs\/munkatarsaink\/dr-keszthelyi-lotti-phd\/","title":{"rendered":"Dr. Keszthelyi Lotti PhD"},"content":{"rendered":"<h4><strong><img loading=\"lazy\" decoding=\"async\" class=\" wp-image-610 alignright\" src=\"https:\/\/semmelweis.hu\/kmmcs\/files\/2024\/07\/Keszthelyi-Lotti-400x400.jpg\" alt=\"\" width=\"318\" height=\"318\" srcset=\"https:\/\/semmelweis.hu\/kmmcs\/files\/2024\/07\/Keszthelyi-Lotti-400x400.jpg 400w, https:\/\/semmelweis.hu\/kmmcs\/files\/2024\/07\/Keszthelyi-Lotti-1024x1021.jpg 1024w, https:\/\/semmelweis.hu\/kmmcs\/files\/2024\/07\/Keszthelyi-Lotti-150x150.jpg 150w, https:\/\/semmelweis.hu\/kmmcs\/files\/2024\/07\/Keszthelyi-Lotti-768x766.jpg 768w, https:\/\/semmelweis.hu\/kmmcs\/files\/2024\/07\/Keszthelyi-Lotti-753x751.jpg 753w, https:\/\/semmelweis.hu\/kmmcs\/files\/2024\/07\/Keszthelyi-Lotti.jpg 1529w\" sizes=\"auto, (max-width: 318px) 100vw, 318px\" \/>AMiben seg\u00edthetek:<\/strong><\/h4>\n<ul>\n<li>Megakadt PhD disszert\u00e1ci\u00f3s folyamat eset\u00e9n konzult\u00e1ci\u00f3, probl\u00e9ma azonos\u00edt\u00e1s, ir\u00e1nymutat\u00e1s, akci\u00f3terv kidolgoz\u00e1sa<\/li>\n<li>Tudom\u00e1nyos cikk\/PhD folyamat projektmenedzsmentje<\/li>\n<li>Scientific editing (angol nyelven)<\/li>\n<li>Kutat\u00e1si terv elk\u00e9sz\u00edt\u00e9se<\/li>\n<li>Cikktervezet elk\u00e9sz\u00edt\u00e9se<\/li>\n<li>Tan\u00e1csad\u00e1s PhD dolgozat \u00f6ssze\u00e1ll\u00edt\u00e1s\u00e1hoz<\/li>\n<\/ul>\n<p><strong>E-mail:<\/strong>\u00a0<a href=\"mailto:titkarsag.kmmcs@semmelweis.hu\">titkarsag.kmmcs@semmelweis.hu<\/a><\/p>\n","protected":false},"excerpt":{"rendered":"<p>AMiben seg\u00edthetek:<\/p>\n<p>Megakadt PhD disszert\u00e1ci\u00f3s folyamat eset\u00e9n konzult\u00e1ci\u00f3, probl\u00e9ma azonos\u00edt\u00e1s, ir\u00e1nymutat\u00e1s, akci\u00f3terv kidolgoz\u00e1sa<br \/>\nTudom\u00e1nyos cikk\/PhD folyamat projektmenedzsmentje<br \/>\nScientific editing (angol nyelven)<br \/>\nKutat\u00e1si terv elk\u00e9sz\u00edt\u00e9se<br \/>\nCikktervezet elk\u00e9sz\u00edt\u00e9se<br \/>\nTan\u00e1csad\u00e1s PhD dolgozat \u00f6ssze\u00e1ll\u00edt\u00e1s\u00e1hoz<\/p>\n<p>E-mail:\u00a0<a href=\"mailto:titkarsag.kmmcs@semmelweis.hu\">titkarsag.kmmcs@semmelweis.hu<\/a><\/p>\n","protected":false},"author":102197,"featured_media":615,"parent":152,"menu_order":2,"comment_status":"closed","ping_status":"closed","template":"template-szervezet.php","meta":{"_acf_changed":false,"footnotes":""},"categories":[3],"tags":[],"class_list":["post-101","page","type-page","status-publish","has-post-thumbnail","hentry","category-munkatarsaink"],"acf":[],"_links":{"self":[{"href":"https:\/\/semmelweis.hu\/kmmcs\/wp-json\/wp\/v2\/pages\/101","targetHints":{"allow":["GET"]}}],"collection":[{"href":"https:\/\/semmelweis.hu\/kmmcs\/wp-json\/wp\/v2\/pages"}],"about":[{"href":"https:\/\/semmelweis.hu\/kmmcs\/wp-json\/wp\/v2\/types\/page"}],"author":[{"embeddable":true,"href":"https:\/\/semmelweis.hu\/kmmcs\/wp-json\/wp\/v2\/users\/102197"}],"replies":[{"embeddable":true,"href":"https:\/\/semmelweis.hu\/kmmcs\/wp-json\/wp\/v2\/comments?post=101"}],"version-history":[{"count":10,"href":"https:\/\/semmelweis.hu\/kmmcs\/wp-json\/wp\/v2\/pages\/101\/revisions"}],"predecessor-version":[{"id":778,"href":"https:\/\/semmelweis.hu\/kmmcs\/wp-json\/wp\/v2\/pages\/101\/revisions\/778"}],"up":[{"embeddable":true,"href":"https:\/\/semmelweis.hu\/kmmcs\/wp-json\/wp\/v2\/pages\/152"}],"wp:featuredmedia":[{"embeddable":true,"href":"https:\/\/semmelweis.hu\/kmmcs\/wp-json\/wp\/v2\/media\/615"}],"wp:attachment":[{"href":"https:\/\/semmelweis.hu\/kmmcs\/wp-json\/wp\/v2\/media?parent=101"}],"wp:term":[{"taxonomy":"category","embeddable":true,"href":"https:\/\/semmelweis.hu\/kmmcs\/wp-json\/wp\/v2\/categories?post=101"},{"taxonomy":"post_tag","embeddable":true,"href":"https:\/\/semmelweis.hu\/kmmcs\/wp-json\/wp\/v2\/tags?post=101"}],"curies":[{"name":"wp","href":"https:\/\/api.w.org\/{rel}","templated":true}]}}