{"id":89,"date":"2020-01-14T10:13:24","date_gmt":"2020-01-14T10:13:24","guid":{"rendered":"http:\/\/semmelweis.hu\/klinikaikozpont\/?page_id=89"},"modified":"2024-09-30T13:05:46","modified_gmt":"2024-09-30T13:05:46","slug":"az-orvosszakmai-foigazgatosagrol","status":"publish","type":"page","link":"https:\/\/semmelweis.hu\/klinikaikozpont\/az-orvosszakmai-foigazgatosagrol\/","title":{"rendered":"Az Orvosszakmai F\u0151igazgat\u00f3s\u00e1gr\u00f3l"},"content":{"rendered":"<p>A Klinikai K\u00f6zpont Orvosszakmai F\u0151igazgat\u00f3s\u00e1ga az eg\u00e9szs\u00e9g\u00fcgyi szolg\u00e1ltat\u00e1s biztos\u00edt\u00e1s\u00e1hoz kapcsol\u00f3d\u00f3 egyes szakmai tev\u00e9kenys\u00e9gek ir\u00e1ny\u00edt\u00e1s\u00e1t v\u00e9gzi \u00e9s el\u0151seg\u00edti az egyetem gy\u00f3gy\u00edt\u00f3 tev\u00e9kenys\u00e9g\u00e9hez sz\u00fcks\u00e9ges egys\u00e9ges szakmai sz\u00ednvonal kialak\u00edt\u00e1s\u00e1t.<\/p>\n<p>Ell\u00e1tja a Klinikai K\u00f6zpont keret\u00e9be tartoz\u00f3 szervezeti egys\u00e9gek eset\u00e9ben a betegell\u00e1t\u00e1ssal \u00f6sszef\u00fcgg\u0151 szakmai feladatok koordin\u00e1l\u00e1s\u00e1t, \u00f6sszehangol\u00e1s\u00e1t, figyelemmel k\u00eds\u00e9rve a klinik\u00e1k \u00e9s a betegell\u00e1t\u00e1st v\u00e9gz\u0151 szervezeti egys\u00e9gek \u00e1ltal ny\u00fajtott szolg\u00e1ltat\u00e1s szakmai tartalm\u00e1t \u00e9s min\u0151s\u00e9g\u00e9t.<\/p>\n<p><span style=\"font-weight: 400\">Koordin\u00e1ci\u00f3s feladatokat l\u00e1t el a betegell\u00e1t\u00f3 tev\u00e9kenys\u00e9g felt\u00e9teleinek jav\u00edt\u00e1s\u00e1t seg\u00edt\u0151 p\u00e1ly\u00e1zatok szakmai tartalm\u00e1nak kialak\u00edt\u00e1s\u00e1ban \u00e9s r\u00e9szt vesz a p\u00e1ly\u00e1zatok egyetemi rangsorol\u00e1s\u00e1ban. Ir\u00e1ny\u00edtja \u00e9s ellen\u0151rzi a F\u0151igazgat\u00f3s\u00e1ghoz tartoz\u00f3 szervezeti egys\u00e9gek munk\u00e1j\u00e1t. El\u0151k\u00e9sz\u00edti a Klinikai K\u00f6zpont eln\u00f6k\u00e9nek, valamint tan\u00e1csad\u00f3 test\u00fcleteinek d\u00f6nt\u00e9seit \u00e9s \u00e1ll\u00e1sfoglal\u00e1sait \u00e9s elemzi a d\u00f6nt\u00e9sek v\u00e9grehajt\u00e1s\u00e1t. R\u00e9szt vesz a betegell\u00e1t\u00e1s \u00e9s az oktat\u00e1si tudom\u00e1nyos tev\u00e9kenys\u00e9g \u00f6sszehangol\u00e1s\u00e1t szolg\u00e1l\u00f3 feladatell\u00e1t\u00e1sban, valamint a korszer\u0171 betegell\u00e1t\u00e1si m\u00f3dszerek oktat\u00e1si \u00e9s kutat\u00e1si feladatokhoz val\u00f3 illeszt\u00e9s\u00e9ben<\/span><\/p>\n<p><strong>Munkat\u00e1rsak: <br \/>\n<\/strong><em>Dr. Gajd\u00e1csi J\u00f3zsef, f\u0151igazgat\u00f3<\/em><\/p>\n<p><i><\/i><i>Prof. Dr. Szathm\u00e1ri Mikl\u00f3s, Eg\u00e9szs\u00e9g\u00fcgyi Ir\u00e1ny\u00edt\u00e1si \u00e9s Fejleszt\u00e9si igazgat\u00f3<\/i><\/p>\n<p><em>Dr. Varga P\u00e9ter, Eg\u00e9szs\u00e9g\u00fcgyi Szolg\u00e1ltat\u00e1si igazgat\u00f3<\/em><\/p>\n<p><em>Dr. M\u00e1rtai Istv\u00e1n, Ell\u00e1t\u00e1sszervez\u00e9si igazgat\u00f3<\/em><\/p>\n<p><em>Kormos \u00c1gnes, \u00c1pol\u00e1svezet\u00e9si \u00e9s Szakdolgoz\u00f3i Oktat\u00e1si igazgat\u00f3<\/em><\/p>\n<p>Mayer Melinda, \u00fcgyint\u00e9z\u0151<\/p>\n<p>Enisz Dorina, \u00fcgyint\u00e9z\u0151<\/p>\n<p><strong style=\"font-size: 1rem\">C\u00edm:<\/strong><span style=\"font-size: 1rem\"> 1085 Budapest, \u00dcll\u0151i \u00fat 26. I. em. 105.<\/span><\/p>\n<p><strong>Postac\u00edm:<\/strong> 1085 Budapest, \u00dcll\u0151i \u00fat 26. ; 1428 Budapest, Pf.2.<\/p>\n<p><strong>Telefon:<\/strong> 459-1500 \/ 55450<\/p>\n<p><strong>Szervezeti egys\u00e9gei:<\/strong><\/p>\n<ul>\n<li><a href=\"https:\/\/semmelweis.hu\/orvosigazgatas\/\" target=\"_blank\" rel=\"noopener noreferrer\">Eg\u00e9szs\u00e9g\u00fcgyi Ir\u00e1ny\u00edt\u00e1si \u00e9s Fejleszt\u00e9si Igazgat\u00f3s\u00e1g<\/a>\n<ul>\n<li>Eg\u00e9szs\u00e9g\u00fcgyi Enged\u00e9lyez\u00e9si Oszt\u00e1ly<\/li>\n<li>Finansz\u00edroz\u00e1si Oszt\u00e1ly<\/li>\n<li><a href=\"https:\/\/semmelweis.hu\/klinikai-vizsgalatok\/\">Klinikai Kutat\u00e1sok K\u00f6zponti Koordin\u00e1ci\u00f3s Iroda<\/a><\/li>\n<li>M\u0171szernyilv\u00e1ntart\u00e1si \u00e9s Fejleszt\u00e9si Oszt\u00e1ly<\/li>\n<\/ul>\n<\/li>\n<li><a href=\"https:\/\/semmelweis.hu\/apolasvezetes\/\" target=\"_blank\" rel=\"noopener noreferrer\">\u00c1pol\u00e1svezet\u00e9si \u00e9s Szakdolgoz\u00f3i Oktat\u00e1si Igazgat\u00f3s\u00e1g<\/a>\n<ul>\n<li>K\u00f6zponti Dietetikai Oszt\u00e1ly<\/li>\n<li>K\u00f6zponti Betegfelv\u00e9teli Oszt\u00e1ly<\/li>\n<li>K\u00f6zponti Steriliz\u00e1l\u00f3 Oszt\u00e1ly<\/li>\n<\/ul>\n<\/li>\n<li>Eg\u00e9szs\u00e9g\u00fcgyi Szolg\u00e1ltat\u00e1si Igazgat\u00f3s\u00e1g\n<ul>\n<li>Eg\u00e9szs\u00e9g\u00fcgyi Ell\u00e1t\u00e1sfejleszt\u00e9si Oszt\u00e1ly\u00a0<\/li>\n<li><a href=\"https:\/\/semmelweis.hu\/korhazhigiene\/\" target=\"_blank\" rel=\"noopener noreferrer\">K\u00f3rh\u00e1zhigi\u00e9n\u00e9s Oszt\u00e1ly<\/a><\/li>\n<li><a href=\"https:\/\/semmelweis.hu\/sugarvedelem\/\" target=\"_blank\" rel=\"noopener noreferrer\">Sug\u00e1rv\u00e9delmi Szolg\u00e1lat<\/a><\/li>\n<\/ul>\n<\/li>\n<li>Eg\u00e9szs\u00e9g\u00fcgyi Ell\u00e1t\u00e1sszervez\u00e9si Igazgat\u00f3s\u00e1g\n<ul>\n<li>Akut Betegell\u00e1t\u00e1s \u00e9s Beteg\u00fat Szervez\u00e9si Oszt\u00e1ly<\/li>\n<li>Ment\u00e9s \u00e9s Betegsz\u00e1ll\u00edt\u00e1s Koordin\u00e1ci\u00f3s Oszt\u00e1ly<\/li>\n<\/ul>\n<\/li>\n<\/ul>\n","protected":false},"excerpt":{"rendered":"<p>A Klinikai K\u00f6zpont Orvosszakmai F\u0151igazgat\u00f3s\u00e1ga az eg\u00e9szs\u00e9g\u00fcgyi szolg\u00e1ltat\u00e1s biztos\u00edt\u00e1s\u00e1hoz kapcsol\u00f3d\u00f3 egyes szakmai tev\u00e9kenys\u00e9gek ir\u00e1ny\u00edt\u00e1s\u00e1t v\u00e9gzi \u00e9s el\u0151seg\u00edti az egyetem gy\u00f3gy\u00edt\u00f3 tev\u00e9kenys\u00e9g\u00e9hez sz\u00fcks\u00e9ges egys\u00e9ges szakmai sz\u00ednvonal kialak\u00edt\u00e1s\u00e1t. Ell\u00e1tja a Klinikai K\u00f6zpont keret\u00e9be tartoz\u00f3 szervezeti egys\u00e9gek eset\u00e9ben a betegell\u00e1t\u00e1ssal \u00f6sszef\u00fcgg\u0151 szakmai feladatok koordin\u00e1l\u00e1s\u00e1t, \u00f6sszehangol\u00e1s\u00e1t, figyelemmel k\u00eds\u00e9rve a klinik\u00e1k \u00e9s a betegell\u00e1t\u00e1st v\u00e9gz\u0151 szervezeti egys\u00e9gek \u00e1ltal ny\u00fajtott szolg\u00e1ltat\u00e1s &hellip;<\/p>\n","protected":false},"author":12,"featured_media":0,"parent":0,"menu_order":4,"comment_status":"closed","ping_status":"closed","template":"","meta":{"_acf_changed":false,"footnotes":""},"categories":[],"tags":[],"class_list":["post-89","page","type-page","status-publish","hentry"],"acf":[],"_links":{"self":[{"href":"https:\/\/semmelweis.hu\/klinikaikozpont\/wp-json\/wp\/v2\/pages\/89","targetHints":{"allow":["GET"]}}],"collection":[{"href":"https:\/\/semmelweis.hu\/klinikaikozpont\/wp-json\/wp\/v2\/pages"}],"about":[{"href":"https:\/\/semmelweis.hu\/klinikaikozpont\/wp-json\/wp\/v2\/types\/page"}],"author":[{"embeddable":true,"href":"https:\/\/semmelweis.hu\/klinikaikozpont\/wp-json\/wp\/v2\/users\/12"}],"replies":[{"embeddable":true,"href":"https:\/\/semmelweis.hu\/klinikaikozpont\/wp-json\/wp\/v2\/comments?post=89"}],"version-history":[{"count":9,"href":"https:\/\/semmelweis.hu\/klinikaikozpont\/wp-json\/wp\/v2\/pages\/89\/revisions"}],"predecessor-version":[{"id":399,"href":"https:\/\/semmelweis.hu\/klinikaikozpont\/wp-json\/wp\/v2\/pages\/89\/revisions\/399"}],"wp:attachment":[{"href":"https:\/\/semmelweis.hu\/klinikaikozpont\/wp-json\/wp\/v2\/media?parent=89"}],"wp:term":[{"taxonomy":"category","embeddable":true,"href":"https:\/\/semmelweis.hu\/klinikaikozpont\/wp-json\/wp\/v2\/categories?post=89"},{"taxonomy":"post_tag","embeddable":true,"href":"https:\/\/semmelweis.hu\/klinikaikozpont\/wp-json\/wp\/v2\/tags?post=89"}],"curies":[{"name":"wp","href":"https:\/\/api.w.org\/{rel}","templated":true}]}}