{"id":85,"date":"2020-01-14T10:11:14","date_gmt":"2020-01-14T10:11:14","guid":{"rendered":"http:\/\/semmelweis.hu\/klinikaikozpont\/?page_id=85"},"modified":"2024-09-03T10:12:11","modified_gmt":"2024-09-03T10:12:11","slug":"a-klinikai-kozpont-elnoksege","status":"publish","type":"page","link":"https:\/\/semmelweis.hu\/klinikaikozpont\/a-semmelweis-egyetem-klinikai-kozpontja\/a-klinikai-kozpont-elnoksege\/","title":{"rendered":"A Klinikai K\u00f6zpont Eln\u00f6ks\u00e9ge"},"content":{"rendered":"<p>A <strong>Klinikai K\u00f6zpont Eln\u00f6ks\u00e9ge<\/strong>\u00a0 a Klinikai K\u00f6zpont eln\u00f6ke r\u00e9sz\u00e9re szakmai-strat\u00e9giai \u00e9s az operat\u00edv ir\u00e1ny\u00edt\u00e1ssal \u00f6sszef\u00fcgg\u0151 javaslattev\u0151 szerv, melynek vezet\u0151je a Klinikai K\u00f6zpont eln\u00f6ke.<\/p>\n<p>A Klinikai K\u00f6zpont eln\u00f6k\u00e9nek munk\u00e1j\u00e1t \u00e1ltal\u00e1nos eln\u00f6khelyettes,\u00a0Klinikai T\u00f6mb Orvos-f\u0151igazgat\u00f3i,\u00a0a Klinikai K\u00f6zpont eln\u00f6k\u00e9nek hat\u00e1sk\u00f6r\u00e9be tartoz\u00f3 egyes feladatok ell\u00e1t\u00e1s\u00e1ra megb\u00edzott eln\u00f6ki\u00a0biztosok,\u00a0<span style=\"font-size: 1rem\">valamint a<\/span><span style=\"font-size: 1rem\">\u00a0<\/span><span style=\"font-size: 1rem\">\u00a0<\/span><span style=\"font-size: 1rem\">Klinikai K\u00f6zpont Hivatala<\/span><span style=\"font-size: 1rem\">\u00a0seg\u00edti.<\/span><\/p>\n<p><strong><a href=\"http:\/\/192.160.172.28\/kkeh.nsf\" target=\"_blank\" rel=\"noopener noreferrer\">Tov\u00e1bb a Klinikai K\u00f6zpont Eln\u00f6ks\u00e9g\u00e9nek hat\u00e1rozataihoz&#8230; <\/a><\/strong><em>(csak intraneten olvashat\u00f3)<\/em><\/p>\n<p><strong>A Klinikai K\u00f6zpont Eln\u00f6ks\u00e9g\u00e9nek tagjai:<\/strong><\/p>\n<ul>\n<li>Dr. Szab\u00f3 Attila eln\u00f6k; klinikai rektorhelyettes; igazgat\u00f3, Gyermekgy\u00f3gy\u00e1szati Klinika<\/li>\n<li>Dr. Gajd\u00e1csi J\u00f3zsef \u00e1ltal\u00e1nos eln\u00f6khelyettes, Orvosszakmai F\u0151igazgat\u00f3,<\/li>\n<li>Dr. \u00c1cs N\u00e1ndor igazgat\u00f3, Sz\u00fcl\u00e9szeti \u00e9s N\u0151gy\u00f3gy\u00e1szati Klinika,<\/li>\n<li>Dr. Seb\u0151k Szilvia szakgy\u00f3gyszer\u00e9sz, Egyetemi Gy\u00f3gyszert\u00e1r Gy\u00f3gyszer\u00fcgyi Szervez\u00e9si Int\u00e9zet; Klinikai K\u00f6zpont megb\u00edzott f\u0151gy\u00f3gyszer\u00e9sze<\/li>\n<li>Dr. Nyir\u00e1dy P\u00e9ter igazgat\u00f3, Urol\u00f3giai Klinika<\/li>\n<li>Dr. Sink\u00f3 Eszter d\u00e9k\u00e1nhelyettes, Eg\u00e9szs\u00e9g\u00fcgyi K\u00f6zszolg\u00e1lati Kar; igazgat\u00f3-helyettes, programvezet\u0151, Eg\u00e9szs\u00e9g\u00fcgyi Menedzserk\u00e9pz\u0151 K\u00f6zpont<\/li>\n<li>Dr. Tak\u00e1cs Istv\u00e1n igazgat\u00f3, Belgy\u00f3gy\u00e1szati \u00e9s Onkol\u00f3giai Klinika,<\/li>\n<li>Dr. R\u00e9thelyi J\u00e1nos igazgat\u00f3, Pszichi\u00e1triai \u00e9s Pszichoter\u00e1pi\u00e1s Klinika,<\/li>\n<li>Dr. Nagy Zolt\u00e1n Zsolt igazgat\u00f3, Szem\u00e9szeti Klinika,<\/li>\n<li>Dr. Sz\u0151ke Gy\u00f6rgy igazgat\u00f3, Ortop\u00e9diai Klinika\u00a0<\/li>\n<li>Dr. Hermann P\u00e9ter Oktat\u00e1si rektorhelyettes; igazgat\u00f3 Fogp\u00f3tl\u00e1stani Klinika.<\/li>\n<\/ul>\n<p><strong>Klinikai T\u00f6mb Orvos-f\u0151igazgat\u00f3i:<\/strong><\/p>\n<ul>\n<li>Dr. Szathm\u00e1ri Mikl\u00f3s, Bels\u0151 Klinikai T\u00f6mb Orvos-f\u0151igazgat\u00f3\u00a0<\/li>\n<li>Dr. M\u00fcller Veronika, K\u00fcls\u0151 Klinikai T\u00f6mb Orvos-f\u0151igazgat\u00f3<\/li>\n<li>Dr. Szab\u00f3 Attila, Gyermekgy\u00f3gy\u00e1szati T\u00f6mb Orvos-f\u0151igazgat\u00f3<\/li>\n<li>Dr. Merkely B\u00e9la, Dr. Becker D\u00e1vid, V\u00e1rosmajori Klinikai T\u00f6mb Orvos-f\u0151igazgat\u00f3<\/li>\n<li>Dr. G\u00f6b\u00f6l Zsolt, Szent R\u00f3kus Klinikai T\u00f6mb Orvos-f\u0151igazgat\u00f3,<\/li>\n<li>Dr. G\u00f6b\u00f6l Zsolt, Mer\u00e9nyi Guszt\u00e1v Klinikai T\u00f6mb Orvos-f\u0151igazgat\u00f3<\/li>\n<\/ul>\n<p>A <strong>Klinikai K\u00f6zpont Tan\u00e1csa<\/strong>\u00a0<span style=\"font-size: 1rem\"> Klinikai K\u00f6zpont Eln\u00f6k\u00e9nek v\u00e9lem\u00e9nyez\u0151, javaslattev\u0151, ellen\u0151rz\u0151 szerve. A<\/span><span style=\"font-size: 1rem\">z Egyetem fenntart\u00e1s\u00e1ban l\u00e9v\u0151 klinik\u00e1k igazgat\u00f3inak a rektorral, a Klinikai K\u00f6zpont Eln\u00f6ks\u00e9g\u00e9nek tagjaival, a Alkalmazotti Tan\u00e1cs \u00e1ltal deleg\u00e1lt egy, az eg\u00e9szs\u00e9g\u00fcgyi ell\u00e1t\u00e1sban dolgoz\u00f3 taggal kieg\u00e9sz\u00edtett test\u00fclete.\u00a0<\/span><\/p>\n<p><strong>Klinikai K\u00f6zpont Operat\u00edv Bizotts\u00e1ga <\/strong>az eln\u00f6k r\u00e9sz\u00e9re szakmai-strat\u00e9giai ir\u00e1ny\u00edt\u00e1ssal \u00f6sszef\u00fcgg\u0151, v\u00e9lem\u00e9nyez\u0151, javaslattev\u0151, v\u00e9grehajt\u00f3 szerve.<\/p>\n","protected":false},"excerpt":{"rendered":"<p>A Klinikai K\u00f6zpont Eln\u00f6ks\u00e9ge\u00a0 a Klinikai K\u00f6zpont eln\u00f6ke r\u00e9sz\u00e9re szakmai-strat\u00e9giai \u00e9s az operat\u00edv ir\u00e1ny\u00edt\u00e1ssal \u00f6sszef\u00fcgg\u0151 javaslattev\u0151 szerv, melynek vezet\u0151je a Klinikai K\u00f6zpont eln\u00f6ke. A Klinikai K\u00f6zpont eln\u00f6k\u00e9nek munk\u00e1j\u00e1t \u00e1ltal\u00e1nos eln\u00f6khelyettes,\u00a0Klinikai T\u00f6mb Orvos-f\u0151igazgat\u00f3i,\u00a0a Klinikai K\u00f6zpont eln\u00f6k\u00e9nek hat\u00e1sk\u00f6r\u00e9be tartoz\u00f3 egyes feladatok ell\u00e1t\u00e1s\u00e1ra megb\u00edzott eln\u00f6ki\u00a0biztosok,\u00a0valamint a\u00a0\u00a0Klinikai K\u00f6zpont Hivatala\u00a0seg\u00edti. <a href=\"http:\/\/192.160.172.28\/kkeh.nsf\" target=\"_blank\" rel=\"noopener noreferrer\">Tov\u00e1bb a Klinikai K\u00f6zpont Eln\u00f6ks\u00e9g\u00e9nek hat\u00e1rozataihoz&#8230; <\/a> (csak intraneten olvashat\u00f3) A Klinikai K\u00f6zpont Eln\u00f6ks\u00e9g\u00e9nek tagjai: Dr. Szab\u00f3 &hellip;<\/p>\n","protected":false},"author":12,"featured_media":0,"parent":83,"menu_order":1,"comment_status":"closed","ping_status":"closed","template":"","meta":{"_acf_changed":false,"footnotes":""},"categories":[],"tags":[],"class_list":["post-85","page","type-page","status-publish","hentry"],"acf":[],"_links":{"self":[{"href":"https:\/\/semmelweis.hu\/klinikaikozpont\/wp-json\/wp\/v2\/pages\/85","targetHints":{"allow":["GET"]}}],"collection":[{"href":"https:\/\/semmelweis.hu\/klinikaikozpont\/wp-json\/wp\/v2\/pages"}],"about":[{"href":"https:\/\/semmelweis.hu\/klinikaikozpont\/wp-json\/wp\/v2\/types\/page"}],"author":[{"embeddable":true,"href":"https:\/\/semmelweis.hu\/klinikaikozpont\/wp-json\/wp\/v2\/users\/12"}],"replies":[{"embeddable":true,"href":"https:\/\/semmelweis.hu\/klinikaikozpont\/wp-json\/wp\/v2\/comments?post=85"}],"version-history":[{"count":10,"href":"https:\/\/semmelweis.hu\/klinikaikozpont\/wp-json\/wp\/v2\/pages\/85\/revisions"}],"predecessor-version":[{"id":366,"href":"https:\/\/semmelweis.hu\/klinikaikozpont\/wp-json\/wp\/v2\/pages\/85\/revisions\/366"}],"up":[{"embeddable":true,"href":"https:\/\/semmelweis.hu\/klinikaikozpont\/wp-json\/wp\/v2\/pages\/83"}],"wp:attachment":[{"href":"https:\/\/semmelweis.hu\/klinikaikozpont\/wp-json\/wp\/v2\/media?parent=85"}],"wp:term":[{"taxonomy":"category","embeddable":true,"href":"https:\/\/semmelweis.hu\/klinikaikozpont\/wp-json\/wp\/v2\/categories?post=85"},{"taxonomy":"post_tag","embeddable":true,"href":"https:\/\/semmelweis.hu\/klinikaikozpont\/wp-json\/wp\/v2\/tags?post=85"}],"curies":[{"name":"wp","href":"https:\/\/api.w.org\/{rel}","templated":true}]}}