{"id":83,"date":"2020-01-14T10:10:05","date_gmt":"2020-01-14T10:10:05","guid":{"rendered":"http:\/\/semmelweis.hu\/klinikaikozpont\/?page_id=83"},"modified":"2024-09-30T13:08:15","modified_gmt":"2024-09-30T13:08:15","slug":"a-semmelweis-egyetem-klinikai-kozpontja","status":"publish","type":"page","link":"https:\/\/semmelweis.hu\/klinikaikozpont\/a-semmelweis-egyetem-klinikai-kozpontja\/","title":{"rendered":"A Semmelweis Egyetem Klinikai K\u00f6zpont"},"content":{"rendered":"<p>Az Egyetem az orvos- \u00e9s eg\u00e9szs\u00e9gtudom\u00e1nyi k\u00e9pz\u00e9shez kapcsol\u00f3d\u00f3an a betegell\u00e1t\u00e1s biztons\u00e1g\u00e1nak folyamatos fenntart\u00e1sa, a magas sz\u00ednvonal\u00fa \u00e9s a legmagasabb progresszivit\u00e1si szint\u0171 eg\u00e9szs\u00e9g\u00fcgyi ell\u00e1t\u00e1s felt\u00e9teleit teljes\u00edt\u0151 eg\u00e9szs\u00e9g\u00fcgyi szolg\u00e1ltat\u00e1s megszervez\u00e9se \u00e9s folyamatos biztos\u00edt\u00e1sa \u00e9rdek\u00e9ben l\u00e9tre hozta a Klinikai K\u00f6zpontot.\u00a0Klinikai K\u00f6zpont eln\u00f6ke felel\u0151s az eg\u00e9szs\u00e9g\u00fcgyi szolg\u00e1ltat\u00e1s szervez\u00e9s\u00e9\u00e9rt.<\/p>\n<div class=\"keretes w-100\">\n<p><strong>A Semmelweis Egyetem Klinikai K\u00f6zpont eln\u00f6ke:<\/strong><br \/>\nDr. Szab\u00f3 Attila<br \/>\nklinikai rektorhelyettes<\/p>\n<p><strong>A Semmelweis Egyetem Klinikai K\u00f6zpont \u00e1ltal\u00e1nos eln\u00f6khelyettese:<\/strong><br \/>\nDr. Gajd\u00e1csi J\u00f3zsef<br \/>\norvosszakmai f\u0151igazgat\u00f3<\/p>\n<p><strong>A Klinikai K\u00f6zpont Eln\u00f6k\u00e9nek Hivatala &#8211; Hivatalvezet\u0151<\/strong>: <br \/>\nDr. Janik Csilla<\/p>\n<\/div>\n<p>A Klinikai K\u00f6zpont eln\u00f6k\u00e9nek a jogszab\u00e1lyban, a Szervezeti \u00e9s M\u0171k\u00f6d\u00e9si Szab\u00e1lyzatban meghat\u00e1rozott, valamint egy\u00e9b feladatainak ell\u00e1t\u00e1s\u00e1t seg\u00edt\u0151, jogk\u00f6reinek gyakorl\u00e1s\u00e1ban k\u00f6zrem\u0171k\u00f6d\u0151, ezekhez kapcsol\u00f3d\u00f3 adminisztrat\u00edv feladatokat ell\u00e1t\u00f3 szervezeti egys\u00e9ge a <strong>Klinikai K\u00f6zpont Eln\u00f6k\u00e9nek Hivatala.<\/strong><\/p>\n<div class=\"keretes w-100\">\n<p><strong>Munkat\u00e1rsak<\/strong>:<\/p>\n<ul>\n<li>Enisz Dorina<\/li>\n<li>Mayer Melinda<\/li>\n<\/ul>\n<\/div>\n<p><strong>EL\u00c9RHET\u0150S\u00c9G<\/strong>:<\/p>\n<p>1085 Budapest, \u00dcll\u0151i \u00fat 26. I. emelet 104.\u00a0<br \/>\nTelefonsz\u00e1m: +36 1 459 1500<\/p>\n<p>A Klinikai K\u00f6zponthoz tartozik az Egyetem minden olyan szervezeti egys\u00e9ge, amely gy\u00f3gy\u00edt\u00f3- megel\u0151z\u0151 \u00e9s rehabilit\u00e1ci\u00f3s betegell\u00e1t\u00f3 tev\u00e9kenys\u00e9get v\u00e9gez, valamint tov\u00e1bbi szervezeti egys\u00e9gek, \u00a0amelyek az eg\u00e9szs\u00e9g\u00fcgyi szolg\u00e1ltat\u00e1s biztos\u00edt\u00e1s\u00e1hoz k\u00f6zvetlen\u00fcl kapcsol\u00f3d\u00f3 feladatokat l\u00e1tnak el.<\/p>\n<p><a href=\"https:\/\/semmelweis.hu\/betegellatas\/betegellato-szervezeti-egysegek\/\" target=\"_blank\" rel=\"noopener noreferrer\"><strong>A Klinikai K\u00f6zpont eg\u00e9szs\u00e9g\u00fcgyi szolg\u00e1ltat\u00e1st ny\u00fajt\u00f3 szervezeti egys\u00e9gei&#8230;<\/strong><\/a><\/p>\n<p><strong>A Klinikai K\u00f6zpont eln\u00f6ke ir\u00e1ny\u00edtja\u00a0<\/strong>az <a href=\"https:\/\/semmelweis.hu\/klinikaikozpont\/az-orvosszakmai-foigazgatosagrol\/\">Orvosszakmai F\u0151igazgat\u00f3s\u00e1g<\/a>ot.<\/p>\n<p>Az eln\u00f6k tev\u00e9kenys\u00e9g\u00e9t a <a href=\"https:\/\/semmelweis.hu\/klinikaikozpont\/a-semmelweis-egyetem-klinikai-kozpontja\/a-klinikai-kozpont-elnoksege\/\">Klinikai K\u00f6zpont Eln\u00f6ks\u00e9ge<\/a>, a Klinikai K\u00f6zpont Operat\u00edv Bizotts\u00e1ga, valamint a Klinikai K\u00f6zpont Tan\u00e1csa seg\u00edti.<\/p>\n","protected":false},"excerpt":{"rendered":"<p>Az Egyetem az orvos- \u00e9s eg\u00e9szs\u00e9gtudom\u00e1nyi k\u00e9pz\u00e9shez kapcsol\u00f3d\u00f3an a betegell\u00e1t\u00e1s biztons\u00e1g\u00e1nak folyamatos fenntart\u00e1sa, a magas sz\u00ednvonal\u00fa \u00e9s a legmagasabb progresszivit\u00e1si szint\u0171 eg\u00e9szs\u00e9g\u00fcgyi ell\u00e1t\u00e1s felt\u00e9teleit teljes\u00edt\u0151 eg\u00e9szs\u00e9g\u00fcgyi szolg\u00e1ltat\u00e1s megszervez\u00e9se \u00e9s folyamatos biztos\u00edt\u00e1sa \u00e9rdek\u00e9ben l\u00e9tre hozta a Klinikai K\u00f6zpontot.\u00a0Klinikai K\u00f6zpont eln\u00f6ke felel\u0151s az eg\u00e9szs\u00e9g\u00fcgyi szolg\u00e1ltat\u00e1s szervez\u00e9s\u00e9\u00e9rt. A Semmelweis Egyetem Klinikai K\u00f6zpont eln\u00f6ke: Dr. Szab\u00f3 Attila klinikai rektorhelyettes &hellip;<\/p>\n","protected":false},"author":12,"featured_media":128,"parent":0,"menu_order":0,"comment_status":"closed","ping_status":"closed","template":"","meta":{"_acf_changed":false,"footnotes":""},"categories":[],"tags":[],"class_list":["post-83","page","type-page","status-publish","has-post-thumbnail","hentry"],"acf":[],"_links":{"self":[{"href":"https:\/\/semmelweis.hu\/klinikaikozpont\/wp-json\/wp\/v2\/pages\/83","targetHints":{"allow":["GET"]}}],"collection":[{"href":"https:\/\/semmelweis.hu\/klinikaikozpont\/wp-json\/wp\/v2\/pages"}],"about":[{"href":"https:\/\/semmelweis.hu\/klinikaikozpont\/wp-json\/wp\/v2\/types\/page"}],"author":[{"embeddable":true,"href":"https:\/\/semmelweis.hu\/klinikaikozpont\/wp-json\/wp\/v2\/users\/12"}],"replies":[{"embeddable":true,"href":"https:\/\/semmelweis.hu\/klinikaikozpont\/wp-json\/wp\/v2\/comments?post=83"}],"version-history":[{"count":12,"href":"https:\/\/semmelweis.hu\/klinikaikozpont\/wp-json\/wp\/v2\/pages\/83\/revisions"}],"predecessor-version":[{"id":402,"href":"https:\/\/semmelweis.hu\/klinikaikozpont\/wp-json\/wp\/v2\/pages\/83\/revisions\/402"}],"wp:featuredmedia":[{"embeddable":true,"href":"https:\/\/semmelweis.hu\/klinikaikozpont\/wp-json\/wp\/v2\/media\/128"}],"wp:attachment":[{"href":"https:\/\/semmelweis.hu\/klinikaikozpont\/wp-json\/wp\/v2\/media?parent=83"}],"wp:term":[{"taxonomy":"category","embeddable":true,"href":"https:\/\/semmelweis.hu\/klinikaikozpont\/wp-json\/wp\/v2\/categories?post=83"},{"taxonomy":"post_tag","embeddable":true,"href":"https:\/\/semmelweis.hu\/klinikaikozpont\/wp-json\/wp\/v2\/tags?post=83"}],"curies":[{"name":"wp","href":"https:\/\/api.w.org\/{rel}","templated":true}]}}