{"id":392,"date":"2024-09-03T12:12:40","date_gmt":"2024-09-03T12:12:40","guid":{"rendered":"https:\/\/semmelweis.hu\/klinikaikozpont\/?page_id=392"},"modified":"2024-09-30T13:07:19","modified_gmt":"2024-09-30T13:07:19","slug":"ellatasszervezesi-igazgatosag","status":"publish","type":"page","link":"https:\/\/semmelweis.hu\/klinikaikozpont\/az-orvosszakmai-foigazgatosagrol\/ellatasszervezesi-igazgatosag\/","title":{"rendered":"Eg\u00e9szs\u00e9g\u00fcgyi Ell\u00e1t\u00e1sszervez\u00e9si Igazgat\u00f3s\u00e1g"},"content":{"rendered":"<p>Igazgat\u00f3:\u00a0 \u00a0\u00a0<strong>Dr. M\u00e1rtai Istv\u00e1n<\/strong>\u00a0<br \/>\nE-mail: \u00a0 \u00a0 \u00a0\u00a0<a href=\"mailto:martai.istvan@semmelweis.hu\">martai.istvan@semmelweis.hu<\/a><br \/>\nTelefon: \u00a0 \u00a0 +36-1-459-1500\/55450<\/p>\n<p>Az Eg\u00e9szs\u00e9g\u00fcgyi Ell\u00e1t\u00e1sszervez\u00e9si Igazgat\u00f3s\u00e1g az Orvosszakmai F\u0151igazgat\u00f3s\u00e1g szervezeti egys\u00e9gek\u00e9nt k\u00f6zrem\u0171k\u00f6dik az Egyetem akut betegell\u00e1t\u00e1s\u00e1nak szervez\u00e9s\u00e9ben, a betegutak koordin\u00e1l\u00e1s\u00e1ban, illetve az int\u00e9zm\u00e9nyi ment\u00e9s\/betegsz\u00e1ll\u00edt\u00e1s fel\u00fcgyelet\u00e9ben.<\/p>\n<p>Ell\u00e1t\u00e1sszervez\u00e9si feladatai r\u00e9v\u00e9n az Egyetem ell\u00e1t\u00e1si hat\u00e9konys\u00e1g\u00e1nak n\u00f6vel\u00e9se \u00e9rdek\u00e9ben elemzi az int\u00e9zm\u00e9nybe \u00e9rkez\u0151, az int\u00e9zm\u00e9nyen bel\u00fcli \u00e9s m\u00e1s int\u00e9zm\u00e9nyek ir\u00e1ny\u00e1ba, vagy onnan t\u00f6rt\u00e9n\u0151 betegutakat.<\/p>\n<p>D\u00f6nt\u00e9s-el\u0151k\u00e9sz\u00edt\u0151 tev\u00e9kenys\u00e9get v\u00e9gez, munk\u00e1j\u00e1val seg\u00edti az akut betegek ell\u00e1t\u00e1s\u00e1nak szervez\u00e9s\u00e9t. Javaslatot dolgoz ki a sz\u0171k id\u0151ablak\u00fa k\u00f3rk\u00e9pek vonatkoz\u00e1s\u00e1ban a t\u00e9rben \u00e9s id\u0151ben optim\u00e1lis betegutak meghat\u00e1roz\u00e1s\u00e1ra, mind az Egyetemen bel\u00fcli betegfelv\u00e9tel, mind a m\u00e1s ell\u00e1t\u00f3helyek ir\u00e1ny\u00e1ba t\u00f6rt\u00e9n\u0151 \u00e1thelyez\u00e9sek eseteiben.<\/p>\n<p>Elemzi az Egyetem akut betegfelv\u00e9teli adatait, kapcsolatot tart az akut betegell\u00e1t\u00e1sban \u00e9rintett klinikai egys\u00e9gekkel, kiemelten a S\u00fcrg\u0151ss\u00e9gi, a Traumatol\u00f3giai, valamint az Intenz\u00edv Ter\u00e1pi\u00e1s Klinik\u00e1k tekintet\u00e9ben.<\/p>\n<p>Seg\u00edts\u00e9get ny\u00fajt a klinikai szint\u0171 ter\u00fcleti ell\u00e1t\u00e1si probl\u00e9m\u00e1k eset\u00e9ben, k\u00f6zrem\u0171k\u00f6dik a klinikai tev\u00e9kenys\u00e9gek racionaliz\u00e1l\u00e1s\u00e1ban.<\/p>\n<p>Felel\u0151s az akut betegell\u00e1t\u00e1st v\u00e9gz\u0151 klinik\u00e1k egy\u00fcttm\u0171k\u00f6d\u00e9s\u00e9nek fel\u00fcgyelet\u00e9\u00e9rt.<\/p>\n<p>K\u00fcl\u00f6n, vagy el\u0151re nem l\u00e1that\u00f3 feladat eset\u00e9n (rendk\u00edv\u00fcli helyzet, kiemelt szem\u00e9lyek ell\u00e1t\u00e1si ig\u00e9nye stb.) koordin\u00e1lja az egyes \u00e9rintett egys\u00e9gek egy\u00fcttm\u0171k\u00f6d\u00e9s\u00e9t.<\/p>\n<p>Munk\u00e1j\u00e1val seg\u00edti az Egyetem saj\u00e1t szervezeti egys\u00e9ge \u00e1ltal v\u00e9gzett ment\u00e9si\/betegsz\u00e1ll\u00edt\u00e1si feladatell\u00e1t\u00e1s\u00e1t, javaslatot tesz a sz\u00fcks\u00e9ges ment\u00e9si\/betegsz\u00e1ll\u00edt\u00e1si kapacit\u00e1sra.<\/p>\n<p>Elemzi a betegsz\u00e1ll\u00edt\u00e1si feladatokra vonatkoz\u00f3 ig\u00e9nyeket \u00e9s azok v\u00e9grehajt\u00e1s\u00e1t. Javaslatot tesz a betegsz\u00e1ll\u00edt\u00e1si feladatok optimaliz\u00e1l\u00e1sa \u00e9rdek\u00e9ben.<\/p>\n<p>Az akut betegell\u00e1t\u00e1s t\u00e1rgyk\u00f6r\u00e9ben k\u00e9pviseli a Klinikai K\u00f6zpontot, kapcsolatot tart az Orsz\u00e1gos Ment\u0151szolg\u00e1lattal, a Nemzeti N\u00e9peg\u00e9szs\u00e9g\u00fcgyi \u00e9s Gy\u00f3gyszer\u00e9szeti K\u00f6zponttal, valamint az OKF\u0150-vel.<\/p>\n<p><strong>\u00a0<\/strong><\/p>\n<p><strong>Az Ell\u00e1t\u00e1sszervez\u00e9si Igazgat\u00f3s\u00e1g szervezeti egys\u00e9gei:<\/strong><\/p>\n<ul>\n<li>Akut Betegell\u00e1t\u00e1s \u00e9s Beteg\u00fat Szervez\u00e9si Oszt\u00e1ly<\/li>\n<li>Ment\u00e9s \u00e9s Betegsz\u00e1ll\u00edt\u00e1s Koordin\u00e1ci\u00f3s Oszt\u00e1ly<\/li>\n<\/ul>\n","protected":false},"excerpt":{"rendered":"<p>Igazgat\u00f3:\u00a0 \u00a0\u00a0Dr. M\u00e1rtai Istv\u00e1n\u00a0 E-mail: \u00a0 \u00a0 \u00a0\u00a0 <a href=\"mailto:martai.istvan@semmelweis.hu\">martai.istvan@semmelweis.hu<\/a> Telefon: \u00a0 \u00a0 +36-1-459-1500\/55450 Az Eg\u00e9szs\u00e9g\u00fcgyi Ell\u00e1t\u00e1sszervez\u00e9si Igazgat\u00f3s\u00e1g az Orvosszakmai F\u0151igazgat\u00f3s\u00e1g szervezeti egys\u00e9gek\u00e9nt k\u00f6zrem\u0171k\u00f6dik az Egyetem akut betegell\u00e1t\u00e1s\u00e1nak szervez\u00e9s\u00e9ben, a betegutak koordin\u00e1l\u00e1s\u00e1ban, illetve az int\u00e9zm\u00e9nyi ment\u00e9s\/betegsz\u00e1ll\u00edt\u00e1s fel\u00fcgyelet\u00e9ben. Ell\u00e1t\u00e1sszervez\u00e9si feladatai r\u00e9v\u00e9n az Egyetem ell\u00e1t\u00e1si hat\u00e9konys\u00e1g\u00e1nak n\u00f6vel\u00e9se \u00e9rdek\u00e9ben elemzi az int\u00e9zm\u00e9nybe \u00e9rkez\u0151, az int\u00e9zm\u00e9nyen bel\u00fcli \u00e9s m\u00e1s int\u00e9zm\u00e9nyek ir\u00e1ny\u00e1ba, &hellip;<\/p>\n","protected":false},"author":102319,"featured_media":0,"parent":89,"menu_order":0,"comment_status":"closed","ping_status":"closed","template":"","meta":{"_acf_changed":false,"footnotes":""},"categories":[],"tags":[],"class_list":["post-392","page","type-page","status-publish","hentry"],"acf":[],"_links":{"self":[{"href":"https:\/\/semmelweis.hu\/klinikaikozpont\/wp-json\/wp\/v2\/pages\/392","targetHints":{"allow":["GET"]}}],"collection":[{"href":"https:\/\/semmelweis.hu\/klinikaikozpont\/wp-json\/wp\/v2\/pages"}],"about":[{"href":"https:\/\/semmelweis.hu\/klinikaikozpont\/wp-json\/wp\/v2\/types\/page"}],"author":[{"embeddable":true,"href":"https:\/\/semmelweis.hu\/klinikaikozpont\/wp-json\/wp\/v2\/users\/102319"}],"replies":[{"embeddable":true,"href":"https:\/\/semmelweis.hu\/klinikaikozpont\/wp-json\/wp\/v2\/comments?post=392"}],"version-history":[{"count":5,"href":"https:\/\/semmelweis.hu\/klinikaikozpont\/wp-json\/wp\/v2\/pages\/392\/revisions"}],"predecessor-version":[{"id":401,"href":"https:\/\/semmelweis.hu\/klinikaikozpont\/wp-json\/wp\/v2\/pages\/392\/revisions\/401"}],"up":[{"embeddable":true,"href":"https:\/\/semmelweis.hu\/klinikaikozpont\/wp-json\/wp\/v2\/pages\/89"}],"wp:attachment":[{"href":"https:\/\/semmelweis.hu\/klinikaikozpont\/wp-json\/wp\/v2\/media?parent=392"}],"wp:term":[{"taxonomy":"category","embeddable":true,"href":"https:\/\/semmelweis.hu\/klinikaikozpont\/wp-json\/wp\/v2\/categories?post=392"},{"taxonomy":"post_tag","embeddable":true,"href":"https:\/\/semmelweis.hu\/klinikaikozpont\/wp-json\/wp\/v2\/tags?post=392"}],"curies":[{"name":"wp","href":"https:\/\/api.w.org\/{rel}","templated":true}]}}