{"id":324,"date":"2023-12-14T11:11:31","date_gmt":"2023-12-14T11:11:31","guid":{"rendered":"https:\/\/semmelweis.hu\/klinikaikozpont\/?page_id=324"},"modified":"2024-12-09T13:20:36","modified_gmt":"2024-12-09T13:20:36","slug":"letoltheto-dokumentumok-covspikevax","status":"publish","type":"page","link":"https:\/\/semmelweis.hu\/klinikaikozpont\/letoltheto-dokumentumok-covspikevax\/","title":{"rendered":"Let\u00f6lthet\u0151 dokumentumok &#8211; COV Spikevax olt\u00e1shoz"},"content":{"rendered":"<div class=\"keretes w-100\">\n<p>Az al\u00e1bbiakban \u00e9rhet\u0151 el a COVID-19 v\u00edrus Omicron vari\u00e1ns\u00e1nak XBB.1.5 t\u00edpusa <span style=\"font-size: 1rem\">ellen<\/span><span style=\"font-size: 1rem\"> kifejlesztett Moderna-mRNS alap\u00fa vakcina betegt\u00e1j\u00e9koztat\u00f3 dokumentuma <em>(magyar \u00e9s angol nyelven)<\/em>, valamint a kit\u00f6ltend\u0151 hozz\u00e1j\u00e1rul\u00f3 nyilatkozat <em>(k\u00e9tnyelv\u0171)<\/em>.<\/span><\/p>\n<\/div>\n<ul>\n<li>\n<p><a href=\"https:\/\/semmelweis.hu\/klinikaikozpont\/files\/2023\/12\/angol-betegtajekoztato-cov-spikevax.pdf\">English language Information for the user of cov-spikevax<\/a><\/p>\n<\/li>\n<li>\n<p><a href=\"https:\/\/semmelweis.hu\/klinikaikozpont\/files\/2024\/12\/COV-EU-Spikevax-PIL-JN.1-GL-Hungarian-1.pdf\">Magyar nyelv\u0171 betegt\u00e1j\u00e9koztat\u00f3: COV-Spikevax-XBB.1.5<\/a><\/p>\n<\/li>\n<li>\n<p><a href=\"https:\/\/semmelweis.hu\/klinikaikozpont\/files\/2023\/12\/Hozzajarulo-nyilatkozat.pdf\">Hozz\u00e1j\u00e1rul\u00f3 nyilatkozat\/Statement of consent<\/a><\/p>\n<\/li>\n<\/ul>\n","protected":false},"excerpt":{"rendered":"<p>Az al\u00e1bbiakban \u00e9rhet\u0151 el a COVID-19 v\u00edrus Omicron vari\u00e1ns\u00e1nak XBB.1.5 t\u00edpusa ellen kifejlesztett Moderna-mRNS alap\u00fa vakcina betegt\u00e1j\u00e9koztat\u00f3 dokumentuma (magyar \u00e9s angol nyelven), valamint a kit\u00f6ltend\u0151 hozz\u00e1j\u00e1rul\u00f3 nyilatkozat (k\u00e9tnyelv\u0171).<\/p>\n<p><a href=\"https:\/\/semmelweis.hu\/klinikaikozpont\/files\/2023\/12\/angol-betegtajekoztato-cov-spikevax.pdf\">English language Information for the user of cov-spikevax<\/a><\/p>\n<p><a href=\"https:\/\/semmelweis.hu\/klinikaikozpont\/files\/2024\/12\/COV-EU-Spikevax-PIL-JN.1-GL-Hungarian-1.pdf\">Magyar nyelv\u0171 betegt\u00e1j\u00e9koztat\u00f3: COV-Spikevax-XBB.1.5<\/a><\/p>\n<p><a href=\"https:\/\/semmelweis.hu\/klinikaikozpont\/files\/2023\/12\/Hozzajarulo-nyilatkozat.pdf\">Hozz\u00e1j\u00e1rul\u00f3 nyilatkozat\/Statement of consent<\/a><\/p>\n","protected":false},"author":101684,"featured_media":0,"parent":0,"menu_order":4,"comment_status":"closed","ping_status":"closed","template":"","meta":{"_acf_changed":false,"footnotes":""},"categories":[],"tags":[],"class_list":["post-324","page","type-page","status-publish","hentry"],"acf":[],"_links":{"self":[{"href":"https:\/\/semmelweis.hu\/klinikaikozpont\/wp-json\/wp\/v2\/pages\/324","targetHints":{"allow":["GET"]}}],"collection":[{"href":"https:\/\/semmelweis.hu\/klinikaikozpont\/wp-json\/wp\/v2\/pages"}],"about":[{"href":"https:\/\/semmelweis.hu\/klinikaikozpont\/wp-json\/wp\/v2\/types\/page"}],"author":[{"embeddable":true,"href":"https:\/\/semmelweis.hu\/klinikaikozpont\/wp-json\/wp\/v2\/users\/101684"}],"replies":[{"embeddable":true,"href":"https:\/\/semmelweis.hu\/klinikaikozpont\/wp-json\/wp\/v2\/comments?post=324"}],"version-history":[{"count":10,"href":"https:\/\/semmelweis.hu\/klinikaikozpont\/wp-json\/wp\/v2\/pages\/324\/revisions"}],"predecessor-version":[{"id":412,"href":"https:\/\/semmelweis.hu\/klinikaikozpont\/wp-json\/wp\/v2\/pages\/324\/revisions\/412"}],"wp:attachment":[{"href":"https:\/\/semmelweis.hu\/klinikaikozpont\/wp-json\/wp\/v2\/media?parent=324"}],"wp:term":[{"taxonomy":"category","embeddable":true,"href":"https:\/\/semmelweis.hu\/klinikaikozpont\/wp-json\/wp\/v2\/categories?post=324"},{"taxonomy":"post_tag","embeddable":true,"href":"https:\/\/semmelweis.hu\/klinikaikozpont\/wp-json\/wp\/v2\/tags?post=324"}],"curies":[{"name":"wp","href":"https:\/\/api.w.org\/{rel}","templated":true}]}}