{"id":309,"date":"2023-05-03T12:04:03","date_gmt":"2023-05-03T12:04:03","guid":{"rendered":"https:\/\/semmelweis.hu\/klinikaikozpont\/?page_id=309"},"modified":"2023-05-23T07:18:58","modified_gmt":"2023-05-23T07:18:58","slug":"adatkezeles","status":"publish","type":"page","link":"https:\/\/semmelweis.hu\/klinikaikozpont\/a-semmelweis-egyetem-klinikai-kozpontja\/adatkezeles\/","title":{"rendered":"Adatkezel\u00e9s"},"content":{"rendered":"<h3>Klinikai K\u00f6zpont Eln\u00f6k\u00e9nek Hivatala:<br \/>\nAdatkezel\u00e9si t\u00e1j\u00e9koztat\u00f3<\/h3>\n<ul>\n<li>Az adatkezel\u0151 Klinikai K\u00f6zpont Tan\u00e1csa adminisztrat\u00edv feladataival <strong>\u00a0<\/strong>\u00f6sszef\u00fcgg\u0151 <a href=\"https:\/\/semmelweis.hu\/klinikaikozpont\/files\/2023\/05\/SKM_C250i23050211100.pdf\" target=\"_blank\" rel=\"noopener\">adatkezel\u00e9si nyilv\u00e1ntart\u00e1s<\/a><\/li>\n<li>Az adatkezel\u0151 Klinikai K\u00f6zpont Eln\u00f6ks\u00e9ge adminisztrat\u00edv feladataival \u00f6sszef\u00fcgg\u0151 adatkezel\u00e9si nyilv\u00e1ntart\u00e1s (<a href=\"https:\/\/semmelweis.hu\/klinikaikozpont\/files\/2023\/05\/SKM_C250i23050211110.pdf\" target=\"_blank\" rel=\"noopener\">1. r\u00e9szlet<\/a>, <a href=\"https:\/\/semmelweis.hu\/klinikaikozpont\/files\/2023\/05\/SKM_C250i23050211111.pdf\" target=\"_blank\" rel=\"noopener\">2. r\u00e9szlet<\/a>)<\/li>\n<li>Az \u00e1ltal\u00e1nos adminisztr\u00e1ci\u00f3val \u00f6sszef\u00fcgg\u0151 adatkezel\u00e9si nyilv\u00e1ntart\u00e1s (<a href=\"https:\/\/semmelweis.hu\/klinikaikozpont\/files\/2023\/05\/SKM_C250i23050211120.pdf\" target=\"_blank\" rel=\"noopener\">1. r\u00e9szlet<\/a>, <a href=\"https:\/\/semmelweis.hu\/klinikaikozpont\/files\/2023\/05\/SKM_C250i23050211121.pdf\" target=\"_blank\" rel=\"noopener\">2. r\u00e9szlet<\/a>, <a href=\"https:\/\/semmelweis.hu\/klinikaikozpont\/files\/2023\/05\/SKM_C250i23050211122.pdf\" target=\"_blank\" rel=\"noopener\">3. r\u00e9szlet<\/a>)<\/li>\n<\/ul>\n","protected":false},"excerpt":{"rendered":"<p>Klinikai K\u00f6zpont Eln\u00f6k\u00e9nek Hivatala:<br \/>\nAdatkezel\u00e9si t\u00e1j\u00e9koztat\u00f3<\/p>\n<p>Az adatkezel\u0151 Klinikai K\u00f6zpont Tan\u00e1csa adminisztrat\u00edv feladataival \u00a0\u00f6sszef\u00fcgg\u0151 <a href=\"https:\/\/semmelweis.hu\/klinikaikozpont\/files\/2023\/05\/SKM_C250i23050211100.pdf\" target=\"_blank\" rel=\"noopener\">adatkezel\u00e9si nyilv\u00e1ntart\u00e1s<\/a><br \/>\nAz adatkezel\u0151 Klinikai K\u00f6zpont Eln\u00f6ks\u00e9ge adminisztrat\u00edv feladataival \u00f6sszef\u00fcgg\u0151 adatkezel\u00e9si nyilv\u00e1ntart\u00e1s (<a href=\"https:\/\/semmelweis.hu\/klinikaikozpont\/files\/2023\/05\/SKM_C250i23050211110.pdf\" target=\"_blank\" rel=\"noopener\">1. r\u00e9szlet<\/a>, <a href=\"https:\/\/semmelweis.hu\/klinikaikozpont\/files\/2023\/05\/SKM_C250i23050211111.pdf\" target=\"_blank\" rel=\"noopener\">2. r\u00e9szlet<\/a>)<br \/>\nAz \u00e1ltal\u00e1nos adminisztr\u00e1ci\u00f3val \u00f6sszef\u00fcgg\u0151 adatkezel\u00e9si nyilv\u00e1ntart\u00e1s (<a href=\"https:\/\/semmelweis.hu\/klinikaikozpont\/files\/2023\/05\/SKM_C250i23050211120.pdf\" target=\"_blank\" rel=\"noopener\">1. r\u00e9szlet<\/a>, <a href=\"https:\/\/semmelweis.hu\/klinikaikozpont\/files\/2023\/05\/SKM_C250i23050211121.pdf\" target=\"_blank\" rel=\"noopener\">2. r\u00e9szlet<\/a>, <a href=\"https:\/\/semmelweis.hu\/klinikaikozpont\/files\/2023\/05\/SKM_C250i23050211122.pdf\" target=\"_blank\" rel=\"noopener\">3. r\u00e9szlet<\/a>)<\/p>\n","protected":false},"author":101684,"featured_media":0,"parent":83,"menu_order":2,"comment_status":"closed","ping_status":"closed","template":"","meta":{"_acf_changed":false,"footnotes":""},"categories":[],"tags":[],"class_list":["post-309","page","type-page","status-publish","hentry"],"acf":[],"_links":{"self":[{"href":"https:\/\/semmelweis.hu\/klinikaikozpont\/wp-json\/wp\/v2\/pages\/309","targetHints":{"allow":["GET"]}}],"collection":[{"href":"https:\/\/semmelweis.hu\/klinikaikozpont\/wp-json\/wp\/v2\/pages"}],"about":[{"href":"https:\/\/semmelweis.hu\/klinikaikozpont\/wp-json\/wp\/v2\/types\/page"}],"author":[{"embeddable":true,"href":"https:\/\/semmelweis.hu\/klinikaikozpont\/wp-json\/wp\/v2\/users\/101684"}],"replies":[{"embeddable":true,"href":"https:\/\/semmelweis.hu\/klinikaikozpont\/wp-json\/wp\/v2\/comments?post=309"}],"version-history":[{"count":3,"href":"https:\/\/semmelweis.hu\/klinikaikozpont\/wp-json\/wp\/v2\/pages\/309\/revisions"}],"predecessor-version":[{"id":321,"href":"https:\/\/semmelweis.hu\/klinikaikozpont\/wp-json\/wp\/v2\/pages\/309\/revisions\/321"}],"up":[{"embeddable":true,"href":"https:\/\/semmelweis.hu\/klinikaikozpont\/wp-json\/wp\/v2\/pages\/83"}],"wp:attachment":[{"href":"https:\/\/semmelweis.hu\/klinikaikozpont\/wp-json\/wp\/v2\/media?parent=309"}],"wp:term":[{"taxonomy":"category","embeddable":true,"href":"https:\/\/semmelweis.hu\/klinikaikozpont\/wp-json\/wp\/v2\/categories?post=309"},{"taxonomy":"post_tag","embeddable":true,"href":"https:\/\/semmelweis.hu\/klinikaikozpont\/wp-json\/wp\/v2\/tags?post=309"}],"curies":[{"name":"wp","href":"https:\/\/api.w.org\/{rel}","templated":true}]}}