{"id":280,"date":"2022-08-25T11:31:46","date_gmt":"2022-08-25T11:31:46","guid":{"rendered":"https:\/\/semmelweis.hu\/klinikaikozpont\/?page_id=280"},"modified":"2024-12-05T10:26:11","modified_gmt":"2024-12-05T10:26:11","slug":"beutalasi-rend","status":"publish","type":"page","link":"https:\/\/semmelweis.hu\/klinikaikozpont\/beutalasi-rend\/","title":{"rendered":"Beutal\u00e1si rend"},"content":{"rendered":"<h4>az Orsz\u00e1gos Ment\u0151szolg\u00e1laT Budapest \u00e9s Pest megye s\u00fcrg\u0151ss\u00e9gi \u00e9s akut \u00fcgyeleti beutal\u00e1si rendje\u00a0 2022. janu\u00e1r 1-t\u0151l<\/h4>\n<p><a href=\"https:\/\/semmelweis.hu\/klinikaikozpont\/files\/2024\/12\/2024.-evi-beutalasi-rend-20240425.pdf\">A beutal\u00e1si rend itt \u00e9rhet\u0151 el<\/a><\/p>\n<p>&nbsp;<\/p>\n","protected":false},"excerpt":{"rendered":"<p>az Orsz\u00e1gos Ment\u0151szolg\u00e1laT Budapest \u00e9s Pest megye s\u00fcrg\u0151ss\u00e9gi \u00e9s akut \u00fcgyeleti beutal\u00e1si rendje\u00a0 2022. janu\u00e1r 1-t\u0151l<br \/>\n<a href=\"https:\/\/semmelweis.hu\/klinikaikozpont\/files\/2024\/12\/2024.-evi-beutalasi-rend-20240425.pdf\">A beutal\u00e1si rend itt \u00e9rhet\u0151 el<\/a><br \/>\n&nbsp;<\/p>\n","protected":false},"author":101684,"featured_media":0,"parent":0,"menu_order":3,"comment_status":"closed","ping_status":"closed","template":"","meta":{"_acf_changed":false,"footnotes":""},"categories":[],"tags":[],"class_list":["post-280","page","type-page","status-publish","hentry"],"acf":[],"_links":{"self":[{"href":"https:\/\/semmelweis.hu\/klinikaikozpont\/wp-json\/wp\/v2\/pages\/280","targetHints":{"allow":["GET"]}}],"collection":[{"href":"https:\/\/semmelweis.hu\/klinikaikozpont\/wp-json\/wp\/v2\/pages"}],"about":[{"href":"https:\/\/semmelweis.hu\/klinikaikozpont\/wp-json\/wp\/v2\/types\/page"}],"author":[{"embeddable":true,"href":"https:\/\/semmelweis.hu\/klinikaikozpont\/wp-json\/wp\/v2\/users\/101684"}],"replies":[{"embeddable":true,"href":"https:\/\/semmelweis.hu\/klinikaikozpont\/wp-json\/wp\/v2\/comments?post=280"}],"version-history":[{"count":6,"href":"https:\/\/semmelweis.hu\/klinikaikozpont\/wp-json\/wp\/v2\/pages\/280\/revisions"}],"predecessor-version":[{"id":408,"href":"https:\/\/semmelweis.hu\/klinikaikozpont\/wp-json\/wp\/v2\/pages\/280\/revisions\/408"}],"wp:attachment":[{"href":"https:\/\/semmelweis.hu\/klinikaikozpont\/wp-json\/wp\/v2\/media?parent=280"}],"wp:term":[{"taxonomy":"category","embeddable":true,"href":"https:\/\/semmelweis.hu\/klinikaikozpont\/wp-json\/wp\/v2\/categories?post=280"},{"taxonomy":"post_tag","embeddable":true,"href":"https:\/\/semmelweis.hu\/klinikaikozpont\/wp-json\/wp\/v2\/tags?post=280"}],"curies":[{"name":"wp","href":"https:\/\/api.w.org\/{rel}","templated":true}]}}