{"id":103,"date":"2020-01-14T10:31:01","date_gmt":"2020-01-14T10:31:01","guid":{"rendered":"http:\/\/semmelweis.hu\/klinikaikozpont\/?page_id=103"},"modified":"2020-12-30T10:30:15","modified_gmt":"2020-12-30T10:30:15","slug":"elerhetoseg","status":"publish","type":"page","link":"https:\/\/semmelweis.hu\/klinikaikozpont\/elerhetoseg\/","title":{"rendered":"El\u00e9rhet\u0151s\u00e9g"},"content":{"rendered":"<p><strong>SEMMELWEIS EGYETEM, KLINIKAI K\u00d6ZPONT<\/strong><\/p>\n<p><strong>C\u00edm:<\/strong> 1085 Budapest, \u00dcll\u0151i \u00fat 26. I. em. 104.<br \/>\n<strong>Postac\u00edm:<\/strong>\u00a01085 Budapest, \u00dcll\u0151i \u00fat 26. ; 1428 Budapest, Pf.2.<br \/>\n<strong>Telefon:<\/strong> 459-1500 \/ 55200<\/p>\n\n<!-- iframe plugin v.4.9 wordpress.org\/plugins\/iframe\/ -->\n<iframe loading=\"lazy\" style=\"border: 0;\" src=\"https:\/\/www.google.com\/maps\/embed?pb=!1m18!1m12!1m3!1d2696.1302679378964!2d19.065187915626428!3d47.487375579177!2m3!1f0!2f0!3f0!3m2!1i1024!2i768!4f13.1!3m3!1m2!1s0x4741dc59ea752e89%3A0xb40ec86e08cebdbe!2zQnVkYXBlc3QsIMOcbGzFkWkgw7p0IDI2LCAxMDg1!5e0!3m2!1shu!2shu!4v1578997437641!5m2!1shu!2shu\" width=\"100%\" height=\"450\" frameborder=\"0\" allowfullscreen=\"allowfullscreen\" scrolling=\"yes\" class=\"iframe-class\"><\/iframe>\n\n","protected":false},"excerpt":{"rendered":"<p>SEMMELWEIS EGYETEM, KLINIKAI K\u00d6ZPONT<br \/>\nC\u00edm: 1085 Budapest, \u00dcll\u0151i \u00fat 26. I. em. 104.<br \/>\nPostac\u00edm:\u00a01085 Budapest, \u00dcll\u0151i \u00fat 26. ; 1428 Budapest, Pf.2.<br \/>\nTelefon: 459-1500 \/ 55200<\/p>\n","protected":false},"author":12,"featured_media":0,"parent":0,"menu_order":8,"comment_status":"closed","ping_status":"closed","template":"","meta":{"_acf_changed":false,"footnotes":""},"categories":[],"tags":[],"class_list":["post-103","page","type-page","status-publish","hentry"],"acf":[],"_links":{"self":[{"href":"https:\/\/semmelweis.hu\/klinikaikozpont\/wp-json\/wp\/v2\/pages\/103","targetHints":{"allow":["GET"]}}],"collection":[{"href":"https:\/\/semmelweis.hu\/klinikaikozpont\/wp-json\/wp\/v2\/pages"}],"about":[{"href":"https:\/\/semmelweis.hu\/klinikaikozpont\/wp-json\/wp\/v2\/types\/page"}],"author":[{"embeddable":true,"href":"https:\/\/semmelweis.hu\/klinikaikozpont\/wp-json\/wp\/v2\/users\/12"}],"replies":[{"embeddable":true,"href":"https:\/\/semmelweis.hu\/klinikaikozpont\/wp-json\/wp\/v2\/comments?post=103"}],"version-history":[{"count":4,"href":"https:\/\/semmelweis.hu\/klinikaikozpont\/wp-json\/wp\/v2\/pages\/103\/revisions"}],"predecessor-version":[{"id":261,"href":"https:\/\/semmelweis.hu\/klinikaikozpont\/wp-json\/wp\/v2\/pages\/103\/revisions\/261"}],"wp:attachment":[{"href":"https:\/\/semmelweis.hu\/klinikaikozpont\/wp-json\/wp\/v2\/media?parent=103"}],"wp:term":[{"taxonomy":"category","embeddable":true,"href":"https:\/\/semmelweis.hu\/klinikaikozpont\/wp-json\/wp\/v2\/categories?post=103"},{"taxonomy":"post_tag","embeddable":true,"href":"https:\/\/semmelweis.hu\/klinikaikozpont\/wp-json\/wp\/v2\/tags?post=103"}],"curies":[{"name":"wp","href":"https:\/\/api.w.org\/{rel}","templated":true}]}}