{"id":13,"date":"2012-09-11T15:40:47","date_gmt":"2012-09-11T13:40:47","guid":{"rendered":"http:\/\/semmelweis-egyetem.hu\/onkoterapiai-tanszek\/?page_id=5"},"modified":"2023-09-15T11:08:52","modified_gmt":"2023-09-15T09:08:52","slug":"miert-vegyek-reszt","status":"publish","type":"page","link":"https:\/\/semmelweis.hu\/klinikai-vizsgalatok\/miert-vegyek-reszt\/","title":{"rendered":"Mi\u00e9rt vegyek r\u00e9szt?"},"content":{"rendered":"<p><strong>MI\u00c9RT \u00c9RDEMES R\u00c9SZT VENNI A KLINIKAI VIZSG\u00c1LATBAN?<\/strong><\/p>\n<p><img loading=\"lazy\" decoding=\"async\" class=\"alignnone size-medium wp-image-583\" src=\"https:\/\/semmelweis.hu\/klinikai-vizsgalatok\/files\/2023\/08\/pexels-thirdman-7659564-400x267.jpg\" alt=\"\" width=\"400\" height=\"267\" srcset=\"https:\/\/semmelweis.hu\/klinikai-vizsgalatok\/files\/2023\/08\/pexels-thirdman-7659564-400x267.jpg 400w, https:\/\/semmelweis.hu\/klinikai-vizsgalatok\/files\/2023\/08\/pexels-thirdman-7659564-1024x683.jpg 1024w, https:\/\/semmelweis.hu\/klinikai-vizsgalatok\/files\/2023\/08\/pexels-thirdman-7659564-768x512.jpg 768w, https:\/\/semmelweis.hu\/klinikai-vizsgalatok\/files\/2023\/08\/pexels-thirdman-7659564-1536x1024.jpg 1536w, https:\/\/semmelweis.hu\/klinikai-vizsgalatok\/files\/2023\/08\/pexels-thirdman-7659564-2048x1365.jpg 2048w, https:\/\/semmelweis.hu\/klinikai-vizsgalatok\/files\/2023\/08\/pexels-thirdman-7659564-753x502.jpg 753w, https:\/\/semmelweis.hu\/klinikai-vizsgalatok\/files\/2023\/08\/pexels-thirdman-7659564-203x135.jpg 203w\" sizes=\"auto, (max-width: 400px) 100vw, 400px\" \/><\/p>\n<ul>\n<li><strong>\u00faj kezel\u00e9si lehet\u0151s\u00e9g:<\/strong> mert \u00fajabb kezel\u00e9si lehet\u0151s\u00e9get k\u00edn\u00e1l egy olyan betegs\u00e9gben, ahol a jelenleg rendelkez\u00e9sre \u00e1ll\u00f3 lehet\u0151s\u00e9gek nem, vagy nem teljesen tudj\u00e1k el\u00e9rni a betegs\u00e9g gy\u00f3gyul\u00e1s\u00e1t<\/li>\n<li><strong>korszer\u0171 vizsg\u00e1lati m\u00f3dszerek: <\/strong>mert betegs\u00e9g\u00e9nek diagnosztiz\u00e1l\u00e1sa \u00e9s \u00e1llapot\u00e1nak k\u00f6vet\u00e9se a legkorszer\u0171bb vizsg\u00e1lati m\u00f3dszerekkel t\u00f6rt\u00e9nik<\/li>\n<li><strong>m<\/strong><strong>agasfok\u00fa szakmais\u00e1g:<\/strong> mert olyan, a szakter\u00fclet\u00fck\u00f6n elismert orvosok, professzorok a vizsg\u00e1latok vezet\u0151i, akik Magyarorsz\u00e1gon vezet\u0151 kutat\u00f3k a t\u00e9m\u00e1ban<\/li>\n<li><strong>szigor\u00fa ellen\u0151rz\u00e9s: <\/strong>mert betegs\u00e9g\u00e9nek k\u00f6vet\u00e9se szigor\u00faan meghat\u00e1rozott rendben t\u00f6rt\u00e9nik, amely biztos\u00edtja, hogy nem maradhat el olyan ellen\u0151rz\u00e9s, amire felt\u00e9tlen\u00fcl sz\u00fcks\u00e9ge van<\/li>\n<li><strong>m<\/strong><strong>eghat\u00e1rozott \u00fctemterv:<\/strong> mert nem kell el\u0151jegyz\u00e9st k\u00e9rnie a kontrollokra, azok el\u0151re meghat\u00e1rozott \u00fctemez\u00e9ssel t\u00f6rt\u00e9nnek<\/li>\n<li><strong>t\u00e9r\u00edt\u00e9smentes kezel\u00e9s \u00e9s gy\u00f3gyszerek:<\/strong> mert a vizsg\u00e1lati gy\u00f3gyszert \u00e9s azok el\u0151\u00edrt kieg\u00e9sz\u00edt\u0151it t\u00e9r\u00edt\u00e9smentesen kapja, valamint sok vizsg\u00e1latban az egy\u00e9b felmer\u00fcl\u0151 k\u00f6lts\u00e9geit (pl. utaz\u00e1si k\u00f6lts\u00e9g) is megt\u00e9r\u00edtik<\/li>\n<li><strong>m\u00e1s betegek megseg\u00edt\u00e9se:<\/strong> mert nem csak saj\u00e1t mag\u00e1n, hanem m\u00e1sokon is seg\u00edthet a klinikai vizsg\u00e1latban t\u00f6rt\u00e9n\u0151 r\u00e9szv\u00e9tellel<\/li>\n<\/ul>\n<p>&nbsp;<\/p>\n<p>Amennyiben tov\u00e1bbi k\u00e9rd\u00e9se van a vizsg\u00e1latokkal kapcsolatban, k\u00e9rj\u00fck, a <a href=\"mailto:klinikaikutatas@semmelweis-univ.hu\">klinikaikutatas@semmelweis-univ.hu<\/a> e-mail c\u00edmen \u00e9rdekl\u0151dj\u00f6n.<\/p>\n<p>A jelenlegi akt\u00edv beteg bev\u00e1laszt\u00e1s\u00fa vizsg\u00e1latok list\u00e1j\u00e1t <a href=\"https:\/\/semmelweis.hu\/klinikai-vizsgalatok\/aktiv-beteg-bevalasztasu-vizsgalatok\/\">itt tal\u00e1lja<\/a>.<\/p>\n","protected":false},"excerpt":{"rendered":"<p>MI\u00c9RT \u00c9RDEMES R\u00c9SZT VENNI A KLINIKAI VIZSG\u00c1LATBAN? \u00faj kezel\u00e9si lehet\u0151s\u00e9g: mert \u00fajabb kezel\u00e9si lehet\u0151s\u00e9get k\u00edn\u00e1l egy olyan betegs\u00e9gben, ahol a jelenleg rendelkez\u00e9sre \u00e1ll\u00f3 lehet\u0151s\u00e9gek nem, vagy nem teljesen tudj\u00e1k el\u00e9rni a betegs\u00e9g gy\u00f3gyul\u00e1s\u00e1t korszer\u0171 vizsg\u00e1lati m\u00f3dszerek: mert betegs\u00e9g\u00e9nek diagnosztiz\u00e1l\u00e1sa \u00e9s \u00e1llapot\u00e1nak k\u00f6vet\u00e9se a legkorszer\u0171bb vizsg\u00e1lati m\u00f3dszerekkel t\u00f6rt\u00e9nik magasfok\u00fa szakmais\u00e1g: mert olyan, a szakter\u00fclet\u00fck\u00f6n elismert orvosok, &hellip;<\/p>\n","protected":false},"author":1,"featured_media":0,"parent":0,"menu_order":2,"comment_status":"closed","ping_status":"closed","template":"","meta":{"_acf_changed":false,"footnotes":""},"categories":[],"tags":[],"class_list":["post-13","page","type-page","status-publish","hentry"],"acf":[],"_links":{"self":[{"href":"https:\/\/semmelweis.hu\/klinikai-vizsgalatok\/wp-json\/wp\/v2\/pages\/13","targetHints":{"allow":["GET"]}}],"collection":[{"href":"https:\/\/semmelweis.hu\/klinikai-vizsgalatok\/wp-json\/wp\/v2\/pages"}],"about":[{"href":"https:\/\/semmelweis.hu\/klinikai-vizsgalatok\/wp-json\/wp\/v2\/types\/page"}],"author":[{"embeddable":true,"href":"https:\/\/semmelweis.hu\/klinikai-vizsgalatok\/wp-json\/wp\/v2\/users\/1"}],"replies":[{"embeddable":true,"href":"https:\/\/semmelweis.hu\/klinikai-vizsgalatok\/wp-json\/wp\/v2\/comments?post=13"}],"version-history":[{"count":10,"href":"https:\/\/semmelweis.hu\/klinikai-vizsgalatok\/wp-json\/wp\/v2\/pages\/13\/revisions"}],"predecessor-version":[{"id":682,"href":"https:\/\/semmelweis.hu\/klinikai-vizsgalatok\/wp-json\/wp\/v2\/pages\/13\/revisions\/682"}],"wp:attachment":[{"href":"https:\/\/semmelweis.hu\/klinikai-vizsgalatok\/wp-json\/wp\/v2\/media?parent=13"}],"wp:term":[{"taxonomy":"category","embeddable":true,"href":"https:\/\/semmelweis.hu\/klinikai-vizsgalatok\/wp-json\/wp\/v2\/categories?post=13"},{"taxonomy":"post_tag","embeddable":true,"href":"https:\/\/semmelweis.hu\/klinikai-vizsgalatok\/wp-json\/wp\/v2\/tags?post=13"}],"curies":[{"name":"wp","href":"https:\/\/api.w.org\/{rel}","templated":true}]}}