{"id":94,"date":"2012-06-06T08:43:33","date_gmt":"2012-06-06T08:43:33","guid":{"rendered":"http:\/\/semmelweis-egyetem.hu\/klinikai-pszichologia\/?page_id=94"},"modified":"2025-04-08T10:15:56","modified_gmt":"2025-04-08T08:15:56","slug":"semmelweis-egyetem-medikus-kepzes","status":"publish","type":"page","link":"https:\/\/semmelweis.hu\/klinikai-pszichologia\/oktatas\/semmelweis-egyetem-medikus-kepzes\/","title":{"rendered":"Gradu\u00e1lis k\u00e9pz\u00e9s"},"content":{"rendered":"<p>Oktat\u00e1si tev\u00e9kenys\u00e9g a gradu\u00e1lis orvosk\u00e9pz\u00e9sben:<\/p>\n<ul>\n<li>r\u00e9szv\u00e9tel a Pszichi\u00e1triai \u00e9s Pszichoter\u00e1pi\u00e1s Klinika Elmegy\u00f3gy\u00e1szat tant\u00e1rgy\u00e1nak oktat\u00e1s\u00e1ban<\/li>\n<li>k\u00f6telez\u0151en v\u00e1laszthat\u00f3 tant\u00e1rgy: Az \u00f6ngyilkoss\u00e1gi vesz\u00e9ly\u00e1llapot felismer\u00e9se \u00e9s megel\u0151z\u00e9se<\/li>\n<li>elekt\u00edv gyakorlat (VI. \u00e9vfolyam) &#8211; Klinikai pszichol\u00f3gia \u00e9s pszichoter\u00e1pia<\/li>\n<\/ul>\n<div class=\"responsive-tabs\">\n<h2 class=\"tabtitle\">Pszichi\u00e1triai \u00e9s Pszichoter\u00e1pi\u00e1s gyakorlat<\/h2>\n<div class=\"tabcontent\">\n\n<p><em>Pszichi\u00e1tria \u00e9s Pszichoter\u00e1pi\u00e1s Klinika tant\u00e1rgya V. \u00e9vfolyamos orvostanhallgat\u00f3k r\u00e9sz\u00e9re<br \/>\n<\/em><\/p>\n<p style=\"text-align: justify\">A Klinikai Pszichol\u00f3gia Tansz\u00e9k munkat\u00e1rsai r\u00e9szt vesznek a pszichoter\u00e1pia gyakorlatok (Dr. Fellegin\u00e9 Tak\u00e1cs Anna, Zinner-G\u00e9recz \u00c1gnes), valamint a pszichodiagnosztika el\u0151ad\u00e1sok \u00e9s gyakorlatok (Dr. Gonda X\u00e9nia) tart\u00e1s\u00e1ban.\u00a0<\/p>\n<p style=\"text-align: justify\">Tant\u00e1rgy el\u0151ad\u00f3j\u00e1nak neve: Dr. R\u00e9thelyi J\u00e1nos, egyetemi tan\u00e1r<\/p>\n\n<\/div><h2 class=\"tabtitle\"><strong>Az \u00f6ngyilkoss\u00e1gi vesz\u00e9ly\u00e1llapot felismer\u00e9se \u00e9s megel\u0151z\u00e9se<\/strong><\/h2>\n<div class=\"tabcontent\">\n\n<p><em>A Klinikai Pszichol\u00f3gia Tansz\u00e9k v\u00e1laszthat\u00f3 kurzusa, III-IV-V. \u00e9ves orvostanhallgat\u00f3k r\u00e9sz\u00e9re (min. 10 jelentkez\u0151)<\/em><\/p>\n<p style=\"text-align: justify\"><strong>A kurzus c\u00e9lja:\u00a0<\/strong>A kurzus c\u00e9lja, hogy az orvostanhallgat\u00f3k \u00e1tfog\u00f3 k\u00e9pet kapjanak az \u00f6ngyilkoss\u00e1g t\u00e1rsadalomtudom\u00e1nyi szeml\u00e9let\u00e9r\u0151l, a saj\u00e1tos magyar \u00f6ngyilkoss\u00e1gi jellemz\u0151kr\u0151l, valamint a megel\u0151z\u00e9s lehet\u0151s\u00e9geir\u0151l. Az elm\u00e9leti ismeretek mellett a kurzus gyakorlati \u00fatmutat\u00f3val szolg\u00e1l ahhoz, hogy a leend\u0151 orvosok felismerj\u00e9k az \u00f6ngyilkoss\u00e1gi kr\u00edzis\u00e1llapot kommunik\u00e1ci\u00f3j\u00e1nak saj\u00e1toss\u00e1gait, \u00e9s elsaj\u00e1t\u00edts\u00e1k a megel\u0151z\u00e9shez sz\u00fcks\u00e9ges alapvet\u0151 k\u00e9szs\u00e9geket.<\/p>\n<p style=\"text-align: justify\"><strong>A kurzus le\u00edr\u00e1sa<\/strong>: A WHO prevenci\u00f3s ir\u00e1nyelveivel \u00f6sszhangban, a szuic\u00eddium megel\u0151z\u00e9se az eg\u00e9szs\u00e9g\u00fcgyi \u00e9s szoci\u00e1lis ell\u00e1t\u00f3 szervezetek kiemelten kezelend\u0151 feladata. Magyarorsz\u00e1gon k\u00fcl\u00f6n\u00f6sen indokolt a szuicid prevenci\u00f3 szervezett, magas szakmai sz\u00ednvonal\u00fa biztos\u00edt\u00e1sa, az ut\u00f3bbi \u00e9vekben ugyan cs\u00f6kken\u0151 tendenci\u00e1j\u00fa, \u00e1m \u00edgy is igen magas szuicid r\u00e1ta miatt. Az \u00f6ngyilkoss\u00e1g minden\u00fctt a vil\u00e1gon komoly n\u00e9peg\u00e9szs\u00e9g\u00fcgyi probl\u00e9m\u00e1t jelent, a WHO (2016) adatai alapj\u00e1n \u00e9venk\u00e9nt legal\u00e1bb 800000 ember vet \u00f6nkez\u0171leg v\u00e9get az \u00e9let\u00e9nek. 1984-ig tulajdonk\u00e9ppen minden \u00e9vben Magyarorsz\u00e1gon volt a legmagasabb a befejezett szuicidum ar\u00e1nya, az\u00f3ta ink\u00e1bb a Balti \u00e1llamok ker\u00fcltek az \u00e9lre. Haz\u00e1nkban a K\u00f6zponti Statisztikai Hivatal szerint a befejezett \u00f6ngyilkoss\u00e1gok ar\u00e1nya (19\/100000) m\u00e9g mindig magasabb az eur\u00f3pai \u00e1tlagn\u00e1l (14\/100000), hiszen b\u00e1r javul\u00f3 tendencia figyelhet\u0151 meg, Magyarorsz\u00e1gon az \u00f6ngyilkoss\u00e1g a hatodik vezet\u0151 hal\u00e1lok (KSH, 2015). Az \u00f6ngyilkoss\u00e1g megel\u0151z\u00e9se k\u00f6z\u00f6s t\u00e1rsadalmi feladat, melyben a sz\u00e9les k\u00f6r\u0171 t\u00e1j\u00e9koztat\u00e1s, az \u00f6ngyilkoss\u00e1gi vesz\u00e9ly\u00e1llapot felismer\u00e9se, a s\u00fcrg\u0151ss\u00e9gi telefonszolg\u00e1latok m\u0171k\u00f6d\u00e9se, a vesz\u00e9lyeztetettek, illetve az orvosi hivat\u00e1st gyakorl\u00f3 szakemberek k\u00e9pz\u00e9se kiemelten fontos a szuicid prevenci\u00f3 szempontj\u00e1b\u00f3l, mivel a tapasztalatok szerint az \u00f6ngyilkoss\u00e1gra k\u00e9sz\u00fcl\u0151 szem\u00e9lyek gyakran a h\u00e1ziorvosukat keresik fel a tett elk\u00f6vet\u00e9se el\u0151tt. A kr\u00edzis\u00e1llapot \u00e9s a seg\u00e9lyk\u00e9r\u00e9s (cry for help), azaz az \u00f6ngyilkoss\u00e1g vesz\u00e9ly\u00e9nek felismer\u00e9se ez\u00e9rt minden praktiz\u00e1l\u00f3 orvosnak fontos feladata.<\/p>\n\n<\/div><h2 class=\"tabtitle\">Elekt\u00edv gyakorlat- Klinikai pszichol\u00f3gia \u00e9s pszichoter\u00e1pia<\/h2>\n<div class=\"tabcontent\">\n\n<p><em>A Klinikai Pszichol\u00f3gia Tansz\u00e9k elekt\u00edv 6 hetes kurzusa VI. \u00e9ves orvostanhallgat\u00f3k sz\u00e1m\u00e1ra (2 f\u0151)<\/em><\/p>\n<p>Azoknak a hallgat\u00f3knak aj\u00e1nlott, akikn\u00e9l komoly a pszichi\u00e1tria, illetve a klinikai pszichol\u00f3gia, pszichoter\u00e1pia ir\u00e1ny\u00e1ba t\u00f6rt\u00e9n\u0151 specializ\u00e1l\u00f3d\u00e1s sz\u00e1nd\u00e9ka.<\/p>\n<p style=\"text-align: justify\">A hatod\u00e9ves\u00a0<em>Klinikai pszichol\u00f3gia \u00e9s pszichoter\u00e1pia<\/em> gyakorlat c\u00e9lja az el\u0151z\u0151 \u00e9vben megszerzett pszichi\u00e1triai elm\u00e9leti ismeretek \u00e9s gyakorlati k\u00e9szs\u00e9gek alkalmaz\u00e1sa a klinikai gyakorlatban. A medikus megismerkedhessen a Szakambulancia m\u0171k\u00f6d\u00e9s\u00e9vel, ahol a pszich\u00e9s zavarok legkorszer\u0171bb ter\u00e1pi\u00e1s m\u00f3dszerekkel t\u00f6rt\u00e9n\u0151 ell\u00e1t\u00e1sa folyik, s ez k\u00e9s\u0151bbi szakmai munk\u00e1ja sor\u00e1n modell\u00e9rt\u00e9k\u0171v\u00e9 v\u00e1lhasson. Szeml\u00e9letform\u00e1l\u00e1s a bizony\u00edtottan hat\u00e9kony kognit\u00edv ter\u00e1pi\u00e1s hangs\u00faly\u00fa, integrat\u00edv szeml\u00e9let\u0171 gy\u00f3gy\u00edt\u00f3 munka ir\u00e1ny\u00e1ba. A gyakorlati tud\u00e1s alaposabb elm\u00e9ly\u00fcl\u00e9s\u00e9t seg\u00edti a 6 hetes elekt\u00edv gyakorlaton val\u00f3 r\u00e9szv\u00e9tel. 6 hetes gyakorlat\u00e1n a medikus a pszichi\u00e1triai szakvizsga gyakorlati r\u00e9sz\u00e9nek kommunik\u00e1ci\u00f3-elm\u00e9leti \u00e9s propedeutikai r\u00e9sz\u00e9t is elsaj\u00e1t\u00edthatja.<\/p>\n<ol>\n<li>Klinikai pszichol\u00f3giai kivizsg\u00e1l\u00e1s: panaszok explor\u00e1ci\u00f3ja, anamn\u00e9zis felv\u00e9tele<\/li>\n<li>Pszichi\u00e1triai k\u00f3rt\u00f6rt\u00e9net felv\u00e9tele (\u00e1ltal\u00e1nos, csal\u00e1di, szomatikus, pszichi\u00e1triai, farmakol\u00f3giai)<\/li>\n<li>Pszichopatol\u00f3giai vizsg\u00e1lat, k\u00e9rd\u0151\u00edves vizsg\u00e1latok (tudat, percepci\u00f3, orient\u00e1ci\u00f3, gondolkod\u00e1s, intellektus, \u00e9rzelmi \u00e9s amnesztikus funkci\u00f3k, hangulat, pszichomotoros m\u0171k\u00f6d\u00e9s meg\u00edt\u00e9l\u00e9se, a viselked\u00e9s, motiv\u00e1ci\u00f3 \u00e9s szem\u00e9lyis\u00e9g vizsg\u00e1lata)<\/li>\n<li>Pszich\u00e9s status.<\/li>\n<li>Viselked\u00e9sdiagnosztika<\/li>\n<li>Kognit\u00edv szempont\u00fa diagnosztika<\/li>\n<li>Az \u00f6ngyilkoss\u00e1gi vesz\u00e9ly\u00e1llapot felm\u00e9r\u00e9se<\/li>\n<li>Probl\u00e9m\u00e1k felt\u00e1r\u00e1sa kr\u00edzis helyzetben, \u00f6ngyilkoss\u00e1gi k\u00eds\u00e9rletet k\u00f6vet\u0151en<\/li>\n<li>Hospitaliz\u00e1ci\u00f3 sz\u00fcks\u00e9gess\u00e9g\u00e9nek felm\u00e9r\u00e9se<\/li>\n<li>Intelligencia vizsg\u00e1lata<\/li>\n<li>Pszichi\u00e1triai t\u00fcnetek h\u00e1tter\u00e9ben \u00e1ll\u00f3, vagy komorbid szomatikus k\u00f3rk\u00e9pek felismer\u00e9se<\/li>\n<li>Differenci\u00e1ldiagnosztika, diagn\u00f3zis fel\u00e1ll\u00edt\u00e1sa DSM-5 alapj\u00e1n<\/li>\n<li>Pszichoeduk\u00e1ci\u00f3 (betegs\u00e9ggel, ter\u00e1pi\u00e1val kapcsolatban)<\/li>\n<li>Pszichoter\u00e1pi\u00e1s beavatkoz\u00e1s indik\u00e1ci\u00f3ja<\/li>\n<li>Alapvet\u0151 kognit\u00edv viselked\u00e9ster\u00e1pi\u00e1s m\u00f3dszerek ismerete, haszn\u00e1lata\u00a0<\/li>\n<\/ol>\n<p><strong>Tant\u00e1rgyfelel\u0151s<\/strong>: Prof. Dr. Perczel- Forintos D\u00f3ra tansz\u00e9kvezet\u0151, egyetemi tan\u00e1r<br \/>\nGyakorlati oktat\u00f3: Dr. Fellegin\u00e9 Tak\u00e1cs Anna klinikai szakpszichol\u00f3gus, pszichoterapeuta<br \/>\n<a href=\"https:\/\/semmelweis.hu\/klinikai-pszichologia\/files\/2023\/09\/Tantargyi-kovetelmenyrendszer_Klinikai-pszichologia-es-pszichoterapia_2023-2024.pdf\" target=\"_blank\" rel=\"noopener\">T\u00e1rgyk\u00f6vetelm\u00e9ny<\/a><br \/>\n<strong>A tananyag elsaj\u00e1t\u00edt\u00e1s\u00e1hoz felhaszn\u00e1lhat\u00f3 nyomtatott, elektronikus \u00e9s online jegyzetek, tank\u00f6nyvek, seg\u00e9dletek \u00e9s szakirodalom (online anyag eset\u00e9n html c\u00edm):<\/strong><\/p>\n<ol>\n<li>Perczel-Forintos D\u00f3ra \u00e9s M\u00f3rotz Ken\u00e9z:\u00a0<em>Kognit\u00edv viselked\u00e9ster\u00e1pia<\/em>; Medicina, Budapest, 2019. pp 61-183<\/li>\n<li>Perczel-Forintos D\u00f3ra, Ajtay Gy\u00f6ngyi, Barna Csilla, Kiss Zs\u00f3fia, Koml\u00f3si Sarolta: <em>K\u00e9rd\u0151\u00edvek, Becsl\u0151sk\u00e1l\u00e1k a klinikai pszichol\u00f3gi\u00e1ban<\/em>; Semmelweis Kiad\u00f3, Budapest, 2018. 4. kiad\u00e1s pp. 13-192.<\/li>\n<li>Perczel-Forintos D\u00f3ra \u00e9s Kiss Zs\u00f3fia: Higgy\u00fcnk a szem\u00fcnknek! Kognit\u00edv viselked\u00e9ster\u00e1pi\u00e1s esettanulm\u00e1nyok;\u00a0<em>ELTE E\u00f6tv\u00f6s Kiad\u00f3, Budapest, 2010.\u00a0<\/em>pp. 11-77.<\/li>\n<li>Pilling J\u00e1nos: Orvosi kommunik\u00e1ci\u00f3 a gyakorlatban;\u00a0<em>Medicina, Budapest, 2018.<\/em>\u00a0pp. 25-46; 205-226.<\/li>\n<li>Egan, G.: A k\u00e9pzett seg\u00edt\u0151;\u00a0<em>ELTE E\u00f6tv\u00f6s Kiad\u00f3, Budapest, 2011.<\/em>pp. 91- 173.<\/li>\n<li>F\u00fcredi J\u00e1nos, N\u00e9meth Attila, Tariska P\u00e9ter: A pszichi\u00e1tria magyar k\u00e9zik\u00f6nyve;\u00a0<em>Medicina,\u00a0<\/em><em>Budapest, 2015. 5. kiad\u00e1s.\u00a0<\/em>pp. 218- 462<\/li>\n<li>Purebl Gy\u00f6rgy (2018) Alacsony intenzit\u00e1s\u00fa pszichol\u00f3giai intervenci\u00f3k a mindennapi orvosi gyakorlatban. Oriold \u00e9s T\u00e1rsai Kiad\u00f3 \u00e9s Szolg\u00e1ltat\u00f3 Kft. Budapest. pp. 15-109<\/li>\n<\/ol>\n<\/div><\/div>\n<p>&nbsp;<\/p>\n","protected":false},"excerpt":{"rendered":"<p>Oktat\u00e1si tev\u00e9kenys\u00e9g a gradu\u00e1lis orvosk\u00e9pz\u00e9sben: r\u00e9szv\u00e9tel a Pszichi\u00e1triai \u00e9s Pszichoter\u00e1pi\u00e1s Klinika Elmegy\u00f3gy\u00e1szat tant\u00e1rgy\u00e1nak oktat\u00e1s\u00e1ban k\u00f6telez\u0151en v\u00e1laszthat\u00f3 tant\u00e1rgy: Az \u00f6ngyilkoss\u00e1gi vesz\u00e9ly\u00e1llapot felismer\u00e9se \u00e9s megel\u0151z\u00e9se elekt\u00edv gyakorlat (VI. \u00e9vfolyam) &#8211; Klinikai pszichol\u00f3gia \u00e9s pszichoter\u00e1pia Pszichi\u00e1tria \u00e9s Pszichoter\u00e1pi\u00e1s Klinika tant\u00e1rgya V. \u00e9vfolyamos orvostanhallgat\u00f3k r\u00e9sz\u00e9re A Klinikai Pszichol\u00f3gia Tansz\u00e9k munkat\u00e1rsai r\u00e9szt vesznek a pszichoter\u00e1pia gyakorlatok (Dr. Fellegin\u00e9 Tak\u00e1cs Anna, &hellip;<\/p>\n","protected":false},"author":336,"featured_media":0,"parent":8,"menu_order":1,"comment_status":"open","ping_status":"open","template":"","meta":{"_acf_changed":false,"footnotes":""},"categories":[],"tags":[],"class_list":["post-94","page","type-page","status-publish","hentry"],"acf":[],"_links":{"self":[{"href":"https:\/\/semmelweis.hu\/klinikai-pszichologia\/wp-json\/wp\/v2\/pages\/94","targetHints":{"allow":["GET"]}}],"collection":[{"href":"https:\/\/semmelweis.hu\/klinikai-pszichologia\/wp-json\/wp\/v2\/pages"}],"about":[{"href":"https:\/\/semmelweis.hu\/klinikai-pszichologia\/wp-json\/wp\/v2\/types\/page"}],"author":[{"embeddable":true,"href":"https:\/\/semmelweis.hu\/klinikai-pszichologia\/wp-json\/wp\/v2\/users\/336"}],"replies":[{"embeddable":true,"href":"https:\/\/semmelweis.hu\/klinikai-pszichologia\/wp-json\/wp\/v2\/comments?post=94"}],"version-history":[{"count":10,"href":"https:\/\/semmelweis.hu\/klinikai-pszichologia\/wp-json\/wp\/v2\/pages\/94\/revisions"}],"predecessor-version":[{"id":7678,"href":"https:\/\/semmelweis.hu\/klinikai-pszichologia\/wp-json\/wp\/v2\/pages\/94\/revisions\/7678"}],"up":[{"embeddable":true,"href":"https:\/\/semmelweis.hu\/klinikai-pszichologia\/wp-json\/wp\/v2\/pages\/8"}],"wp:attachment":[{"href":"https:\/\/semmelweis.hu\/klinikai-pszichologia\/wp-json\/wp\/v2\/media?parent=94"}],"wp:term":[{"taxonomy":"category","embeddable":true,"href":"https:\/\/semmelweis.hu\/klinikai-pszichologia\/wp-json\/wp\/v2\/categories?post=94"},{"taxonomy":"post_tag","embeddable":true,"href":"https:\/\/semmelweis.hu\/klinikai-pszichologia\/wp-json\/wp\/v2\/tags?post=94"}],"curies":[{"name":"wp","href":"https:\/\/api.w.org\/{rel}","templated":true}]}}