{"id":83,"date":"2012-06-06T05:32:40","date_gmt":"2012-06-06T05:32:40","guid":{"rendered":"http:\/\/semmelweis-egyetem.hu\/klinikai-pszichologia\/?page_id=83"},"modified":"2026-05-06T09:37:15","modified_gmt":"2026-05-06T07:37:15","slug":"felveteli","status":"publish","type":"page","link":"https:\/\/semmelweis.hu\/klinikai-pszichologia\/oktatas\/felnott-es-gyermek-klinikai-es-mentalhigieniai-szakpszichologus-szakkepzes\/felveteli\/","title":{"rendered":"Rezidens felv\u00e9teli 2026"},"content":{"rendered":"<p style=\"text-align: center\"><strong>SEMMELWEIS EGYETEM, SEMMELWEIS EGYETEM PSZICHI\u00c1TRIAI \u00c9S PSZICHOTER\u00c1PI\u00c1S KLINIKA, KLINIKAI PSZICHOL\u00d3GIA TANSZ\u00c9K<\/strong><strong>\u00a0<\/strong><\/p>\n<p style=\"text-align: center\"><strong>P\u00c1LY\u00c1ZATI FELH\u00cdV\u00c1S<\/strong>\u00a0<strong>REZIDENS<\/strong><\/p>\n<p style=\"text-align: center\"><strong>\u00a0(\u00e1llamilag t\u00e1mogatott szakk\u00e9pz\u00e9si) helyekre a klinikai \u00e9s ment\u00e1lhigi\u00e9n\u00e9s szakpszichol\u00f3gia ter\u00fclet\u00e9n<\/strong><\/p>\n<p>&nbsp;<\/p>\n<p style=\"text-align: justify\">A Semmelweis Egyetem PPK Klinikai Pszichol\u00f3gia Tansz\u00e9k p\u00e1ly\u00e1zatot hirdet rezidensi \u00e1ll\u00e1shelyek bet\u00f6lt\u00e9s\u00e9re klinikai \u00e9s ment\u00e1lhigi\u00e9n\u00e9s szakpszichol\u00f3gus szakk\u00e9pz\u00e9sben.<\/p>\n<p><strong>K\u00e9pz\u00e9sek megnevez\u00e9se<\/strong><\/p>\n<ul>\n<li>feln\u0151tt klinikai \u00e9s ment\u00e1lhigi\u00e9niai szakpszichol\u00f3gia<\/li>\n<li>gyermek \u00e9s ifj\u00fas\u00e1gi klinikai \u00e9s ment\u00e1lhigi\u00e9niai szakpszichol\u00f3gia<\/li>\n<\/ul>\n<p style=\"text-align: justify\">Olyan p\u00e1ly\u00e1z\u00f3k jelentkez\u00e9s\u00e9t v\u00e1rjuk, akik szakmai p\u00e1lyafut\u00e1sukat egyetemi k\u00f6rnyezetben k\u00e9pzelik el, r\u00e9szben klinikai gy\u00f3gy\u00edt\u00f3 munk\u00e1t v\u00e9gezve, r\u00e9szben kutat\u00f3i \u00e9s oktat\u00f3i tev\u00e9kenys\u00e9get folytatva. El\u0151nyt \u00e9lveznek azok a p\u00e1ly\u00e1z\u00f3k, akik egyetemi tanulm\u00e1nyaikat kimagasl\u00f3 eredm\u00e9nnyel v\u00e9gzik, \u00e9s m\u00e1r az egyetemi \u00e9vek alatt is \u00e9rdekl\u0151d\u00e9st mutatnak mind a kutat\u00e1s (TDK, OTDK), mind a betegell\u00e1t\u00e1s (\u00f6nk\u00e9ntess\u00e9g klinikai k\u00f6rnyezetben) ir\u00e1nt, valamint elhivatottnak \u00e9rzik magukat komplex ismeretek elsaj\u00e1t\u00edt\u00e1s\u00e1ra az egyetemi oktat\u00e1s, kutat\u00e1s \u00e9s betegell\u00e1t\u00e1s ter\u00fclet\u00e9n.<\/p>\n<p style=\"text-align: justify\">A klinikai szakpszichol\u00f3gus rezidens foglalkoztat\u00e1s\u00e1t \u00e9s szakk\u00e9pz\u00e9s\u00e9t az Orsz\u00e1gos K\u00f3rh\u00e1zi F\u0151igazgat\u00f3s\u00e1g (OKF\u0150) finansz\u00edrozza, munkahelye a SE Pszichi\u00e1triai \u00e9s Pszichoter\u00e1pi\u00e1s Klinika, szakgyakorlat\u00e1t a Klinikai Pszichol\u00f3gia Tansz\u00e9k k\u00e9pz\u0151hely ir\u00e1ny\u00edt\u00e1s\u00e1val folytatja. A rezidens szakk\u00e9pz\u00e9se a Semmelweis Egyetem Szak- \u00e9s Tov\u00e1bbk\u00e9pz\u00e9si K\u00f6zpont (SZTOK) fel\u00fcgyelet\u00e9vel t\u00f6rt\u00e9nik a Semmelweis Egyetemen.<\/p>\n<p><strong>Bet\u00f6lthet\u0151 rezidensi helyek sz\u00e1ma: <\/strong>maximum <strong>5 f\u0151<\/strong><\/p>\n<p><strong>A k\u00e9pz\u00e9s id\u0151tartama: 48\u00a0h\u00f3nap (8 szemeszter)<\/strong><\/p>\n<p><strong>\u00a0Szakk\u00e9pz\u00e9s fel\u00e9p\u00edt\u00e9se<\/strong><\/p>\n<ul>\n<li><strong>elm\u00e9leti k\u00e9pz\u00e9s: intenz\u00edv<\/strong> elm\u00e9leti h\u00e9t t\u00f6mb\u00f6s\u00edtett form\u00e1ban, minden \u00e9vben a f\u00e9l\u00e9v elej\u00e9n<\/li>\n<li><strong>gyakorlati k\u00e9pz\u00e9s<\/strong>: 40 \u00f3ra b\u00e1zisgyakorlat \u2013 f\u00e9l\u00e9venk\u00e9nt 8 alkalom; 30 \u00f3ra k\u00e9szs\u00e9gfejleszt\u0151 gyakorlat \u2013 f\u00e9l\u00e9venk\u00e9nt 6 alkalom<\/li>\n<\/ul>\n<p style=\"text-align: justify\">Mind az elm\u00e9leti, mind gyakorlati k\u00e9pz\u00e9s szem\u00e9lyes jelenl\u00e9ttel zajlik a f\u00e9l\u00e9v sor\u00e1n el\u0151re egyeztetett id\u0151pontokban. \u00a0<\/p>\n<p style=\"text-align: justify\">Gyakorlati k\u00e9pz\u00e9si napok: csoportbeoszt\u00e1st\u00f3l f\u00fcgg\u0151en, \u00e1ltal\u00e1ban <strong>h\u00e9tf\u0151n<\/strong>, <strong>kedden vagy cs\u00fct\u00f6rt\u00f6k\u00f6n <\/strong>(v\u00e1rhat\u00f3an okt\u00f3bert\u0151l)<\/p>\n<p style=\"text-align: justify\">T\u00f6mb\u00f6s\u00edtett elm\u00e9leti h\u00e9t id\u0151pontja:<strong> 2026. szeptember 28 &#8211; okt\u00f3ber 4.<\/strong><\/p>\n<p><strong>A p\u00e1ly\u00e1zathoz a megadott sorrendben sz\u00fcks\u00e9ges mell\u00e9kelni az al\u00e1bbi dokumentumokat<\/strong><\/p>\n<p><strong>Nem hi\u00e1nyp\u00f3tolhat\u00f3 dokumentumok k\u00f6re<\/strong><\/p>\n<ul>\n<li><a href=\"https:\/\/semmelweis.hu\/klinikai-pszichologia\/files\/2026\/05\/SE_Rezidens_palyazati-urlap_2026.doc\">rezidens p\u00e1ly\u00e1zati \u0171rlap<\/a> (sz\u00e1m\u00edt\u00f3g\u00e9pen kit\u00f6lt\u00f6tt)\u00a0<\/li>\n<li><a href=\"https:\/\/semmelweis.hu\/klinikai-pszichologia\/files\/2026\/05\/SE_Rezidens_tobbletpont-szamito-urlap_2026.docx\">pontsz\u00e1m\u00edt\u00f3 t\u00e1bl\u00e1zat<\/a> (sz\u00e1m\u00edt\u00f3g\u00e9pen kit\u00f6lt\u00f6tt)\u00a0<\/li>\n<li>t\u00f6bbletpontok igazol\u00e1s\u00e1t al\u00e1t\u00e1maszt\u00f3 dokumentumok m\u00e1solata\u00a0(seg\u00e9dlet: <a href=\"https:\/\/semmelweis.hu\/klinikai-pszichologia\/files\/2026\/05\/SE_PhD-beszamitas-2025.10.31.pdf\">PhD besz\u00e1m\u00edt\u00e1s 2025.10.31<\/a>)<\/li>\n<li>f\u00e9nyk\u00e9pes, r\u00e9szletes \u00f6n\u00e9letrajz<\/li>\n<li>motiv\u00e1ci\u00f3s lev\u00e9l, amely alapj\u00e1n k\u00e9pet alkothatunk a jel\u00f6lt r\u00e1termetts\u00e9g\u00e9r\u0151l, szakmai t\u00e1j\u00e9kozotts\u00e1g\u00e1r\u00f3l, el\u0151k\u00e9pzetts\u00e9g\u00e9r\u0151l<\/li>\n<li>nyelvvizsga bizony\u00edtv\u00e1ny m\u00e1solata<\/li>\n<\/ul>\n<p><strong>Hi\u00e1nyp\u00f3tolhat\u00f3 dokumentumok k\u00f6re<\/strong><\/p>\n<ul>\n<li>BA \u00e9s MA \/ MSc fokozat\u00fa egyetemi pszichol\u00f3gus diploma, vagy osztatlan k\u00e9pz\u00e9sben szerzett pszichol\u00f3gus diploma a szakir\u00e1ny megjel\u00f6l\u00e9s\u00e9vel, k\u00fclf\u00f6ld\u00f6n szerzett v\u00e9gzetts\u00e9g eset\u00e9n a honos\u00edt\u00e1si hat\u00e1rozat m\u00e1solata (mindegyik diploma m\u00e1solata csatoland\u00f3)<\/li>\n<\/ul>\n<p><strong>A p\u00e1ly\u00e1zatok be\u00e9rkez\u00e9si hat\u00e1rideje: 2026. j\u00fanius 7. (vas\u00e1rnap)\u00a0\u00a0\u00a0\u00a0\u00a0\u00a0\u00a0\u00a0\u00a0 <\/strong><\/p>\n<p><strong>A hi\u00e1nyp\u00f3tolhat\u00f3 dokumentumok eset\u00e9ben egyszeri p\u00f3tl\u00e1sra van lehet\u0151s\u00e9g, melynek hat\u00e1rideje: 2026. j\u00falius 5. (vas\u00e1rnap)<\/strong><\/p>\n<p><strong>Felh\u00edvjuk figyelm\u00e9t, hogy a megadott hat\u00e1rid\u0151 ut\u00e1n be\u00e9rkezett \u00e9s a hi\u00e1nyos p\u00e1ly\u00e1zatokat nem \u00e1ll m\u00f3dunkban elfogadni!<\/strong><\/p>\n<p>A p\u00e1ly\u00e1zatot a Klinikai Pszichol\u00f3gia Tansz\u00e9k sz\u00e1m\u00e1ra kell eljuttatni az al\u00e1bbiak szerint:<\/p>\n<ul>\n<li style=\"text-align: justify\"><strong>a teljes p\u00e1ly\u00e1zatot elektronikus form\u00e1ban sz\u00fcks\u00e9ges beny\u00fajtani egyetlen PDF f\u00e1jlban\u00a0<\/strong>(PDF megnevez\u00e9se: N\u00e9v_Rezidens felv\u00e9teli_2026) a Tansz\u00e9k e-mail c\u00edm\u00e9re: <a href=\"mailto:pszichotanszek@semmelweis.hu\">pszichotanszek@semmelweis.hu<\/a>\u00a0 (lev\u00e9l t\u00e1rgya:\u00a0Rezidens felv\u00e9teli jelentkez\u00e9s 2026) K\u00e9rj\u00fck, a dokumentumokat a fentebb le\u00edrt sorrendbe \u00f6sszef\u0171zve k\u00fcldje meg r\u00e9sz\u00fcnkre!<\/li>\n<li><strong>tov\u00e1bb\u00e1, pap\u00edr alapon is k\u00e9rj\u00fck beny\u00fajtani <\/strong>\n<ul>\n<li style=\"text-align: justify\">postai \u00faton a Semmelweis Egyetem Klinikai Pszichol\u00f3gia Tansz\u00e9k 1428 Budapest, Pf. 2. postac\u00edmre, vagy<\/li>\n<li style=\"text-align: justify\">szem\u00e9lyesen (h\u00e9tf\u0151-cs\u00fct\u00f6rt\u00f6k 8:30-16:00, p\u00e9ntek 8:30-13:30) a Klinikai Pszichol\u00f3gia Tansz\u00e9k 1092 Budapest, \u00dcll\u0151i \u00fat 25. I. emeleti c\u00edmre.<\/li>\n<\/ul>\n<\/li>\n<\/ul>\n<p><strong>Felv\u00e9teli<\/strong><\/p>\n<p>A felv\u00e9teli elj\u00e1r\u00e1s\u00a0<u>k\u00e9t l\u00e9pcs\u0151ben<\/u>\u00a0zajlik. A bek\u00fcld\u00f6tt jelentkez\u00e9si anyagok alapj\u00e1n a legmagasabb pontsz\u00e1mot el\u00e9r\u0151 jelentkez\u0151k ker\u00fclhetnek be a m\u00e1sodik fordul\u00f3ba, ahol sz\u00f3beli felv\u00e9telin vesznek r\u00e9szt.\u00a0<strong>A felv\u00e9teli szem\u00e9lyes jelenl\u00e9ttel zajlik a ki\u00e9rtes\u00edtett id\u0151pontokban.<\/strong><\/p>\n<p><strong>Felv\u00e9teli besz\u00e9lget\u00e9s v\u00e1rhat\u00f3 ideje:<\/strong>\u00a0<strong>2026. j\u00falius 13-14-15.<\/strong><\/p>\n<p>A rezidensi helyekre p\u00e1ly\u00e1z\u00f3k beadhatj\u00e1k jelentkez\u00e9s\u00fcket a k\u00f6lts\u00e9gt\u00e9r\u00edt\u00e9ses klinikai szakpszichol\u00f3gus szakk\u00e9pz\u00e9sre is.<\/p>\n<p style=\"text-align: justify\">Tov\u00e1bbi inform\u00e1ci\u00f3\u00e9rt k\u00e9rj\u00fck, t\u00e1j\u00e9koz\u00f3djon az eg\u00e9szs\u00e9g\u00fcgyi fels\u0151fok\u00fa szakir\u00e1ny\u00fa szakk\u00e9pz\u00e9si rendszerrel kapcsolatos, jelenleg \u00e9rv\u00e9nyes rendeletekb\u0151l (162\/2015. (VI.30.) Korm\u00e1nyrendelet, a 22\/2012. EMMI (IX.14) rendelet, 16\/2010.(V.15.) E\u00fcM, 2020. \u00e9vi C. t\u00f6rv\u00e9ny a 530\/2020. (XI.28.) Korm\u00e1nyrendelet \u2013 valamint a Klinikai Pszichol\u00f3gia Tansz\u00e9k honlapj\u00e1n a K\u00e9pz\u00e9si Rendb\u0151l, valamint \u00e9rdekl\u0151dj\u00f6n a \u00a0+36 1\u00a0459 1500\/ 62361 telefonsz\u00e1mon vagy a <a href=\"mailto:pszichotanszek@med.semmelweis-univ.hu\">pszichotanszek@semmelweis.hu<\/a> email c\u00edmen.<\/p>\n<p>&nbsp;<\/p>\n<p>A v\u00e1ltoztat\u00e1s jog\u00e1t fenntartjuk.<\/p>\n","protected":false},"excerpt":{"rendered":"<p>SEMMELWEIS EGYETEM, SEMMELWEIS EGYETEM PSZICHI\u00c1TRIAI \u00c9S PSZICHOTER\u00c1PI\u00c1S KLINIKA, KLINIKAI PSZICHOL\u00d3GIA TANSZ\u00c9K\u00a0 P\u00c1LY\u00c1ZATI FELH\u00cdV\u00c1S\u00a0REZIDENS \u00a0(\u00e1llamilag t\u00e1mogatott szakk\u00e9pz\u00e9si) helyekre a klinikai \u00e9s ment\u00e1lhigi\u00e9n\u00e9s szakpszichol\u00f3gia ter\u00fclet\u00e9n &nbsp; A Semmelweis Egyetem PPK Klinikai Pszichol\u00f3gia Tansz\u00e9k p\u00e1ly\u00e1zatot hirdet rezidensi \u00e1ll\u00e1shelyek bet\u00f6lt\u00e9s\u00e9re klinikai \u00e9s ment\u00e1lhigi\u00e9n\u00e9s szakpszichol\u00f3gus szakk\u00e9pz\u00e9sben. K\u00e9pz\u00e9sek megnevez\u00e9se feln\u0151tt klinikai \u00e9s ment\u00e1lhigi\u00e9niai szakpszichol\u00f3gia gyermek \u00e9s ifj\u00fas\u00e1gi klinikai \u00e9s ment\u00e1lhigi\u00e9niai szakpszichol\u00f3gia &hellip;<\/p>\n","protected":false},"author":336,"featured_media":0,"parent":91,"menu_order":1,"comment_status":"closed","ping_status":"closed","template":"","meta":{"_acf_changed":false,"footnotes":""},"categories":[],"tags":[],"class_list":["post-83","page","type-page","status-publish","hentry"],"acf":[],"_links":{"self":[{"href":"https:\/\/semmelweis.hu\/klinikai-pszichologia\/wp-json\/wp\/v2\/pages\/83","targetHints":{"allow":["GET"]}}],"collection":[{"href":"https:\/\/semmelweis.hu\/klinikai-pszichologia\/wp-json\/wp\/v2\/pages"}],"about":[{"href":"https:\/\/semmelweis.hu\/klinikai-pszichologia\/wp-json\/wp\/v2\/types\/page"}],"author":[{"embeddable":true,"href":"https:\/\/semmelweis.hu\/klinikai-pszichologia\/wp-json\/wp\/v2\/users\/336"}],"replies":[{"embeddable":true,"href":"https:\/\/semmelweis.hu\/klinikai-pszichologia\/wp-json\/wp\/v2\/comments?post=83"}],"version-history":[{"count":10,"href":"https:\/\/semmelweis.hu\/klinikai-pszichologia\/wp-json\/wp\/v2\/pages\/83\/revisions"}],"predecessor-version":[{"id":8135,"href":"https:\/\/semmelweis.hu\/klinikai-pszichologia\/wp-json\/wp\/v2\/pages\/83\/revisions\/8135"}],"up":[{"embeddable":true,"href":"https:\/\/semmelweis.hu\/klinikai-pszichologia\/wp-json\/wp\/v2\/pages\/91"}],"wp:attachment":[{"href":"https:\/\/semmelweis.hu\/klinikai-pszichologia\/wp-json\/wp\/v2\/media?parent=83"}],"wp:term":[{"taxonomy":"category","embeddable":true,"href":"https:\/\/semmelweis.hu\/klinikai-pszichologia\/wp-json\/wp\/v2\/categories?post=83"},{"taxonomy":"post_tag","embeddable":true,"href":"https:\/\/semmelweis.hu\/klinikai-pszichologia\/wp-json\/wp\/v2\/tags?post=83"}],"curies":[{"name":"wp","href":"https:\/\/api.w.org\/{rel}","templated":true}]}}