{"id":8159,"date":"2026-05-06T14:31:48","date_gmt":"2026-05-06T12:31:48","guid":{"rendered":"https:\/\/semmelweis.hu\/klinikai-pszichologia\/?page_id=8159"},"modified":"2026-05-06T14:37:29","modified_gmt":"2026-05-06T12:37:29","slug":"intenziv-kognitiv-viselkedesterapias-csoport-panikbetegek-reszere","status":"publish","type":"page","link":"https:\/\/semmelweis.hu\/klinikai-pszichologia\/intenziv-kognitiv-viselkedesterapias-csoport-panikbetegek-reszere\/","title":{"rendered":"Intenz\u00edv kognit\u00edv-viselked\u00e9ster\u00e1pi\u00e1s csoport p\u00e1nikbetegek r\u00e9sz\u00e9re"},"content":{"rendered":"<p><img loading=\"lazy\" decoding=\"async\" class=\"size-full wp-image-8151 aligncenter\" src=\"https:\/\/semmelweis.hu\/klinikai-pszichologia\/files\/2026\/05\/Panik_hirdetes_jpg_ebeutalo_V2.jpg\" alt=\"\" width=\"940\" height=\"788\" srcset=\"https:\/\/semmelweis.hu\/klinikai-pszichologia\/files\/2026\/05\/Panik_hirdetes_jpg_ebeutalo_V2.jpg 940w, https:\/\/semmelweis.hu\/klinikai-pszichologia\/files\/2026\/05\/Panik_hirdetes_jpg_ebeutalo_V2-400x335.jpg 400w, https:\/\/semmelweis.hu\/klinikai-pszichologia\/files\/2026\/05\/Panik_hirdetes_jpg_ebeutalo_V2-768x644.jpg 768w, https:\/\/semmelweis.hu\/klinikai-pszichologia\/files\/2026\/05\/Panik_hirdetes_jpg_ebeutalo_V2-753x631.jpg 753w\" sizes=\"auto, (max-width: 940px) 100vw, 940px\" \/><\/p>\n<p style=\"text-align: center\">Tov\u00e1bbi inform\u00e1ci\u00f3k a <a href=\"https:\/\/semmelweis.hu\/klinikai-pszichologia\/betegellatas-es-szakmai-profilok\/a-szakambulancian-ellatott-psziches-megbetegedesek\/csoportterapiak\/\">Betegell\u00e1t\u00e1s\/csoportter\u00e1pi\u00e1k<\/a> men\u00fcpontban olvashat\u00f3k.\u00a0<\/p>\n<p>&nbsp;<\/p>\n","protected":false},"excerpt":{"rendered":"<p>Tov\u00e1bbi inform\u00e1ci\u00f3k a <a href=\"https:\/\/semmelweis.hu\/klinikai-pszichologia\/betegellatas-es-szakmai-profilok\/a-szakambulancian-ellatott-psziches-megbetegedesek\/csoportterapiak\/\">Betegell\u00e1t\u00e1s\/csoportter\u00e1pi\u00e1k<\/a> men\u00fcpontban olvashat\u00f3k.\u00a0<br \/>\n&nbsp;<\/p>\n","protected":false},"author":102555,"featured_media":0,"parent":0,"menu_order":0,"comment_status":"closed","ping_status":"closed","template":"","meta":{"_acf_changed":false,"footnotes":""},"categories":[9,6],"tags":[],"class_list":["post-8159","page","type-page","status-publish","hentry","category-csoport","category-hirek"],"acf":[],"_links":{"self":[{"href":"https:\/\/semmelweis.hu\/klinikai-pszichologia\/wp-json\/wp\/v2\/pages\/8159","targetHints":{"allow":["GET"]}}],"collection":[{"href":"https:\/\/semmelweis.hu\/klinikai-pszichologia\/wp-json\/wp\/v2\/pages"}],"about":[{"href":"https:\/\/semmelweis.hu\/klinikai-pszichologia\/wp-json\/wp\/v2\/types\/page"}],"author":[{"embeddable":true,"href":"https:\/\/semmelweis.hu\/klinikai-pszichologia\/wp-json\/wp\/v2\/users\/102555"}],"replies":[{"embeddable":true,"href":"https:\/\/semmelweis.hu\/klinikai-pszichologia\/wp-json\/wp\/v2\/comments?post=8159"}],"version-history":[{"count":4,"href":"https:\/\/semmelweis.hu\/klinikai-pszichologia\/wp-json\/wp\/v2\/pages\/8159\/revisions"}],"predecessor-version":[{"id":8163,"href":"https:\/\/semmelweis.hu\/klinikai-pszichologia\/wp-json\/wp\/v2\/pages\/8159\/revisions\/8163"}],"wp:attachment":[{"href":"https:\/\/semmelweis.hu\/klinikai-pszichologia\/wp-json\/wp\/v2\/media?parent=8159"}],"wp:term":[{"taxonomy":"category","embeddable":true,"href":"https:\/\/semmelweis.hu\/klinikai-pszichologia\/wp-json\/wp\/v2\/categories?post=8159"},{"taxonomy":"post_tag","embeddable":true,"href":"https:\/\/semmelweis.hu\/klinikai-pszichologia\/wp-json\/wp\/v2\/tags?post=8159"}],"curies":[{"name":"wp","href":"https:\/\/api.w.org\/{rel}","templated":true}]}}