{"id":8141,"date":"2026-05-06T10:15:28","date_gmt":"2026-05-06T08:15:28","guid":{"rendered":"https:\/\/semmelweis.hu\/klinikai-pszichologia\/?page_id=8141"},"modified":"2026-05-06T10:19:38","modified_gmt":"2026-05-06T08:19:38","slug":"legyel-te-is-klinikai-szakpszichologus","status":"publish","type":"page","link":"https:\/\/semmelweis.hu\/klinikai-pszichologia\/legyel-te-is-klinikai-szakpszichologus\/","title":{"rendered":"Legy\u00e9l Te is KLINIKAI SZAKPSZICHOL\u00d3GUS!"},"content":{"rendered":"<p>&nbsp;<\/p>\n<p><img loading=\"lazy\" decoding=\"async\" class=\"size-full wp-image-8142 aligncenter\" src=\"https:\/\/semmelweis.hu\/klinikai-pszichologia\/files\/2026\/05\/Honlap_SE_Felveteli-hirdetes_onkoltseg.png\" alt=\"\" width=\"1280\" height=\"720\" srcset=\"https:\/\/semmelweis.hu\/klinikai-pszichologia\/files\/2026\/05\/Honlap_SE_Felveteli-hirdetes_onkoltseg.png 1280w, https:\/\/semmelweis.hu\/klinikai-pszichologia\/files\/2026\/05\/Honlap_SE_Felveteli-hirdetes_onkoltseg-400x225.png 400w, https:\/\/semmelweis.hu\/klinikai-pszichologia\/files\/2026\/05\/Honlap_SE_Felveteli-hirdetes_onkoltseg-1024x576.png 1024w, https:\/\/semmelweis.hu\/klinikai-pszichologia\/files\/2026\/05\/Honlap_SE_Felveteli-hirdetes_onkoltseg-768x432.png 768w, https:\/\/semmelweis.hu\/klinikai-pszichologia\/files\/2026\/05\/Honlap_SE_Felveteli-hirdetes_onkoltseg-753x424.png 753w\" sizes=\"auto, (max-width: 1280px) 100vw, 1280px\" \/><\/p>\n<p style=\"text-align: justify\">C\u00e9lunk olyan szakemberek k\u00e9pz\u00e9se, akik k\u00e9pesek felismerni, felm\u00e9rni \u00e9s kezelni a pszich\u00e9s, \u00e9rzelmi \u00e9s viselked\u00e9si zavarokat, \u00e9s k\u00e9pesek bizony\u00edt\u00e9kokon alapul\u00f3 alappszichoter\u00e1pi\u00e1s intervenci\u00f3k alkalmaz\u00e1s\u00e1ra, ter\u00e1pi\u00e1s terv k\u00e9sz\u00edt\u00e9s\u00e9re.\u00a0<\/p>\n<p style=\"text-align: justify\"><strong>\u00a0K\u00e9pz\u00e9sek megnevez\u00e9se<\/strong><\/p>\n<ul style=\"text-align: justify\">\n<li>feln\u0151tt klinikai \u00e9s ment\u00e1lhigi\u00e9niai szakpszichol\u00f3gia<\/li>\n<li>gyermek \u00e9s ifj\u00fas\u00e1gi klinikai \u00e9s ment\u00e1lhigi\u00e9niai szakpszichol\u00f3gia<\/li>\n<\/ul>\n<p style=\"text-align: justify\"><strong>\u00a0A k\u00e9pz\u00e9s id\u0151tartama 48 h\u00f3nap (8 szemeszter)<\/strong><\/p>\n<p style=\"text-align: justify\"><strong>Tand\u00edj<\/strong><\/p>\n<p style=\"text-align: justify\">V\u00e1rhat\u00f3an<strong> 330\u00a0000 Ft\/ f\u00e9l\u00e9v <\/strong>(jelenleg az Egyetemek gr\u00e9miumai k\u00f6z\u00f6tt egyeztet\u00e9s zajlik)<\/p>\n<p style=\"text-align: justify\"><strong>Munkahely\u00a0 \u00a0<\/strong><\/p>\n<p style=\"text-align: justify\">A k\u00f6lts\u00e9gt\u00e9r\u00edt\u00e9ses szakk\u00e9pz\u00e9s keret\u00e9ben a jel\u00f6lt a munk\u00e1ltat\u00f3j\u00e1val\u2013 az eg\u00e9szs\u00e9g\u00fcgyi tev\u00e9kenys\u00e9g v\u00e9gz\u00e9s\u00e9nek egyes k\u00e9rd\u00e9seir\u0151l sz\u00f3l\u00f3 2003. \u00e9vi LXXXIV. t\u00f6rv\u00e9ny (a tov\u00e1bbiakban: E\u00fctev.) 17. \u00a7 (7) bekezd\u00e9s\u00e9ben foglaltakra figyelemmel \u2013 az E\u00fctev. 7. \u00a7 (2) szerinti foglalkoztat\u00e1sra ir\u00e1nyul\u00f3 jogviszonyt l\u00e9tes\u00edt.<\/p>\n<p style=\"text-align: justify\">A szakk\u00e9pz\u00e9sre csak alkalmazotti jogviszonyt fogadunk el. V\u00e1llalkoz\u00f3i, megb\u00edz\u00e1si, \u00f6nk\u00e9ntes jogviszonyb\u00f3l nem fogadunk jel\u00f6lteket.<\/p>\n<p style=\"text-align: justify\">A 2025\/26-os tan\u00e9v \u00f3ta lehet\u0151s\u00e9g van a budapesti k\u00e9pz\u00e9st is akkredit\u00e1lt rendel\u0151ben val\u00f3 munkaviszony eset\u00e9n v\u00e9gezni, azonban tekintettel a jogszab\u00e1lyi k\u00f6rnyezetre (\u00e1llami eg\u00e9szs\u00e9g\u00fcgyben k\u00e9t \u00e9ven bel\u00fcl k\u00f6telez\u0151 megkezdeni a szakk\u00e9pz\u00e9st) illetve, hogy a k\u00e9pz\u00e9s alapj\u00e1t k\u00e9pez\u0151 folyamatos szakmai gyakorlati ismeretek fekv\u0151beteg oszt\u00e1lyon, els\u0151sorban pszichi\u00e1tri\u00e1n saj\u00e1t\u00edthat\u00f3k el, a felv\u00e9telin\u00e9l el\u0151nyben r\u00e9szes\u00edtj\u00fck:<\/p>\n<ol style=\"text-align: justify\">\n<li>\u00e1llami fenntart\u00e1s\u00fa pszichi\u00e1tria fekv\u0151beteg ell\u00e1t\u00e1s<\/li>\n<li>\u00e1llami fenntart\u00e1s\u00fa pszichi\u00e1tria ambul\u00e1ns ell\u00e1t\u00e1s<\/li>\n<li>\u00e1llami\/ egyh\u00e1zi fenntart\u00e1s\u00fa munkahely<\/li>\n<\/ol>\n<p style=\"text-align: justify\"><strong>Jelentkez\u00e9si hat\u00e1rid\u0151 2026. augusztus 07. (p\u00e9ntek)<\/strong><\/p>\n<p style=\"text-align: justify\"><strong>Felv\u00e9teli besz\u00e9lget\u00e9s v\u00e1rhat\u00f3 ideje 2026. augusztus 25-26-27.<\/strong><\/p>\n<p style=\"text-align: justify\">Tov\u00e1bbi inform\u00e1ci\u00f3\u00e9rt k\u00e9rj\u00fck, t\u00e1j\u00e9koz\u00f3djon a Klinikai Pszichol\u00f3gia Tansz\u00e9k honlapj\u00e1n a <a href=\"https:\/\/semmelweis.hu\/klinikai-pszichologia\/oktatas\/felnott-es-gyermek-klinikai-es-mentalhigieniai-szakpszichologus-szakkepzes\/koltsegteriteses-klinikai-szakpszichologus-szakkepzes_felveteli\/\">K\u00f6lts\u00e9gt\u00e9r\u00edt\u00e9ses klinikai szakpszichol\u00f3gus szakk\u00e9pz\u00e9s felv\u00e9teli 2026<\/a> men\u00fcpont alatt, valamint \u00e9rdekl\u0151dj\u00f6n a \u00a0+36 1 459 1500\/ 62361 telefonsz\u00e1mon vagy a <a href=\"mailto:pszichotanszek@med.semmelweis-univ.hu\">pszichotanszek@semmelweis.hu<\/a> email c\u00edmen.<\/p>\n","protected":false},"excerpt":{"rendered":"<p>&nbsp; C\u00e9lunk olyan szakemberek k\u00e9pz\u00e9se, akik k\u00e9pesek felismerni, felm\u00e9rni \u00e9s kezelni a pszich\u00e9s, \u00e9rzelmi \u00e9s viselked\u00e9si zavarokat, \u00e9s k\u00e9pesek bizony\u00edt\u00e9kokon alapul\u00f3 alappszichoter\u00e1pi\u00e1s intervenci\u00f3k alkalmaz\u00e1s\u00e1ra, ter\u00e1pi\u00e1s terv k\u00e9sz\u00edt\u00e9s\u00e9re.\u00a0 \u00a0K\u00e9pz\u00e9sek megnevez\u00e9se feln\u0151tt klinikai \u00e9s ment\u00e1lhigi\u00e9niai szakpszichol\u00f3gia gyermek \u00e9s ifj\u00fas\u00e1gi klinikai \u00e9s ment\u00e1lhigi\u00e9niai szakpszichol\u00f3gia \u00a0A k\u00e9pz\u00e9s id\u0151tartama 48 h\u00f3nap (8 szemeszter) Tand\u00edj V\u00e1rhat\u00f3an 330\u00a0000 Ft\/ f\u00e9l\u00e9v (jelenleg az &hellip;<\/p>\n","protected":false},"author":102555,"featured_media":0,"parent":0,"menu_order":0,"comment_status":"closed","ping_status":"closed","template":"","meta":{"_acf_changed":false,"footnotes":""},"categories":[6,7],"tags":[],"class_list":["post-8141","page","type-page","status-publish","hentry","category-hirek","category-kepzesek"],"acf":[],"_links":{"self":[{"href":"https:\/\/semmelweis.hu\/klinikai-pszichologia\/wp-json\/wp\/v2\/pages\/8141","targetHints":{"allow":["GET"]}}],"collection":[{"href":"https:\/\/semmelweis.hu\/klinikai-pszichologia\/wp-json\/wp\/v2\/pages"}],"about":[{"href":"https:\/\/semmelweis.hu\/klinikai-pszichologia\/wp-json\/wp\/v2\/types\/page"}],"author":[{"embeddable":true,"href":"https:\/\/semmelweis.hu\/klinikai-pszichologia\/wp-json\/wp\/v2\/users\/102555"}],"replies":[{"embeddable":true,"href":"https:\/\/semmelweis.hu\/klinikai-pszichologia\/wp-json\/wp\/v2\/comments?post=8141"}],"version-history":[{"count":6,"href":"https:\/\/semmelweis.hu\/klinikai-pszichologia\/wp-json\/wp\/v2\/pages\/8141\/revisions"}],"predecessor-version":[{"id":8148,"href":"https:\/\/semmelweis.hu\/klinikai-pszichologia\/wp-json\/wp\/v2\/pages\/8141\/revisions\/8148"}],"wp:attachment":[{"href":"https:\/\/semmelweis.hu\/klinikai-pszichologia\/wp-json\/wp\/v2\/media?parent=8141"}],"wp:term":[{"taxonomy":"category","embeddable":true,"href":"https:\/\/semmelweis.hu\/klinikai-pszichologia\/wp-json\/wp\/v2\/categories?post=8141"},{"taxonomy":"post_tag","embeddable":true,"href":"https:\/\/semmelweis.hu\/klinikai-pszichologia\/wp-json\/wp\/v2\/tags?post=8141"}],"curies":[{"name":"wp","href":"https:\/\/api.w.org\/{rel}","templated":true}]}}