{"id":8136,"date":"2026-05-06T10:04:19","date_gmt":"2026-05-06T08:04:19","guid":{"rendered":"https:\/\/semmelweis.hu\/klinikai-pszichologia\/?page_id=8136"},"modified":"2026-05-06T13:32:55","modified_gmt":"2026-05-06T11:32:55","slug":"legyel-te-is-klinikai-szakpszichologus-rezidens-a-semmelweis-egyetemen","status":"publish","type":"page","link":"https:\/\/semmelweis.hu\/klinikai-pszichologia\/legyel-te-is-klinikai-szakpszichologus-rezidens-a-semmelweis-egyetemen\/","title":{"rendered":"Legy\u00e9l Te is KLINIKAI SZAKPSZICHOL\u00d3GUS REZIDENS a Semmelweis Egyetemen!"},"content":{"rendered":"<p><img loading=\"lazy\" decoding=\"async\" class=\"size-full wp-image-8137 aligncenter\" src=\"https:\/\/semmelweis.hu\/klinikai-pszichologia\/files\/2026\/05\/Honlap_SE_Felveteli-hirdetesek_rezidens.png\" alt=\"\" width=\"1280\" height=\"720\" srcset=\"https:\/\/semmelweis.hu\/klinikai-pszichologia\/files\/2026\/05\/Honlap_SE_Felveteli-hirdetesek_rezidens.png 1280w, https:\/\/semmelweis.hu\/klinikai-pszichologia\/files\/2026\/05\/Honlap_SE_Felveteli-hirdetesek_rezidens-400x225.png 400w, https:\/\/semmelweis.hu\/klinikai-pszichologia\/files\/2026\/05\/Honlap_SE_Felveteli-hirdetesek_rezidens-1024x576.png 1024w, https:\/\/semmelweis.hu\/klinikai-pszichologia\/files\/2026\/05\/Honlap_SE_Felveteli-hirdetesek_rezidens-768x432.png 768w, https:\/\/semmelweis.hu\/klinikai-pszichologia\/files\/2026\/05\/Honlap_SE_Felveteli-hirdetesek_rezidens-753x424.png 753w\" sizes=\"auto, (max-width: 1280px) 100vw, 1280px\" \/><\/p>\n<p>&nbsp;<\/p>\n<p style=\"text-align: justify\">A Semmelweis Egyetem PPK Klinikai Pszichol\u00f3gia Tansz\u00e9k p\u00e1ly\u00e1zatot hirdet rezidensi \u00e1ll\u00e1shelyek bet\u00f6lt\u00e9s\u00e9re klinikai \u00e9s ment\u00e1lhigi\u00e9n\u00e9s szakpszichol\u00f3gus szakk\u00e9pz\u00e9sben.<\/p>\n<p><strong>K\u00e9pz\u00e9sek megnevez\u00e9se<\/strong><\/p>\n<ul>\n<li>feln\u0151tt klinikai \u00e9s ment\u00e1lhigi\u00e9niai szakpszichol\u00f3gia<\/li>\n<li>gyermek \u00e9s ifj\u00fas\u00e1gi klinikai \u00e9s ment\u00e1lhigi\u00e9niai szakpszichol\u00f3gia<\/li>\n<\/ul>\n<p style=\"text-align: justify\">Olyan p\u00e1ly\u00e1z\u00f3k jelentkez\u00e9s\u00e9t v\u00e1rjuk, akik szakmai p\u00e1lyafut\u00e1sukat egyetemi k\u00f6rnyezetben k\u00e9pzelik el, r\u00e9szben klinikai gy\u00f3gy\u00edt\u00f3 munk\u00e1t v\u00e9gezve, r\u00e9szben kutat\u00f3i \u00e9s oktat\u00f3i tev\u00e9kenys\u00e9get folytatva. El\u0151nyt \u00e9lveznek azok a p\u00e1ly\u00e1z\u00f3k, akik egyetemi tanulm\u00e1nyaikat kimagasl\u00f3 eredm\u00e9nnyel v\u00e9gzik, \u00e9s m\u00e1r az egyetemi \u00e9vek alatt is \u00e9rdekl\u0151d\u00e9st mutatnak mind a kutat\u00e1s (TDK, OTDK), mind a betegell\u00e1t\u00e1s (\u00f6nk\u00e9ntess\u00e9g klinikai k\u00f6rnyezetben) ir\u00e1nt, valamint elhivatottnak \u00e9rzik magukat komplex ismeretek elsaj\u00e1t\u00edt\u00e1s\u00e1ra az egyetemi oktat\u00e1s, kutat\u00e1s \u00e9s betegell\u00e1t\u00e1s ter\u00fclet\u00e9n.<\/p>\n<p style=\"text-align: justify\">A klinikai szakpszichol\u00f3gus rezidens foglalkoztat\u00e1s\u00e1t \u00e9s szakk\u00e9pz\u00e9s\u00e9t az Orsz\u00e1gos K\u00f3rh\u00e1zi F\u0151igazgat\u00f3s\u00e1g (OKF\u0150) finansz\u00edrozza, munkahelye a SE Pszichi\u00e1triai \u00e9s Pszichoter\u00e1pi\u00e1s Klinika, szakgyakorlat\u00e1t a Klinikai Pszichol\u00f3gia Tansz\u00e9k k\u00e9pz\u0151hely ir\u00e1ny\u00edt\u00e1s\u00e1val folytatja. A rezidens szakk\u00e9pz\u00e9se a Semmelweis Egyetem Szak- \u00e9s Tov\u00e1bbk\u00e9pz\u00e9si K\u00f6zpont (SZTOK) fel\u00fcgyelet\u00e9vel t\u00f6rt\u00e9nik a Semmelweis Egyetemen.<\/p>\n<p><strong>Bet\u00f6lthet\u0151 rezidensi helyek sz\u00e1ma <\/strong>maximum <strong>5 f\u0151<\/strong><\/p>\n<p>A p\u00e1ly\u00e1zatok be\u00e9rkez\u00e9si hat\u00e1rideje:<strong> 2026. j\u00fanius 7. (vas\u00e1rnap)<\/strong><\/p>\n<p><strong>Sz\u00f3beli felv\u00e9teli id\u0151pontja:<\/strong>\u00a0<strong>2026. j\u00falius 13-14-15.<\/strong><\/p>\n<p>Tov\u00e1bbi inform\u00e1ci\u00f3\u00e9rt k\u00e9rj\u00fck, t\u00e1j\u00e9koz\u00f3djon a Klinikai Pszichol\u00f3gia Tansz\u00e9k honlapj\u00e1n az <a href=\"https:\/\/semmelweis.hu\/klinikai-pszichologia\/oktatas\/felnott-es-gyermek-klinikai-es-mentalhigieniai-szakpszichologus-szakkepzes\/felveteli\/\">Rezidens felv\u00e9teli 2026<\/a> men\u00fcpont alatt,\u00a0 valamint \u00e9rdekl\u0151dj\u00f6n a +36 1 459 1500\/ 62361 telefonsz\u00e1mon vagy a <a href=\"mailto:pszichotanszek@semmelweis.hu\">pszichotanszek@semmelweis.hu<\/a> email c\u00edmen.<\/p>\n","protected":false},"excerpt":{"rendered":"<p>&nbsp; A Semmelweis Egyetem PPK Klinikai Pszichol\u00f3gia Tansz\u00e9k p\u00e1ly\u00e1zatot hirdet rezidensi \u00e1ll\u00e1shelyek bet\u00f6lt\u00e9s\u00e9re klinikai \u00e9s ment\u00e1lhigi\u00e9n\u00e9s szakpszichol\u00f3gus szakk\u00e9pz\u00e9sben. K\u00e9pz\u00e9sek megnevez\u00e9se feln\u0151tt klinikai \u00e9s ment\u00e1lhigi\u00e9niai szakpszichol\u00f3gia gyermek \u00e9s ifj\u00fas\u00e1gi klinikai \u00e9s ment\u00e1lhigi\u00e9niai szakpszichol\u00f3gia Olyan p\u00e1ly\u00e1z\u00f3k jelentkez\u00e9s\u00e9t v\u00e1rjuk, akik szakmai p\u00e1lyafut\u00e1sukat egyetemi k\u00f6rnyezetben k\u00e9pzelik el, r\u00e9szben klinikai gy\u00f3gy\u00edt\u00f3 munk\u00e1t v\u00e9gezve, r\u00e9szben kutat\u00f3i \u00e9s oktat\u00f3i tev\u00e9kenys\u00e9get folytatva. El\u0151nyt &hellip;<\/p>\n","protected":false},"author":102555,"featured_media":0,"parent":0,"menu_order":0,"comment_status":"closed","ping_status":"closed","template":"","meta":{"_acf_changed":false,"footnotes":""},"categories":[6,7],"tags":[],"class_list":["post-8136","page","type-page","status-publish","hentry","category-hirek","category-kepzesek"],"acf":[],"_links":{"self":[{"href":"https:\/\/semmelweis.hu\/klinikai-pszichologia\/wp-json\/wp\/v2\/pages\/8136","targetHints":{"allow":["GET"]}}],"collection":[{"href":"https:\/\/semmelweis.hu\/klinikai-pszichologia\/wp-json\/wp\/v2\/pages"}],"about":[{"href":"https:\/\/semmelweis.hu\/klinikai-pszichologia\/wp-json\/wp\/v2\/types\/page"}],"author":[{"embeddable":true,"href":"https:\/\/semmelweis.hu\/klinikai-pszichologia\/wp-json\/wp\/v2\/users\/102555"}],"replies":[{"embeddable":true,"href":"https:\/\/semmelweis.hu\/klinikai-pszichologia\/wp-json\/wp\/v2\/comments?post=8136"}],"version-history":[{"count":4,"href":"https:\/\/semmelweis.hu\/klinikai-pszichologia\/wp-json\/wp\/v2\/pages\/8136\/revisions"}],"predecessor-version":[{"id":8149,"href":"https:\/\/semmelweis.hu\/klinikai-pszichologia\/wp-json\/wp\/v2\/pages\/8136\/revisions\/8149"}],"wp:attachment":[{"href":"https:\/\/semmelweis.hu\/klinikai-pszichologia\/wp-json\/wp\/v2\/media?parent=8136"}],"wp:term":[{"taxonomy":"category","embeddable":true,"href":"https:\/\/semmelweis.hu\/klinikai-pszichologia\/wp-json\/wp\/v2\/categories?post=8136"},{"taxonomy":"post_tag","embeddable":true,"href":"https:\/\/semmelweis.hu\/klinikai-pszichologia\/wp-json\/wp\/v2\/tags?post=8136"}],"curies":[{"name":"wp","href":"https:\/\/api.w.org\/{rel}","templated":true}]}}