{"id":8099,"date":"2026-04-22T15:22:53","date_gmt":"2026-04-22T13:22:53","guid":{"rendered":"https:\/\/semmelweis.hu\/klinikai-pszichologia\/?page_id=8099"},"modified":"2026-04-22T16:30:06","modified_gmt":"2026-04-22T14:30:06","slug":"8099-2","status":"publish","type":"page","link":"https:\/\/semmelweis.hu\/klinikai-pszichologia\/betegellatas-es-szakmai-profilok\/a-szakambulancian-ellatott-psziches-megbetegedesek\/8099-2\/","title":{"rendered":"Csal\u00e1dter\u00e1pi\u00e1s ell\u00e1t\u00e1s a MOL-\u00daj Eur\u00f3pa Alap\u00edtv\u00e1ny t\u00e1mogat\u00e1s\u00e1val"},"content":{"rendered":"<p><img loading=\"lazy\" decoding=\"async\" class=\"alignnone  wp-image-8100\" src=\"https:\/\/semmelweis.hu\/klinikai-pszichologia\/files\/2026\/04\/MUEA_logo_rgb_zold.png\" alt=\"\" width=\"336\" height=\"142\" srcset=\"https:\/\/semmelweis.hu\/klinikai-pszichologia\/files\/2026\/04\/MUEA_logo_rgb_zold.png 1181w, https:\/\/semmelweis.hu\/klinikai-pszichologia\/files\/2026\/04\/MUEA_logo_rgb_zold-400x169.png 400w, https:\/\/semmelweis.hu\/klinikai-pszichologia\/files\/2026\/04\/MUEA_logo_rgb_zold-1024x433.png 1024w, https:\/\/semmelweis.hu\/klinikai-pszichologia\/files\/2026\/04\/MUEA_logo_rgb_zold-768x324.png 768w, https:\/\/semmelweis.hu\/klinikai-pszichologia\/files\/2026\/04\/MUEA_logo_rgb_zold-753x318.png 753w\" sizes=\"auto, (max-width: 336px) 100vw, 336px\" \/><\/p>\n<p style=\"text-align: justify\"><strong>\u201eCSER\u00c9P\u201d &#8211; Csal\u00e1dter\u00e1pi\u00e1s Ell\u00e1t\u00e1s Rendszerszeml\u00e9let\u0171 Pszichoter\u00e1pi\u00e1ban a Semmelweis Egyetem Pszichi\u00e1triai \u00e9s Pszichoter\u00e1pi\u00e1s Klinika, Klinikai Pszichol\u00f3gia Tansz\u00e9k Szakambulanci\u00e1j\u00e1n\u201d <\/strong><\/p>\n<p style=\"text-align: justify\">A serd\u00fcl\u0151kor a fejl\u0151d\u00e9s egyik leg\u00e9rz\u00e9kenyebb \u00e9letszakasza, amelyben egyszerre jelennek meg az identit\u00e1skeres\u00e9s, az \u00f6n\u00e1ll\u00f3sod\u00e1s, a lev\u00e1l\u00e1s \u00e9s a kapcsolati mint\u00e1k \u00fajrarendez\u0151d\u00e9s\u00e9nek feladatai. Ebben az id\u0151szakban sz\u00e1mos pszichi\u00e1triai zavar t\u00fcnetei is megjelenhetnek. Szakambulanci\u00e1nkon eddig els\u0151sorban egy\u00e9ni ter\u00e1pi\u00e1s folyamatok, csoportter\u00e1pi\u00e1k, illetve ezek kombin\u00e1ci\u00f3i voltak el\u00e9rhet\u0151k. A nemzetk\u00f6zi aj\u00e1nl\u00e1sok alapj\u00e1n bizonyos k\u00f3rk\u00e9pek eset\u00e9n azonban a csal\u00e1dter\u00e1pia az els\u0151dlegesen v\u00e1lasztand\u00f3 ell\u00e1t\u00e1si forma, tov\u00e1bb\u00e1 a csal\u00e1dter\u00e1pia az els\u0151dleges kezel\u00e9si forma mellett az egy\u00e9ni- \u00e9s csoportter\u00e1pi\u00e1k kieg\u00e9sz\u00edt\u0151jek\u00e9nt is fontos lehet, mivel hat\u00e1sa addit\u00edv, nem konkurens az egy\u00e9ni kezel\u00e9ssel.<\/p>\n<p style=\"text-align: justify\">A csal\u00e1dter\u00e1pia abb\u00f3l indul ki, hogy a neh\u00e9zs\u00e9gek gyakran nem kiz\u00e1r\u00f3lag egy\u00e9ni szinten \u00e9rtelmezhet\u0151k. A t\u00fcnetek kialakul\u00e1s\u00e1ban \u00e9s fennmarad\u00e1s\u00e1ban szerepet j\u00e1tszhatnak a csal\u00e1don bel\u00fcli kommunik\u00e1ci\u00f3s mint\u00e1k, a konfliktusok kezel\u00e9se, a hat\u00e1rok rugalmass\u00e1ga vagy merevs\u00e9ge, vagy a megterhel\u0151 \u00e9lethelyzetekhez val\u00f3 csal\u00e1di alkalmazkod\u00e1s neh\u00e9zs\u00e9gei. A folyamat sor\u00e1n nem hib\u00e1st keres\u00fcnk, hanem k\u00f6z\u00f6sen dolgozunk azon, hogy a csal\u00e1d saj\u00e1t er\u0151forr\u00e1sai mozg\u00f3s\u00edthat\u00f3v\u00e1 v\u00e1ljanak. A csal\u00e1dtagokkal val\u00f3 k\u00f6z\u00f6s munka lehet\u0151s\u00e9get ad egym\u00e1s meg\u00e9rt\u00e9s\u00e9re, a kommunik\u00e1ci\u00f3 jav\u00edt\u00e1s\u00e1ra \u00e9s \u00faj megold\u00e1sok kialak\u00edt\u00e1s\u00e1ra.<\/p>\n<p style=\"text-align: justify\">A csal\u00e1dter\u00e1pia a sz\u00fcl\u0151k sz\u00e1m\u00e1ra is k\u00f6zvetlen t\u00e1mogat\u00e1st jelenthet. Cs\u00f6kkenhet a tehetetlens\u00e9g\u00e9rz\u00e9s \u00e9s a mindennapi stressz, er\u0151s\u00f6dhetnek a k\u00f6vetkezetes \u00e9s t\u00e1mogat\u00f3 nevel\u00e9si mint\u00e1k, javulhat a hat\u00e1rszab\u00e1s \u00e9s a csal\u00e1don bel\u00fcli egy\u00fcttm\u0171k\u00f6d\u00e9s. A sz\u00fcl\u0151k meger\u0151s\u00f6d\u00e9se k\u00f6zvetve a fiatal \u00e1llapot\u00e1ra is kedvez\u0151en hat: javulhat a ter\u00e1pi\u00e1s egy\u00fcttm\u0171k\u00f6d\u00e9s, cs\u00f6kkenhetnek a t\u00fcneteket fenntart\u00f3 k\u00f6rnyezeti t\u00e9nyez\u0151k, stabilabb\u00e1 v\u00e1lik a v\u00e1ltoz\u00e1s a mindennapi k\u00f6rnyezetben.<\/p>\n<p style=\"text-align: justify\">A komplex ell\u00e1t\u00e1s c\u00e9lja nem csup\u00e1n a t\u00fcnetek enyh\u00edt\u00e9se, hanem egy olyan biztons\u00e1gos, fejl\u0151d\u00e9st t\u00e1mogat\u00f3 csal\u00e1di k\u00f6rnyezet kialak\u00edt\u00e1sa, amely hossz\u00fa t\u00e1von is seg\u00edti a fiatal j\u00f3ll\u00e9t\u00e9t. T\u00f6reksz\u00fcnk arra, hogy a v\u00e1ltoz\u00e1sok ne csak a rendel\u0151ben, hanem a csal\u00e1d mindennapi \u00e9let\u00e9ben is megjelenjenek.<\/p>\n<p style=\"text-align: justify\">A csal\u00e1dter\u00e1pi\u00e1s ell\u00e1t\u00e1s t\u00e1rsadalombiztos\u00edt\u00e1si t\u00e1mogat\u00e1ssal, t\u00e9r\u00edt\u00e9smentesen \u00e9rhet\u0151 el. Az \u00fcl\u00e9sek p\u00e1ros vezet\u00e9ssel zajlanak, \u00e9s id\u0151beoszt\u00e1suk rugalmasan, jellemz\u0151en a hivatali munkaid\u0151n k\u00edv\u00fcl is igazodik a csal\u00e1dok lehet\u0151s\u00e9geihez. Rendel\u00e9si id\u0151s\u00e1vok:<\/p>\n<ul style=\"text-align: justify\">\n<li>A szakrendel\u00e9s munkaidej\u00e9ben (h\u00e9tf\u0151t\u0151l cs\u00fct\u00f6rt\u00f6kig 08:00-16:30, p\u00e9nteken 08:00-14:00)<\/li>\n<li>Szerda est\u00e9nk\u00e9nt (16:00-20:30)<\/li>\n<\/ul>\n<p style=\"text-align: justify\"><strong>Az ell\u00e1t\u00e1sban r\u00e9sztvev\u0151 koll\u00e9g\u00e1ink:<\/strong><\/p>\n<p style=\"text-align: justify\">A Semmelweis Egyetem munkat\u00e1rsai:<\/p>\n<ul style=\"text-align: justify\">\n<li>F\u00e1bi\u00e1n Rita feln\u0151tt klinikai szakpszichol\u00f3gus jel\u00f6lt, k\u00e9pz\u00e9sben l\u00e9v\u0151 p\u00e1r- \u00e9s csal\u00e1dterapeuta, a projekt szakmai vezet\u0151je<\/li>\n<li>De\u00e1k Adrienn gy\u00f3gypedag\u00f3gus, k\u00e9pz\u00e9sben l\u00e9v\u0151 p\u00e1r- \u00e9s csal\u00e1dterapeuta<\/li>\n<li>Vajsz Korn\u00e9l gyermek- \u00e9s ifj\u00fas\u00e1gi klinikai szakpszichol\u00f3gus rezidens, k\u00e9pz\u00e9sben l\u00e9v\u0151 p\u00e1r- \u00e9s csal\u00e1dterapeuta<\/li>\n<\/ul>\n<p style=\"text-align: justify\">Tov\u00e1bbi csal\u00e1dterapeut\u00e1ink:<\/p>\n<ul style=\"text-align: justify\">\n<li>Dr. Balogh D\u00e1vid gyermek- \u00e9s ifj\u00fas\u00e1gpszichi\u00e1ter rezidens, k\u00e9pz\u00e9sben l\u00e9v\u0151 p\u00e1r- \u00e9s csal\u00e1dterapeuta<\/li>\n<li>Gazs\u00f3 Hanna kr\u00edzisintervenci\u00f3s szakpszichol\u00f3gus jel\u00f6lt, k\u00e9pz\u00e9sben l\u00e9v\u0151 p\u00e1r- \u00e9s csal\u00e1dterapeuta<\/li>\n<li>Gyerm\u00e1n Katalin tan\u00e1csad\u00f3 szakpszichol\u00f3gus, gyermek- \u00e9s ifj\u00fas\u00e1gi klinikai szakpszichol\u00f3gus jel\u00f6lt, k\u00e9pz\u00e9sben l\u00e9v\u0151 p\u00e1r- \u00e9s csal\u00e1dterapeuta<\/li>\n<li>Rem\u00e9nyin\u00e9 Cseke\u0151 Borb\u00e1la pszichol\u00f3gus, p\u00e1r- \u00e9s csal\u00e1dterapeuta<\/li>\n<\/ul>\n<p style=\"text-align: justify\"><strong>Jelentkez\u00e9s<\/strong>: <a href=\"mailto:csaladterapia.kpt@semmelweis.hu\">csaladterapia.kpt@semmelweis.hu<\/a> \u2013 pszichi\u00e1ter szakorvos \u00e1ltal ki\u00e1ll\u00edtott e-beutal\u00f3 mell\u00e9kel\u00e9s\u00e9vel. Az ell\u00e1t\u00e1s els\u0151sorban 13-18 \u00e9ves gyermekek \u00e9s csal\u00e1dtagjaik sz\u00e1m\u00e1ra \u00e9rhet\u0151 el, egyes csoportjaink a fiatalabb koroszt\u00e1ly sz\u00fclei sz\u00e1m\u00e1ra is nyitottak.<\/p>\n<p style=\"text-align: justify\"><strong>Csal\u00e1dter\u00e1pi\u00e1s szolg\u00e1ltat\u00e1sunk a <\/strong><a href=\"https:\/\/molujeuropaalapitvany.hu\/\"><strong>MOL-\u00daj Eur\u00f3pa Alap\u00edtv\u00e1ny<\/strong><\/a><strong> t\u00e1mogat\u00e1s\u00e1val indulhatott el 2026 janu\u00e1rban, k\u00f6sz\u00f6nj\u00fcnk a t\u00e1mogat\u00e1st.<\/strong><\/p>\n<p style=\"text-align: justify\">A Semmelweis Egyetem b\u0151v\u00fcl\u0151 csal\u00e1dter\u00e1pi\u00e1s ell\u00e1t\u00e1sair\u00f3l k\u00e9sz\u00fclt cikk el\u00e9rhet\u0151 <a href=\"https:\/\/semmelweis.hu\/hirek\/2026\/02\/12\/bovul-a-csaladterapias-ellatas-a-semmelweis-egyetemen\/\">itt<\/a>.<\/p>\n","protected":false},"excerpt":{"rendered":"<p>\u201eCSER\u00c9P\u201d &#8211; Csal\u00e1dter\u00e1pi\u00e1s Ell\u00e1t\u00e1s Rendszerszeml\u00e9let\u0171 Pszichoter\u00e1pi\u00e1ban a Semmelweis Egyetem Pszichi\u00e1triai \u00e9s Pszichoter\u00e1pi\u00e1s Klinika, Klinikai Pszichol\u00f3gia Tansz\u00e9k Szakambulanci\u00e1j\u00e1n\u201d A serd\u00fcl\u0151kor a fejl\u0151d\u00e9s egyik leg\u00e9rz\u00e9kenyebb \u00e9letszakasza, amelyben egyszerre jelennek meg az identit\u00e1skeres\u00e9s, az \u00f6n\u00e1ll\u00f3sod\u00e1s, a lev\u00e1l\u00e1s \u00e9s a kapcsolati mint\u00e1k \u00fajrarendez\u0151d\u00e9s\u00e9nek feladatai. Ebben az id\u0151szakban sz\u00e1mos pszichi\u00e1triai zavar t\u00fcnetei is megjelenhetnek. Szakambulanci\u00e1nkon eddig els\u0151sorban egy\u00e9ni ter\u00e1pi\u00e1s folyamatok, &hellip;<\/p>\n","protected":false},"author":102555,"featured_media":0,"parent":4638,"menu_order":0,"comment_status":"closed","ping_status":"closed","template":"","meta":{"_acf_changed":false,"footnotes":""},"categories":[9,6],"tags":[],"class_list":["post-8099","page","type-page","status-publish","hentry","category-csoport","category-hirek"],"acf":[],"_links":{"self":[{"href":"https:\/\/semmelweis.hu\/klinikai-pszichologia\/wp-json\/wp\/v2\/pages\/8099","targetHints":{"allow":["GET"]}}],"collection":[{"href":"https:\/\/semmelweis.hu\/klinikai-pszichologia\/wp-json\/wp\/v2\/pages"}],"about":[{"href":"https:\/\/semmelweis.hu\/klinikai-pszichologia\/wp-json\/wp\/v2\/types\/page"}],"author":[{"embeddable":true,"href":"https:\/\/semmelweis.hu\/klinikai-pszichologia\/wp-json\/wp\/v2\/users\/102555"}],"replies":[{"embeddable":true,"href":"https:\/\/semmelweis.hu\/klinikai-pszichologia\/wp-json\/wp\/v2\/comments?post=8099"}],"version-history":[{"count":8,"href":"https:\/\/semmelweis.hu\/klinikai-pszichologia\/wp-json\/wp\/v2\/pages\/8099\/revisions"}],"predecessor-version":[{"id":8108,"href":"https:\/\/semmelweis.hu\/klinikai-pszichologia\/wp-json\/wp\/v2\/pages\/8099\/revisions\/8108"}],"up":[{"embeddable":true,"href":"https:\/\/semmelweis.hu\/klinikai-pszichologia\/wp-json\/wp\/v2\/pages\/4638"}],"wp:attachment":[{"href":"https:\/\/semmelweis.hu\/klinikai-pszichologia\/wp-json\/wp\/v2\/media?parent=8099"}],"wp:term":[{"taxonomy":"category","embeddable":true,"href":"https:\/\/semmelweis.hu\/klinikai-pszichologia\/wp-json\/wp\/v2\/categories?post=8099"},{"taxonomy":"post_tag","embeddable":true,"href":"https:\/\/semmelweis.hu\/klinikai-pszichologia\/wp-json\/wp\/v2\/tags?post=8099"}],"curies":[{"name":"wp","href":"https:\/\/api.w.org\/{rel}","templated":true}]}}