{"id":8067,"date":"2026-03-30T09:06:23","date_gmt":"2026-03-30T07:06:23","guid":{"rendered":"https:\/\/semmelweis.hu\/klinikai-pszichologia\/?page_id=8067"},"modified":"2026-03-30T09:07:43","modified_gmt":"2026-03-30T07:07:43","slug":"szakambulanciakon-uj-programok-indulnak-adhd-ban-erintett-gyermeket-nevelo-szulok-reszere","status":"publish","type":"page","link":"https:\/\/semmelweis.hu\/klinikai-pszichologia\/szakambulanciakon-uj-programok-indulnak-adhd-ban-erintett-gyermeket-nevelo-szulok-reszere\/","title":{"rendered":"Szakambulanci\u00e1kon \u00faj programok indulnak ADHD-ban \u00e9rintett gyermeket nevel\u0151 sz\u00fcl\u0151k r\u00e9sz\u00e9re"},"content":{"rendered":"<p>&nbsp;<\/p>\n<p><strong><img loading=\"lazy\" decoding=\"async\" class=\"alignnone  wp-image-8068\" src=\"https:\/\/semmelweis.hu\/klinikai-pszichologia\/files\/2026\/03\/Barkley-4-12.jpg\" alt=\"\" width=\"1578\" height=\"896\" srcset=\"https:\/\/semmelweis.hu\/klinikai-pszichologia\/files\/2026\/03\/Barkley-4-12.jpg 1293w, https:\/\/semmelweis.hu\/klinikai-pszichologia\/files\/2026\/03\/Barkley-4-12-400x227.jpg 400w, https:\/\/semmelweis.hu\/klinikai-pszichologia\/files\/2026\/03\/Barkley-4-12-1024x581.jpg 1024w, https:\/\/semmelweis.hu\/klinikai-pszichologia\/files\/2026\/03\/Barkley-4-12-768x436.jpg 768w, https:\/\/semmelweis.hu\/klinikai-pszichologia\/files\/2026\/03\/Barkley-4-12-753x427.jpg 753w\" sizes=\"auto, (max-width: 1578px) 100vw, 1578px\" \/><\/strong><\/p>\n<p style=\"text-align: justify\"><strong>Barkley-f\u00e9le Defiant Children sz\u00fcl\u0151tr\u00e9ning program ADHD-val \u00e9l\u0151 gyermekek sz\u00fcleinek (4\u201312 \u00e9v)<\/strong><br \/>\nA program c\u00e9lja, hogy az ADHD-val \u00e9l\u0151, gyakran ellenszeg\u00fcl\u0151, dacos gyermekek sz\u00fclei hat\u00e9kony nevel\u00e9si strat\u00e9gi\u00e1kat saj\u00e1t\u00edtsanak el. A korszer\u0171 tudom\u00e1nyos evidenci\u00e1kon alapul\u00f3 tr\u00e9ning sor\u00e1n a r\u00e9sztvev\u0151k megismerhetik a k\u00edv\u00e1nt viselked\u00e9sek k\u00f6vetkezetes meger\u0151s\u00edt\u00e9s\u00e9nek pszichol\u00f3giai alapjait. K\u00fcl\u00f6n\u00f6s hangs\u00faly ker\u00fcl a vil\u00e1gos szab\u00e1lyok \u00e9s elv\u00e1r\u00e1sok kialak\u00edt\u00e1s\u00e1ra. A programban k\u00f6zponti szerepet kap a harmonikus sz\u00fcl\u0151-gyermek kapcsolat t\u00e1mogat\u00e1sa, a konfliktusok megel\u0151z\u00e9se \u00e9s a gener\u00e1ci\u00f3k k\u00f6z\u00f6tti egy\u00fcttm\u0171k\u00f6d\u00e9s megszil\u00e1rd\u00edt\u00e1sa. A csoportos forma lehet\u0151s\u00e9get ad a tapasztalatcser\u00e9re\u00a0\u00e9s k\u00f6lcs\u00f6n\u00f6s, t\u00e1mogat\u00f3 k\u00f6zeget ny\u00fajt\u00a0(10 alkalom).<\/p>\n<p>&nbsp;<\/p>\n<p><img loading=\"lazy\" decoding=\"async\" class=\"alignnone size-full wp-image-8069\" src=\"https:\/\/semmelweis.hu\/klinikai-pszichologia\/files\/2026\/03\/BArkleySerdulo-scaled.jpg\" alt=\"\" width=\"2560\" height=\"1440\" srcset=\"https:\/\/semmelweis.hu\/klinikai-pszichologia\/files\/2026\/03\/BArkleySerdulo-scaled.jpg 2560w, https:\/\/semmelweis.hu\/klinikai-pszichologia\/files\/2026\/03\/BArkleySerdulo-400x225.jpg 400w, https:\/\/semmelweis.hu\/klinikai-pszichologia\/files\/2026\/03\/BArkleySerdulo-1024x576.jpg 1024w, https:\/\/semmelweis.hu\/klinikai-pszichologia\/files\/2026\/03\/BArkleySerdulo-768x432.jpg 768w, https:\/\/semmelweis.hu\/klinikai-pszichologia\/files\/2026\/03\/BArkleySerdulo-1536x864.jpg 1536w, https:\/\/semmelweis.hu\/klinikai-pszichologia\/files\/2026\/03\/BArkleySerdulo-2048x1152.jpg 2048w, https:\/\/semmelweis.hu\/klinikai-pszichologia\/files\/2026\/03\/BArkleySerdulo-753x424.jpg 753w\" sizes=\"auto, (max-width: 2560px) 100vw, 2560px\" \/><\/p>\n<p>&nbsp;<\/p>\n<p style=\"text-align: justify\"><strong>Barkley-f\u00e9le Defiant Teens sz\u00fcl\u0151tr\u00e9ning program ADHD-val \u00e9l\u0151 serd\u00fcl\u0151k sz\u00fcleinek (13-18 \u00e9v)<\/strong>:<br \/>\nA program a szakmai standardnak sz\u00e1m\u00edt\u00f3 Defiant Children sz\u00fcl\u0151tr\u00e9ning serd\u00fcl\u0151korra adapt\u00e1lt v\u00e1ltozata. C\u00e9lja, hogy az ADHD-val \u00e9l\u0151 serd\u00fcl\u0151k sz\u00fclei olyan nevel\u00e9si eszk\u00f6z\u00f6ket saj\u00e1t\u00edtsanak el, amelyek seg\u00edtik a probl\u00e9m\u00e1s viselked\u00e9sek \u00e9s konfliktushelyzetek kezel\u00e9s\u00e9t. A tr\u00e9ning sor\u00e1n a r\u00e9sztvev\u0151k a szab\u00e1lyok k\u00f6vetkezetes betartat\u00e1s\u00e1t t\u00e1mogat\u00f3 m\u00f3dszereket ismerhetnek meg. A program kiemelt figyelmet ford\u00edt a csal\u00e1di kommunik\u00e1ci\u00f3 \u00e9s a k\u00f6z\u00f6s probl\u00e9mamegold\u00e1s fejleszt\u00e9s\u00e9re, valamint a serd\u00fcl\u0151kori \u00f6n\u00e1ll\u00f3sod\u00e1ssal j\u00e1r\u00f3\u00a0helyzetek kezel\u00e9s\u00e9re. A csoportos forma lehet\u0151s\u00e9get ad a tapasztalatcser\u00e9re\u00a0\u00e9s k\u00f6lcs\u00f6n\u00f6s, t\u00e1mogat\u00f3 k\u00f6zeget ny\u00fajt\u00a0(10 alkalom).<\/p>\n","protected":false},"excerpt":{"rendered":"<p>&nbsp; Barkley-f\u00e9le Defiant Children sz\u00fcl\u0151tr\u00e9ning program ADHD-val \u00e9l\u0151 gyermekek sz\u00fcleinek (4\u201312 \u00e9v) A program c\u00e9lja, hogy az ADHD-val \u00e9l\u0151, gyakran ellenszeg\u00fcl\u0151, dacos gyermekek sz\u00fclei hat\u00e9kony nevel\u00e9si strat\u00e9gi\u00e1kat saj\u00e1t\u00edtsanak el. A korszer\u0171 tudom\u00e1nyos evidenci\u00e1kon alapul\u00f3 tr\u00e9ning sor\u00e1n a r\u00e9sztvev\u0151k megismerhetik a k\u00edv\u00e1nt viselked\u00e9sek k\u00f6vetkezetes meger\u0151s\u00edt\u00e9s\u00e9nek pszichol\u00f3giai alapjait. K\u00fcl\u00f6n\u00f6s hangs\u00faly ker\u00fcl a vil\u00e1gos szab\u00e1lyok \u00e9s elv\u00e1r\u00e1sok kialak\u00edt\u00e1s\u00e1ra. &hellip;<\/p>\n","protected":false},"author":102555,"featured_media":0,"parent":0,"menu_order":0,"comment_status":"closed","ping_status":"closed","template":"","meta":{"_acf_changed":false,"footnotes":""},"categories":[9,6],"tags":[],"class_list":["post-8067","page","type-page","status-publish","hentry","category-csoport","category-hirek"],"acf":[],"_links":{"self":[{"href":"https:\/\/semmelweis.hu\/klinikai-pszichologia\/wp-json\/wp\/v2\/pages\/8067","targetHints":{"allow":["GET"]}}],"collection":[{"href":"https:\/\/semmelweis.hu\/klinikai-pszichologia\/wp-json\/wp\/v2\/pages"}],"about":[{"href":"https:\/\/semmelweis.hu\/klinikai-pszichologia\/wp-json\/wp\/v2\/types\/page"}],"author":[{"embeddable":true,"href":"https:\/\/semmelweis.hu\/klinikai-pszichologia\/wp-json\/wp\/v2\/users\/102555"}],"replies":[{"embeddable":true,"href":"https:\/\/semmelweis.hu\/klinikai-pszichologia\/wp-json\/wp\/v2\/comments?post=8067"}],"version-history":[{"count":3,"href":"https:\/\/semmelweis.hu\/klinikai-pszichologia\/wp-json\/wp\/v2\/pages\/8067\/revisions"}],"predecessor-version":[{"id":8072,"href":"https:\/\/semmelweis.hu\/klinikai-pszichologia\/wp-json\/wp\/v2\/pages\/8067\/revisions\/8072"}],"wp:attachment":[{"href":"https:\/\/semmelweis.hu\/klinikai-pszichologia\/wp-json\/wp\/v2\/media?parent=8067"}],"wp:term":[{"taxonomy":"category","embeddable":true,"href":"https:\/\/semmelweis.hu\/klinikai-pszichologia\/wp-json\/wp\/v2\/categories?post=8067"},{"taxonomy":"post_tag","embeddable":true,"href":"https:\/\/semmelweis.hu\/klinikai-pszichologia\/wp-json\/wp\/v2\/tags?post=8067"}],"curies":[{"name":"wp","href":"https:\/\/api.w.org\/{rel}","templated":true}]}}