{"id":8037,"date":"2026-03-23T20:05:37","date_gmt":"2026-03-23T19:05:37","guid":{"rendered":"https:\/\/semmelweis.hu\/klinikai-pszichologia\/?page_id=8037"},"modified":"2026-03-23T20:05:37","modified_gmt":"2026-03-23T19:05:37","slug":"legyel-te-is-cbt-terapeuta-2026","status":"publish","type":"page","link":"https:\/\/semmelweis.hu\/klinikai-pszichologia\/legyel-te-is-cbt-terapeuta-2026\/","title":{"rendered":"Legy\u00e9l te is CBT terapeuta! 2026"},"content":{"rendered":"<p><img loading=\"lazy\" decoding=\"async\" class=\"alignnone size-full wp-image-8038\" src=\"https:\/\/semmelweis.hu\/klinikai-pszichologia\/files\/2026\/03\/Meghivo-CBT-konzulens-CBT-terapeuta-online-nyilt-napra_20260410-2.jpg\" alt=\"\" width=\"1280\" height=\"720\" srcset=\"https:\/\/semmelweis.hu\/klinikai-pszichologia\/files\/2026\/03\/Meghivo-CBT-konzulens-CBT-terapeuta-online-nyilt-napra_20260410-2.jpg 1280w, https:\/\/semmelweis.hu\/klinikai-pszichologia\/files\/2026\/03\/Meghivo-CBT-konzulens-CBT-terapeuta-online-nyilt-napra_20260410-2-400x225.jpg 400w, https:\/\/semmelweis.hu\/klinikai-pszichologia\/files\/2026\/03\/Meghivo-CBT-konzulens-CBT-terapeuta-online-nyilt-napra_20260410-2-1024x576.jpg 1024w, https:\/\/semmelweis.hu\/klinikai-pszichologia\/files\/2026\/03\/Meghivo-CBT-konzulens-CBT-terapeuta-online-nyilt-napra_20260410-2-768x432.jpg 768w, https:\/\/semmelweis.hu\/klinikai-pszichologia\/files\/2026\/03\/Meghivo-CBT-konzulens-CBT-terapeuta-online-nyilt-napra_20260410-2-753x424.jpg 753w\" sizes=\"auto, (max-width: 1280px) 100vw, 1280px\" \/><\/p>\n<p style=\"text-align: justify\">A k\u00e9pz\u00e9s c\u00e9lja olyan seg\u00edt\u0151 szakemberek k\u00e9pz\u00e9se, akik elk\u00f6telezettek a bizony\u00edtottan hat\u00e9kony pszichoter\u00e1pi\u00e1s intervenci\u00f3k ir\u00e1nt \u00e9s szeretn\u00e9k elsaj\u00e1t\u00edtani a kognit\u00edv viselked\u00e9ster\u00e1pi\u00e1t a legfontosabb pszich\u00e9s zavarok (depresszi\u00f3, p\u00e1nik, szorong\u00e1sos zavarok, alacsony \u00f6n\u00e9rt\u00e9kel\u00e9s, alv\u00e1szavar, elh\u00edz\u00e1s, stb) kezel\u00e9s\u00e9ben).\u00a0 A <strong>CBT terapeuta<\/strong> k\u00e9pz\u00e9sbe olyan szakpszichol\u00f3gusok jelentkez\u00e9s\u00e9t v\u00e1rjuk, akik nyitottak a CBT ir\u00e1nt \u00e9s m\u00e1r meglev\u0151 pszichoter\u00e1pi\u00e1s eszk\u00f6zt\u00e1rukat szeretn\u00e9k b\u0151v\u00edteni kognit\u00edv viselked\u00e9ster\u00e1pi\u00e1s ismeretekkel. A k\u00e9pz\u00e9s elv\u00e9gz\u00e9se feljogos\u00edtja a szakembert a CBT haszn\u00e1lat\u00e1ra az alapk\u00e9pzetts\u00e9g\u00e9nek megfelel\u0151 szinten.<\/p>\n<p><strong>Bemeneti k\u00f6vetelm\u00e9nyek: <\/strong><\/p>\n<ul>\n<li>Pszichol\u00f3gia MA\/ MSc diploma <strong>\u00c9S<\/strong> szakpszichol\u00f3gus szakvizsga eg\u00e9szs\u00e9g\u00fcgyi fels\u0151fok\u00fa szakk\u00e9pzetts\u00e9ggel:\n<ul>\n<li>klinikai- \u00e9s ment\u00e1lhigi\u00e9niai szakpszichol\u00f3gia <strong>vagy<\/strong> alkalmazott eg\u00e9szs\u00e9gpszichol\u00f3giai szakpszichol\u00f3gia<strong>, vagy<\/strong> neuropszichol\u00f3giai szakpszichol\u00f3gus<\/li>\n<\/ul>\n<\/li>\n<\/ul>\n<p><strong>\u00a0 \u00a0 \u00a0 \u00a0 \u00a0VAGY<\/strong><\/p>\n<ul>\n<li>\u00c1ltal\u00e1nos orvos osztatlan k\u00e9pz\u00e9sben szerzett oklev\u00e9l <strong>\u00c9S<\/strong> pszichi\u00e1ter szakorvosi v\u00e9gzetts\u00e9g \/ pszichoterapeuta szakvizsga<\/li>\n<\/ul>\n<p><strong>Kimeneti k\u00f6vetelm\u00e9nyek:<\/strong><\/p>\n<ul>\n<li>Ez a k\u00e9pz\u00e9s CBT m\u00f3dszerspecifikus ismereteket ad, alkalmaz\u00e1s\u00e1nak szintje a szakember k\u00e9pzetts\u00e9gi szintj\u00e9hez illeszkedik. A k\u00e9pz\u00e9s kimenete CBT terapeuta oklev\u00e9l, amely feljogos\u00edtja a r\u00e9sztvev\u0151ket a CBT alkalmaz\u00e1s\u00e1ra a k\u00e9pzetts\u00e9g\u00fcknek megfelel\u0151 szinten.<strong style=\"font-size: 1rem\">\u00a0 \u00a0 \u00a0 \u00a0 \u00a0 \u00a0 \u00a0 \u00a0 \u00a0 \u00a0 \u00a0 \u00a0 \u00a0 \u00a0 \u00a0 \u00a0 \u00a0 \u00a0 \u00a0 \u00a0 \u00a0 \u00a0 \u00a0 \u00a0 \u00a0 \u00a0 \u00a0 \u00a0 \u00a0 \u00a0 \u00a0 \u00a0 \u00a0 \u00a0 \u00a0 \u00a0 \u00a0 \u00a0 \u00a0 \u00a0 \u00a0 \u00a0 \u00a0 \u00a0 \u00a0 \u00a0 \u00a0 \u00a0 \u00a0 \u00a0 \u00a0 \u00a0<\/strong><\/li>\n<\/ul>\n<p><strong>K\u00e9pz\u00e9s ideje: 4 f\u00e9l\u00e9v<\/strong><\/p>\n<p><strong>K\u00e9pz\u00e9si napok: <\/strong>k\u00e9thetente, szerdai napokon, 9:00-17:00 \u00f3ra.<\/p>\n<p><strong>K\u00e9pz\u00e9s k\u00f6lts\u00e9ge: <\/strong>1-2. szemeszter: 300\u00a0000 Ft \/ f\u00e9l\u00e9v; 3-4. szemeszter: 200\u00a0000 Ft\/ f\u00e9l\u00e9v<\/p>\n<p><strong>K\u00e9pz\u00e9s helysz\u00edne: <\/strong>Klinikai Pszichol\u00f3gia Tansz\u00e9k (1092 Budapest, \u00dcll\u0151i \u00fat 25. I. emelet)\u00a0\u00a0\u00a0\u00a0\u00a0\u00a0\u00a0\u00a0\u00a0\u00a0\u00a0\u00a0\u00a0\u00a0\u00a0\u00a0\u00a0\u00a0\u00a0\u00a0\u00a0\u00a0\u00a0\u00a0\u00a0\u00a0\u00a0\u00a0\u00a0\u00a0\u00a0\u00a0\u00a0\u00a0\u00a0\u00a0\u00a0\u00a0\u00a0\u00a0\u00a0\u00a0\u00a0\u00a0\u00a0\u00a0\u00a0\u00a0\u00a0\u00a0\u00a0\u00a0\u00a0\u00a0\u00a0\u00a0\u00a0\u00a0\u00a0\u00a0\u00a0\u00a0\u00a0\u00a0\u00a0\u00a0\u00a0\u00a0\u00a0\u00a0\u00a0\u00a0\u00a0\u00a0\u00a0\u00a0\u00a0\u00a0\u00a0\u00a0\u00a0\u00a0\u00a0\u00a0\u00a0\u00a0\u00a0\u00a0\u00a0\u00a0\u00a0\u00a0\u00a0\u00a0\u00a0\u00a0\u00a0\u00a0\u00a0\u00a0\u00a0\u00a0\u00a0\u00a0\u00a0\u00a0\u00a0\u00a0\u00a0\u00a0\u00a0\u00a0\u00a0\u00a0<\/p>\n<p><strong>Online ny\u00edlt nap: 2026. \u00e1prilis 10. p\u00e9ntek, 14:00 \u00f3ra<\/strong><\/p>\n<p><strong>\u00a0<\/strong><\/p>\n","protected":false},"excerpt":{"rendered":"<p>A k\u00e9pz\u00e9s c\u00e9lja olyan seg\u00edt\u0151 szakemberek k\u00e9pz\u00e9se, akik elk\u00f6telezettek a bizony\u00edtottan hat\u00e9kony pszichoter\u00e1pi\u00e1s intervenci\u00f3k ir\u00e1nt \u00e9s szeretn\u00e9k elsaj\u00e1t\u00edtani a kognit\u00edv viselked\u00e9ster\u00e1pi\u00e1t a legfontosabb pszich\u00e9s zavarok (depresszi\u00f3, p\u00e1nik, szorong\u00e1sos zavarok, alacsony \u00f6n\u00e9rt\u00e9kel\u00e9s, alv\u00e1szavar, elh\u00edz\u00e1s, stb) kezel\u00e9s\u00e9ben).\u00a0 A CBT terapeuta k\u00e9pz\u00e9sbe olyan szakpszichol\u00f3gusok jelentkez\u00e9s\u00e9t v\u00e1rjuk, akik nyitottak a CBT ir\u00e1nt \u00e9s m\u00e1r meglev\u0151 pszichoter\u00e1pi\u00e1s eszk\u00f6zt\u00e1rukat szeretn\u00e9k b\u0151v\u00edteni &hellip;<\/p>\n","protected":false},"author":102555,"featured_media":0,"parent":0,"menu_order":0,"comment_status":"closed","ping_status":"closed","template":"","meta":{"_acf_changed":false,"footnotes":""},"categories":[7],"tags":[],"class_list":["post-8037","page","type-page","status-publish","hentry","category-kepzesek"],"acf":[],"_links":{"self":[{"href":"https:\/\/semmelweis.hu\/klinikai-pszichologia\/wp-json\/wp\/v2\/pages\/8037","targetHints":{"allow":["GET"]}}],"collection":[{"href":"https:\/\/semmelweis.hu\/klinikai-pszichologia\/wp-json\/wp\/v2\/pages"}],"about":[{"href":"https:\/\/semmelweis.hu\/klinikai-pszichologia\/wp-json\/wp\/v2\/types\/page"}],"author":[{"embeddable":true,"href":"https:\/\/semmelweis.hu\/klinikai-pszichologia\/wp-json\/wp\/v2\/users\/102555"}],"replies":[{"embeddable":true,"href":"https:\/\/semmelweis.hu\/klinikai-pszichologia\/wp-json\/wp\/v2\/comments?post=8037"}],"version-history":[{"count":1,"href":"https:\/\/semmelweis.hu\/klinikai-pszichologia\/wp-json\/wp\/v2\/pages\/8037\/revisions"}],"predecessor-version":[{"id":8039,"href":"https:\/\/semmelweis.hu\/klinikai-pszichologia\/wp-json\/wp\/v2\/pages\/8037\/revisions\/8039"}],"wp:attachment":[{"href":"https:\/\/semmelweis.hu\/klinikai-pszichologia\/wp-json\/wp\/v2\/media?parent=8037"}],"wp:term":[{"taxonomy":"category","embeddable":true,"href":"https:\/\/semmelweis.hu\/klinikai-pszichologia\/wp-json\/wp\/v2\/categories?post=8037"},{"taxonomy":"post_tag","embeddable":true,"href":"https:\/\/semmelweis.hu\/klinikai-pszichologia\/wp-json\/wp\/v2\/tags?post=8037"}],"curies":[{"name":"wp","href":"https:\/\/api.w.org\/{rel}","templated":true}]}}