{"id":8032,"date":"2026-03-23T20:01:26","date_gmt":"2026-03-23T19:01:26","guid":{"rendered":"https:\/\/semmelweis.hu\/klinikai-pszichologia\/?page_id=8032"},"modified":"2026-03-23T20:01:26","modified_gmt":"2026-03-23T19:01:26","slug":"legyel-te-is-cbt-konzulens-2026","status":"publish","type":"page","link":"https:\/\/semmelweis.hu\/klinikai-pszichologia\/legyel-te-is-cbt-konzulens-2026\/","title":{"rendered":"Legy\u00e9l te is CBT konzulens! 2026"},"content":{"rendered":"<p><img loading=\"lazy\" decoding=\"async\" class=\"alignnone size-full wp-image-8035\" src=\"https:\/\/semmelweis.hu\/klinikai-pszichologia\/files\/2026\/03\/Meghivo-CBT-konzulens-CBT-terapeuta-online-nyilt-napra_20260410-1.jpg\" alt=\"\" width=\"1280\" height=\"720\" srcset=\"https:\/\/semmelweis.hu\/klinikai-pszichologia\/files\/2026\/03\/Meghivo-CBT-konzulens-CBT-terapeuta-online-nyilt-napra_20260410-1.jpg 1280w, https:\/\/semmelweis.hu\/klinikai-pszichologia\/files\/2026\/03\/Meghivo-CBT-konzulens-CBT-terapeuta-online-nyilt-napra_20260410-1-400x225.jpg 400w, https:\/\/semmelweis.hu\/klinikai-pszichologia\/files\/2026\/03\/Meghivo-CBT-konzulens-CBT-terapeuta-online-nyilt-napra_20260410-1-1024x576.jpg 1024w, https:\/\/semmelweis.hu\/klinikai-pszichologia\/files\/2026\/03\/Meghivo-CBT-konzulens-CBT-terapeuta-online-nyilt-napra_20260410-1-768x432.jpg 768w, https:\/\/semmelweis.hu\/klinikai-pszichologia\/files\/2026\/03\/Meghivo-CBT-konzulens-CBT-terapeuta-online-nyilt-napra_20260410-1-753x424.jpg 753w\" sizes=\"auto, (max-width: 1280px) 100vw, 1280px\" \/><\/p>\n<p style=\"text-align: justify\">A k\u00e9pz\u00e9s c\u00e9lja olyan seg\u00edt\u0151 szakemberek k\u00e9pz\u00e9se, akik elk\u00f6telezettek a bizony\u00edtottan hat\u00e9kony pszichoter\u00e1pi\u00e1s intervenci\u00f3k ir\u00e1nt \u00e9s szeretn\u00e9k elsaj\u00e1t\u00edtani a kognit\u00edv viselked\u00e9ster\u00e1pi\u00e1t a legfontosabb pszich\u00e9s zavarok (depresszi\u00f3, p\u00e1nik, szorong\u00e1sos zavarok, alacsony \u00f6n\u00e9rt\u00e9kel\u00e9s, alv\u00e1szavar, elh\u00edz\u00e1s, stb) kezel\u00e9s\u00e9ben. A <strong>CBT konzulens<\/strong> k\u00e9pz\u00e9sbe olyan pszichol\u00f3gusok jelentkez\u00e9s\u00e9t v\u00e1rjuk, akik nem-klinikai s\u00falyoss\u00e1g\u00fa pszich\u00e9s neh\u00e9zs\u00e9gek kezel\u00e9s\u00e9vel foglalkoznak (pl. \u00f3vod\u00e1ban, iskol\u00e1ban, munkahelyeken, rendv\u00e9delmi szervekn\u00e9l, stb). A k\u00e9pz\u00e9s elv\u00e9gz\u00e9se feljogos\u00edtja a szakembert a CBT haszn\u00e1lat\u00e1ra az alapk\u00e9pzetts\u00e9g\u00e9nek megfelel\u0151 szinten.<\/p>\n<p><strong>Bemeneti k\u00f6vetelm\u00e9nyek: <\/strong><\/p>\n<ul>\n<li>Pszichol\u00f3gia mesterk\u00e9pz\u00e9si szak\/osztatlan k\u00e9pz\u00e9s<\/li>\n<li>\nEg\u00e9szs\u00e9gpszichol\u00f3gia mesterk\u00e9pz\u00e9si szak<\/li>\n<\/ul>\n<p><strong>Kimeneti k\u00f6vetelm\u00e9nyek:<\/strong><\/p>\n<ul>\n<li>Ez a k\u00e9pz\u00e9s CBT m\u00f3dszerspecifikus ismereteket ad, alkalmaz\u00e1s\u00e1nak szintje a szakember k\u00e9pzetts\u00e9gi szintj\u00e9hez illeszkedik. A k\u00e9pz\u00e9s kimenete \u201eCBT konzulens\u201d oklev\u00e9l, amely feljogos\u00edtja a r\u00e9sztvev\u0151ket a CBT alkalmaz\u00e1s\u00e1ra a k\u00e9pzetts\u00e9g\u00fcknek megfelel\u0151 (konzulensi) szinten<strong>.<\/strong><\/li>\n<\/ul>\n<p><strong>K\u00e9pz\u00e9s ideje: 4. f\u00e9l\u00e9v<\/strong><\/p>\n<p><strong>K\u00e9pz\u00e9si napok: <\/strong>k\u00e9thetente, szerdai napokon, 9:00-17:00 \u00f3ra.<\/p>\n<p><strong>K\u00e9pz\u00e9s k\u00f6lts\u00e9ge: <\/strong>1-2. szemeszter: 300\u00a0000 Ft \/ f\u00e9l\u00e9v; 3-4. szemeszter: 200\u00a0000 Ft\/ f\u00e9l\u00e9v<\/p>\n<p><strong>K\u00e9pz\u00e9s helysz\u00edne: <\/strong>Klinikai Pszichol\u00f3gia Tansz\u00e9k (1092 Budapest, \u00dcll\u0151i \u00fat 25. I. emelet)\u00a0\u00a0\u00a0\u00a0\u00a0\u00a0\u00a0\u00a0\u00a0\u00a0\u00a0\u00a0\u00a0\u00a0\u00a0\u00a0\u00a0\u00a0\u00a0\u00a0\u00a0\u00a0\u00a0\u00a0\u00a0\u00a0\u00a0\u00a0\u00a0\u00a0\u00a0\u00a0\u00a0\u00a0\u00a0\u00a0\u00a0\u00a0\u00a0\u00a0\u00a0\u00a0\u00a0\u00a0\u00a0\u00a0\u00a0\u00a0\u00a0\u00a0\u00a0\u00a0\u00a0\u00a0\u00a0\u00a0\u00a0\u00a0\u00a0\u00a0\u00a0\u00a0\u00a0\u00a0\u00a0\u00a0\u00a0\u00a0\u00a0\u00a0\u00a0\u00a0\u00a0\u00a0\u00a0\u00a0\u00a0\u00a0\u00a0\u00a0\u00a0\u00a0\u00a0\u00a0\u00a0\u00a0\u00a0\u00a0\u00a0\u00a0\u00a0\u00a0\u00a0\u00a0\u00a0\u00a0\u00a0\u00a0\u00a0\u00a0\u00a0\u00a0\u00a0\u00a0\u00a0\u00a0\u00a0\u00a0\u00a0\u00a0\u00a0<\/p>\n<p><strong>Online ny\u00edlt nap: 20<\/strong><strong style=\"font-size: 1rem\">26. \u00e1prilis 10. <\/strong><strong style=\"font-size: 1rem\">p\u00e9ntek<\/strong><strong style=\"font-size: 1rem\">, 14<\/strong><strong style=\"font-size: 1rem\">:00 \u00f3ra<\/strong><\/p>\n","protected":false},"excerpt":{"rendered":"<p>A k\u00e9pz\u00e9s c\u00e9lja olyan seg\u00edt\u0151 szakemberek k\u00e9pz\u00e9se, akik elk\u00f6telezettek a bizony\u00edtottan hat\u00e9kony pszichoter\u00e1pi\u00e1s intervenci\u00f3k ir\u00e1nt \u00e9s szeretn\u00e9k elsaj\u00e1t\u00edtani a kognit\u00edv viselked\u00e9ster\u00e1pi\u00e1t a legfontosabb pszich\u00e9s zavarok (depresszi\u00f3, p\u00e1nik, szorong\u00e1sos zavarok, alacsony \u00f6n\u00e9rt\u00e9kel\u00e9s, alv\u00e1szavar, elh\u00edz\u00e1s, stb) kezel\u00e9s\u00e9ben. A CBT konzulens k\u00e9pz\u00e9sbe olyan pszichol\u00f3gusok jelentkez\u00e9s\u00e9t v\u00e1rjuk, akik nem-klinikai s\u00falyoss\u00e1g\u00fa pszich\u00e9s neh\u00e9zs\u00e9gek kezel\u00e9s\u00e9vel foglalkoznak (pl. \u00f3vod\u00e1ban, iskol\u00e1ban, munkahelyeken, rendv\u00e9delmi &hellip;<\/p>\n","protected":false},"author":102555,"featured_media":0,"parent":0,"menu_order":0,"comment_status":"closed","ping_status":"closed","template":"","meta":{"_acf_changed":false,"footnotes":""},"categories":[7],"tags":[],"class_list":["post-8032","page","type-page","status-publish","hentry","category-kepzesek"],"acf":[],"_links":{"self":[{"href":"https:\/\/semmelweis.hu\/klinikai-pszichologia\/wp-json\/wp\/v2\/pages\/8032","targetHints":{"allow":["GET"]}}],"collection":[{"href":"https:\/\/semmelweis.hu\/klinikai-pszichologia\/wp-json\/wp\/v2\/pages"}],"about":[{"href":"https:\/\/semmelweis.hu\/klinikai-pszichologia\/wp-json\/wp\/v2\/types\/page"}],"author":[{"embeddable":true,"href":"https:\/\/semmelweis.hu\/klinikai-pszichologia\/wp-json\/wp\/v2\/users\/102555"}],"replies":[{"embeddable":true,"href":"https:\/\/semmelweis.hu\/klinikai-pszichologia\/wp-json\/wp\/v2\/comments?post=8032"}],"version-history":[{"count":2,"href":"https:\/\/semmelweis.hu\/klinikai-pszichologia\/wp-json\/wp\/v2\/pages\/8032\/revisions"}],"predecessor-version":[{"id":8036,"href":"https:\/\/semmelweis.hu\/klinikai-pszichologia\/wp-json\/wp\/v2\/pages\/8032\/revisions\/8036"}],"wp:attachment":[{"href":"https:\/\/semmelweis.hu\/klinikai-pszichologia\/wp-json\/wp\/v2\/media?parent=8032"}],"wp:term":[{"taxonomy":"category","embeddable":true,"href":"https:\/\/semmelweis.hu\/klinikai-pszichologia\/wp-json\/wp\/v2\/categories?post=8032"},{"taxonomy":"post_tag","embeddable":true,"href":"https:\/\/semmelweis.hu\/klinikai-pszichologia\/wp-json\/wp\/v2\/tags?post=8032"}],"curies":[{"name":"wp","href":"https:\/\/api.w.org\/{rel}","templated":true}]}}