{"id":8,"date":"2012-01-30T16:00:28","date_gmt":"2012-01-30T16:00:28","guid":{"rendered":"http:\/\/semmelweis-egyetem.hu\/klinikai-pszichologia\/?page_id=8"},"modified":"2025-04-02T16:38:50","modified_gmt":"2025-04-02T14:38:50","slug":"oktatas","status":"publish","type":"page","link":"https:\/\/semmelweis.hu\/klinikai-pszichologia\/oktatas\/","title":{"rendered":"Oktat\u00e1s"},"content":{"rendered":"<p style=\"text-align: justify\">A Tansz\u00e9k gradu\u00e1lis, posztgradu\u00e1lis, illetve szakmai tov\u00e1bbk\u00e9pz\u0151 tev\u00e9kenys\u00e9get is folytat.<\/p>\n<p style=\"text-align: justify\">Oktat\u00e1si tev\u00e9kenys\u00e9g a gradu\u00e1lis orvosk\u00e9pz\u00e9sben:<\/p>\n<ul>\n<li style=\"text-align: justify\">a Pszichi\u00e1triai \u00e9s Pszichoter\u00e1pi\u00e1s Klinik\u00e1val k\u00f6z\u00f6sen a \u201ePszichoter\u00e1pia az orvosi gyakorlatban\u201d k\u00f6telez\u0151 kurzus oktat\u00e1s\u00e1ban<\/li>\n<li style=\"text-align: justify\">k\u00f6telez\u0151en v\u00e1laszthat\u00f3 tant\u00e1rgy: Az \u00f6ngyilkoss\u00e1gi vesz\u00e9ly\u00e1llapot felismer\u00e9se \u00e9s megel\u0151z\u00e9se<\/li>\n<li>elekt\u00edv gyakorlat &#8211; <em>Klinikai pszichol\u00f3gia \u00e9s pszichoter\u00e1pia<\/em> a gyakorlatban.<\/li>\n<\/ul>\n<p style=\"text-align: justify\">A Tansz\u00e9k legfontosabb oktat\u00e1si feladata <strong>a posztgradu\u00e1lis <\/strong>klinikai \u00e9s ment\u00e1lhigi\u00e9niai feln\u0151tt \u00e9s gyermek szakpszichol\u00f3gus <strong>szakk\u00e9pz\u00e9s<\/strong>. A k\u00e9pz\u00e9s integrat\u00edv szeml\u00e9let\u0171,\u00a0 a klinikai pszichol\u00f3gia mai fejletts\u00e9g\u00e9\u00adnek megfelel\u0151en olyan korszer\u0171 tud\u00e1st k\u00edn\u00e1l, amely mag\u00e1ba foglalja a kognit\u00edv \u2013 viselked\u00e9ster\u00e1pi\u00e1s, pszicho\u00addina\u00admikus \u00e9s rendszerszeml\u00e9let\u0171 pszichoter\u00e1pi\u00e1s szeml\u00e9letet. A jel\u00f6ltek elm\u00e9leti, gyakorlati \u00e9s szuperv\u00edzi\u00f3s k\u00e9pz\u00e9sben r\u00e9szes\u00fclnek, megismerkednek a klinikai pszichol\u00f3gia alkalmaz\u00e1si lehet\u0151s\u00e9geivel a medicina k\u00fcl\u00f6nb\u00f6z\u0151 ter\u00fcletein.<span style=\"font-size: 1rem\"> A k\u00e9pz\u00e9s i<\/span><span style=\"font-size: 1rem\">d\u0151tartama: 4 \u00e9v.<\/span><\/p>\n<p>A Tansz\u00e9k munkat\u00e1rsai az <strong>\u201eEg\u00e9szs\u00e9gtudom\u00e1nyok\u201d Doktori Iskola<\/strong> k\u00e9pz\u00e9s\u00e9ben t\u00e9mavezet\u0151k\u00e9nt \u00e9s kurzusvezet\u0151k\u00e9nt egyar\u00e1nt r\u00e9szt vesznek.<\/p>\n<p style=\"text-align: justify\">A Tansz\u00e9k emellett klinikai pszichol\u00f3giai \u00e9s ment\u00e1lhigi\u00e9n\u00e9s t\u00e9mak\u00f6rben <strong>tov\u00e1bbk\u00e9pz\u0151 tev\u00e9kenys\u00e9g<\/strong>et is folytat a folyamatos szakorvosk\u00e9pz\u00e9s keret\u00e9ben. K\u00f6telez\u0151 szinten tart\u00f3 tanfolyamokat, kezd\u0151 \u00e9s halad\u00f3 szint\u0171 kognit\u00edv ter\u00e1pi\u00e1s tanfolyamokat tartunk.<\/p>\n<p style=\"text-align: justify\">\u00a0<\/p>\n","protected":false},"excerpt":{"rendered":"<p>A Tansz\u00e9k gradu\u00e1lis, posztgradu\u00e1lis, illetve szakmai tov\u00e1bbk\u00e9pz\u0151 tev\u00e9kenys\u00e9get is folytat. Oktat\u00e1si tev\u00e9kenys\u00e9g a gradu\u00e1lis orvosk\u00e9pz\u00e9sben: a Pszichi\u00e1triai \u00e9s Pszichoter\u00e1pi\u00e1s Klinik\u00e1val k\u00f6z\u00f6sen a \u201ePszichoter\u00e1pia az orvosi gyakorlatban\u201d k\u00f6telez\u0151 kurzus oktat\u00e1s\u00e1ban k\u00f6telez\u0151en v\u00e1laszthat\u00f3 tant\u00e1rgy: Az \u00f6ngyilkoss\u00e1gi vesz\u00e9ly\u00e1llapot felismer\u00e9se \u00e9s megel\u0151z\u00e9se elekt\u00edv gyakorlat &#8211; Klinikai pszichol\u00f3gia \u00e9s pszichoter\u00e1pia a gyakorlatban. A Tansz\u00e9k legfontosabb oktat\u00e1si feladata a posztgradu\u00e1lis klinikai &hellip;<\/p>\n","protected":false},"author":336,"featured_media":0,"parent":0,"menu_order":2,"comment_status":"open","ping_status":"open","template":"","meta":{"_acf_changed":false,"footnotes":""},"categories":[],"tags":[],"class_list":["post-8","page","type-page","status-publish","hentry"],"acf":[],"_links":{"self":[{"href":"https:\/\/semmelweis.hu\/klinikai-pszichologia\/wp-json\/wp\/v2\/pages\/8","targetHints":{"allow":["GET"]}}],"collection":[{"href":"https:\/\/semmelweis.hu\/klinikai-pszichologia\/wp-json\/wp\/v2\/pages"}],"about":[{"href":"https:\/\/semmelweis.hu\/klinikai-pszichologia\/wp-json\/wp\/v2\/types\/page"}],"author":[{"embeddable":true,"href":"https:\/\/semmelweis.hu\/klinikai-pszichologia\/wp-json\/wp\/v2\/users\/336"}],"replies":[{"embeddable":true,"href":"https:\/\/semmelweis.hu\/klinikai-pszichologia\/wp-json\/wp\/v2\/comments?post=8"}],"version-history":[{"count":10,"href":"https:\/\/semmelweis.hu\/klinikai-pszichologia\/wp-json\/wp\/v2\/pages\/8\/revisions"}],"predecessor-version":[{"id":7663,"href":"https:\/\/semmelweis.hu\/klinikai-pszichologia\/wp-json\/wp\/v2\/pages\/8\/revisions\/7663"}],"wp:attachment":[{"href":"https:\/\/semmelweis.hu\/klinikai-pszichologia\/wp-json\/wp\/v2\/media?parent=8"}],"wp:term":[{"taxonomy":"category","embeddable":true,"href":"https:\/\/semmelweis.hu\/klinikai-pszichologia\/wp-json\/wp\/v2\/categories?post=8"},{"taxonomy":"post_tag","embeddable":true,"href":"https:\/\/semmelweis.hu\/klinikai-pszichologia\/wp-json\/wp\/v2\/tags?post=8"}],"curies":[{"name":"wp","href":"https:\/\/api.w.org\/{rel}","templated":true}]}}