{"id":7883,"date":"2025-11-15T14:20:39","date_gmt":"2025-11-15T13:20:39","guid":{"rendered":"https:\/\/semmelweis.hu\/klinikai-pszichologia\/?page_id=7883"},"modified":"2025-11-20T11:29:22","modified_gmt":"2025-11-20T10:29:22","slug":"tenyek-es-tevhitek-kronikus-kismedencei-fajdalmakrol_multidiszciplinaris-tanfolyam","status":"publish","type":"page","link":"https:\/\/semmelweis.hu\/klinikai-pszichologia\/tenyek-es-tevhitek-kronikus-kismedencei-fajdalmakrol_multidiszciplinaris-tanfolyam\/","title":{"rendered":"T\u00e9nyek \u00e9s t\u00e9vhitek kr\u00f3nikus kismedencei f\u00e1jdalmakr\u00f3l multidiszciplin\u00e1ris tanfolyam"},"content":{"rendered":"<p>Kedves \u00c9rdekl\u0151d\u0151k!\u00a0<\/p>\n<p>T\u00e9nyek \u00e9s T\u00e9vhitek a kr\u00f3nikus kismedencei f\u00e1jdalomr\u00f3l multidiszciplin\u00e1ris tanfolyamot szervez a Convention Budapest melyet sok szeretettel hirdet\u00fcnk.\u00a0<\/p>\n<p>&#8222;Minden\u00a0<strong>6. n\u0151 \u00e9s 7. f\u00e9rfi<\/strong>\u00a0elh\u00faz\u00f3d\u00f3 kismedencei f\u00e1jdalmakt\u00f3l szenved, m\u00e9gis alig esik sz\u00f3 err\u0151l a &#8211; cukorbetegs\u00e9g gyakoris\u00e1g\u00fa &#8211; probl\u00e9m\u00e1r\u00f3l.<br \/>\n<strong>Hogy mi\u00e9rt?\u00a0<\/strong>Mert sokszor rettenetesen bonyolult: kivizsg\u00e1l\u00e1sa \u00e9s kezel\u00e9se multidiszciplin\u00e1ris ismereteket, szakm\u00e1k k\u00f6z\u00f6tti egy\u00fcttm\u0171k\u00f6d\u00e9st, valamint rengeteg id\u0151t \u00e9s t\u00fcrelmet ig\u00e9nyel.\u00a0<\/p>\n<p>A Semmelweis Egyetem Kismedencei F\u00e1jdalom Munkacsoport\u00a0<strong>els\u0151 egynapos online tanfolyama<\/strong>\u00a0a kr\u00f3nikus kismedencei f\u00e1jdalmak kivizsg\u00e1l\u00e1s\u00e1nak \u00e9s kezel\u00e9s\u00e9nek \u00fatveszt\u0151j\u00e9ben seg\u00edt eligazodni 14 diszcipl\u00edna tapasztalt k\u00e9pvisel\u0151j\u00e9nek interakt\u00edv el\u0151ad\u00e1s\u00e1val!<\/p>\n<p>V\u00e1rjuk urol\u00f3gus, pszichol\u00f3gus, seb\u00e9sz, n\u0151gy\u00f3gy\u00e1sz, f\u00e1jdalom- \u00e9s fizioterapeuta \u00e9s sz\u00e1mos m\u00e1s szakter\u00fclet koll\u00e9g\u00e1it, hiszen a kurzus 20 szakk\u00e9pes\u00edt\u00e9sre is akkredit\u00e1ci\u00f3t kapott!\u00a0<br \/>\n<strong>A tanfolyamon t\u00f6rt\u00e9n\u0151 r\u00e9szv\u00e9tel 16 kreditpont megszerz\u00e9s\u00e9re jogos\u00edt!&#8221;\u00a0<\/strong><\/p>\n<p>Tov\u00e1bbi inform\u00e1ci\u00f3k, r\u00e9szletes program, regisztr\u00e1ci\u00f3 a <a href=\"https:\/\/convention.hu\/Rendezveny\/Reszletek\/KISMED26\/Koszonto\">Convention Budapest honlapj\u00e1n<\/a> \u00e9rhet\u0151 el<\/p>\n","protected":false},"excerpt":{"rendered":"<p>Kedves \u00c9rdekl\u0151d\u0151k!\u00a0 T\u00e9nyek \u00e9s T\u00e9vhitek a kr\u00f3nikus kismedencei f\u00e1jdalomr\u00f3l multidiszciplin\u00e1ris tanfolyamot szervez a Convention Budapest melyet sok szeretettel hirdet\u00fcnk.\u00a0 &#8222;Minden\u00a06. n\u0151 \u00e9s 7. f\u00e9rfi\u00a0elh\u00faz\u00f3d\u00f3 kismedencei f\u00e1jdalmakt\u00f3l szenved, m\u00e9gis alig esik sz\u00f3 err\u0151l a &#8211; cukorbetegs\u00e9g gyakoris\u00e1g\u00fa &#8211; probl\u00e9m\u00e1r\u00f3l. Hogy mi\u00e9rt?\u00a0Mert sokszor rettenetesen bonyolult: kivizsg\u00e1l\u00e1sa \u00e9s kezel\u00e9se multidiszciplin\u00e1ris ismereteket, szakm\u00e1k k\u00f6z\u00f6tti egy\u00fcttm\u0171k\u00f6d\u00e9st, valamint rengeteg id\u0151t \u00e9s &hellip;<\/p>\n","protected":false},"author":102558,"featured_media":0,"parent":0,"menu_order":0,"comment_status":"closed","ping_status":"closed","template":"","meta":{"_acf_changed":false,"footnotes":""},"categories":[6,7],"tags":[],"class_list":["post-7883","page","type-page","status-publish","hentry","category-hirek","category-kepzesek"],"acf":[],"_links":{"self":[{"href":"https:\/\/semmelweis.hu\/klinikai-pszichologia\/wp-json\/wp\/v2\/pages\/7883","targetHints":{"allow":["GET"]}}],"collection":[{"href":"https:\/\/semmelweis.hu\/klinikai-pszichologia\/wp-json\/wp\/v2\/pages"}],"about":[{"href":"https:\/\/semmelweis.hu\/klinikai-pszichologia\/wp-json\/wp\/v2\/types\/page"}],"author":[{"embeddable":true,"href":"https:\/\/semmelweis.hu\/klinikai-pszichologia\/wp-json\/wp\/v2\/users\/102558"}],"replies":[{"embeddable":true,"href":"https:\/\/semmelweis.hu\/klinikai-pszichologia\/wp-json\/wp\/v2\/comments?post=7883"}],"version-history":[{"count":3,"href":"https:\/\/semmelweis.hu\/klinikai-pszichologia\/wp-json\/wp\/v2\/pages\/7883\/revisions"}],"predecessor-version":[{"id":7899,"href":"https:\/\/semmelweis.hu\/klinikai-pszichologia\/wp-json\/wp\/v2\/pages\/7883\/revisions\/7899"}],"wp:attachment":[{"href":"https:\/\/semmelweis.hu\/klinikai-pszichologia\/wp-json\/wp\/v2\/media?parent=7883"}],"wp:term":[{"taxonomy":"category","embeddable":true,"href":"https:\/\/semmelweis.hu\/klinikai-pszichologia\/wp-json\/wp\/v2\/categories?post=7883"},{"taxonomy":"post_tag","embeddable":true,"href":"https:\/\/semmelweis.hu\/klinikai-pszichologia\/wp-json\/wp\/v2\/tags?post=7883"}],"curies":[{"name":"wp","href":"https:\/\/api.w.org\/{rel}","templated":true}]}}