{"id":7868,"date":"2025-10-15T09:15:28","date_gmt":"2025-10-15T07:15:28","guid":{"rendered":"https:\/\/semmelweis.hu\/klinikai-pszichologia\/?page_id=7868"},"modified":"2025-11-03T09:18:27","modified_gmt":"2025-11-03T08:18:27","slug":"oroszlansziv-es-nyulcipo-szulotrening-szorongo-gyermekek-szuleinek-betelt","status":"publish","type":"page","link":"https:\/\/semmelweis.hu\/klinikai-pszichologia\/oroszlansziv-es-nyulcipo-szulotrening-szorongo-gyermekek-szuleinek-betelt\/","title":{"rendered":"Oroszl\u00e1nsz\u00edv \u00e9s ny\u00falcip\u0151 &#8211; Sz\u00fcl\u0151tr\u00e9ning szorong\u00f3 gyermekek sz\u00fcleinek &#8211; BETELT"},"content":{"rendered":"<p style=\"text-align: center\"><span style=\"font-size: 18pt\"><strong>Oroszl\u00e1nsz\u00edv \u00e9s ny\u00falcip\u0151 &#8211; Sz\u00fcl\u0151tr\u00e9ning szorong\u00f3 gyermekek sz\u00fcleinek<\/strong><\/span><\/p>\n<p>A SE Klinikai Pszichol\u00f3gia Tansz\u00e9k\u00e9n indul\u00f3, r\u00e9szben online sz\u00fcl\u0151tr\u00e9ninget olyan 4\u20138 \u00e9ves szorong\u00f3 gyermekek sz\u00fcleinek aj\u00e1nljuk, akik szeretn\u00e9nek hat\u00e9kony, t\u00e1mogat\u00f3 eszk\u00f6z\u00f6ket kapni a mindennapi nevel\u00e9si helyzetekhez.A program sor\u00e1n a r\u00e9sztvev\u0151k 5 h\u00e9ten \u00e1t, heti rendszeress\u00e9ggel kapnak e-mailben r\u00f6vid vide\u00f3kat, olvasnival\u00f3kat \u00e9s gyakorlatokat, amelyek feldolgoz\u00e1sa k\u00f6r\u00fclbel\u00fcl 30 percet ig\u00e9nyel. Az anyagok \u00f6t t\u00e9mak\u00f6rt \u00f6lelnek fel, \u00e9s abban seg\u00edtenek, hogy hogyan \u00e9rts\u00fck meg jobban a gyermeki szorong\u00e1st, \u00e9s hogyan reag\u00e1ljunk r\u00e1 sz\u00fcl\u0151k\u00e9nt seg\u00edt\u0151en.<\/p>\n<p>A tr\u00e9ninghez minden h\u00e9ten szem\u00e9lyes sz\u00fcl\u0151csoport is kapcsol\u00f3dik, amely keddenk\u00e9nt 8:30 \u00e9s 9:30 k\u00f6z\u00f6tt zajlik a tansz\u00e9k \u00e9p\u00fclet\u00e9ben. Ezek az alkalmak lehet\u0151s\u00e9get adnak a k\u00e9rd\u00e9sek megbesz\u00e9l\u00e9s\u00e9re, a tapasztalatok megoszt\u00e1s\u00e1ra \u00e9s a k\u00f6z\u00f6s gondolkod\u00e1sra. <br \/>\nA csoporttal\u00e1lkoz\u00f3k id\u0151pontjai: november 4., 11., 18., 25. \u00e9s december 2..<\/p>\n<p>Az els\u0151 online tananyagot m\u00e1r egy h\u00e9ttel az els\u0151 szem\u00e9lyes tal\u00e1lkoz\u00f3 el\u0151tt kik\u00fcldj\u00fck, hogy a r\u00e9sztvev\u0151k \u00f6n\u00e1ll\u00f3an el tudj\u00e1k kezdeni a programot, \u00e9s a szem\u00e9lyes alkalmakon m\u00e1r a gyakorlati tapasztalatok megbesz\u00e9l\u00e9s\u00e9re tudjunk koncentr\u00e1lni.<\/p>\n<p>A tr\u00e9ninghez val\u00f3 r\u00e9szv\u00e9telhez nem sz\u00fcks\u00e9ges orvosi beutal\u00f3, de el\u0151nyt jelent a gyermek szorong\u00e1sos zavar diagn\u00f3zisa a jelentkez\u00e9sn\u00e9l. \u00a0<\/p>\n<p>A program hat\u00e9konys\u00e1g\u00e1t kor\u00e1bbi r\u00e9sztvev\u0151i visszajelz\u00e9sek \u00e9s kutat\u00e1si eredm\u00e9nyek is al\u00e1t\u00e1masztj\u00e1k. A c\u00e9lunk, hogy minden sz\u00fcl\u0151 megkaphassa azt a t\u00e1mogat\u00e1st, amellyel magabiztosabban \u00e9s tudatosabban seg\u00edtheti gyermek\u00e9t a szorong\u00e1ssal val\u00f3 megk\u00fczd\u00e9sben!<\/p>\n<p><strong>Helysz\u00edn<\/strong>: SE Klinikai Pszichol\u00f3gia Tansz\u00e9k, Budapest 1092, \u00dcll\u0151i \u00fat 25. City \u00a0Corner Irodah\u00e1z, I. emelet<br \/>\n<strong>Csoport tervezett kezdete<\/strong>: 2025. november 4.<br \/>\n<strong>Csoport tervezett id\u0151pontjai:<\/strong> 11.04., 11.11.,11.18., 11.25., 12.02., &#8211; keddenk\u00e9nt 8:30 \u00e9s 9:30 k\u00f6z\u00f6tt<br \/>\n<strong>Alkalmak sz\u00e1ma:<\/strong> 5 alkalom<br \/>\n<strong>Csoportvezet\u0151:<\/strong> Sulyok R\u00f3za S\u00e1ra klinikai szakpszichol\u00f3gus jel\u00f6lt<br \/>\n<strong>Jelentkez\u00e9s:<\/strong> <a href=\"mailto:sulyok.roza.sara@semmelweis.hu\">sulyok.roza.sara@semmelweis.hu<\/a><\/p>\n","protected":false},"excerpt":{"rendered":"<p>Oroszl\u00e1nsz\u00edv \u00e9s ny\u00falcip\u0151 &#8211; Sz\u00fcl\u0151tr\u00e9ning szorong\u00f3 gyermekek sz\u00fcleinek A SE Klinikai Pszichol\u00f3gia Tansz\u00e9k\u00e9n indul\u00f3, r\u00e9szben online sz\u00fcl\u0151tr\u00e9ninget olyan 4\u20138 \u00e9ves szorong\u00f3 gyermekek sz\u00fcleinek aj\u00e1nljuk, akik szeretn\u00e9nek hat\u00e9kony, t\u00e1mogat\u00f3 eszk\u00f6z\u00f6ket kapni a mindennapi nevel\u00e9si helyzetekhez.A program sor\u00e1n a r\u00e9sztvev\u0151k 5 h\u00e9ten \u00e1t, heti rendszeress\u00e9ggel kapnak e-mailben r\u00f6vid vide\u00f3kat, olvasnival\u00f3kat \u00e9s gyakorlatokat, amelyek feldolgoz\u00e1sa k\u00f6r\u00fclbel\u00fcl 30 percet &hellip;<\/p>\n","protected":false},"author":102558,"featured_media":0,"parent":0,"menu_order":0,"comment_status":"closed","ping_status":"closed","template":"","meta":{"_acf_changed":false,"footnotes":""},"categories":[9,6],"tags":[],"class_list":["post-7868","page","type-page","status-publish","hentry","category-csoport","category-hirek"],"acf":[],"_links":{"self":[{"href":"https:\/\/semmelweis.hu\/klinikai-pszichologia\/wp-json\/wp\/v2\/pages\/7868","targetHints":{"allow":["GET"]}}],"collection":[{"href":"https:\/\/semmelweis.hu\/klinikai-pszichologia\/wp-json\/wp\/v2\/pages"}],"about":[{"href":"https:\/\/semmelweis.hu\/klinikai-pszichologia\/wp-json\/wp\/v2\/types\/page"}],"author":[{"embeddable":true,"href":"https:\/\/semmelweis.hu\/klinikai-pszichologia\/wp-json\/wp\/v2\/users\/102558"}],"replies":[{"embeddable":true,"href":"https:\/\/semmelweis.hu\/klinikai-pszichologia\/wp-json\/wp\/v2\/comments?post=7868"}],"version-history":[{"count":1,"href":"https:\/\/semmelweis.hu\/klinikai-pszichologia\/wp-json\/wp\/v2\/pages\/7868\/revisions"}],"predecessor-version":[{"id":7869,"href":"https:\/\/semmelweis.hu\/klinikai-pszichologia\/wp-json\/wp\/v2\/pages\/7868\/revisions\/7869"}],"wp:attachment":[{"href":"https:\/\/semmelweis.hu\/klinikai-pszichologia\/wp-json\/wp\/v2\/media?parent=7868"}],"wp:term":[{"taxonomy":"category","embeddable":true,"href":"https:\/\/semmelweis.hu\/klinikai-pszichologia\/wp-json\/wp\/v2\/categories?post=7868"},{"taxonomy":"post_tag","embeddable":true,"href":"https:\/\/semmelweis.hu\/klinikai-pszichologia\/wp-json\/wp\/v2\/tags?post=7868"}],"curies":[{"name":"wp","href":"https:\/\/api.w.org\/{rel}","templated":true}]}}