{"id":7866,"date":"2025-11-03T09:15:23","date_gmt":"2025-11-03T08:15:23","guid":{"rendered":"https:\/\/semmelweis.hu\/klinikai-pszichologia\/?page_id=7866"},"modified":"2025-11-03T09:15:23","modified_gmt":"2025-11-03T08:15:23","slug":"aranyfonal-terapias-csoport","status":"publish","type":"page","link":"https:\/\/semmelweis.hu\/klinikai-pszichologia\/aranyfonal-terapias-csoport\/","title":{"rendered":"Aranyfonal ter\u00e1pi\u00e1s csoport"},"content":{"rendered":"<p style=\"text-align: center\"><span style=\"font-size: 36pt\"><strong>Aranyfonal ter\u00e1pi\u00e1s csoport\u00a0<\/strong><\/span><\/p>\n<p>Ha az \u00e9rzelmek kusz\u00e1v\u00e1 v\u00e1lnak, neh\u00e9z egyed\u00fcl megtal\u00e1lni azt az aranysz\u00e1lat, amely kivezet a bels\u0151 \u00fatveszt\u0151b\u0151l, \u00e9s kez\u00fcnkbe venni saj\u00e1t sorsunk aranyfonal\u00e1t. Az Aranyfonal csoport ambulanci\u00e1nkon indul, olyan 16\u201325 \u00e9ves fiataloknak, akik \u00e9rzelem szab\u00e1lyoz\u00e1si neh\u00e9zs\u00e9gekkel, tart\u00f3s kapcsolati probl\u00e9m\u00e1kkal, \u00f6n\u00e9rt\u00e9kel\u00e9si bizonytalans\u00e1gokkal vagy m\u00e1s, klinikai szint\u0171 ment\u00e1lis neh\u00e9zs\u00e9ggel \u00e9lnek.<\/p>\n<p>A foglalkoz\u00e1sok sor\u00e1n mes\u00e9k \u00e9s szimbolikus t\u00f6rt\u00e9netek seg\u00edtenek biztons\u00e1gos \u00e9s kreat\u00edv t\u00e9rben dolgozni a saj\u00e1t \u00e9rz\u00e9sekkel \u00e9s kapcsolati mint\u00e1kkal, szakember vezet\u00e9s\u00e9vel. A mes\u00e9ket alkot\u00f3, m\u0171v\u00e9szetter\u00e1pi\u00e1s eszk\u00f6z\u00f6kkel is feldolgozzuk, ami semmilyen el\u0151k\u00e9pzetts\u00e9get vagy rajztud\u00e1st nem ig\u00e9nyel.\u00a0<\/p>\n<p>A mes\u00e9k b\u00f6lcsess\u00e9g\u00e9vel megk\u0171zdhet\u00fcnk s\u00e1rk\u00e1nyokkal, boszork\u00e1nyokkal, megtal\u00e1lhatjuk a saj\u00e1t h\u00e1rom-, \u00f6t vagy ak\u00e1r h\u00e9tl\u00e1b\u00fa t\u00e1ltos parip\u00e1nkat, olyan k\u00eds\u00e9r\u0151kkel tal\u00e1lkozhatunk, akik pokolra mennek vel\u00fcnk \u00e9s vissza, vagy b\u00f6lcs any\u00f3kkal \u00e9s ap\u00f3kkal, akik erd\u0151m\u00e9lyi kunyh\u00f3kban v\u00e1rj\u00e1k, hogy megkeress\u00fck \u0151ket. A mes\u00e9k t\u00fckr\u00e9ben saj\u00e1t \u00e9let\u00fcnkre, akad\u00e1lyainkra \u00e9s er\u0151forr\u00e1sainkra is jobban r\u00e1l\u00e1thatunk.<\/p>\n<p><strong>A csoport kiemelt f\u00f3kusza<br \/>\n<\/strong>\u2022 \u00e9rzelemszab\u00e1lyoz\u00e1s \u00e9s mentaliz\u00e1ci\u00f3<br \/>\n\u2022 \u00f6nreflexi\u00f3, \u00f6nelfogad\u00e1s er\u0151s\u00edt\u00e9se<br \/>\n\u2022 bels\u0151 er\u0151forr\u00e1sok felt\u00e1r\u00e1sa<br \/>\n\u2022 eg\u00e9szs\u00e9gesebb kapcsol\u00f3d\u00e1si k\u00e9szs\u00e9gek<\/p>\n<p>A csoporton val\u00f3 r\u00e9szv\u00e9tel ingyenes, a\u00a0csoportfolyamat elk\u00f6telez\u0151d\u00e9st ig\u00e9nyel, az \u00e1lland\u00f3s\u00e1g \u00e9s folytonoss\u00e1g \u00e9rdek\u00e9ben.\u00a0A beker\u00fcl\u00e9s felt\u00e9tele orvosi beutal\u00f3 (pszichi\u00e1ter), valamint els\u0151 interj\u00fan val\u00f3 r\u00e9szv\u00e9tel.<\/p>\n<p><strong>Id\u0151pont:<\/strong> p\u00e9ntekenk\u00e9nt 15:00\u201317:00<br \/>\n<strong>Kezd\u00e9s:<\/strong> 2025. november 14.<br \/>\n<strong>Alkalmak sz\u00e1ma:<\/strong> 5 alkalom<br \/>\n<strong>L\u00e9tsz\u00e1m:<\/strong>\u00a0kiscsoport (6\u20138 f\u0151), <strong>z\u00e1rt csoportforma<\/strong><br \/>\n<strong>Helysz\u00edn:<\/strong>\u00a0SE Klinikai Pszichol\u00f3gia Tansz\u00e9k, Budapest, 1092 \u00dcll\u0151i \u00fat 25., City Corner Irodah\u00e1z, I. emelet<strong><br \/>\nCsoportvezet\u0151:<\/strong>\u00a0Sulyok R\u00f3za, klinikai szakpszichol\u00f3gus jel\u00f6lt<\/p>\n<p><strong>Jelentkez\u00e9s:<\/strong>\u00a0<a href=\"mailto:klinpszicho.szakamb@semmelweis.hu\">klinpszicho.szakamb@semmelweis.hu<\/a><\/p>\n","protected":false},"excerpt":{"rendered":"<p>Aranyfonal ter\u00e1pi\u00e1s csoport\u00a0 Ha az \u00e9rzelmek kusz\u00e1v\u00e1 v\u00e1lnak, neh\u00e9z egyed\u00fcl megtal\u00e1lni azt az aranysz\u00e1lat, amely kivezet a bels\u0151 \u00fatveszt\u0151b\u0151l, \u00e9s kez\u00fcnkbe venni saj\u00e1t sorsunk aranyfonal\u00e1t. Az Aranyfonal csoport ambulanci\u00e1nkon indul, olyan 16\u201325 \u00e9ves fiataloknak, akik \u00e9rzelem szab\u00e1lyoz\u00e1si neh\u00e9zs\u00e9gekkel, tart\u00f3s kapcsolati probl\u00e9m\u00e1kkal, \u00f6n\u00e9rt\u00e9kel\u00e9si bizonytalans\u00e1gokkal vagy m\u00e1s, klinikai szint\u0171 ment\u00e1lis neh\u00e9zs\u00e9ggel \u00e9lnek. A foglalkoz\u00e1sok sor\u00e1n mes\u00e9k \u00e9s &hellip;<\/p>\n","protected":false},"author":102558,"featured_media":0,"parent":0,"menu_order":0,"comment_status":"closed","ping_status":"closed","template":"","meta":{"_acf_changed":false,"footnotes":""},"categories":[9,6],"tags":[],"class_list":["post-7866","page","type-page","status-publish","hentry","category-csoport","category-hirek"],"acf":[],"_links":{"self":[{"href":"https:\/\/semmelweis.hu\/klinikai-pszichologia\/wp-json\/wp\/v2\/pages\/7866","targetHints":{"allow":["GET"]}}],"collection":[{"href":"https:\/\/semmelweis.hu\/klinikai-pszichologia\/wp-json\/wp\/v2\/pages"}],"about":[{"href":"https:\/\/semmelweis.hu\/klinikai-pszichologia\/wp-json\/wp\/v2\/types\/page"}],"author":[{"embeddable":true,"href":"https:\/\/semmelweis.hu\/klinikai-pszichologia\/wp-json\/wp\/v2\/users\/102558"}],"replies":[{"embeddable":true,"href":"https:\/\/semmelweis.hu\/klinikai-pszichologia\/wp-json\/wp\/v2\/comments?post=7866"}],"version-history":[{"count":1,"href":"https:\/\/semmelweis.hu\/klinikai-pszichologia\/wp-json\/wp\/v2\/pages\/7866\/revisions"}],"predecessor-version":[{"id":7867,"href":"https:\/\/semmelweis.hu\/klinikai-pszichologia\/wp-json\/wp\/v2\/pages\/7866\/revisions\/7867"}],"wp:attachment":[{"href":"https:\/\/semmelweis.hu\/klinikai-pszichologia\/wp-json\/wp\/v2\/media?parent=7866"}],"wp:term":[{"taxonomy":"category","embeddable":true,"href":"https:\/\/semmelweis.hu\/klinikai-pszichologia\/wp-json\/wp\/v2\/categories?post=7866"},{"taxonomy":"post_tag","embeddable":true,"href":"https:\/\/semmelweis.hu\/klinikai-pszichologia\/wp-json\/wp\/v2\/tags?post=7866"}],"curies":[{"name":"wp","href":"https:\/\/api.w.org\/{rel}","templated":true}]}}