{"id":7816,"date":"2025-08-12T11:20:24","date_gmt":"2025-08-12T09:20:24","guid":{"rendered":"https:\/\/semmelweis.hu\/klinikai-pszichologia\/?page_id=7816"},"modified":"2025-08-12T11:20:24","modified_gmt":"2025-08-12T09:20:24","slug":"informaciok-a-felevrol","status":"publish","type":"page","link":"https:\/\/semmelweis.hu\/klinikai-pszichologia\/oktatas\/cbt-konzulens-cbt-terapeuta-szakiranyu-tovabbkepzesi-szakok\/informaciok-a-felevrol\/","title":{"rendered":"Inform\u00e1ci\u00f3k a f\u00e9l\u00e9vr\u0151l"},"content":{"rendered":"<p>2025-2026. tan\u00e9v I. \u00e9vfolyam<\/p>\n<ul>\n<li>Felv\u00e9teli interj\u00fak: 2025. augusztus 18-19. &#8211; ki\u00e9rtes\u00edtett id\u0151pontban<\/li>\n<li>Beiratkoz\u00e1s: 2025. augusztus 25-t\u0151l.\u00a0<\/li>\n<li><strong>K\u00e9pz\u00e9si napok az \u0151szi f\u00e9l\u00e9vben: 09.10; 09.24; 10.08; 10.22; 11.05; 11. 19; 12.03; 12.17.\u00a0<\/strong> \u00a0\n<ul>\n<li>minden oktat\u00e1si napon: 9:00-12:45 k\u00f6z\u00f6tt elm\u00e9leti oktat\u00e1s; 13:30-17:00 k\u00f6z\u00f6tt a gyakorlati\u00a0<\/li>\n<li>pszichopatol\u00f3gia online tesztvizsga id\u0151pontja: 2025. november 14. p\u00e9ntek, \u00f3ra<\/li>\n<li>sz\u00f3beli vizsga id\u0151pontja:\u00a0 2026. 01. 15.\u00a0<\/li>\n<\/ul>\n<\/li>\n<li>K\u00e9pz\u00e9s helysz\u00edne: SE PPK Klinikai Pszichol\u00f3gia Tansz\u00e9k (1091 Bp. \u00dcll\u0151i \u00fat 25. I. emelet &#8211; City Corner irodah\u00e1z)<\/li>\n<\/ul>\n<p>2025-2026. tan\u00e9v II. \u00e9vfolyam<\/p>\n<ul>\n<li>Bejelentkez\u00e9s a f\u00e9l\u00e9vre, t\u00e1rgyfelv\u00e9tel, tand\u00edjbefizet\u00e9s: 2025. augusztus 25-t\u0151l<\/li>\n<li>K\u00e9pz\u00e9si napok az \u0151szi f\u00e9l\u00e9vben: oktat\u00f3val egyeztetett id\u0151pontokban, k\u00e9thetente szerd\u00e1nk\u00e9nt.\u00a0<\/li>\n<li>K\u00e9pz\u00e9s helysz\u00edne: SE PPK Klinikai Pszichol\u00f3gia Tansz\u00e9k (1091 Bp. \u00dcll\u0151i \u00fat 25. I. emelet &#8211; City Corner irodah\u00e1z)<\/li>\n<\/ul>\n","protected":false},"excerpt":{"rendered":"<p>2025-2026. tan\u00e9v I. \u00e9vfolyam Felv\u00e9teli interj\u00fak: 2025. augusztus 18-19. &#8211; ki\u00e9rtes\u00edtett id\u0151pontban Beiratkoz\u00e1s: 2025. augusztus 25-t\u0151l.\u00a0 K\u00e9pz\u00e9si napok az \u0151szi f\u00e9l\u00e9vben: 09.10; 09.24; 10.08; 10.22; 11.05; 11. 19; 12.03; 12.17.\u00a0 \u00a0 minden oktat\u00e1si napon: 9:00-12:45 k\u00f6z\u00f6tt elm\u00e9leti oktat\u00e1s; 13:30-17:00 k\u00f6z\u00f6tt a gyakorlati\u00a0 pszichopatol\u00f3gia online tesztvizsga id\u0151pontja: 2025. november 14. p\u00e9ntek, \u00f3ra sz\u00f3beli vizsga id\u0151pontja:\u00a0 2026. &hellip;<\/p>\n","protected":false},"author":336,"featured_media":0,"parent":7101,"menu_order":2,"comment_status":"closed","ping_status":"closed","template":"","meta":{"_acf_changed":false,"footnotes":""},"categories":[],"tags":[],"class_list":["post-7816","page","type-page","status-publish","hentry"],"acf":[],"_links":{"self":[{"href":"https:\/\/semmelweis.hu\/klinikai-pszichologia\/wp-json\/wp\/v2\/pages\/7816","targetHints":{"allow":["GET"]}}],"collection":[{"href":"https:\/\/semmelweis.hu\/klinikai-pszichologia\/wp-json\/wp\/v2\/pages"}],"about":[{"href":"https:\/\/semmelweis.hu\/klinikai-pszichologia\/wp-json\/wp\/v2\/types\/page"}],"author":[{"embeddable":true,"href":"https:\/\/semmelweis.hu\/klinikai-pszichologia\/wp-json\/wp\/v2\/users\/336"}],"replies":[{"embeddable":true,"href":"https:\/\/semmelweis.hu\/klinikai-pszichologia\/wp-json\/wp\/v2\/comments?post=7816"}],"version-history":[{"count":1,"href":"https:\/\/semmelweis.hu\/klinikai-pszichologia\/wp-json\/wp\/v2\/pages\/7816\/revisions"}],"predecessor-version":[{"id":7817,"href":"https:\/\/semmelweis.hu\/klinikai-pszichologia\/wp-json\/wp\/v2\/pages\/7816\/revisions\/7817"}],"up":[{"embeddable":true,"href":"https:\/\/semmelweis.hu\/klinikai-pszichologia\/wp-json\/wp\/v2\/pages\/7101"}],"wp:attachment":[{"href":"https:\/\/semmelweis.hu\/klinikai-pszichologia\/wp-json\/wp\/v2\/media?parent=7816"}],"wp:term":[{"taxonomy":"category","embeddable":true,"href":"https:\/\/semmelweis.hu\/klinikai-pszichologia\/wp-json\/wp\/v2\/categories?post=7816"},{"taxonomy":"post_tag","embeddable":true,"href":"https:\/\/semmelweis.hu\/klinikai-pszichologia\/wp-json\/wp\/v2\/tags?post=7816"}],"curies":[{"name":"wp","href":"https:\/\/api.w.org\/{rel}","templated":true}]}}