{"id":7758,"date":"2025-05-29T15:33:36","date_gmt":"2025-05-29T13:33:36","guid":{"rendered":"https:\/\/semmelweis.hu\/klinikai-pszichologia\/?page_id=7758"},"modified":"2025-07-28T13:09:50","modified_gmt":"2025-07-28T11:09:50","slug":"koltsegteriteses-klinikai-szakpszichologus-szakkepzes_felveteli-2025","status":"publish","type":"page","link":"https:\/\/semmelweis.hu\/klinikai-pszichologia\/oktatas\/felnott-es-gyermek-klinikai-es-mentalhigieniai-szakpszichologus-szakkepzes\/koltsegteriteses-klinikai-szakpszichologus-szakkepzes_felveteli-2025\/","title":{"rendered":"K\u00f6lts\u00e9gt\u00e9r\u00edt\u00e9ses klinikai szakpszichol\u00f3gus szakk\u00e9pz\u00e9s_felv\u00e9teli 2025"},"content":{"rendered":"<p>&nbsp;<\/p>\n<p style=\"text-align: center\"><strong>SEMMELWEIS EGYETEM PPK KLINIKAI PSZICHOL\u00d3GIA TANSZ\u00c9K<\/strong> <strong>FELV\u00c9TELT HIRDET<\/strong><br \/>\n<strong>feln\u0151tt \u00e9s gyermek klinikai \u00e9s ment\u00e1lhigi\u00e9niai szakpszichol\u00f3gus szakk\u00e9pz\u00e9s <\/strong><br \/>\n2025\/2026. tan\u00e9v els\u0151 \u00e9vfolyam\u00e1ra<\/p>\n<p>C\u00e9lunk olyan szakemberek k\u00e9pz\u00e9se, akik k\u00e9pesek felismerni, felm\u00e9rni \u00e9s kezelni a pszich\u00e9s, \u00e9rzelmi \u00e9s viselked\u00e9si zavarokat, \u00e9s k\u00e9pesek bizony\u00edt\u00e9kokon alapul\u00f3 alappszichoter\u00e1pi\u00e1s intervenci\u00f3k alkalmaz\u00e1s\u00e1ra, ter\u00e1pi\u00e1s terv elk\u00e9sz\u00edt\u00e9s\u00e9re.\u00a0<\/p>\n<p><strong>\u00a0<\/strong><strong>K\u00e9pz\u00e9sek megnevez\u00e9se: <\/strong><\/p>\n<ul>\n<li>feln\u0151tt klinikai \u00e9s ment\u00e1lhigi\u00e9niai szakpszichol\u00f3gus<\/li>\n<li>gyermek \u00e9s ifj\u00fas\u00e1gi klinikai \u00e9s ment\u00e1lhigi\u00e9niai szakpszichol\u00f3gus<\/li>\n<\/ul>\n<p><strong>\u00a0<\/strong><strong>A k\u00e9pz\u00e9s id\u0151tartama: <\/strong>48<strong> h\u00f3nap (8 szemeszter)<\/strong><\/p>\n<p><strong>\u00a0<\/strong><strong>Szakk\u00e9pz\u00e9s fel\u00e9p\u00edt\u00e9se:<\/strong><\/p>\n<ul>\n<li><strong>Elm\u00e9leti k\u00e9pz\u00e9s: <\/strong>t\u00f6mb\u00f6s\u00edtett form\u00e1ban, intenz\u00edv elm\u00e9leti h\u00e9ten ker\u00fcl megrendez\u00e9sre mindig a f\u00e9l\u00e9v elej\u00e9n<\/li>\n<li><strong>gyakorlati k\u00e9pz\u00e9s<\/strong>: 40 \u00f3ra b\u00e1zisgyakorlat \u2013 f\u00e9l\u00e9venk\u00e9nt 8 alkalom; 30 \u00f3ra k\u00e9szs\u00e9gfejleszt\u0151 gyakorlat- f\u00e9l\u00e9venk\u00e9nt 6 alkalom<\/li>\n<\/ul>\n<p>Mind az elm\u00e9leti \u00e9s a gyakorlati k\u00e9pz\u00e9s szem\u00e9lyes jelenl\u00e9ttel zajlik a f\u00e9l\u00e9v sor\u00e1n el\u0151re egyeztetett id\u0151pontokban. Gyakorlati k\u00e9pz\u00e9si napok csoportbeoszt\u00e1st\u00f3l f\u00fcgg\u0151en <strong>kedd vagy cs\u00fct\u00f6rt\u00f6k<\/strong><\/p>\n<p><strong>T\u00f6mb\u00f6s\u00edtett elm\u00e9leti h\u00e9t id\u0151pontja: szeptember 29- okt\u00f3ber 3<\/strong>. (az elm\u00e9leti h\u00e9t jelenl\u00e9ti oktat\u00e1ssal zajlik)<\/p>\n<p><strong>Tand\u00edj: 300\u00a0000 Ft\/ f\u00e9l\u00e9v<\/strong><\/p>\n<p><strong>Munkahely: \u00a0\u00a0<\/strong><\/p>\n<p>A k\u00f6lts\u00e9gt\u00e9r\u00edt\u00e9ses szakk\u00e9pz\u00e9s keret\u00e9ben a jel\u00f6lt a munk\u00e1ltat\u00f3j\u00e1val\u2013 az eg\u00e9szs\u00e9g\u00fcgyi tev\u00e9kenys\u00e9g v\u00e9gz\u00e9s\u00e9nek egyes k\u00e9rd\u00e9seir\u0151l sz\u00f3l\u00f3 2003. \u00e9vi LXXXIV. t\u00f6rv\u00e9ny (a tov\u00e1bbiakban: E\u00fctev.) 17. \u00a7 (7) bekezd\u00e9s\u00e9ben foglaltakra figyelemmel \u2013 az E\u00fctev. 7. \u00a7 (2) szerinti foglalkoztat\u00e1sra ir\u00e1nyul\u00f3 jogviszonyt l\u00e9tes\u00edt.<\/p>\n<p>A szakk\u00e9pz\u00e9sre csak alkalmazotti jogviszonyt fogadunk el. V\u00e1llalkoz\u00f3i, megb\u00edz\u00e1si, \u00f6nk\u00e9ntes jogviszonyb\u00f3l nem fogadunk hallgat\u00f3kat.<\/p>\n<p><strong>\u00a0<\/strong><strong>A szakk\u00e9pz\u00e9sben az al\u00e1bbi munk\u00e1ltat\u00f3i h\u00e1ttereket r\u00e9szes\u00edtj\u00fck el\u0151nyben: <\/strong><\/p>\n<ul>\n<li>\u00e1llami\/ egyh\u00e1zi fenntart\u00e1s\u00fa munkahely<\/li>\n<li>akkredit\u00e1lt mag\u00e1nrendel\u0151 alkalmazotti jogviszonnyal<\/li>\n<\/ul>\n<div class=\"fontos_div lead\">\n<p>Feln\u0151tt szakon a nem pszichi\u00e1tria fekv\u0151beteg oszt\u00e1lyon dolgoz\u00f3 jel\u00f6lteknek a k\u00e9pz\u00e9s els\u0151 k\u00e9t \u00e9v\u00e9ben (1-4. szemeszter) heti 10 \u00f3ra vagy t\u00f6mb\u00f6s\u00edtve f\u00e9l\u00e9vente 2 h\u00e9t pszichi\u00e1triai oszt\u00e1lyos gyakorlatot kell v\u00e9gezni, amelyr\u0151l a felv\u00e9teli p\u00e1ly\u00e1zat r\u00e9szek\u00e9nt, legk\u00e9s\u0151bb a felv\u00e9teli interj\u00faig, meg kell k\u00fcldeni a pszichi\u00e1triai befogad\u00f3 nyilatkozatot.<\/p>\n<\/div>\n<p><strong>\u00a0<\/strong><\/p>\n<p><strong>A szakk\u00e9pz\u00e9sre jelentkez\u00e9s felt\u00e9telei, ill. a jelentkez\u00e9si laphoz csatoland\u00f3k:<\/strong><\/p>\n<ul>\n<li><a href=\"https:\/\/semmelweis.hu\/klinikai-pszichologia\/files\/2025\/05\/Jelentkezesi-lap_2025_letoltheto.docx\">Jelentkez\u00e9si lap <\/a>(sz\u00e1m\u00edt\u00f3g\u00e9pen kit\u00f6lt\u00f6tt); Munk\u00e1ltat\u00f3 hozz\u00e1j\u00e1rul\u00e1sa, javaslata<\/li>\n<li><a href=\"https:\/\/semmelweis.hu\/klinikai-pszichologia\/files\/2025\/05\/Felveteli-urlap-2025_letoltheto.doc\">Felv\u00e9teli \u0171rlap<\/a> (sz\u00e1m\u00edt\u00f3g\u00e9pen kit\u00f6lt\u00f6tt)<\/li>\n<li><a href=\"https:\/\/semmelweis.hu\/klinikai-pszichologia\/files\/2025\/07\/Koltsegteriteses-kepzes_tobbletpont-szamito-urlap_2025.docx\"><u>Pontsz\u00e1m\u00edt\u00f3 \u0171rlap<\/u><\/a><\/li>\n<li>F\u00e9nyk\u00e9pes szakmai \u00f6n\u00e9letrajz<\/li>\n<li>Motiv\u00e1ci\u00f3s lev\u00e9l, amely alapj\u00e1n k\u00e9pet alkothatunk a jel\u00f6lt r\u00e1termetts\u00e9g\u00e9r\u0151l, szakmai t\u00e1j\u00e9kozotts\u00e1g\u00e1r\u00f3l, el\u0151k\u00e9pzetts\u00e9g\u00e9r\u0151l.<\/li>\n<li>Klinikai pszichol\u00f3giai \u00e9s\/vagy ment\u00e1lhigi\u00e9niai, eg\u00e9szs\u00e9g\u00fcgyi munkaviszony igazol\u00e1sa<\/li>\n<li>Munkak\u00f6ri le\u00edr\u00e1s, r\u00f6gz\u00edtett klinikai pszichol\u00f3giai \u00e9s\/vagy ment\u00e1lhigi\u00e9niai szakfeladatokkal<\/li>\n<li>BA \u00e9s MA \/ MSc fokozat\u00fa egyetemi pszichol\u00f3gus diploma, a szakir\u00e1ny megjel\u00f6l\u00e9s\u00e9vel (mindk\u00e9t diploma m\u00e1solata csatoland\u00f3)<\/li>\n<li>Pszichodiagnosztikai t\u00e1rgyak igazol\u00e1s leckek\u00f6nyvben kiemelt r\u00e9szekkel<\/li>\n<li>Feln\u0151tt szakon:\u00a0<a href=\"https:\/\/semmelweis.hu\/klinikai-pszichologia\/files\/2025\/05\/Pszichiatriai-befogado-nyilatkozat-2025.docx\">Pszichi\u00e1triai befogad\u00f3 nyilatkoza<\/a>t\u00a0\u2013 Legk\u00e9s\u0151bb a felv\u00e9teli interj\u00faig elk\u00fcldeni<\/li>\n<\/ul>\n<p><strong>Tov\u00e1bbi tudnival\u00f3k: <\/strong><\/p>\n<ul>\n<li>A felv\u00e9teli elj\u00e1r\u00e1s sor\u00e1n el\u0151nyt \u00e9lveznek azok a p\u00e1ly\u00e1z\u00f3k, akik rendelkeznek m\u00e1r legal\u00e1bb 1 \u00e9v pszichol\u00f3gusi munkatapasztalattal klinikai pszichol\u00f3giai \u00e9s\/ vagy ment\u00e1lhigi\u00e9niai, eg\u00e9szs\u00e9g\u00fcgyi ter\u00fcleten<\/li>\n<\/ul>\n<p><strong>Hi\u00e1nyosan vagy megk\u00e9sve, a megadott hat\u00e1rid\u0151 ut\u00e1n beny\u00fajtott p\u00e1ly\u00e1zatokat nem \u00e1ll m\u00f3dunkban elfogadni. <\/strong><\/p>\n<p><strong>Jelentkez\u00e9si hat\u00e1rid\u0151: 2025. augusztus 08. p\u00e9ntek<\/strong><\/p>\n<p>A p\u00e1ly\u00e1zatot mind nyomtatott, mind elektronikus form\u00e1ban a fentebb megadott sorrendben a Klinikai Pszichol\u00f3gia Tansz\u00e9k sz\u00e1m\u00e1ra kell eljuttatni:<\/p>\n<ul>\n<li><strong>nyomtatott form\u00e1ban a Tansz\u00e9k c\u00edm\u00e9re<\/strong>\n<ul>\n<li><strong>szem\u00e9lyesen <\/strong>a Tansz\u00e9ken (1091 Budapest, \u00dcll\u0151i \u00fat 25. I. em.) munkaid\u0151ben (h\u00e9tf\u0151- cs\u00fct\u00f6rt\u00f6k 8:30-16:00, p\u00e9ntek 8:30-13:30)<\/li>\n<li><strong>Posta c\u00edm: <\/strong>Semmelweis Egyetem Klinikai Pszichol\u00f3gia Tansz\u00e9k 1085 Bp. \u00dcll\u0151i \u00fat 26.<\/li>\n<\/ul>\n<\/li>\n<li><strong>elektronikus form\u00e1ban: egyetlen pdf f\u00e1jlban<\/strong> a Tansz\u00e9k e-mail c\u00edm\u00e9re megk\u00fcldve: <a href=\"mailto:pszichotanszek@med.semmelweis-univ.hu\"><strong>pszichotanszek@semmelweis.hu<\/strong><\/a>\u00a0 <em>F\u00e1jl elnevez\u00e9se: N\u00e9v_klinikai szakpszichol\u00f3gus jelentkez\u00e9s_2025<\/em><\/li>\n<\/ul>\n<p><strong>Felv\u00e9teli<\/strong>: A felv\u00e9teli elj\u00e1r\u00e1s\u00a0<u>k\u00e9t l\u00e9pcs\u0151ben<\/u>\u00a0zajlik. A bek\u00fcld\u00f6tt jelentkez\u00e9si anyagok alapj\u00e1n a legmagasabb pontsz\u00e1mot el\u00e9r\u0151 jelentkez\u0151k ker\u00fclhetnek be a m\u00e1sodik fordul\u00f3ra, \u00e9s sz\u00f3beli felv\u00e9telin vesznek r\u00e9szt.\u00a0<strong>A felv\u00e9teli szem\u00e9lyes jelenl\u00e9ttel zajlik a ki\u00e9rtes\u00edtett id\u0151pontokban.<\/strong><\/p>\n<p><strong>Felv\u00e9teli besz\u00e9lget\u00e9s v\u00e1rhat\u00f3 ideje: augusztus 26-27-28. <\/strong><\/p>\n<p><strong>Telefon:<\/strong> +36 1\u00a0459 1500\/ 623631<\/p>\n<p><strong>E- mail c\u00edm:<\/strong> <a href=\"mailto:pszichotanszek@med.semmelweis-univ.hu\">pszichotanszek@semmelweis.hu<\/a><\/p>\n","protected":false},"excerpt":{"rendered":"<p>&nbsp; SEMMELWEIS EGYETEM PPK KLINIKAI PSZICHOL\u00d3GIA TANSZ\u00c9K FELV\u00c9TELT HIRDET feln\u0151tt \u00e9s gyermek klinikai \u00e9s ment\u00e1lhigi\u00e9niai szakpszichol\u00f3gus szakk\u00e9pz\u00e9s 2025\/2026. tan\u00e9v els\u0151 \u00e9vfolyam\u00e1ra C\u00e9lunk olyan szakemberek k\u00e9pz\u00e9se, akik k\u00e9pesek felismerni, felm\u00e9rni \u00e9s kezelni a pszich\u00e9s, \u00e9rzelmi \u00e9s viselked\u00e9si zavarokat, \u00e9s k\u00e9pesek bizony\u00edt\u00e9kokon alapul\u00f3 alappszichoter\u00e1pi\u00e1s intervenci\u00f3k alkalmaz\u00e1s\u00e1ra, ter\u00e1pi\u00e1s terv elk\u00e9sz\u00edt\u00e9s\u00e9re.\u00a0 \u00a0K\u00e9pz\u00e9sek megnevez\u00e9se: feln\u0151tt klinikai \u00e9s ment\u00e1lhigi\u00e9niai szakpszichol\u00f3gus gyermek &hellip;<\/p>\n","protected":false},"author":336,"featured_media":0,"parent":91,"menu_order":2,"comment_status":"closed","ping_status":"closed","template":"","meta":{"_acf_changed":false,"footnotes":""},"categories":[],"tags":[],"class_list":["post-7758","page","type-page","status-publish","hentry"],"acf":[],"_links":{"self":[{"href":"https:\/\/semmelweis.hu\/klinikai-pszichologia\/wp-json\/wp\/v2\/pages\/7758","targetHints":{"allow":["GET"]}}],"collection":[{"href":"https:\/\/semmelweis.hu\/klinikai-pszichologia\/wp-json\/wp\/v2\/pages"}],"about":[{"href":"https:\/\/semmelweis.hu\/klinikai-pszichologia\/wp-json\/wp\/v2\/types\/page"}],"author":[{"embeddable":true,"href":"https:\/\/semmelweis.hu\/klinikai-pszichologia\/wp-json\/wp\/v2\/users\/336"}],"replies":[{"embeddable":true,"href":"https:\/\/semmelweis.hu\/klinikai-pszichologia\/wp-json\/wp\/v2\/comments?post=7758"}],"version-history":[{"count":8,"href":"https:\/\/semmelweis.hu\/klinikai-pszichologia\/wp-json\/wp\/v2\/pages\/7758\/revisions"}],"predecessor-version":[{"id":7810,"href":"https:\/\/semmelweis.hu\/klinikai-pszichologia\/wp-json\/wp\/v2\/pages\/7758\/revisions\/7810"}],"up":[{"embeddable":true,"href":"https:\/\/semmelweis.hu\/klinikai-pszichologia\/wp-json\/wp\/v2\/pages\/91"}],"wp:attachment":[{"href":"https:\/\/semmelweis.hu\/klinikai-pszichologia\/wp-json\/wp\/v2\/media?parent=7758"}],"wp:term":[{"taxonomy":"category","embeddable":true,"href":"https:\/\/semmelweis.hu\/klinikai-pszichologia\/wp-json\/wp\/v2\/categories?post=7758"},{"taxonomy":"post_tag","embeddable":true,"href":"https:\/\/semmelweis.hu\/klinikai-pszichologia\/wp-json\/wp\/v2\/tags?post=7758"}],"curies":[{"name":"wp","href":"https:\/\/api.w.org\/{rel}","templated":true}]}}