{"id":7753,"date":"2025-05-20T11:08:07","date_gmt":"2025-05-20T09:08:07","guid":{"rendered":"https:\/\/semmelweis.hu\/klinikai-pszichologia\/?page_id=7753"},"modified":"2025-05-20T11:08:40","modified_gmt":"2025-05-20T09:08:40","slug":"kognitiv-viselkedesterapias-testsulycsokkento-modszerek-junius-6-7","status":"publish","type":"page","link":"https:\/\/semmelweis.hu\/klinikai-pszichologia\/kognitiv-viselkedesterapias-testsulycsokkento-modszerek-junius-6-7\/","title":{"rendered":"Kognit\u00edv viselked\u00e9ster\u00e1pi\u00e1s tests\u00falycs\u00f6kkent\u0151 m\u00f3dszerek j\u00fanius 6-7"},"content":{"rendered":"<p>Kedves Koll\u00e9g\u00e1k,\u00a0<\/p>\n<p>A nagy t\u00faljelentkez\u00e9sre val\u00f3 tekintettel meghirdett\u00fcnk egy harmadik alkalmat is a Kognit\u00edv viselked\u00e9ster\u00e1pi\u00e1s tests\u00falycs\u00f6kkent\u0151 m\u00f3dszerek tr\u00e9ningre, melynek id\u0151pontja\u00a0<strong>2025. 06. 06-07. A tr\u00e9ningre m\u00e9g van n\u00e9h\u00e1ny szabad hely, amelyre a klinpszicho@semmelweis.hu e-mailen v\u00e1rjuk jelentkez\u00e9s\u00fcket.\u00a0<\/strong><\/p>\n<p>Tov\u00e1bbi inform\u00e1ci\u00f3k a tr\u00e9ningr\u0151l <a href=\"https:\/\/semmelweis.hu\/klinikai-pszichologia\/oktatas\/akkreditalt-tovabbkepzeseink\/\">https:\/\/semmelweis.hu\/klinikai-pszichologia\/oktatas\/akkreditalt-tovabbkepzeseink<\/a>\/ \u00a0<\/p>\n","protected":false},"excerpt":{"rendered":"<p>Kedves Koll\u00e9g\u00e1k,\u00a0<br \/>\nA nagy t\u00faljelentkez\u00e9sre val\u00f3 tekintettel meghirdett\u00fcnk egy harmadik alkalmat is a Kognit\u00edv viselked\u00e9ster\u00e1pi\u00e1s tests\u00falycs\u00f6kkent\u0151 m\u00f3dszerek tr\u00e9ningre, melynek id\u0151pontja\u00a02025. 06. 06-07. A tr\u00e9ningre m\u00e9g van n\u00e9h\u00e1ny szabad hely, amelyre a klinpszicho@semmelweis.hu e-mailen v\u00e1rjuk jelentkez\u00e9s\u00fcket.\u00a0<br \/>\nTov\u00e1bbi inform\u00e1ci\u00f3k a tr\u00e9ningr\u0151l <a href=\"https:\/\/semmelweis.hu\/klinikai-pszichologia\/oktatas\/akkreditalt-tovabbkepzeseink\/\">https:\/\/semmelweis.hu\/klinikai-pszichologia\/oktatas\/akkreditalt-tovabbkepzeseink<\/a>\/ \u00a0<\/p>\n","protected":false},"author":336,"featured_media":0,"parent":0,"menu_order":0,"comment_status":"closed","ping_status":"closed","template":"","meta":{"_acf_changed":false,"footnotes":""},"categories":[6,7],"tags":[],"class_list":["post-7753","page","type-page","status-publish","hentry","category-hirek","category-kepzesek"],"acf":[],"_links":{"self":[{"href":"https:\/\/semmelweis.hu\/klinikai-pszichologia\/wp-json\/wp\/v2\/pages\/7753","targetHints":{"allow":["GET"]}}],"collection":[{"href":"https:\/\/semmelweis.hu\/klinikai-pszichologia\/wp-json\/wp\/v2\/pages"}],"about":[{"href":"https:\/\/semmelweis.hu\/klinikai-pszichologia\/wp-json\/wp\/v2\/types\/page"}],"author":[{"embeddable":true,"href":"https:\/\/semmelweis.hu\/klinikai-pszichologia\/wp-json\/wp\/v2\/users\/336"}],"replies":[{"embeddable":true,"href":"https:\/\/semmelweis.hu\/klinikai-pszichologia\/wp-json\/wp\/v2\/comments?post=7753"}],"version-history":[{"count":2,"href":"https:\/\/semmelweis.hu\/klinikai-pszichologia\/wp-json\/wp\/v2\/pages\/7753\/revisions"}],"predecessor-version":[{"id":7755,"href":"https:\/\/semmelweis.hu\/klinikai-pszichologia\/wp-json\/wp\/v2\/pages\/7753\/revisions\/7755"}],"wp:attachment":[{"href":"https:\/\/semmelweis.hu\/klinikai-pszichologia\/wp-json\/wp\/v2\/media?parent=7753"}],"wp:term":[{"taxonomy":"category","embeddable":true,"href":"https:\/\/semmelweis.hu\/klinikai-pszichologia\/wp-json\/wp\/v2\/categories?post=7753"},{"taxonomy":"post_tag","embeddable":true,"href":"https:\/\/semmelweis.hu\/klinikai-pszichologia\/wp-json\/wp\/v2\/tags?post=7753"}],"curies":[{"name":"wp","href":"https:\/\/api.w.org\/{rel}","templated":true}]}}