{"id":7738,"date":"2025-05-11T10:44:21","date_gmt":"2025-05-11T08:44:21","guid":{"rendered":"https:\/\/semmelweis.hu\/klinikai-pszichologia\/?page_id=7738"},"modified":"2025-05-20T10:58:44","modified_gmt":"2025-05-20T08:58:44","slug":"istdp-gyakorlati-workshop-2025-junius-13-an","status":"publish","type":"page","link":"https:\/\/semmelweis.hu\/klinikai-pszichologia\/istdp-gyakorlati-workshop-2025-junius-13-an\/","title":{"rendered":"ISTDP gyakorlati workshop 2025. j\u00fanius 13-\u00e1n"},"content":{"rendered":"<h2><strong>2025. j\u00fanius 13-\u00e1n eg\u00e9sz napos intenz\u00edv r\u00f6vid dinamikus pszichoter\u00e1pi\u00e1s workshop-ot tart Tansz\u00e9k\u00fcnk\u00f6n Dr. Deborah Pollack USA-beli klinikai pszichol\u00f3gus<\/strong><\/h2>\n<p>Az intenz\u00edv r\u00f6vid dinamikus pszichoter\u00e1pia (ISTDP) egy tudom\u00e1nyos alapokon nyugv\u00f3, hat\u00e9kony ter\u00e1pi\u00e1s megk\u00f6zel\u00edt\u00e9s, amely seg\u00edt p\u00e1cienseinknek kil\u00e9pni m\u00faltbeli traum\u00e1k \u00e9s a fejl\u0151d\u00e9s\u00fcket g\u00e1tl\u00f3 mint\u00e1k h\u00e1l\u00f3j\u00e1b\u00f3l. Az ISTDP Magyarorsz\u00e1ggal\u00a0k\u00f6z\u00f6sen szervezett workshop \u00e1tfog\u00f3 betekint\u00e9st ny\u00fajt a r\u00f6vid dinamikus alapelvekbe, \u00e9s azonnal alkalmazhat\u00f3 eszk\u00f6z\u00f6ket k\u00edn\u00e1l pszichol\u00f3gusok, pszichi\u00e1terek, pszichoterapeut\u00e1k sz\u00e1m\u00e1ra a hat\u00e9konyabb \u00e9s gyorsabb ter\u00e1pi\u00e1s v\u00e1ltoz\u00e1sok el\u00e9r\u00e9s\u00e9hez.<\/p>\n<p>Az egynapos el\u0151ad\u00e1s sor\u00e1n Dr. Pollack bemutatja az ISTDP alapelveit, \u00e9s olyan beavatkoz\u00e1si technik\u00e1kat ismertet, amelyeket a r\u00e9sztvev\u0151k azonnal alkalmazhatnak klinikai munk\u00e1juk sor\u00e1n. Az el\u0151ad\u00e1s t\u00e9m\u00e1i k\u00f6z\u00e9 tartozik a p\u00e1ciens v\u00e9dekez\u00e9seinek felismer\u00e9se \u00e9s kezel\u00e9se a ter\u00e1pi\u00e1s \u00fcl\u00e9s sor\u00e1n, a p\u00e1ciens szorong\u00e1s\u00e1nak \u00e9rt\u00e9kel\u00e9se \u00e9s szab\u00e1lyoz\u00e1sa, a tudattalan kommunik\u00e1ci\u00f3 \u00e9rtelmez\u00e9se, kapcsolati traum\u00e1k kezel\u00e9se.<\/p>\n<p>Az el\u0151ad\u00e1s sz\u00e1mos val\u00f3di p\u00e1ciens vide\u00f3r\u00e9szlettel szeml\u00e9lteti az ISTDP kulcstechnik\u00e1it \u00e9s egy folyamat lehet\u0151s\u00e9geit. Az el\u0151ad\u00e1s \u00e9rthet\u0151 \u00e9s lebilincsel\u0151 form\u00e1ban k\u00edn\u00e1l \u00faj perspekt\u00edv\u00e1t a klinikai elakad\u00e1sok megold\u00e1s\u00e1ra, valamint a m\u00e9lyebb, gyorsabb \u00e9s tart\u00f3sabb ter\u00e1pi\u00e1s v\u00e1ltoz\u00e1sok el\u0151seg\u00edt\u00e9s\u00e9re. Az esem\u00e9ny v\u00e9g\u00e9re a terapeut\u00e1k gyakorlati eszk\u00f6z\u00f6kkel \u00e9s \u00e9rt\u00e9kes betekint\u00e9ssel gazdagodnak, amelyekkel tov\u00e1bbfejleszthetik munk\u00e1jukat, f\u00fcggetlen\u00fcl att\u00f3l, hogy milyen ter\u00e1pi\u00e1s ir\u00e1nyzattal dolgoznak.<\/p>\n<p><strong>A workshop<\/strong><\/p>\n<ul>\n<li><strong>Id\u0151pont<\/strong>: 2025. j\u00fanius 13-\u00e1n, p\u00e9nteken, 9:00-16:00 k\u00f6z\u00f6tt. \u00c9rkez\u00e9s 8:45-8:55 k\u00f6z\u00f6tt.<\/li>\n<li><strong>Nyelv<\/strong>: angol nyelv\u0171 el\u0151ad\u00e1s tolm\u00e1csol\u00e1s n\u00e9lk\u00fcl.<\/li>\n<li><strong>Helysz\u00edn<\/strong>: Semmelweis Egyetem Pszichi\u00e1triai \u00e9s Pszichoter\u00e1pi\u00e1s Klinika, Klinikai Pszichol\u00f3gia Tansz\u00e9k, 1092 \u00dcll\u0151i \u00fat 25, I. emelet 104-es terem.<\/li>\n<li><strong>Jelentkez\u00e9si d\u00edj<\/strong>: ingyenes.<\/li>\n<li><strong>Kiket v\u00e1runk<\/strong>:\n<ul>\n<li>eg\u00e9szs\u00e9g\u00fcgyi v\u00e9gzetts\u00e9ggel \/ m\u0171k\u00f6d\u00e9si enged\u00e9ly sz\u00e1mmal rendelkez\u0151 pszichol\u00f3gusok<\/li>\n<li>pszichi\u00e1terek, orvosok, pszichoterapeut\u00e1k jelentkezhetnek m\u0171k\u00f6d\u00e9si enged\u00e9ly sz\u00e1mukkal<\/li>\n<li>A felsorolt eg\u00e9szs\u00e9g\u00fcgyi ir\u00e1nyokban k\u00e9pz\u0151d\u0151 szakpszichol\u00f3gus\/ szakorvos jel\u00f6ltek az egyetem, \u00e9vfolyam \u00e9s szakk\u00e9pz\u00e9se nev\u00e9vel tudnak regisztr\u00e1lni.<\/li>\n<\/ul>\n<\/li>\n<\/ul>\n<p><strong>R\u00e9szletes program \u00e9s regisztr\u00e1ci\u00f3 az al\u00e1bbi linken<\/strong><\/p>\n<p><a href=\"https:\/\/istdp.hu\/esemeny\/hatekony-terapia-tartos-valtozas\/\">https:\/\/istdp.hu\/esemeny\/hatekony-terapia-tartos-valtozas\/<\/a><\/p>\n","protected":false},"excerpt":{"rendered":"<p>2025. j\u00fanius 13-\u00e1n eg\u00e9sz napos intenz\u00edv r\u00f6vid dinamikus pszichoter\u00e1pi\u00e1s workshop-ot tart Tansz\u00e9k\u00fcnk\u00f6n Dr. Deborah Pollack USA-beli klinikai pszichol\u00f3gus Az intenz\u00edv r\u00f6vid dinamikus pszichoter\u00e1pia (ISTDP) egy tudom\u00e1nyos alapokon nyugv\u00f3, hat\u00e9kony ter\u00e1pi\u00e1s megk\u00f6zel\u00edt\u00e9s, amely seg\u00edt p\u00e1cienseinknek kil\u00e9pni m\u00faltbeli traum\u00e1k \u00e9s a fejl\u0151d\u00e9s\u00fcket g\u00e1tl\u00f3 mint\u00e1k h\u00e1l\u00f3j\u00e1b\u00f3l. Az ISTDP Magyarorsz\u00e1ggal\u00a0k\u00f6z\u00f6sen szervezett workshop \u00e1tfog\u00f3 betekint\u00e9st ny\u00fajt a r\u00f6vid dinamikus alapelvekbe, &hellip;<\/p>\n","protected":false},"author":336,"featured_media":0,"parent":0,"menu_order":0,"comment_status":"closed","ping_status":"closed","template":"","meta":{"_acf_changed":false,"footnotes":""},"categories":[6,7],"tags":[],"class_list":["post-7738","page","type-page","status-publish","hentry","category-hirek","category-kepzesek"],"acf":[],"_links":{"self":[{"href":"https:\/\/semmelweis.hu\/klinikai-pszichologia\/wp-json\/wp\/v2\/pages\/7738","targetHints":{"allow":["GET"]}}],"collection":[{"href":"https:\/\/semmelweis.hu\/klinikai-pszichologia\/wp-json\/wp\/v2\/pages"}],"about":[{"href":"https:\/\/semmelweis.hu\/klinikai-pszichologia\/wp-json\/wp\/v2\/types\/page"}],"author":[{"embeddable":true,"href":"https:\/\/semmelweis.hu\/klinikai-pszichologia\/wp-json\/wp\/v2\/users\/336"}],"replies":[{"embeddable":true,"href":"https:\/\/semmelweis.hu\/klinikai-pszichologia\/wp-json\/wp\/v2\/comments?post=7738"}],"version-history":[{"count":1,"href":"https:\/\/semmelweis.hu\/klinikai-pszichologia\/wp-json\/wp\/v2\/pages\/7738\/revisions"}],"predecessor-version":[{"id":7739,"href":"https:\/\/semmelweis.hu\/klinikai-pszichologia\/wp-json\/wp\/v2\/pages\/7738\/revisions\/7739"}],"wp:attachment":[{"href":"https:\/\/semmelweis.hu\/klinikai-pszichologia\/wp-json\/wp\/v2\/media?parent=7738"}],"wp:term":[{"taxonomy":"category","embeddable":true,"href":"https:\/\/semmelweis.hu\/klinikai-pszichologia\/wp-json\/wp\/v2\/categories?post=7738"},{"taxonomy":"post_tag","embeddable":true,"href":"https:\/\/semmelweis.hu\/klinikai-pszichologia\/wp-json\/wp\/v2\/tags?post=7738"}],"curies":[{"name":"wp","href":"https:\/\/api.w.org\/{rel}","templated":true}]}}