{"id":7724,"date":"2025-04-28T11:42:55","date_gmt":"2025-04-28T09:42:55","guid":{"rendered":"https:\/\/semmelweis.hu\/klinikai-pszichologia\/?page_id=7724"},"modified":"2026-03-23T19:33:46","modified_gmt":"2026-03-23T18:33:46","slug":"jelentkezes","status":"publish","type":"page","link":"https:\/\/semmelweis.hu\/klinikai-pszichologia\/oktatas\/cbt-konzulens-cbt-terapeuta-szakiranyu-tovabbkepzesi-szakok\/jelentkezes\/","title":{"rendered":"Jelentkez\u00e9s"},"content":{"rendered":"<p><strong>Jelentkez\u00e9s menete:\u00a0 <\/strong><br \/>\n1. K\u00e9pz\u00e9sre t\u00f6rt\u00e9n\u0151 jelentkez\u00e9s kezdete: 2026. m\u00e1jus.01.<br \/>\n2. Felv\u00e9teli p\u00e1ly\u00e1zat bead\u00e1sa: 2026. j\u00falius 15.<br \/>\n3. Szem\u00e9lyes felv\u00e9teli interj\u00fa 2026. augusztus m\u00e1sodik fel\u00e9ben v\u00e1rhat\u00f3.<\/p>\n<p style=\"text-align: justify\"><span style=\"font-size: 1rem\"><strong>Jelentkez\u00e9s CBT konzulens szakir\u00e1ny\u00fa tov\u00e1bbk\u00e9pz\u00e9s: <\/strong>A jelentkez\u00e9st a <a href=\"mailto:cbtkonzulens@semmelweis.hu\">cbtkonzulens@semmelweis.hu<\/a> e-mailc\u00edmre v\u00e1rjuk. A p\u00e1ly\u00e1zatban az al\u00e1bb felsorolt dokumentumokat kell csatolni, melyeket k\u00e9r\u00fcnk egy pdf file-ban elk\u00fcldeni. PDF elnevez\u00e9se: N\u00e9v_ jelentkez\u00e9s CBT konzulens<\/span><\/p>\n<ul>\n<li><a href=\"https:\/\/semmelweis.hu\/klinikai-pszichologia\/files\/2026\/03\/CBT-konzulens_jelentkezesi-lap_2026.docx\">jelentkez\u00e9si lap<\/a> <span style=\"font-size: 12pt\">(sz\u00e1m\u00edt\u00f3g\u00e9ppel kit\u00f6ltve)<\/span><\/li>\n<li>r\u00e9szletes \u00f6n\u00e9letrajz<\/li>\n<li>motiv\u00e1ci\u00f3s lev\u00e9l<\/li>\n<li>diploma m\u00e1solat (BA \u00e9s MA\/MsC)<\/li>\n<li>szakk\u00e9pzetts\u00e9get igazol\u00f3 \/ szakvizsga oklev\u00e9l (ha van)<\/li>\n<li>munk\u00e1ltat\u00f3i igazol\u00e1s<\/li>\n<\/ul>\n<p style=\"text-align: justify\"><strong>Jelentkez\u00e9s CBT terapeuta szakir\u00e1ny\u00fa tov\u00e1bbk\u00e9pz\u00e9s:<\/strong> <span style=\"font-size: 1rem\">A jelentkez\u00e9st a <\/span><a href=\"mailto:cbtterapeuta@semmelweis.hu\">cbtterapeuta@semmelweis.hu<\/a> e-mailc\u00edmre v\u00e1rjuk. A p\u00e1ly\u00e1zatban\u00a0<span style=\"font-size: 1rem\">az al\u00e1bb felsorolt dokumentumokat kell csatolni,<\/span> melyeket k\u00e9r\u00fcnk egy pdf file-ban elk\u00fcldeni. PDF elnevez\u00e9se: N\u00e9v_ jelentkez\u00e9s CBT terapeuta<\/p>\n<ul>\n<li><a href=\"https:\/\/semmelweis.hu\/klinikai-pszichologia\/files\/2026\/03\/CBT-terapeuta_jelentkezesi-lap_2026.docx\">jelentkez\u00e9si lap<\/a> <span style=\"font-size: 12pt\">(sz\u00e1m\u00edt\u00f3g\u00e9ppel kit\u00f6ltve)<\/span><\/li>\n<li>r\u00e9szletes \u00f6n\u00e9letrajz<\/li>\n<li>motiv\u00e1ci\u00f3s lev\u00e9l<\/li>\n<li>diploma m\u00e1solat (BA \u00e9s MA\/MsC)<\/li>\n<li>szakk\u00e9pzetts\u00e9get igazol\u00f3 \/ szakvizsga oklev\u00e9l (ha van)<\/li>\n<li>munk\u00e1ltat\u00f3i igazol\u00e1s<\/li>\n<\/ul>\n<p>&nbsp;<\/p>\n","protected":false},"excerpt":{"rendered":"<p>Jelentkez\u00e9s menete:\u00a0 1. K\u00e9pz\u00e9sre t\u00f6rt\u00e9n\u0151 jelentkez\u00e9s kezdete: 2026. m\u00e1jus.01. 2. Felv\u00e9teli p\u00e1ly\u00e1zat bead\u00e1sa: 2026. j\u00falius 15. 3. Szem\u00e9lyes felv\u00e9teli interj\u00fa 2026. augusztus m\u00e1sodik fel\u00e9ben v\u00e1rhat\u00f3. Jelentkez\u00e9s CBT konzulens szakir\u00e1ny\u00fa tov\u00e1bbk\u00e9pz\u00e9s: A jelentkez\u00e9st a <a href=\"mailto:cbtkonzulens@semmelweis.hu\">cbtkonzulens@semmelweis.hu<\/a> e-mailc\u00edmre v\u00e1rjuk. A p\u00e1ly\u00e1zatban az al\u00e1bb felsorolt dokumentumokat kell csatolni, melyeket k\u00e9r\u00fcnk egy pdf file-ban elk\u00fcldeni. PDF elnevez\u00e9se: N\u00e9v_ jelentkez\u00e9s CBT konzulens &hellip;<\/p>\n","protected":false},"author":336,"featured_media":0,"parent":7101,"menu_order":1,"comment_status":"closed","ping_status":"closed","template":"","meta":{"_acf_changed":false,"footnotes":""},"categories":[],"tags":[],"class_list":["post-7724","page","type-page","status-publish","hentry"],"acf":[],"_links":{"self":[{"href":"https:\/\/semmelweis.hu\/klinikai-pszichologia\/wp-json\/wp\/v2\/pages\/7724","targetHints":{"allow":["GET"]}}],"collection":[{"href":"https:\/\/semmelweis.hu\/klinikai-pszichologia\/wp-json\/wp\/v2\/pages"}],"about":[{"href":"https:\/\/semmelweis.hu\/klinikai-pszichologia\/wp-json\/wp\/v2\/types\/page"}],"author":[{"embeddable":true,"href":"https:\/\/semmelweis.hu\/klinikai-pszichologia\/wp-json\/wp\/v2\/users\/336"}],"replies":[{"embeddable":true,"href":"https:\/\/semmelweis.hu\/klinikai-pszichologia\/wp-json\/wp\/v2\/comments?post=7724"}],"version-history":[{"count":6,"href":"https:\/\/semmelweis.hu\/klinikai-pszichologia\/wp-json\/wp\/v2\/pages\/7724\/revisions"}],"predecessor-version":[{"id":8022,"href":"https:\/\/semmelweis.hu\/klinikai-pszichologia\/wp-json\/wp\/v2\/pages\/7724\/revisions\/8022"}],"up":[{"embeddable":true,"href":"https:\/\/semmelweis.hu\/klinikai-pszichologia\/wp-json\/wp\/v2\/pages\/7101"}],"wp:attachment":[{"href":"https:\/\/semmelweis.hu\/klinikai-pszichologia\/wp-json\/wp\/v2\/media?parent=7724"}],"wp:term":[{"taxonomy":"category","embeddable":true,"href":"https:\/\/semmelweis.hu\/klinikai-pszichologia\/wp-json\/wp\/v2\/categories?post=7724"},{"taxonomy":"post_tag","embeddable":true,"href":"https:\/\/semmelweis.hu\/klinikai-pszichologia\/wp-json\/wp\/v2\/tags?post=7724"}],"curies":[{"name":"wp","href":"https:\/\/api.w.org\/{rel}","templated":true}]}}