{"id":7600,"date":"2025-03-17T14:01:07","date_gmt":"2025-03-17T13:01:07","guid":{"rendered":"https:\/\/semmelweis.hu\/klinikai-pszichologia\/?page_id=7600"},"modified":"2025-03-17T14:01:38","modified_gmt":"2025-03-17T13:01:38","slug":"7600-2","status":"publish","type":"page","link":"https:\/\/semmelweis.hu\/klinikai-pszichologia\/7600-2\/","title":{"rendered":"Rangos \u00e1llami kit\u00fcntet\u00e9st kapott Tansz\u00e9k\u00fcnk kor\u00e1bbi vezet\u0151je, Prof. Dr. Perczel-Forintos D\u00f3ra.\u00a0"},"content":{"rendered":"<p class=\"xmsonormal\"><span style=\"font-size: 14pt\">A nemzeti \u00fcnnep alkalm\u00e1b\u00f3l rangos \u00e1llami kit\u00fcntet\u00e9st kapott Tansz\u00e9k\u00fcnk kor\u00e1bbi vezet\u0151je, Prof. Dr. Perczel-Forintos D\u00f3ra.\u00a0<img loading=\"lazy\" decoding=\"async\" class=\"alignright\" src=\"https:\/\/semmelweis.hu\/klinikai-pszichologia\/files\/2025\/03\/IMG_5423-scaled.jpg\" alt=\"\" width=\"299\" height=\"398\" \/><\/span><\/p>\n<p class=\"xmsonormal\"><span style=\"font-size: 14pt\">Professzor Asszony a t\u00f6bb \u00e9vtizedes, iskolateremt\u0151 tudom\u00e1nyos p\u00e1ly\u00e1ja, k\u00fcl\u00f6n\u00f6sen a kognit\u00edv viselked\u00e9ster\u00e1pia hazai megalapoz\u00e1sa, valamint az alacsony intenzit\u00e1s\u00fa intervenci\u00f3k elterjeszt\u00e9se \u00e9rdek\u00e9ben v\u00e9gzett elhivatott szakmai munk\u00e1ja elismer\u00e9sek\u00e9nt a Magyar \u00c9rdemrend Lovagkereszt polg\u00e1ri tagozat kit\u00fcntet\u00e9sben r\u00e9szes\u00fclt, melyhez ez\u00faton is sz\u00edvb\u0151l gratul\u00e1lunk! <\/span><\/p>\n<p><span style=\"font-size: 14pt\"><a href=\"https:\/\/semmelweis.hu\/hirek\/2025\/03\/15\/allami-kituntetesek-a-semmelweis-egyetem-munkatarsainak-marcius-15-e-alkalmabol\/\">https:\/\/semmelweis.hu\/hirek\/2025\/03\/15\/allami-kituntetesek-a-semmelweis-egyetem-munkatarsainak-marcius-15-e-alkalmabol\/<\/a><\/span><\/p>\n<p>&nbsp;<\/p>\n<p><img loading=\"lazy\" decoding=\"async\" class=\"\" src=\"https:\/\/semmelweis.hu\/klinikai-pszichologia\/files\/2025\/03\/IMG_5401-scaled.jpg\" alt=\"\" width=\"202\" height=\"270\" \/>\u00a0<img loading=\"lazy\" decoding=\"async\" class=\"\" src=\"https:\/\/semmelweis.hu\/klinikai-pszichologia\/files\/2025\/03\/IMG_5393-scaled.jpg\" alt=\"\" width=\"211\" height=\"275\" \/><\/p>\n","protected":false},"excerpt":{"rendered":"<p>A nemzeti \u00fcnnep alkalm\u00e1b\u00f3l rangos \u00e1llami kit\u00fcntet\u00e9st kapott Tansz\u00e9k\u00fcnk kor\u00e1bbi vezet\u0151je, Prof. Dr. Perczel-Forintos D\u00f3ra.\u00a0 Professzor Asszony a t\u00f6bb \u00e9vtizedes, iskolateremt\u0151 tudom\u00e1nyos p\u00e1ly\u00e1ja, k\u00fcl\u00f6n\u00f6sen a kognit\u00edv viselked\u00e9ster\u00e1pia hazai megalapoz\u00e1sa, valamint az alacsony intenzit\u00e1s\u00fa intervenci\u00f3k elterjeszt\u00e9se \u00e9rdek\u00e9ben v\u00e9gzett elhivatott szakmai munk\u00e1ja elismer\u00e9sek\u00e9nt a Magyar \u00c9rdemrend Lovagkereszt polg\u00e1ri tagozat kit\u00fcntet\u00e9sben r\u00e9szes\u00fclt, melyhez ez\u00faton is sz\u00edvb\u0151l gratul\u00e1lunk! <a href=\"https:\/\/semmelweis.hu\/hirek\/2025\/03\/15\/allami-kituntetesek-a-semmelweis-egyetem-munkatarsainak-marcius-15-e-alkalmabol\/\">https:\/\/semmelweis.hu\/hirek\/2025\/03\/15\/allami-kituntetesek-a-semmelweis-egyetem-munkatarsainak-marcius-15-e-alkalmabol\/<\/a> &nbsp; &hellip;<\/p>\n","protected":false},"author":336,"featured_media":0,"parent":0,"menu_order":0,"comment_status":"closed","ping_status":"closed","template":"","meta":{"_acf_changed":false,"footnotes":""},"categories":[6],"tags":[],"class_list":["post-7600","page","type-page","status-publish","hentry","category-hirek"],"acf":[],"_links":{"self":[{"href":"https:\/\/semmelweis.hu\/klinikai-pszichologia\/wp-json\/wp\/v2\/pages\/7600","targetHints":{"allow":["GET"]}}],"collection":[{"href":"https:\/\/semmelweis.hu\/klinikai-pszichologia\/wp-json\/wp\/v2\/pages"}],"about":[{"href":"https:\/\/semmelweis.hu\/klinikai-pszichologia\/wp-json\/wp\/v2\/types\/page"}],"author":[{"embeddable":true,"href":"https:\/\/semmelweis.hu\/klinikai-pszichologia\/wp-json\/wp\/v2\/users\/336"}],"replies":[{"embeddable":true,"href":"https:\/\/semmelweis.hu\/klinikai-pszichologia\/wp-json\/wp\/v2\/comments?post=7600"}],"version-history":[{"count":5,"href":"https:\/\/semmelweis.hu\/klinikai-pszichologia\/wp-json\/wp\/v2\/pages\/7600\/revisions"}],"predecessor-version":[{"id":7608,"href":"https:\/\/semmelweis.hu\/klinikai-pszichologia\/wp-json\/wp\/v2\/pages\/7600\/revisions\/7608"}],"wp:attachment":[{"href":"https:\/\/semmelweis.hu\/klinikai-pszichologia\/wp-json\/wp\/v2\/media?parent=7600"}],"wp:term":[{"taxonomy":"category","embeddable":true,"href":"https:\/\/semmelweis.hu\/klinikai-pszichologia\/wp-json\/wp\/v2\/categories?post=7600"},{"taxonomy":"post_tag","embeddable":true,"href":"https:\/\/semmelweis.hu\/klinikai-pszichologia\/wp-json\/wp\/v2\/tags?post=7600"}],"curies":[{"name":"wp","href":"https:\/\/api.w.org\/{rel}","templated":true}]}}