{"id":7555,"date":"2025-02-28T09:30:52","date_gmt":"2025-02-28T08:30:52","guid":{"rendered":"https:\/\/semmelweis.hu\/klinikai-pszichologia\/?page_id=7555"},"modified":"2025-02-28T09:30:52","modified_gmt":"2025-02-28T08:30:52","slug":"doktori-phd-kepzes-2","status":"publish","type":"page","link":"https:\/\/semmelweis.hu\/klinikai-pszichologia\/oktatas\/doktori-phd-kepzes-2\/","title":{"rendered":"Doktori (PhD) k\u00e9pz\u00e9s"},"content":{"rendered":"<p><strong>Meghirdetett PhD kurzusok:<\/strong><\/p>\n<p>A szem\u00e9lyis\u00e9gpszichol\u00f3gia alapjai<\/p>\n<ul>\n<li>K\u00f3d: 4147<\/li>\n<li>Szemeszter: 2023\/24\/1<\/li>\n<li>T\u00e1rgyfelel\u0151s: Dr. Perczel-Forintos D\u00f3ra<\/li>\n<li>Program: Pszichi\u00e1tria<\/li>\n<li>El\u0151ad\u00f3terem: SE Klinikai Pszichol\u00f3gia Tansz\u00e9k, \u00dcll\u0151i \u00fat 25.<\/li>\n<li>Tov\u00e1bbi r\u00e9szletek: perczel-forintos.dora@semmelweis.hu<\/li>\n<\/ul>\n<p><b>T\u00e9mavezet\u0151k \u00e9s kutat\u00e1si ter\u00fcleteik:<\/b><\/p>\n<p>Prof. Perczel-Forintos D\u00f3ra, tansz\u00e9kvezet\u0151 egyetemi tan\u00e1r, perczel-forintos.dora@semmelweis.hu<\/p>\n<ul>\n<li>Tudatos jelenl\u00e9t alap\u00fa kognit\u00edv ter\u00e1pia (MBCT), mindfulness szerepe a klinikumban<\/li>\n<li>Fejf\u00e1j\u00e1s kutat\u00e1s &#8211; pszichol\u00f3giai t\u00e9nyez\u0151k kr\u00f3nikus fejf\u00e1j\u00e1ssal \u00e9l\u0151kn\u00e9l<\/li>\n<li>Az obesitas \u00e9s tests\u00falyprobl\u00e9m\u00e1k pszichol\u00f3gia t\u00e9nyez\u0151i<\/li>\n<li>Poszttraum\u00e1s stressz betegs\u00e9g, traumatikus \u00e9letesem\u00e9nyek \u00e9s pszich\u00e9s megbeteged\u00e9sek<\/li>\n<li>Az \u00f6ngyilkoss\u00e1gi vesz\u00e9ly\u00e1llapotok megel\u0151z\u00e9si lehet\u0151s\u00e9gei<\/li>\n<\/ul>\n<p><strong>A PhD-k\u00e9pz\u00e9s a fenti t\u00e9m\u00e1kban, a Semmelweis Egyetem 4. sz. Doktori Iskol\u00e1ja \u201eMent\u00e1lis eg\u00e9szs\u00e9gtudom\u00e1nyok\u201d keret\u00e9ben t\u00f6rt\u00e9nik. <\/strong><\/p>\n<p><a href=\"https:\/\/semmelweis.hu\/phd\/doktori-iskolak\/mentalis-egeszsegtudomanyok\/\" target=\"_blank\" rel=\"noopener\">Tov\u00e1bbi inform\u00e1ci\u00f3k a Doktori Iskola honlapj\u00e1n \u2192<\/a><\/p>\n<p style=\"text-align: left\">\u00a0<\/p>\n<p><strong>Aktu\u00e1lis t\u00e9mavezet\u00e9sek<\/strong><\/p>\n<p>Kresznerits Szilvia (3. \u00e9vfolyam): Mindfulness szerepe a klinikumban &#8211; Tudatos jelenl\u00e9t alap\u00fa ter\u00e1pi\u00e1k szerepe az \u00f6ngyilkoss\u00e1gi vesz\u00e9lyeztetetts\u00e9g cs\u00f6kkent\u00e9s\u00e9ben<\/p>\n<p>Losonczi Ant\u00f3nia (1. \u00e9vfolyam): \u00c9letmin\u0151s\u00e9g kr\u00f3nikus myeloid leuk\u00e9mi\u00e1ban<\/p>\n<p>Sal Dorottya (1. \u00e9vfolyam): A tudatos jelenl\u00e9t alap\u00fa kognit\u00edv ter\u00e1pia (MBCT) alkalmaz\u00e1sa kr\u00f3nikus fejf\u00e1j\u00e1ssal \u00e9l\u0151kn\u00e9l<\/p>\n<p>V\u00f6r\u00f6s Anna (1. \u00e9vfolyam): Poszttraum\u00e1s stressz betegs\u00e9g \u00e9s traumakutat\u00e1s<\/p>\n<p>&nbsp;<\/p>\n<table width=\"610\">\n<tbody>\n<tr>\n<td width=\"40%\">\n<p><strong>Kor\u00e1bbi t\u00e9mavezetettek k\u00f6z\u00fcl fokozatot szereztek:<\/strong><\/p>\n<p>Kohln\u00e9 Papp Ildik\u00f3 (50%), 2018<\/p>\n<p>Fodor Kinga, 2016<\/p>\n<p>Kocsis-Bog\u00e1r Krisztina, 2016<\/p>\n<p>Mikl\u00f3si M\u00f3nika Barbara, 2015<\/p>\n<p><strong>Kor\u00e1bbi t\u00e9mavezetettek k\u00f6z\u00fcl abszolut\u00f3riumot szereztek:<\/strong><\/p>\n<p>Orb\u00e1n Gy\u0151z\u0151, 2012\/08<\/p>\n<p>P\u00e1lv\u00f6lgyi \u00c1gnes (50%), 2021\/08<\/p>\n<p>Pat\u00f3 Irina, 2018\/08<\/p>\n<p>Sallai Judit, 2007\/01<\/p>\n<\/td>\n<\/tr>\n<\/tbody>\n<\/table>\n","protected":false},"excerpt":{"rendered":"<p>Meghirdetett PhD kurzusok: A szem\u00e9lyis\u00e9gpszichol\u00f3gia alapjai K\u00f3d: 4147 Szemeszter: 2023\/24\/1 T\u00e1rgyfelel\u0151s: Dr. Perczel-Forintos D\u00f3ra Program: Pszichi\u00e1tria El\u0151ad\u00f3terem: SE Klinikai Pszichol\u00f3gia Tansz\u00e9k, \u00dcll\u0151i \u00fat 25. Tov\u00e1bbi r\u00e9szletek: perczel-forintos.dora@semmelweis.hu T\u00e9mavezet\u0151k \u00e9s kutat\u00e1si ter\u00fcleteik: Prof. Perczel-Forintos D\u00f3ra, tansz\u00e9kvezet\u0151 egyetemi tan\u00e1r, perczel-forintos.dora@semmelweis.hu Tudatos jelenl\u00e9t alap\u00fa kognit\u00edv ter\u00e1pia (MBCT), mindfulness szerepe a klinikumban Fejf\u00e1j\u00e1s kutat\u00e1s &#8211; pszichol\u00f3giai t\u00e9nyez\u0151k kr\u00f3nikus fejf\u00e1j\u00e1ssal &hellip;<\/p>\n","protected":false},"author":336,"featured_media":0,"parent":8,"menu_order":2,"comment_status":"closed","ping_status":"closed","template":"","meta":{"_acf_changed":false,"footnotes":""},"categories":[],"tags":[],"class_list":["post-7555","page","type-page","status-publish","hentry"],"acf":[],"_links":{"self":[{"href":"https:\/\/semmelweis.hu\/klinikai-pszichologia\/wp-json\/wp\/v2\/pages\/7555","targetHints":{"allow":["GET"]}}],"collection":[{"href":"https:\/\/semmelweis.hu\/klinikai-pszichologia\/wp-json\/wp\/v2\/pages"}],"about":[{"href":"https:\/\/semmelweis.hu\/klinikai-pszichologia\/wp-json\/wp\/v2\/types\/page"}],"author":[{"embeddable":true,"href":"https:\/\/semmelweis.hu\/klinikai-pszichologia\/wp-json\/wp\/v2\/users\/336"}],"replies":[{"embeddable":true,"href":"https:\/\/semmelweis.hu\/klinikai-pszichologia\/wp-json\/wp\/v2\/comments?post=7555"}],"version-history":[{"count":1,"href":"https:\/\/semmelweis.hu\/klinikai-pszichologia\/wp-json\/wp\/v2\/pages\/7555\/revisions"}],"predecessor-version":[{"id":7556,"href":"https:\/\/semmelweis.hu\/klinikai-pszichologia\/wp-json\/wp\/v2\/pages\/7555\/revisions\/7556"}],"up":[{"embeddable":true,"href":"https:\/\/semmelweis.hu\/klinikai-pszichologia\/wp-json\/wp\/v2\/pages\/8"}],"wp:attachment":[{"href":"https:\/\/semmelweis.hu\/klinikai-pszichologia\/wp-json\/wp\/v2\/media?parent=7555"}],"wp:term":[{"taxonomy":"category","embeddable":true,"href":"https:\/\/semmelweis.hu\/klinikai-pszichologia\/wp-json\/wp\/v2\/categories?post=7555"},{"taxonomy":"post_tag","embeddable":true,"href":"https:\/\/semmelweis.hu\/klinikai-pszichologia\/wp-json\/wp\/v2\/tags?post=7555"}],"curies":[{"name":"wp","href":"https:\/\/api.w.org\/{rel}","templated":true}]}}