{"id":7087,"date":"2024-04-23T14:04:18","date_gmt":"2024-04-23T12:04:18","guid":{"rendered":"https:\/\/semmelweis.hu\/klinikai-pszichologia\/?page_id=7087"},"modified":"2025-04-02T16:36:03","modified_gmt":"2025-04-02T14:36:03","slug":"adatvedelem","status":"publish","type":"page","link":"https:\/\/semmelweis.hu\/klinikai-pszichologia\/adatvedelem\/","title":{"rendered":"Adatv\u00e9delem"},"content":{"rendered":"<p style=\"text-align: justify\">A Semmelweis Egyetemen a szem\u00e9lyes \u00e9s k\u00fcl\u00f6nleges adatok kezel\u00e9se \u00e9s v\u00e9delme a jogszab\u00e1lyoknak megfelel\u0151en, biztons\u00e1gosan t\u00f6rt\u00e9nik. Ezt a\u00a0<strong><a href=\"https:\/\/semmelweis.hu\/klinikai-pszichologia\/files\/2024\/04\/SE_Adatvedelmi_Szabalyzat_hatalyos_20210708tol.pdf\" target=\"_blank\" rel=\"noopener\">Semmelweis Egyetem Adatv\u00e9delmi Szab\u00e1lyzata<\/a><\/strong>\u00a0foglalja \u00f6ssze.<\/p>\n<p style=\"text-align: justify\">Az egyetemi adatv\u00e9delmi felel\u0151s alapvet\u0151 feladata, hogy az Adatv\u00e9delmi Szab\u00e1lyzatban r\u00f6gz\u00edtett feladatait teljes\u00edtve gondoskodjon az Egyetem adatv\u00e9delmi \u00e9s az ezzel \u00f6sszef\u00fcgg\u0151 adatbiztons\u00e1gi szempontokat kiel\u00e9g\u00edt\u0151 m\u0171k\u00f6d\u00e9s\u00e9r\u0151l.<\/p>\n<p><strong>A Semmelweis Egyetem adatv\u00e9delmi tisztvisel\u0151je:<\/strong><\/p>\n<p><strong>Dr. Tr\u00f3cs\u00e1nyi S\u00e1ra<\/strong><br \/>\n1085 Budapest, \u00dcll\u0151i \u00fat 26.<br \/>\nTel.: 06-1\/459-1500<br \/>\nE-mail:\u00a0<a href=\"mailto:adatvedelem@semmelweis.hu\">adatvedelem@semmelweis.hu<\/a><\/p>\n<p>A Klinikai Pszichol\u00f3gia Tansz\u00e9k adatkezel\u00e9si t\u00e1j\u00e9koztat\u00f3ja az adatkezel\u00e9ssel \u00e9rintett szem\u00e9lyek r\u00e9sz\u00e9re:<br \/>\n<a href=\"https:\/\/semmelweis.hu\/klinikai-pszichologia\/files\/2024\/07\/ADATVEDELMI-TAJEKOZTATAS_betegjog_.pdf\" target=\"_blank\" rel=\"noopener\">Adatv\u00e9delmi t\u00e1j\u00e9koztat\u00e1s_betegjog <\/a><br \/>\n<a href=\"https:\/\/semmelweis.hu\/klinikai-pszichologia\/files\/2024\/04\/Adatkezelesi-tajekoztato-a-szemelyes-adatok-kezeleserol.pdf\" target=\"_blank\" rel=\"noopener\">Adatkezel\u00e9si t\u00e1j\u00e9koztat\u00f3<\/a><br \/>\n<a href=\"https:\/\/semmelweis.hu\/klinikai-pszichologia\/files\/2024\/05\/Adatkezelesi-nyilvantartas_tudomanyos-kutatas_KPT.xlsx\">Adatkezel\u00e9si nyilv\u00e1ntart\u00e1s_tudom\u00e1nyos kutat\u00e1s<\/a><br \/>\n<a href=\"https:\/\/semmelweis.hu\/klinikai-pszichologia\/files\/2024\/05\/Adatkezelesi-nyilvantartas_munkaugy_KPT.xlsx\">Adatkezel\u00e9si nyilv\u00e1ntart\u00e1s_munka\u00fcgy<\/a><br \/>\n<a href=\"https:\/\/semmelweis.hu\/klinikai-pszichologia\/files\/2024\/05\/Adatkezelesi-nyilvantartas_titkarsag_KPT.xls\">Adatkezel\u00e9si nyilv\u00e1ntart\u00e1s_ titk\u00e1rs\u00e1g<\/a><br \/>\n<a href=\"https:\/\/semmelweis.hu\/klinikai-pszichologia\/files\/2024\/05\/Adatkezelesi-nyilvantartas_KPT-2024_-jarobeteg-ellatas.xlsx\">Adatkezel\u00e9si nyilv\u00e1ntart\u00e1s_j\u00e1r\u00f3beteg ell\u00e1t\u00e1s<\/a><\/p>\n<p>&nbsp;<\/p>\n","protected":false},"excerpt":{"rendered":"<p>A Semmelweis Egyetemen a szem\u00e9lyes \u00e9s k\u00fcl\u00f6nleges adatok kezel\u00e9se \u00e9s v\u00e9delme a jogszab\u00e1lyoknak megfelel\u0151en, biztons\u00e1gosan t\u00f6rt\u00e9nik. Ezt a\u00a0 <a href=\"https:\/\/semmelweis.hu\/klinikai-pszichologia\/files\/2024\/04\/SE_Adatvedelmi_Szabalyzat_hatalyos_20210708tol.pdf\" target=\"_blank\" rel=\"noopener\">Semmelweis Egyetem Adatv\u00e9delmi Szab\u00e1lyzata<\/a> \u00a0foglalja \u00f6ssze. Az egyetemi adatv\u00e9delmi felel\u0151s alapvet\u0151 feladata, hogy az Adatv\u00e9delmi Szab\u00e1lyzatban r\u00f6gz\u00edtett feladatait teljes\u00edtve gondoskodjon az Egyetem adatv\u00e9delmi \u00e9s az ezzel \u00f6sszef\u00fcgg\u0151 adatbiztons\u00e1gi szempontokat kiel\u00e9g\u00edt\u0151 m\u0171k\u00f6d\u00e9s\u00e9r\u0151l. A Semmelweis Egyetem adatv\u00e9delmi tisztvisel\u0151je: Dr. Tr\u00f3cs\u00e1nyi S\u00e1ra 1085 Budapest, &hellip;<\/p>\n","protected":false},"author":336,"featured_media":0,"parent":0,"menu_order":0,"comment_status":"closed","ping_status":"closed","template":"","meta":{"_acf_changed":false,"footnotes":""},"categories":[],"tags":[],"class_list":["post-7087","page","type-page","status-publish","hentry"],"acf":[],"_links":{"self":[{"href":"https:\/\/semmelweis.hu\/klinikai-pszichologia\/wp-json\/wp\/v2\/pages\/7087","targetHints":{"allow":["GET"]}}],"collection":[{"href":"https:\/\/semmelweis.hu\/klinikai-pszichologia\/wp-json\/wp\/v2\/pages"}],"about":[{"href":"https:\/\/semmelweis.hu\/klinikai-pszichologia\/wp-json\/wp\/v2\/types\/page"}],"author":[{"embeddable":true,"href":"https:\/\/semmelweis.hu\/klinikai-pszichologia\/wp-json\/wp\/v2\/users\/336"}],"replies":[{"embeddable":true,"href":"https:\/\/semmelweis.hu\/klinikai-pszichologia\/wp-json\/wp\/v2\/comments?post=7087"}],"version-history":[{"count":8,"href":"https:\/\/semmelweis.hu\/klinikai-pszichologia\/wp-json\/wp\/v2\/pages\/7087\/revisions"}],"predecessor-version":[{"id":7661,"href":"https:\/\/semmelweis.hu\/klinikai-pszichologia\/wp-json\/wp\/v2\/pages\/7087\/revisions\/7661"}],"wp:attachment":[{"href":"https:\/\/semmelweis.hu\/klinikai-pszichologia\/wp-json\/wp\/v2\/media?parent=7087"}],"wp:term":[{"taxonomy":"category","embeddable":true,"href":"https:\/\/semmelweis.hu\/klinikai-pszichologia\/wp-json\/wp\/v2\/categories?post=7087"},{"taxonomy":"post_tag","embeddable":true,"href":"https:\/\/semmelweis.hu\/klinikai-pszichologia\/wp-json\/wp\/v2\/tags?post=7087"}],"curies":[{"name":"wp","href":"https:\/\/api.w.org\/{rel}","templated":true}]}}