{"id":7,"date":"2012-01-30T15:56:53","date_gmt":"2012-01-30T15:56:53","guid":{"rendered":"http:\/\/semmelweis-egyetem.hu\/klinikai-pszichologia\/?page_id=7"},"modified":"2026-03-18T17:43:05","modified_gmt":"2026-03-18T16:43:05","slug":"betegellatas-es-szakmai-profilok","status":"publish","type":"page","link":"https:\/\/semmelweis.hu\/klinikai-pszichologia\/betegellatas-es-szakmai-profilok\/","title":{"rendered":"Betegell\u00e1t\u00e1s"},"content":{"rendered":"<p style=\"text-align: justify\">A Szakambulancia gy\u00f3gy\u00edt\u00f3 tev\u00e9kenys\u00e9ge feln\u0151tt \u00e9s serd\u00fcl\u0151 pszichol\u00f3giai ell\u00e1t\u00e1sb\u00f3l \u00e1ll.\u00a0<\/p>\n<p style=\"text-align: justify\">A Szakambulancia keretein bel\u00fcl az al\u00e1bbi egy\u00e9ni- \u00e9s csoportter\u00e1pi\u00e1k \u00e9rhet\u0151k el: egy\u00e9ni \u00e9s csoportos kognit\u00edv viselked\u00e9ster\u00e1pi\u00e1k,\u00a0 szupport\u00edv, relax\u00e1ci\u00f3s, mindfulness alap\u00fa, valamint metakognit\u00edv ter\u00e1pi\u00e1k.<\/p>\n<p style=\"text-align: justify\"><strong>Szakmai profilok bemutat\u00e1sa<\/strong><strong>: <\/strong>Az al\u00e1bbi\u00a0<span style=\"font-size: 1rem\">feln\u0151ttkori pszich\u00e9s zavarok<\/span><span style=\"font-size: 1rem\"> pszichol\u00f3giai ell\u00e1t\u00e1sa tartozik els\u0151sorban a Klinikai Pszichol\u00f3gia Tansz\u00e9k Szakambulanci\u00e1j\u00e1nak profilj\u00e1ba, ez\u00e9rt ilyen probl\u00e9m\u00e1kkal k\u00fczd\u0151 p\u00e1ciensek jelentkez\u00e9s\u00e9t tudjuk fogadni:<\/span><\/p>\n<ul style=\"text-align: justify\">\n<li><a href=\"https:\/\/semmelweis.hu\/klinikai-pszichologia\/betegellatas-es-szakmai-profilok\/betegtajekoztatok\/a-szakambulancian-ellatott-psziches-megbetegedesek\/szorongasos-megbetegedesek\/\">szorong\u00e1sos zavarok (p\u00e1nik, generaliz\u00e1lt szorong\u00e1s, szoci\u00e1lis f\u00f3bia, hipochondriasis, f\u00f3bi\u00e1k),<\/a><\/li>\n<li><a href=\"https:\/\/semmelweis.hu\/klinikai-pszichologia\/betegellatas-es-szakmai-profilok\/a-szakambulancian-ellatott-psziches-megbetegedesek\/hangulatzavarok\/\">depresszi\u00f3<\/a><\/li>\n<li><a href=\"https:\/\/semmelweis.hu\/klinikai-pszichologia\/betegellatas-es-szakmai-profilok\/a-szakambulancian-ellatott-psziches-megbetegedesek\/pszichoszomatikus-betegsegek\/\">szomatiz\u00e1ci\u00f3s zavarok (fejf\u00e1j\u00e1s,\u00a0alv\u00e1szavarok, funkcion\u00e1lis medd\u0151s\u00e9g, magas v\u00e9rnyom\u00e1s stb.)<\/a><\/li>\n<\/ul>\n<p style=\"text-align: justify\">A <a href=\"https:\/\/semmelweis.hu\/klinikai-pszichologia\/betegellatas-es-szakmai-profilok\/a-szakambulancian-ellatott-psziches-megbetegedesek\/serdulokori-psziches-megbetegedesek\/\"><strong>serd\u00fcl\u0151 \u00e9s ifj\u00fakorban jelentkez\u0151 pszich\u00e9s zavarok<\/strong><\/a>: szorong\u00e1sos zavarok, depresszi\u00f3, fejf\u00e1j\u00e1s, szomatiz\u00e1ci\u00f3s zavarok. A Serd\u00fcl\u0151 Szakambulancia aktu\u00e1lis m\u0171k\u00f6d\u00e9s\u00e9r\u0151l k\u00e9rj\u00fck, telefonon \u00e9rdekl\u0151dj\u00f6n!<\/p>\n<p style=\"text-align: justify\">\u00a0<\/p>\n<p style=\"text-align: justify\">Az egy\u00e9ni ter\u00e1pi\u00e1s m\u00f3dszereket <a href=\"https:\/\/semmelweis.hu\/klinikai-pszichologia\/betegellatas-es-szakmai-profilok\/csoportterapiak\/\">csoportos m\u00f3dszerek<\/a> eg\u00e9sz\u00edtik ki:<\/p>\n<ul style=\"text-align: justify\">\n<li>\u00a0<\/li>\n<li><a href=\"https:\/\/semmelweis.hu\/klinikai-pszichologia\/betegellatas-es-szakmai-profilok\/csoportterapiak\/\"><u>Mindfulness (tudatos jelenl\u00e9t) alap\u00fa kognit\u00edv ter\u00e1pi\u00e1s csoportok<\/u><\/a>: \u00f6ns\u00e9rt\u0151 borderline szem\u00e9lyis\u00e9gzavarral k\u00fczd\u0151, illetve fejf\u00e1j\u00f3s betegek r\u00e9sz\u00e9re.<\/li>\n<li><a href=\"https:\/\/semmelweis.hu\/klinikai-pszichologia\/betegellatas-es-szakmai-profilok\/csoportterapiak\/\"><u>Asszert\u00edv (szoci\u00e1lis k\u00e9szs\u00e9gfejleszt\u0151) tr\u00e9ning<\/u><\/a>: a legk\u00fcl\u00f6nf\u00e9l\u00e9bb pszich\u00e9s probl\u00e9m\u00e1kkal k\u00fczd\u0151 szem\u00e9lyek kommunik\u00e1ci\u00f3s probl\u00e9m\u00e1inak kezel\u00e9s\u00e9re.<\/li>\n<li><a href=\"https:\/\/semmelweis.hu\/klinikai-pszichologia\/betegellatas-es-szakmai-profilok\/terapiak\/csoportterapiak\/\"><span style=\"text-decoration: underline\">Kognit\u00edv viselked\u00e9ster\u00e1pi\u00e1s csoport szorong\u00e1ssal k\u00fczd\u0151 serd\u00fcl\u0151k r\u00e9sz\u00e9re<\/span><\/a><\/li>\n<li>\n<p><a href=\"https:\/\/semmelweis.hu\/klinikai-pszichologia\/betegellatas-es-szakmai-profilok\/terapiak\/csoportterapiak\/\"><span style=\"text-decoration: underline\">Intenz\u00edv kognit\u00edv-viselked\u00e9ster\u00e1pi\u00e1s csoport p\u00e1nikbetegek r\u00e9sz\u00e9re<\/span><\/a><\/p>\n<\/li>\n<\/ul>\n<p style=\"text-align: justify\">\u00a0<\/p>\n<p>&nbsp;<\/p>\n<p>&nbsp;<\/p>\n<p>&nbsp;<\/p>\n<p style=\"text-align: justify\">\u00a0<\/p>\n","protected":false},"excerpt":{"rendered":"<p>A Szakambulancia gy\u00f3gy\u00edt\u00f3 tev\u00e9kenys\u00e9ge feln\u0151tt \u00e9s serd\u00fcl\u0151 pszichol\u00f3giai ell\u00e1t\u00e1sb\u00f3l \u00e1ll.\u00a0 A Szakambulancia keretein bel\u00fcl az al\u00e1bbi egy\u00e9ni- \u00e9s csoportter\u00e1pi\u00e1k \u00e9rhet\u0151k el: egy\u00e9ni \u00e9s csoportos kognit\u00edv viselked\u00e9ster\u00e1pi\u00e1k,\u00a0 szupport\u00edv, relax\u00e1ci\u00f3s, mindfulness alap\u00fa, valamint metakognit\u00edv ter\u00e1pi\u00e1k. Szakmai profilok bemutat\u00e1sa: Az al\u00e1bbi\u00a0feln\u0151ttkori pszich\u00e9s zavarok pszichol\u00f3giai ell\u00e1t\u00e1sa tartozik els\u0151sorban a Klinikai Pszichol\u00f3gia Tansz\u00e9k Szakambulanci\u00e1j\u00e1nak profilj\u00e1ba, ez\u00e9rt ilyen probl\u00e9m\u00e1kkal k\u00fczd\u0151 p\u00e1ciensek &hellip;<\/p>\n","protected":false},"author":336,"featured_media":0,"parent":0,"menu_order":5,"comment_status":"closed","ping_status":"closed","template":"","meta":{"_acf_changed":false,"footnotes":""},"categories":[],"tags":[],"class_list":["post-7","page","type-page","status-publish","hentry"],"acf":[],"_links":{"self":[{"href":"https:\/\/semmelweis.hu\/klinikai-pszichologia\/wp-json\/wp\/v2\/pages\/7","targetHints":{"allow":["GET"]}}],"collection":[{"href":"https:\/\/semmelweis.hu\/klinikai-pszichologia\/wp-json\/wp\/v2\/pages"}],"about":[{"href":"https:\/\/semmelweis.hu\/klinikai-pszichologia\/wp-json\/wp\/v2\/types\/page"}],"author":[{"embeddable":true,"href":"https:\/\/semmelweis.hu\/klinikai-pszichologia\/wp-json\/wp\/v2\/users\/336"}],"replies":[{"embeddable":true,"href":"https:\/\/semmelweis.hu\/klinikai-pszichologia\/wp-json\/wp\/v2\/comments?post=7"}],"version-history":[{"count":10,"href":"https:\/\/semmelweis.hu\/klinikai-pszichologia\/wp-json\/wp\/v2\/pages\/7\/revisions"}],"predecessor-version":[{"id":7998,"href":"https:\/\/semmelweis.hu\/klinikai-pszichologia\/wp-json\/wp\/v2\/pages\/7\/revisions\/7998"}],"wp:attachment":[{"href":"https:\/\/semmelweis.hu\/klinikai-pszichologia\/wp-json\/wp\/v2\/media?parent=7"}],"wp:term":[{"taxonomy":"category","embeddable":true,"href":"https:\/\/semmelweis.hu\/klinikai-pszichologia\/wp-json\/wp\/v2\/categories?post=7"},{"taxonomy":"post_tag","embeddable":true,"href":"https:\/\/semmelweis.hu\/klinikai-pszichologia\/wp-json\/wp\/v2\/tags?post=7"}],"curies":[{"name":"wp","href":"https:\/\/api.w.org\/{rel}","templated":true}]}}