{"id":67,"date":"2012-05-23T10:08:01","date_gmt":"2012-05-23T10:08:01","guid":{"rendered":"http:\/\/semmelweis-egyetem.hu\/klinikai-pszichologia\/?page_id=67"},"modified":"2025-02-25T10:10:06","modified_gmt":"2025-02-25T09:10:06","slug":"kezelesi-iranyelvek-nice","status":"publish","type":"page","link":"https:\/\/semmelweis.hu\/klinikai-pszichologia\/kezelesi-iranyelvek-nice\/","title":{"rendered":"Kezel\u00e9si ir\u00e1nyelvek (NICE)"},"content":{"rendered":"<p style=\"text-align: justify\"><strong>A NICE Ir\u00e1nyelvek a ment\u00e1lis betegs\u00e9gek korszer\u0171 ell\u00e1t\u00e1s\u00e1hoz<\/strong><\/p>\n<p style=\"text-align: justify\">Az Eg\u00e9szs\u00e9g \u00e9s Klinikai Kiv\u00e1l\u00f3s\u00e1g Nemzeti Int\u00e9zete (The National Institute for Health and Clinical Excellence, NICE), az NHS szervezete, amelynek sz\u00e9khelye Londonban \u00e9s Manchesterben tal\u00e1lhat\u00f3. 1999. \u00e1prilis 1-\u00e9n alakult azzal a c\u00e9llal, hogy minden ember hozz\u00e1f\u00e9rjen az \u0151t megillet\u0151 legmagasabb szint\u0171 eg\u00e9szs\u00e9g\u00fcgyi ell\u00e1t\u00e1shoz.<\/p>\n<p style=\"text-align: justify\">Ennek \u00e9rdek\u00e9ben a NICE fejleszti \u00e9s defini\u00e1lja azokat az &#8222;eg\u00e9szs\u00e9g\u00fcgyi ell\u00e1t\u00e1si sztenderdeket&#8221;, amelyeket az emberek elv\u00e1rhatnak, hogy megkapjanak. Ezek a sztenderdek jelzik, ha egy klinikai kezel\u00e9s kiemelked\u0151en hat\u00e9konynak bizonyul, k\u00f6lts\u00e9ghat\u00e9kony \u00e9s biztons\u00e1gos, illetve ha a p\u00e1ciensek sz\u00e1m\u00e1ra pozit\u00edv \u00e9lm\u00e9nyt jelent.<\/p>\n<p style=\"text-align: justify\">A NICE ir\u00e1nyelvek a szakemberek munk\u00e1j\u00e1t illetve a p\u00e1ciensek t\u00e1j\u00e9koz\u00f3d\u00e1s\u00e1t megk\u00f6nny\u00edtend\u0151 c\u00e9llal k\u00e9sz\u00fcltek. Minden t\u00e9m\u00e1t konszenzus-konferenci\u00e1n hagytak j\u00f3v\u00e1 a szakma kiemelt k\u00e9pvisel\u0151i. Az ir\u00e1nyelveket id\u0151r\u0151l id\u0151re friss\u00edtik a leg\u00fajabb kutat\u00e1si eredm\u00e9nyek f\u00e9ny\u00e9ben.<\/p>\n<p style=\"text-align: justify\">Haz\u00e1nkban is rendk\u00edv\u00fcl fontos, hogy ezek az ir\u00e1nyelvek hozz\u00e1f\u00e9rhet\u0151k legyenek az eg\u00e9szs\u00e9g\u00fcgyi szakemberek ill. a p\u00e1ciensek sz\u00e1m\u00e1ra, ez\u00e9rt az al\u00e1bbiakban r\u00f6viden \u00f6sszefoglaltuk a leggyakoribb pszich\u00e9s betegs\u00e9gekre vonatkoz\u00f3 ir\u00e1nyelveket. J\u00f3 b\u00f6ng\u00e9sz\u00e9st k\u00edv\u00e1nva rem\u00e9lj\u00fck, hogy munk\u00e1juk sor\u00e1n hasznos\u00edtani tudj\u00e1k az itt tal\u00e1lhat\u00f3 anyagokat.<\/p>\n<p style=\"text-align: left\">Az eredeti, r\u00e9szletesebb tartalom hozz\u00e1f\u00e9rhet\u0151 a NICE honlapj\u00e1n: http:\/\/guidance.nice.org.uk.<\/p>\n<p style=\"text-align: justify\"><strong>Szem\u00e9lyre szabott gy\u00f3gy\u00edt\u00e1s<\/strong><\/p>\n<p style=\"text-align: justify\">A betegek kezel\u00e9se \u00e9s gondoz\u00e1sa minden esetben az egy\u00e9ni sz\u00fcks\u00e9gleteken \u00e9s preferenci\u00e1kon kell hogy alapuljon. A megfelel\u0151 kommunik\u00e1ci\u00f3 elengedhetetlen. Ennek r\u00e9sze az evidencia alap\u00fa inform\u00e1ci\u00f3r\u00f3l sz\u00f3l\u00f3 t\u00e1j\u00e9koztat\u00e1s, hogy a szem\u00e9lyek az inform\u00e1ci\u00f3k birtok\u00e1ban tudjanak d\u00f6nteni a kezel\u00e9si lehet\u0151s\u00e9gekr\u0151l.<\/p>\n<p style=\"text-align: justify\">Az al\u00e1bbi ir\u00e1nyelvek els\u0151sorban az eg\u00e9szs\u00e9g\u00fcgyi ell\u00e1t\u00e1sban dolgoz\u00f3 szakemberek sz\u00e1m\u00e1ra k\u00e9sz\u00fcltek, azonban betegk\u00e9nt is hasznos lehet tiszt\u00e1ban lenni a minket \u00e9rint\u0151 korszer\u0171 gy\u00f3gykezel\u00e9si elj\u00e1r\u00e1sokkal \u00e9s lehet\u0151s\u00e9gekkel.<\/p>\n<p style=\"text-align: justify\"><a href=\"https:\/\/semmelweis.hu\/klinikai-pszichologia\/files\/2019\/10\/NICE-depresszi%C3%B3-ir%C3%A1nyelv.pdf\">A depresszi\u00f3 kezel\u00e9si ir\u00e1nyelvei<\/a><\/p>\n<p><a href=\"https:\/\/semmelweis.hu\/klinikai-pszichologia\/files\/2019\/10\/Az-%C3%B6npuszt%C3%ADt%C3%B3-viselked%C3%A9s-kezel%C3%A9s%C3%A9nek-ir%C3%A1nyelvei-NICE.pdf\">Az \u00f6npuszt\u00edt\u00f3 viselked\u00e9s kezel\u00e9s\u00e9nek ir\u00e1nyelvei<\/a><\/p>\n<p><a href=\"https:\/\/semmelweis.hu\/klinikai-pszichologia\/files\/2020\/10\/Bipol\u00e1ris-zavar-kezel\u00e9s\u00e9ben-alkalmazhat\u00f3-klinikai-pszichol\u00f3giai-intervenci\u00f3k.pdf\">A bipol\u00e1ris zavar kezel\u00e9s\u00e9ben alkalmazhat\u00f3 klinikai pszichol\u00f3giai intervenci\u00f3k alapelvei<\/a><\/p>\n<p><a href=\"https:\/\/semmelweis.hu\/klinikai-pszichologia\/files\/2021\/10\/Borderline-szem\u00e9lyis\u00e9gzavar-kezel\u00e9s\u00e9nek-NICE-ir\u00e1nyelvei.pdf\">A borderline szem\u00e9lyis\u00e9gzavar kezel\u00e9s\u00e9ben alkalmazhat\u00f3 klinikai pszichol\u00f3giai intervenci\u00f3k NICE ir\u00e1nyelvei<\/a><\/p>\n<p><a href=\"https:\/\/semmelweis.hu\/klinikai-pszichologia\/files\/2019\/10\/NICE-ir%C3%A1nyelv-GAD.pdf\">A generaliz\u00e1lt szorong\u00e1s kezel\u00e9si ir\u00e1nyelvei<\/a><\/p>\n<p style=\"text-align: justify\"><a href=\"https:\/\/semmelweis.hu\/klinikai-pszichologia\/files\/2019\/10\/P%C3%A1nikbetegs%C3%A9g-kezel%C3%A9se-NICE-ir%C3%A1nyelvek.pdf\">A p\u00e1nik betegs\u00e9g kezel\u00e9s\u00e9nek ir\u00e1nyelvei<\/a><\/p>\n<p><a href=\"https:\/\/semmelweis.hu\/klinikai-pszichologia\/files\/2023\/09\/A-PTSD-kezelese-NICE-iranyelvek-alapjan.pdf\">A poszttraum\u00e1s stressz-betegs\u00e9g (PTSD) kezel\u00e9s\u00e9nek ir\u00e1nyelvei<\/a><\/p>\n<p><a href=\"https:\/\/semmelweis.hu\/klinikai-pszichologia\/files\/2020\/10\/A-feln\u0151ttkori-szoci\u00e1lis-szorong\u00e1s-kezel\u00e9s\u00e9nek-NICE-ir\u00e1nyelvei.pdf\">A feln\u0151ttkori szoci\u00e1lis szorong\u00e1s kezel\u00e9s\u00e9nek NICE ir\u00e1nyelvei<\/a><\/p>\n<p><a href=\"https:\/\/semmelweis.hu\/klinikai-pszichologia\/files\/2020\/10\/A-gyermekkori-szoci\u00e1lis-szorong\u00e1s-kezel\u00e9s\u00e9nek-NICE-ir\u00e1nyelvei.pdf\">A gyermekkori szoci\u00e1lis szorong\u00e1s kezel\u00e9s\u00e9nek NICE ir\u00e1nyelvei<\/a><\/p>\n<p style=\"text-align: justify\"><a href=\"https:\/\/semmelweis.hu\/klinikai-pszichologia\/files\/2023\/09\/A-betegsegszorongas-kezelesenek-iranyelvei.pdf\">A betegs\u00e9gszorong\u00e1s kezel\u00e9s\u00e9nek ir\u00e1nyelvei<\/a><\/p>\n<p><a href=\"https:\/\/semmelweis.hu\/klinikai-pszichologia\/files\/2023\/09\/Az-elhizas-kezelesenek-NICE-iranyelvei.pdf\">Az elh\u00edz\u00e1s kezel\u00e9s\u00e9nek NICE ir\u00e1nyelvei<\/a><\/p>\n<p><a href=\"https:\/\/semmelweis.hu\/klinikai-pszichologia\/files\/2023\/09\/A-fejfajasok-kezelesenek-NICE-iranyelve.pdf\">A fejf\u00e1j\u00e1sok kezel\u00e9s\u00e9nek NICE ir\u00e1nyelvei<\/a><\/p>\n<p><a href=\"https:\/\/semmelweis.hu\/klinikai-pszichologia\/files\/2023\/09\/Az-almatlansag-insomnia-kezelesenek-iranyelvei.pdf\">Az \u00e1lmatlans\u00e1g (insomnia) kezel\u00e9s\u00e9nek ir\u00e1nyelvei<\/a><\/p>\n<p><a href=\"https:\/\/semmelweis.hu\/klinikai-pszichologia\/files\/2020\/10\/A-szkizofre\u0301nia-kezele\u0301s\u00e9ben-alkalmazhat\u00f3-klinikai-pszichol\u00f3giai-intervenci\u00f3k-ir\u00e1nyelvei.pdf\">A szkizofre\u0301nia kezele\u0301s\u00e9ben alkalmazhat\u00f3 klinikai pszichol\u00f3giai intervenci\u00f3k ir\u00e1nyelvei<\/a><\/p>\n","protected":false},"excerpt":{"rendered":"<p>A NICE Ir\u00e1nyelvek a ment\u00e1lis betegs\u00e9gek korszer\u0171 ell\u00e1t\u00e1s\u00e1hoz Az Eg\u00e9szs\u00e9g \u00e9s Klinikai Kiv\u00e1l\u00f3s\u00e1g Nemzeti Int\u00e9zete (The National Institute for Health and Clinical Excellence, NICE), az NHS szervezete, amelynek sz\u00e9khelye Londonban \u00e9s Manchesterben tal\u00e1lhat\u00f3. 1999. \u00e1prilis 1-\u00e9n alakult azzal a c\u00e9llal, hogy minden ember hozz\u00e1f\u00e9rjen az \u0151t megillet\u0151 legmagasabb szint\u0171 eg\u00e9szs\u00e9g\u00fcgyi ell\u00e1t\u00e1shoz. Ennek \u00e9rdek\u00e9ben a NICE &hellip;<\/p>\n","protected":false},"author":336,"featured_media":0,"parent":0,"menu_order":3,"comment_status":"closed","ping_status":"closed","template":"","meta":{"_acf_changed":false,"footnotes":""},"categories":[],"tags":[],"class_list":["post-67","page","type-page","status-publish","hentry"],"acf":[],"_links":{"self":[{"href":"https:\/\/semmelweis.hu\/klinikai-pszichologia\/wp-json\/wp\/v2\/pages\/67","targetHints":{"allow":["GET"]}}],"collection":[{"href":"https:\/\/semmelweis.hu\/klinikai-pszichologia\/wp-json\/wp\/v2\/pages"}],"about":[{"href":"https:\/\/semmelweis.hu\/klinikai-pszichologia\/wp-json\/wp\/v2\/types\/page"}],"author":[{"embeddable":true,"href":"https:\/\/semmelweis.hu\/klinikai-pszichologia\/wp-json\/wp\/v2\/users\/336"}],"replies":[{"embeddable":true,"href":"https:\/\/semmelweis.hu\/klinikai-pszichologia\/wp-json\/wp\/v2\/comments?post=67"}],"version-history":[{"count":10,"href":"https:\/\/semmelweis.hu\/klinikai-pszichologia\/wp-json\/wp\/v2\/pages\/67\/revisions"}],"predecessor-version":[{"id":6881,"href":"https:\/\/semmelweis.hu\/klinikai-pszichologia\/wp-json\/wp\/v2\/pages\/67\/revisions\/6881"}],"wp:attachment":[{"href":"https:\/\/semmelweis.hu\/klinikai-pszichologia\/wp-json\/wp\/v2\/media?parent=67"}],"wp:term":[{"taxonomy":"category","embeddable":true,"href":"https:\/\/semmelweis.hu\/klinikai-pszichologia\/wp-json\/wp\/v2\/categories?post=67"},{"taxonomy":"post_tag","embeddable":true,"href":"https:\/\/semmelweis.hu\/klinikai-pszichologia\/wp-json\/wp\/v2\/tags?post=67"}],"curies":[{"name":"wp","href":"https:\/\/api.w.org\/{rel}","templated":true}]}}