{"id":6644,"date":"2023-01-30T15:23:57","date_gmt":"2023-01-30T14:23:57","guid":{"rendered":"https:\/\/semmelweis.hu\/klinikai-pszichologia\/?page_id=6644"},"modified":"2026-03-26T08:54:37","modified_gmt":"2026-03-26T07:54:37","slug":"kepzesi-rend","status":"publish","type":"page","link":"https:\/\/semmelweis.hu\/klinikai-pszichologia\/oktatas\/felnott-es-gyermek-klinikai-es-mentalhigieniai-szakpszichologus-szakkepzes\/kepzesi-rend\/","title":{"rendered":"Inform\u00e1ci\u00f3k hallgat\u00f3k r\u00e9sz\u00e9re"},"content":{"rendered":"<p><a href=\"https:\/\/semmelweis.hu\/klinikai-pszichologia\/files\/2025\/05\/Kepzesi-rend_-KPT_-20231130_honlap.pdf\" target=\"_blank\" rel=\"noopener\">K\u00e9pz\u00e9si rend Klinikai Pszichol\u00f3gia Tansz\u00e9k<\/a><\/p>\n<p><a href=\"https:\/\/semmelweis.hu\/klinikai-pszichologia\/files\/2024\/02\/Halasztasi-kerelem_minta-1.docx\" target=\"_blank\" rel=\"noopener\">Halaszt\u00e1si k\u00e9relem minta<\/a><\/p>\n<p><a href=\"https:\/\/semmelweis.hu\/klinikai-pszichologia\/files\/2022\/05\/Szakkepzes-felepitese.pdf\" target=\"_blank\" rel=\"noopener\">Szakk\u00e9pz\u00e9s fel\u00e9p\u00edt\u00e9se<\/a><\/p>\n<p><a href=\"https:\/\/semmelweis.hu\/klinikai-pszichologia\/files\/2026\/03\/Iratkozasi-lap_2026-tavasz.docx\">Iratkoz\u00e1s lap<\/a><\/p>\n<p>&nbsp;<\/p>\n","protected":false},"excerpt":{"rendered":"<p><a href=\"https:\/\/semmelweis.hu\/klinikai-pszichologia\/files\/2025\/05\/Kepzesi-rend_-KPT_-20231130_honlap.pdf\" target=\"_blank\" rel=\"noopener\">K\u00e9pz\u00e9si rend Klinikai Pszichol\u00f3gia Tansz\u00e9k<\/a><br \/>\n<a href=\"https:\/\/semmelweis.hu\/klinikai-pszichologia\/files\/2024\/02\/Halasztasi-kerelem_minta-1.docx\" target=\"_blank\" rel=\"noopener\">Halaszt\u00e1si k\u00e9relem minta<\/a><br \/>\n<a href=\"https:\/\/semmelweis.hu\/klinikai-pszichologia\/files\/2022\/05\/Szakkepzes-felepitese.pdf\" target=\"_blank\" rel=\"noopener\">Szakk\u00e9pz\u00e9s fel\u00e9p\u00edt\u00e9se<\/a><br \/>\n<a href=\"https:\/\/semmelweis.hu\/klinikai-pszichologia\/files\/2026\/03\/Iratkozasi-lap_2026-tavasz.docx\">Iratkoz\u00e1s lap<\/a><br \/>\n&nbsp;<\/p>\n","protected":false},"author":336,"featured_media":0,"parent":91,"menu_order":3,"comment_status":"closed","ping_status":"closed","template":"","meta":{"_acf_changed":false,"footnotes":""},"categories":[],"tags":[],"class_list":["post-6644","page","type-page","status-publish","hentry"],"acf":[],"_links":{"self":[{"href":"https:\/\/semmelweis.hu\/klinikai-pszichologia\/wp-json\/wp\/v2\/pages\/6644","targetHints":{"allow":["GET"]}}],"collection":[{"href":"https:\/\/semmelweis.hu\/klinikai-pszichologia\/wp-json\/wp\/v2\/pages"}],"about":[{"href":"https:\/\/semmelweis.hu\/klinikai-pszichologia\/wp-json\/wp\/v2\/types\/page"}],"author":[{"embeddable":true,"href":"https:\/\/semmelweis.hu\/klinikai-pszichologia\/wp-json\/wp\/v2\/users\/336"}],"replies":[{"embeddable":true,"href":"https:\/\/semmelweis.hu\/klinikai-pszichologia\/wp-json\/wp\/v2\/comments?post=6644"}],"version-history":[{"count":10,"href":"https:\/\/semmelweis.hu\/klinikai-pszichologia\/wp-json\/wp\/v2\/pages\/6644\/revisions"}],"predecessor-version":[{"id":8046,"href":"https:\/\/semmelweis.hu\/klinikai-pszichologia\/wp-json\/wp\/v2\/pages\/6644\/revisions\/8046"}],"up":[{"embeddable":true,"href":"https:\/\/semmelweis.hu\/klinikai-pszichologia\/wp-json\/wp\/v2\/pages\/91"}],"wp:attachment":[{"href":"https:\/\/semmelweis.hu\/klinikai-pszichologia\/wp-json\/wp\/v2\/media?parent=6644"}],"wp:term":[{"taxonomy":"category","embeddable":true,"href":"https:\/\/semmelweis.hu\/klinikai-pszichologia\/wp-json\/wp\/v2\/categories?post=6644"},{"taxonomy":"post_tag","embeddable":true,"href":"https:\/\/semmelweis.hu\/klinikai-pszichologia\/wp-json\/wp\/v2\/tags?post=6644"}],"curies":[{"name":"wp","href":"https:\/\/api.w.org\/{rel}","templated":true}]}}