{"id":6424,"date":"2022-10-21T13:00:10","date_gmt":"2022-10-21T11:00:10","guid":{"rendered":"https:\/\/semmelweis.hu\/klinikai-pszichologia\/?page_id=6424"},"modified":"2025-02-28T09:44:09","modified_gmt":"2025-02-28T08:44:09","slug":"semmelweis-ignac-kognitiv-terapias-kozpont","status":"publish","type":"page","link":"https:\/\/semmelweis.hu\/klinikai-pszichologia\/oktatas\/semmelweis-ignac-kognitiv-terapias-kozpont\/","title":{"rendered":"Semmelweis Ign\u00e1c Kognit\u00edv Ter\u00e1pi\u00e1s K\u00f6zpont (oktat\u00f3vide\u00f3k)"},"content":{"rendered":"<p><img loading=\"lazy\" decoding=\"async\" class=\"aligncenter\" src=\"https:\/\/semmelweis.hu\/klinikai-pszichologia\/files\/2022\/11\/kep.jpg\" width=\"550\" height=\"311\" \/><\/p>\n<p style=\"text-align: center\"><strong><span style=\"color: #008000\">KOGNIT\u00cdV PSZICHOTER\u00c1PIA\u00a0\u00a0 &#8211;\u00a0 OKTAT\u00d3VIDE\u00d3K<\/span><\/strong><\/p>\n<p style=\"text-align: center\">A kognit\u00edv viselked\u00e9ster\u00e1pia ma az egyik leghat\u00e9konyabb, vil\u00e1gszerte ismert \u00e9s sz\u00e9les k\u00f6rben alkalmazott pszichoter\u00e1pi\u00e1s ir\u00e1nyzat. Bizony\u00edtottan hat\u00e9kony a szorong\u00e1sos megbeteged\u00e9sek (p\u00e1nik, hipochondria, k\u00e9nyszerbetegs\u00e9g, szoci\u00e1lis f\u00f3bia), depresszi\u00f3, \u00f6n\u00e9rt\u00e9kel\u00e9si zavarok, p\u00e1rkapcsolati probl\u00e9m\u00e1k, szerf\u00fcgg\u0151s\u00e9g, agresszivit\u00e1s \u00e9s traum\u00e1k kezel\u00e9s\u00e9ben.<\/p>\n<p style=\"text-align: center\">Oktat\u00f3vide\u00f3 sorozatunkban betekint\u00e9st nyerhetnek a kognit\u00edv viselked\u00e9ster\u00e1pia legfontosabb m\u00f3dszereibe a leggyakoribb pszich\u00e9s probl\u00e9m\u00e1k kezel\u00e9s\u00e9n kereszt\u00fcl. Rem\u00e9lj\u00fck, ezzel hozz\u00e1j\u00e1rulunk ennek a folyamatosan fejl\u0151d\u0151 hat\u00e9kony pszichoter\u00e1p\u00e1s ir\u00e1nyzatnak a m\u00e9lyebb megismer\u00e9s\u00e9hez \u00e9s elterjed\u00e9s\u00e9hez.<\/p>\n<ol>\n<li style=\"list-style-type: none\">\n<ol>\n<li style=\"list-style-type: none\">\n<ol>\n<li><em><span style=\"font-size: 14pt\">Bevezet\u00e9s<\/span><\/em><\/li>\n<li style=\"text-align: left\"><em><span style=\"font-size: 14pt\">Szocializ\u00e1l\u00e1s a kognit\u00edv modellre \u00e9s keresztmetszeti konceptualiz\u00e1l\u00e1s<\/span><\/em><\/li>\n<li style=\"text-align: left\"><em><span style=\"font-size: 14pt\">Gondolatnapl\u00f3 \u00e9s kognit\u00edv \u00e1tstruktur\u00e1l\u00e1s l\u00e9p\u00e9sr\u0151l l\u00e9p\u00e9sre<\/span><\/em><\/li>\n<li style=\"text-align: left\"><em><span style=\"font-size: 14pt\">Viselked\u00e9saktiv\u00e1ci\u00f3 napi tev\u00e9kenys\u00e9glist\u00e1val<\/span><\/em><\/li>\n<li style=\"text-align: left\"><em><span style=\"font-size: 14pt\">Hogyan alakult ki a probl\u00e9m\u00e1m? (hosszmetszeti konceptualiz\u00e1l\u00e1s \u00e9s az \u00e9rt\u00e9ktelens\u00e9g \u00e9rz\u00e9s \u00e1tkeretez\u00e9se)<\/span><\/em><\/li>\n<li style=\"text-align: left\"><em><span style=\"font-size: 14pt\">A probl\u00e9mahelyzet diszfunkcion\u00e1lis \u00e9rtelmez\u00e9s\u00e9nek felt\u00e1r\u00e1sa (lefel\u00e9 mutat\u00f3 ny\u00edl technika)<\/span><\/em><\/li>\n<li style=\"text-align: left\"><em><span style=\"font-size: 14pt\">Kognit\u00edv \u00e1tstruktur\u00e1l\u00e1s (tortadiagram technik\u00e1val \u00e9s 7 oszlopos gondolatnapl\u00f3val)<\/span><\/em><\/li>\n<\/ol>\n<\/li>\n<\/ol>\n<\/li>\n<\/ol>\n<p style=\"text-align: left\">\u00a0<\/p>\n<p style=\"text-align: center\">Az oktat\u00f3vide\u00f3k a Semmelweis Ign\u00e1c Kognit\u00edv Ter\u00e1pi\u00e1s K\u00f6zpont\u00a0 (SIKK) youtube csatorn\u00e1j\u00e1n, az al\u00e1bbi linken \u00e9rhet\u0151k el:<br \/>\n<a href=\"https:\/\/www.youtube.com\/channel\/UCsU6EZ5Lxz8fiWbErDQgywA\" target=\"_blank\" rel=\"noopener\">https:\/\/www.youtube.com\/channel\/UCsU6EZ5Lxz8fiWbErDQgywA<\/a><\/p>\n<p><img decoding=\"async\" class=\"alignleft\" src=\"https:\/\/semmelweis.hu\/klinikai-pszichologia\/files\/2022\/11\/cimer.png\" \/><\/p>\n<p>&nbsp;<\/p>\n<p style=\"text-align: right\"><span style=\"font-size: 12pt\">Az oktat\u00f3vide\u00f3kat k\u00e9sz\u00edtett\u00e9k:<\/span><br \/>\n<span style=\"font-size: 12pt\">Dr. Perczel-Forintos D\u00f3ra<\/span> <br \/>\n<span style=\"font-size: 12pt\">Kazinczi Csaba, Knyih\u00e1r Anna, Losonczi Ant\u00f3nia<\/span><\/p>\n","protected":false},"excerpt":{"rendered":"<p>KOGNIT\u00cdV PSZICHOTER\u00c1PIA\u00a0\u00a0 &#8211;\u00a0 OKTAT\u00d3VIDE\u00d3K A kognit\u00edv viselked\u00e9ster\u00e1pia ma az egyik leghat\u00e9konyabb, vil\u00e1gszerte ismert \u00e9s sz\u00e9les k\u00f6rben alkalmazott pszichoter\u00e1pi\u00e1s ir\u00e1nyzat. Bizony\u00edtottan hat\u00e9kony a szorong\u00e1sos megbeteged\u00e9sek (p\u00e1nik, hipochondria, k\u00e9nyszerbetegs\u00e9g, szoci\u00e1lis f\u00f3bia), depresszi\u00f3, \u00f6n\u00e9rt\u00e9kel\u00e9si zavarok, p\u00e1rkapcsolati probl\u00e9m\u00e1k, szerf\u00fcgg\u0151s\u00e9g, agresszivit\u00e1s \u00e9s traum\u00e1k kezel\u00e9s\u00e9ben. Oktat\u00f3vide\u00f3 sorozatunkban betekint\u00e9st nyerhetnek a kognit\u00edv viselked\u00e9ster\u00e1pia legfontosabb m\u00f3dszereibe a leggyakoribb pszich\u00e9s probl\u00e9m\u00e1k kezel\u00e9s\u00e9n kereszt\u00fcl. Rem\u00e9lj\u00fck, &hellip;<\/p>\n","protected":false},"author":336,"featured_media":0,"parent":8,"menu_order":6,"comment_status":"closed","ping_status":"closed","template":"","meta":{"_acf_changed":false,"footnotes":""},"categories":[],"tags":[],"class_list":["post-6424","page","type-page","status-publish","hentry"],"acf":[],"_links":{"self":[{"href":"https:\/\/semmelweis.hu\/klinikai-pszichologia\/wp-json\/wp\/v2\/pages\/6424","targetHints":{"allow":["GET"]}}],"collection":[{"href":"https:\/\/semmelweis.hu\/klinikai-pszichologia\/wp-json\/wp\/v2\/pages"}],"about":[{"href":"https:\/\/semmelweis.hu\/klinikai-pszichologia\/wp-json\/wp\/v2\/types\/page"}],"author":[{"embeddable":true,"href":"https:\/\/semmelweis.hu\/klinikai-pszichologia\/wp-json\/wp\/v2\/users\/336"}],"replies":[{"embeddable":true,"href":"https:\/\/semmelweis.hu\/klinikai-pszichologia\/wp-json\/wp\/v2\/comments?post=6424"}],"version-history":[{"count":10,"href":"https:\/\/semmelweis.hu\/klinikai-pszichologia\/wp-json\/wp\/v2\/pages\/6424\/revisions"}],"predecessor-version":[{"id":6715,"href":"https:\/\/semmelweis.hu\/klinikai-pszichologia\/wp-json\/wp\/v2\/pages\/6424\/revisions\/6715"}],"up":[{"embeddable":true,"href":"https:\/\/semmelweis.hu\/klinikai-pszichologia\/wp-json\/wp\/v2\/pages\/8"}],"wp:attachment":[{"href":"https:\/\/semmelweis.hu\/klinikai-pszichologia\/wp-json\/wp\/v2\/media?parent=6424"}],"wp:term":[{"taxonomy":"category","embeddable":true,"href":"https:\/\/semmelweis.hu\/klinikai-pszichologia\/wp-json\/wp\/v2\/categories?post=6424"},{"taxonomy":"post_tag","embeddable":true,"href":"https:\/\/semmelweis.hu\/klinikai-pszichologia\/wp-json\/wp\/v2\/tags?post=6424"}],"curies":[{"name":"wp","href":"https:\/\/api.w.org\/{rel}","templated":true}]}}