{"id":6331,"date":"2022-10-11T09:04:22","date_gmt":"2022-10-11T07:04:22","guid":{"rendered":"https:\/\/semmelweis.hu\/klinikai-pszichologia\/?page_id=6331"},"modified":"2022-10-14T10:55:02","modified_gmt":"2022-10-14T08:55:02","slug":"kutatok-ejszakaja-2022","status":"publish","type":"page","link":"https:\/\/semmelweis.hu\/klinikai-pszichologia\/altalanos-informaciok\/kutatok-ejszakaja-2022\/","title":{"rendered":"Kutat\u00f3k \u00e9jszak\u00e1ja 2022"},"content":{"rendered":"<p><img loading=\"lazy\" decoding=\"async\" class=\"aligncenter\" src=\"https:\/\/app.kutatokejszakaja.hu\/images\/placeholder-image.jpg\" alt=\"\" width=\"342\" height=\"257\" \/><\/p>\n<blockquote>\n<p>A Semmelweis Egyetem Klinikai Pszichol\u00f3gia Tansz\u00e9ke n\u00e9gy izgalmas programmal k\u00e9sz\u00fclt az idei Kutat\u00f3k \u00e9jszak\u00e1j\u00e1ra:<\/p>\n<\/blockquote>\n<ul>\n<li>&#8222;\u00c9l\u0151 k\u00f6nyvt\u00e1r&#8221; &#8211; interakt\u00edv el\u0151ad\u00e1sok a kognit\u00edv viselked\u00e9ster\u00e1pia alkalmaz\u00e1s\u00e1r\u00f3l az eg\u00e9szs\u00e9g\u00fcgyi ell\u00e1t\u00e1sban<\/li>\n<li>&#8222;Szorong\u00e1saink nyom\u00e1ban&#8221; &#8211; saj\u00e1t \u00e9lm\u00e9ny csoport, kognit\u00edv viselked\u00e9ster\u00e1pia a szorong\u00e1s kezel\u00e9s\u00e9ben<\/li>\n<li>&#8222;Mindfulness&#8221; &#8211; saj\u00e1t \u00e9lm\u00e9ny csoport, tudatos jelenl\u00e9t alap\u00fa gyakorlatok az \u00e9letmin\u0151s\u00e9g jav\u00edt\u00e1s\u00e1ban<\/li>\n<li>&#8222;Pszicho-szabadul\u00f3szoba&#8221; &#8211; interakt\u00edv, j\u00e1t\u00e9kos szabadul\u00f3szoba, a klinikai pszichol\u00f3gus munk\u00e1j\u00e1nak megismer\u00e9s\u00e9re<\/li>\n<\/ul>\n<p>R\u00e9szletek az al\u00e1bbi linkeken. K\u00f6sz\u00f6nj\u00fck mindenkinek az akt\u00edv r\u00e9szv\u00e9telt!<\/p>\n<div class=\"responsive-tabs\">\n<h2 class=\"tabtitle\">\u00c9l\u0151 k\u00f6nyvt\u00e1r<\/h2>\n<div class=\"tabcontent\">\n\n<h2>\u201c\u00c9L\u0150 K\u00d6NYVT\u00c1R\u201d &#8211; A KOGNIT\u00cdV-VISELKED\u00c9STER\u00c1PIA ALKALMAZ\u00c1SA AZ EG\u00c9SZS\u00c9G\u00dcGYI ELL\u00c1T\u00c1SBAN<\/h2>\n<p>A kognit\u00edv viselked\u00e9ster\u00e1pi\u00e1s m\u00f3dszerek sokr\u00e9t\u0171 alkalmazhat\u00f3s\u00e1g\u00e1t mutatja be az \u00e9l\u0151k\u00f6nyvt\u00e1r, ahol a jelenl\u00e9v\u0151k egy pszichol\u00f3gus szemsz\u00f6g\u00e9b\u0151l nyerhetnek betekint\u00e9st k\u00fcl\u00f6nb\u00f6z\u0151 k\u00f3rh\u00e1zi oszt\u00e1lyok \u00e9let\u00e9be. Mi t\u00f6rt\u00e9nik, amikor a testi-lelki folyamatok bonyolult \u00e9s harmonikus egy\u00fcttm\u0171k\u00f6d\u00e9se s\u00e9r\u00fcl\u00e9st szenved? Mik a leggyakrabban haszn\u00e1lt pszichol\u00f3giai intervenci\u00f3k, melyek az egyens\u00faly helyre\u00e1ll\u00edt\u00e1s\u00e1t seg\u00edtik? Poszter el\u0151ad\u00e1sok form\u00e1j\u00e1ban k\u00edn\u00e1ljuk a v\u00e1laszt a pszichi\u00e1tria, neurol\u00f3gia, n\u0151gy\u00f3gy\u00e1szat, belgy\u00f3gy\u00e1szat \u00e9s intenz\u00edv oszt\u00e1lyos ell\u00e1t\u00e1s ter\u00fcleteir\u0151l!<\/p>\n<p>Az interakt\u00edv el\u0151ad\u00e1sok anyagai:<\/p>\n<ul>\n<li><a href=\"https:\/\/semmelweis.hu\/klinikai-pszichologia\/files\/2022\/10\/Kutatok-ejszakaja_rajzos-CBT-final.pdf\" target=\"_blank\" rel=\"noopener\">Bevezet\u0151 el\u0151ad\u00e1s (Prof. Dr. Perczel-Forintos D\u00f3ra): Kognit\u00edv viselked\u00e9ster\u00e1pia egyszer\u0171en \u2192<\/a><\/li>\n<li>Poszterek:<\/li>\n<\/ul>\n<p><img loading=\"lazy\" decoding=\"async\" class=\"aligncenter\" src=\"https:\/\/semmelweis.hu\/klinikai-pszichologia\/files\/2022\/10\/Kutatok_ejszakaja_nogyogyaszat_KA_HP-1.jpg\" alt=\"\" width=\"400\" height=\"566\" \/><img loading=\"lazy\" decoding=\"async\" class=\"aligncenter\" src=\"https:\/\/semmelweis.hu\/klinikai-pszichologia\/files\/2022\/10\/poszter_kcs_kutatok_modositott_abrakkal-scaled.jpg\" alt=\"\" width=\"400\" height=\"533\" \/><img loading=\"lazy\" decoding=\"async\" class=\"aligncenter\" src=\"https:\/\/semmelweis.hu\/klinikai-pszichologia\/files\/2022\/10\/pszichiatria_kutatokejszakaja_SD_VNB-scaled.jpg\" alt=\"\" width=\"400\" height=\"560\" \/><img loading=\"lazy\" decoding=\"async\" class=\"aligncenter\" src=\"https:\/\/semmelweis.hu\/klinikai-pszichologia\/files\/2022\/10\/ITO_belgyogyaszat-1-scaled.jpg\" alt=\"\" width=\"400\" height=\"565\" \/><\/p>\n\n<\/div><h2 class=\"tabtitle\">Szorong\u00e1saink nyom\u00e1ban<\/h2>\n<div class=\"tabcontent\">\n\n<div>\n<h2>SZORONG\u00c1SAINK NYOM\u00c1BAN- A KOGNIT\u00cdV-VISELKED\u00c9STER\u00c1PIA ALKALMAZ\u00c1SA A SZORONG\u00c1S KEZEL\u00c9S\u00c9BEN<\/h2>\n<\/div>\n<div>\n<p><span style=\"text-align: justify;font-size: 1rem\">A szorong\u00e1s a mindennapjaink szerves, \u00e1m kellemetlen r\u00e9sze. A workshop c\u00e9lja, hogy bemutassa a szorong\u00e1sos probl\u00e9m\u00e1k kezel\u00e9s\u00e9ben &#8211; a nemzetk\u00f6zi \u00e9s hazai gyakorlatban is &#8211; egyre gyakrabban alkalmazott, bizony\u00edtottan hat\u00e9kony kognit\u00edv-viselked\u00e9ster\u00e1pi\u00e1s (CBT) m\u00f3dszert. A workshop keretein bel\u00fcl lehet\u0151s\u00e9g ny\u00edlik majd a szorong\u00e1s CBT elm\u00e9let\u00e9nek megismer\u00e9s\u00e9re. Emellett a r\u00e9sztvev\u0151k r\u00f6vid gyakorlatokon kereszt\u00fcl saj\u00e1t \u00e9lm\u00e9nyt is szerezhetnek kognit\u00edv-viselked\u00e9ster\u00e1pi\u00e1s szorong\u00e1scs\u00f6kkent\u0151 technik\u00e1k alkalmaz\u00e1s\u00e1ban.<\/span><\/p>\n<p>&nbsp;<\/p>\n<\/div>\n\n<\/div><h2 class=\"tabtitle\">Mindfulness csoport<\/h2>\n<div class=\"tabcontent\">\n\n<div>\n<h2>MINDFULNESS (TUDATOS JELENL\u00c9T) A MINDENNAPI GYAKORLATBAN<\/h2>\n<\/div>\n<div>\n<p><span style=\"text-align: justify;font-size: 1rem\">A mindfulness \u2013 magyarul tudatos jelenl\u00e9t \u2013 olyan speci\u00e1lis figyelmi \u00e1llapot \u00e9s tudati be\u00e1ll\u00edt\u00f3d\u00e1s, amely \u00edt\u00e9lkez\u00e9smentes, elfogad\u00f3, a jelen pillanatra f\u00f3kusz\u00e1lva megn\u00f6veli a ment\u00e1lis folyamatokkal kapcsolatos tudatoss\u00e1got. Ez a tudatos jelenl\u00e9t fontos eg\u00e9szs\u00e9gv\u00e9d\u0151 hat\u00e1ssal b\u00edr, mert kiz\u00e1rja a m\u00falton val\u00f3 r\u00e1g\u00f3d\u00e1st \u00e9s a j\u00f6v\u0151vel kapcsolatos aggodalmaskod\u00e1st, \u00edgy cs\u00f6kken a depresszi\u00f3, a szorong\u00e1sos probl\u00e9m\u00e1k kialakul\u00e1s\u00e1nak vesz\u00e9lye, javul a jelen \u00e9s \u00f6nmagunk elfogad\u00e1s\u00e1nak k\u00e9pess\u00e9ge, a figyelmi kapacit\u00e1s \u00e9s a megk\u00fczd\u0151 k\u00e9pess\u00e9g\u00fcnk is. Az \u00f6nelfogad\u00e1s er\u0151s\u00f6d\u00e9se, az elv\u00e1r\u00e1sok elenged\u00e9se, az \u00edt\u00e9lkez\u00e9smentess\u00e9g vagy \u00e9ppen a realit\u00e1s megfigyel\u00e9se cs\u00f6kkenti a pszich\u00e9s szenved\u00e9st jellemz\u0151 sz\u00e9ls\u0151s\u00e9ges \u00e9rzelmi \u00e1llapotokat ak\u00e1r er\u0151s szorong\u00e1sr\u00f3l, nyomott hangulatr\u00f3l vagy intenz\u00edv negat\u00edv indulatokr\u00f3l van sz\u00f3. Klinikai vizsg\u00e1latok t\u00e1masztj\u00e1k al\u00e1 a hat\u00e9konys\u00e1g\u00e1t a k\u00fcl\u00f6nb\u00f6z\u0151 daganatos megbeteged\u00e9sek, sz\u00edv \u00e9s \u00e9rrendszeri betegs\u00e9gek, gasztrointesztin\u00e1lis betegs\u00e9gek, valamint szorong\u00e1sos \u00e9s hangulatzavarok kezel\u00e9s\u00e9ben. A mindfulness workshop sor\u00e1n betekint\u00e9st nyerhetnek a tudatos jelenl\u00e9t r\u00f6vid elm\u00e9let\u00e9be, valamint medit\u00e1ci\u00f3s gyakorlatokon kereszt\u00fcl megtapasztalhatj\u00e1nk j\u00f3t\u00e9kony hat\u00e1s\u00e1t.<\/span><\/p>\n<p>&nbsp;<\/p>\n<\/div>\n\n<\/div><h2 class=\"tabtitle\">Szabadul\u00f3 szoba<\/h2>\n<div class=\"tabcontent\">\n\n<div>\n<h2>PSZICHO-SZABADUL\u00d3SZOBA<\/h2>\n<\/div>\n<div>\n<p><span style=\"text-align: justify;font-size: 1rem\">Izgalmasnak tal\u00e1lj\u00e1tok a pszichol\u00f3gusok munk\u00e1j\u00e1t? Sz\u00edvesen b\u00fajn\u00e1tok egy klinikai szakpszichol\u00f3gus b\u0151r\u00e9be? Mindezt \u00fagy, hogy izgalmas rejtv\u00e9nyeket kell k\u00f6zben megoldanotok? Ha igen, akkor nektek tal\u00e1ltuk ki a szabadul\u00f3szob\u00e1nkat, ahol a klinikusok munk\u00e1j\u00e1nak egy szeglet\u00e9t megismerve kell kijutnotok. Aj\u00e1nljuk mindazoknak, akiket \u00e9rdekel ez a ter\u00fclet \u00e9s szeretik az izgalmakat! A flow-\u00e9lm\u00e9ny garant\u00e1lt! (Egy alkalom 35-40 perces).<\/span><\/p>\n<p>&nbsp;<\/p>\n<\/div>\n<\/div><\/div>\n","protected":false},"excerpt":{"rendered":"<p>A Semmelweis Egyetem Klinikai Pszichol\u00f3gia Tansz\u00e9ke n\u00e9gy izgalmas programmal k\u00e9sz\u00fclt az idei Kutat\u00f3k \u00e9jszak\u00e1j\u00e1ra: &#8222;\u00c9l\u0151 k\u00f6nyvt\u00e1r&#8221; &#8211; interakt\u00edv el\u0151ad\u00e1sok a kognit\u00edv viselked\u00e9ster\u00e1pia alkalmaz\u00e1s\u00e1r\u00f3l az eg\u00e9szs\u00e9g\u00fcgyi ell\u00e1t\u00e1sban &#8222;Szorong\u00e1saink nyom\u00e1ban&#8221; &#8211; saj\u00e1t \u00e9lm\u00e9ny csoport, kognit\u00edv viselked\u00e9ster\u00e1pia a szorong\u00e1s kezel\u00e9s\u00e9ben &#8222;Mindfulness&#8221; &#8211; saj\u00e1t \u00e9lm\u00e9ny csoport, tudatos jelenl\u00e9t alap\u00fa gyakorlatok az \u00e9letmin\u0151s\u00e9g jav\u00edt\u00e1s\u00e1ban &#8222;Pszicho-szabadul\u00f3szoba&#8221; &#8211; interakt\u00edv, j\u00e1t\u00e9kos szabadul\u00f3szoba, a &hellip;<\/p>\n","protected":false},"author":336,"featured_media":0,"parent":6,"menu_order":0,"comment_status":"closed","ping_status":"closed","template":"","meta":{"_acf_changed":false,"footnotes":""},"categories":[],"tags":[],"class_list":["post-6331","page","type-page","status-publish","hentry"],"acf":[],"_links":{"self":[{"href":"https:\/\/semmelweis.hu\/klinikai-pszichologia\/wp-json\/wp\/v2\/pages\/6331","targetHints":{"allow":["GET"]}}],"collection":[{"href":"https:\/\/semmelweis.hu\/klinikai-pszichologia\/wp-json\/wp\/v2\/pages"}],"about":[{"href":"https:\/\/semmelweis.hu\/klinikai-pszichologia\/wp-json\/wp\/v2\/types\/page"}],"author":[{"embeddable":true,"href":"https:\/\/semmelweis.hu\/klinikai-pszichologia\/wp-json\/wp\/v2\/users\/336"}],"replies":[{"embeddable":true,"href":"https:\/\/semmelweis.hu\/klinikai-pszichologia\/wp-json\/wp\/v2\/comments?post=6331"}],"version-history":[{"count":10,"href":"https:\/\/semmelweis.hu\/klinikai-pszichologia\/wp-json\/wp\/v2\/pages\/6331\/revisions"}],"predecessor-version":[{"id":6348,"href":"https:\/\/semmelweis.hu\/klinikai-pszichologia\/wp-json\/wp\/v2\/pages\/6331\/revisions\/6348"}],"up":[{"embeddable":true,"href":"https:\/\/semmelweis.hu\/klinikai-pszichologia\/wp-json\/wp\/v2\/pages\/6"}],"wp:attachment":[{"href":"https:\/\/semmelweis.hu\/klinikai-pszichologia\/wp-json\/wp\/v2\/media?parent=6331"}],"wp:term":[{"taxonomy":"category","embeddable":true,"href":"https:\/\/semmelweis.hu\/klinikai-pszichologia\/wp-json\/wp\/v2\/categories?post=6331"},{"taxonomy":"post_tag","embeddable":true,"href":"https:\/\/semmelweis.hu\/klinikai-pszichologia\/wp-json\/wp\/v2\/tags?post=6331"}],"curies":[{"name":"wp","href":"https:\/\/api.w.org\/{rel}","templated":true}]}}