{"id":6044,"date":"2022-03-10T15:22:20","date_gmt":"2022-03-10T14:22:20","guid":{"rendered":"https:\/\/semmelweis.hu\/klinikai-pszichologia\/?page_id=6044"},"modified":"2026-03-24T11:11:13","modified_gmt":"2026-03-24T10:11:13","slug":"elerhetosegek","status":"publish","type":"page","link":"https:\/\/semmelweis.hu\/klinikai-pszichologia\/elerhetosegek\/","title":{"rendered":"El\u00e9rhet\u0151s\u00e9gek"},"content":{"rendered":"<p><strong>C\u00edm:<\/strong> 1092 Budapest, \u00dcll\u0151i \u00fat 25. I. emelet<br \/>\n<strong>Levelez\u00e9si c\u00edm:<\/strong> 1089 Budapest, Baross utca 22.<\/p>\n<p><strong>Titk\u00e1rs\u00e1g:<\/strong> +36-1-459-15-00\/62360<span style=\"color: #0000ff\"><br \/>\n<a href=\"mailto:klinpszicho@semmelweis.hu\">klinpszicho@semmelweis.hu<\/a><\/span><\/p>\n<p><strong>Szakambulancia: <\/strong>+36-1-459-15-00\/62369<strong><span style=\"color: #0000ff\"><br \/>\n<\/span><\/strong><a href=\"mailto:klinpszicho.szakamb@semmelweis.hu\"><span style=\"color: #0000ff\">klinpszicho.szakamb@semmelweis.hu<\/span><\/a><\/p>\n<p><strong>Oktat\u00e1sszervez\u00e9s:<\/strong>\u00a0+36-1-459-15-00\/62361<br \/>\n<span style=\"color: #0000ff\"><a href=\"mailto:pszichotanszek@semmelweis.hu\">pszichotanszek@semmelweis.hu<\/a><\/span><\/p>\n\n<!-- iframe plugin v.4.9 wordpress.org\/plugins\/iframe\/ -->\n<iframe loading=\"lazy\" src=\"https:\/\/www.google.com\/maps\/embed?pb=!1m18!1m12!1m3!1d2696.1351494441988!2d19.064089315933526!3d47.48728047917695!2m3!1f0!2f0!3f0!3m2!1i1024!2i768!4f13.1!3m3!1m2!1s0x4741dc59f18cc997%3A0xcbd7d2844b0399ee!2zQnVkYXBlc3QsIMOcbGzFkWkgw7p0IDI1LCAxMDkx!5e0!3m2!1shu!2shu!4v1585393582259!5m2!1shu!2shu\" width=\"100%\" height=\"450\" scrolling=\"yes\" class=\"iframe-class\" frameborder=\"0\"><\/iframe>\n\n","protected":false},"excerpt":{"rendered":"<p>C\u00edm: 1092 Budapest, \u00dcll\u0151i \u00fat 25. I. emelet<br \/>\nLevelez\u00e9si c\u00edm: 1089 Budapest, Baross utca 22.<br \/>\nTitk\u00e1rs\u00e1g: +36-1-459-15-00\/62360<br \/>\n<a href=\"mailto:klinpszicho@semmelweis.hu\">klinpszicho@semmelweis.hu<\/a><br \/>\nSzakambulancia: +36-1-459-15-00\/62369<br \/>\n<a href=\"mailto:klinpszicho.szakamb@semmelweis.hu\">klinpszicho.szakamb@semmelweis.hu<\/a><br \/>\nOktat\u00e1sszervez\u00e9s:\u00a0+36-1-459-15-00\/62361<br \/>\n<a href=\"mailto:pszichotanszek@semmelweis.hu\">pszichotanszek@semmelweis.hu<\/a><\/p>\n","protected":false},"author":12,"featured_media":0,"parent":0,"menu_order":8,"comment_status":"closed","ping_status":"closed","template":"","meta":{"_acf_changed":false,"footnotes":""},"categories":[],"tags":[],"class_list":["post-6044","page","type-page","status-publish","hentry"],"acf":[],"_links":{"self":[{"href":"https:\/\/semmelweis.hu\/klinikai-pszichologia\/wp-json\/wp\/v2\/pages\/6044","targetHints":{"allow":["GET"]}}],"collection":[{"href":"https:\/\/semmelweis.hu\/klinikai-pszichologia\/wp-json\/wp\/v2\/pages"}],"about":[{"href":"https:\/\/semmelweis.hu\/klinikai-pszichologia\/wp-json\/wp\/v2\/types\/page"}],"author":[{"embeddable":true,"href":"https:\/\/semmelweis.hu\/klinikai-pszichologia\/wp-json\/wp\/v2\/users\/12"}],"replies":[{"embeddable":true,"href":"https:\/\/semmelweis.hu\/klinikai-pszichologia\/wp-json\/wp\/v2\/comments?post=6044"}],"version-history":[{"count":11,"href":"https:\/\/semmelweis.hu\/klinikai-pszichologia\/wp-json\/wp\/v2\/pages\/6044\/revisions"}],"predecessor-version":[{"id":8042,"href":"https:\/\/semmelweis.hu\/klinikai-pszichologia\/wp-json\/wp\/v2\/pages\/6044\/revisions\/8042"}],"wp:attachment":[{"href":"https:\/\/semmelweis.hu\/klinikai-pszichologia\/wp-json\/wp\/v2\/media?parent=6044"}],"wp:term":[{"taxonomy":"category","embeddable":true,"href":"https:\/\/semmelweis.hu\/klinikai-pszichologia\/wp-json\/wp\/v2\/categories?post=6044"},{"taxonomy":"post_tag","embeddable":true,"href":"https:\/\/semmelweis.hu\/klinikai-pszichologia\/wp-json\/wp\/v2\/tags?post=6044"}],"curies":[{"name":"wp","href":"https:\/\/api.w.org\/{rel}","templated":true}]}}